{"id":320,"date":"2025-02-10T07:36:37","date_gmt":"2025-02-10T07:36:37","guid":{"rendered":"https:\/\/www.mabe-hungary.com\/?page_id=320"},"modified":"2025-04-08T09:55:46","modified_gmt":"2025-04-08T09:55:46","slug":"ueber-uns","status":"publish","type":"page","link":"https:\/\/www.mabe-hungary.com\/de\/ueber-uns\/","title":{"rendered":"\u00dcber uns"},"content":{"rendered":"<p><strong>\u00dcber uns<\/strong><\/p>\n<p>Mabe Hungary Kft ist ein f\u00fchrendes Unternehmen in der Herstellung von Wicklungen f\u00fcr Elektromotoren. Seit 1973 im elektromechanischen Bereich t\u00e4tig, konnte sich das Unternehmen dank strategischer Investitionen schnell weiterentwickeln. Mabe ist heute eine Referenz f\u00fcr die Wicklung von Tauchmotoren in \u00d6l- und Wasserbad mit Leistungen von 0,37 kW bis 300 kW sowie f\u00fcr Wicklungen von Motoren mit niedrigem Achsabstand.<\/p>\n<p><strong>Warum Nagykanizsa?<\/strong><\/p>\n<p>Wir haben uns entschieden, unseren Produktionsstandort in Nagykanizsa, Ungarn, zu etablieren, um unseren Kunden einen Wettbewerbsvorteil zu bieten:<\/p>\n<ul>\n<li>Strategische Lage in der N\u00e4he der Zielm\u00e4rkte<\/li>\n<li>Qualifizierte und hochspezialisierte Arbeitskr\u00e4fte<\/li>\n<li>Optimierte Kosten zur Sicherstellung wettbewerbsf\u00e4higer Preise ohne Qualit\u00e4tseinbu\u00dfen<\/li>\n<\/ul>\n<p><strong>Unser Engagement:<\/strong><\/p>\n<p>Unser Ziel ist es, hochwertige Produkte zu wettbewerbsf\u00e4higen Preisen anzubieten, um unseren Kunden zu helfen, ihre Marktanteile in einem zunehmend globalisierten und wettbewerbsintensiven Umfeld zu halten und auszubauen.<\/p>\n<p>&nbsp;<\/p>\n<p>&nbsp;<\/p>\n","protected":false},"excerpt":{"rendered":"<p>\u00dcber uns Mabe Hungary Kft ist ein f\u00fchrendes Unternehmen in der Herstellung von Wicklungen f\u00fcr Elektromotoren. Seit 1973 im elektromechanischen Bereich t\u00e4tig, konnte sich das Unternehmen dank strategischer Investitionen schnell weiterentwickeln. Mabe ist heute eine Referenz f\u00fcr die Wicklung von Tauchmotoren in \u00d6l- und Wasserbad mit Leistungen von 0,37 kW bis 300 kW sowie f\u00fcr [&hellip;]<\/p>\n","protected":false},"author":1,"featured_media":309,"parent":0,"menu_order":0,"comment_status":"closed","ping_status":"closed","template":"","meta":{"footnotes":""},"categories":[],"class_list":["post-320","page","type-page","status-publish","has-post-thumbnail","hentry"],"yoast_head":"<!-- This site is optimized with the Yoast SEO plugin v26.6 - https:\/\/yoast.com\/wordpress\/plugins\/seo\/ -->\n<title>MABE Hungary: F\u00fchrend in der Elektromotorwicklung<\/title>\n<meta name=\"description\" content=\"MABE Hungary: Zuverl\u00e4ssiger Partner f\u00fcr Elektromotorwicklung seit 1973. Produktion in Nagykanizsa, Top-Qualit\u00e4t zu fairen Preisen. Informieren Sie sich!\" \/>\n<meta name=\"robots\" content=\"index, follow, max-snippet:-1, max-image-preview:large, max-video-preview:-1\" \/>\n<link rel=\"canonical\" href=\"https:\/\/www.mabe-hungary.com\/de\/ueber-uns\/\" \/>\n<meta property=\"og:locale\" content=\"de_DE\" \/>\n<meta property=\"og:type\" content=\"article\" \/>\n<meta property=\"og:title\" content=\"MABE Hungary: F\u00fchrend in der Elektromotorwicklung\" \/>\n<meta property=\"og:description\" content=\"MABE Hungary: Zuverl\u00e4ssiger Partner f\u00fcr Elektromotorwicklung seit 1973. Produktion in Nagykanizsa, Top-Qualit\u00e4t zu fairen Preisen. Informieren Sie sich!\" \/>\n<meta property=\"og:url\" content=\"https:\/\/www.mabe-hungary.com\/de\/ueber-uns\/\" \/>\n<meta property=\"og:site_name\" content=\"Mabe Hungary\" \/>\n<meta property=\"article:modified_time\" content=\"2025-04-08T09:55:46+00:00\" \/>\n<meta property=\"og:image\" content=\"https:\/\/www.mabe-hungary.com\/wp-content\/uploads\/2025\/02\/DSC00256sm.jpg\" \/>\n\t<meta property=\"og:image:width\" content=\"1920\" \/>\n\t<meta property=\"og:image:height\" content=\"1280\" \/>\n\t<meta property=\"og:image:type\" content=\"image\/jpeg\" \/>\n<meta name=\"twitter:card\" content=\"summary_large_image\" \/>\n<meta name=\"twitter:label1\" content=\"Gesch\u00e4tzte Lesezeit\" \/>\n\t<meta name=\"twitter:data1\" content=\"1\u00a0Minute\" \/>\n<script type=\"application\/ld+json\" class=\"yoast-schema-graph\">{\"@context\":\"https:\/\/schema.org\",\"@graph\":[{\"@type\":\"WebPage\",\"@id\":\"https:\/\/www.mabe-hungary.com\/de\/ueber-uns\/\",\"url\":\"https:\/\/www.mabe-hungary.com\/de\/ueber-uns\/\",\"name\":\"MABE Hungary: F\u00fchrend in der Elektromotorwicklung\",\"isPartOf\":{\"@id\":\"https:\/\/www.mabe-hungary.com\/de\/#website\"},\"primaryImageOfPage\":{\"@id\":\"https:\/\/www.mabe-hungary.com\/de\/ueber-uns\/#primaryimage\"},\"image\":{\"@id\":\"https:\/\/www.mabe-hungary.com\/de\/ueber-uns\/#primaryimage\"},\"thumbnailUrl\":\"https:\/\/www.mabe-hungary.com\/wp-content\/uploads\/2025\/02\/DSC00256sm.jpg\",\"datePublished\":\"2025-02-10T07:36:37+00:00\",\"dateModified\":\"2025-04-08T09:55:46+00:00\",\"description\":\"MABE Hungary: Zuverl\u00e4ssiger Partner f\u00fcr Elektromotorwicklung seit 1973. Produktion in Nagykanizsa, Top-Qualit\u00e4t zu fairen Preisen. Informieren Sie sich!\",\"breadcrumb\":{\"@id\":\"https:\/\/www.mabe-hungary.com\/de\/ueber-uns\/#breadcrumb\"},\"inLanguage\":\"de\",\"potentialAction\":[{\"@type\":\"ReadAction\",\"target\":[\"https:\/\/www.mabe-hungary.com\/de\/ueber-uns\/\"]}]},{\"@type\":\"ImageObject\",\"inLanguage\":\"de\",\"@id\":\"https:\/\/www.mabe-hungary.com\/de\/ueber-uns\/#primaryimage\",\"url\":\"https:\/\/www.mabe-hungary.com\/wp-content\/uploads\/2025\/02\/DSC00256sm.jpg\",\"contentUrl\":\"https:\/\/www.mabe-hungary.com\/wp-content\/uploads\/2025\/02\/DSC00256sm.jpg\",\"width\":1920,\"height\":1280},{\"@type\":\"BreadcrumbList\",\"@id\":\"https:\/\/www.mabe-hungary.com\/de\/ueber-uns\/#breadcrumb\",\"itemListElement\":[{\"@type\":\"ListItem\",\"position\":1,\"name\":\"Home\",\"item\":\"https:\/\/www.mabe-hungary.com\/de\/\"},{\"@type\":\"ListItem\",\"position\":2,\"name\":\"\u00dcber uns\"}]},{\"@type\":\"WebSite\",\"@id\":\"https:\/\/www.mabe-hungary.com\/de\/#website\",\"url\":\"https:\/\/www.mabe-hungary.com\/de\/\",\"name\":\"Mabe Hungary\",\"description\":\"\",\"publisher\":{\"@id\":\"https:\/\/www.mabe-hungary.com\/de\/#organization\"},\"potentialAction\":[{\"@type\":\"SearchAction\",\"target\":{\"@type\":\"EntryPoint\",\"urlTemplate\":\"https:\/\/www.mabe-hungary.com\/de\/?s={search_term_string}\"},\"query-input\":{\"@type\":\"PropertyValueSpecification\",\"valueRequired\":true,\"valueName\":\"search_term_string\"}}],\"inLanguage\":\"de\"},{\"@type\":\"Organization\",\"@id\":\"https:\/\/www.mabe-hungary.com\/de\/#organization\",\"name\":\"Mabe Hungary\",\"url\":\"https:\/\/www.mabe-hungary.com\/de\/\",\"logo\":{\"@type\":\"ImageObject\",\"inLanguage\":\"de\",\"@id\":\"https:\/\/www.mabe-hungary.com\/de\/#\/schema\/logo\/image\/\",\"url\":\"https:\/\/www.mabe-hungary.com\/wp-content\/uploads\/2025\/03\/mabe_hungary_logo.webp\",\"contentUrl\":\"https:\/\/www.mabe-hungary.com\/wp-content\/uploads\/2025\/03\/mabe_hungary_logo.webp\",\"width\":494,\"height\":176,\"caption\":\"Mabe Hungary\"},\"image\":{\"@id\":\"https:\/\/www.mabe-hungary.com\/de\/#\/schema\/logo\/image\/\"}}]}<\/script>\n<!-- \/ Yoast SEO plugin. -->","yoast_head_json":{"title":"MABE Hungary: F\u00fchrend in der Elektromotorwicklung","description":"MABE Hungary: Zuverl\u00e4ssiger Partner f\u00fcr Elektromotorwicklung seit 1973. Produktion in Nagykanizsa, Top-Qualit\u00e4t zu fairen Preisen. Informieren Sie sich!","robots":{"index":"index","follow":"follow","max-snippet":"max-snippet:-1","max-image-preview":"max-image-preview:large","max-video-preview":"max-video-preview:-1"},"canonical":"https:\/\/www.mabe-hungary.com\/de\/ueber-uns\/","og_locale":"de_DE","og_type":"article","og_title":"MABE Hungary: F\u00fchrend in der Elektromotorwicklung","og_description":"MABE Hungary: Zuverl\u00e4ssiger Partner f\u00fcr Elektromotorwicklung seit 1973. Produktion in Nagykanizsa, Top-Qualit\u00e4t zu fairen Preisen. Informieren Sie sich!","og_url":"https:\/\/www.mabe-hungary.com\/de\/ueber-uns\/","og_site_name":"Mabe Hungary","article_modified_time":"2025-04-08T09:55:46+00:00","og_image":[{"width":1920,"height":1280,"url":"https:\/\/www.mabe-hungary.com\/wp-content\/uploads\/2025\/02\/DSC00256sm.jpg","type":"image\/jpeg"}],"twitter_card":"summary_large_image","twitter_misc":{"Gesch\u00e4tzte Lesezeit":"1\u00a0Minute"},"schema":{"@context":"https:\/\/schema.org","@graph":[{"@type":"WebPage","@id":"https:\/\/www.mabe-hungary.com\/de\/ueber-uns\/","url":"https:\/\/www.mabe-hungary.com\/de\/ueber-uns\/","name":"MABE Hungary: F\u00fchrend in der Elektromotorwicklung","isPartOf":{"@id":"https:\/\/www.mabe-hungary.com\/de\/#website"},"primaryImageOfPage":{"@id":"https:\/\/www.mabe-hungary.com\/de\/ueber-uns\/#primaryimage"},"image":{"@id":"https:\/\/www.mabe-hungary.com\/de\/ueber-uns\/#primaryimage"},"thumbnailUrl":"https:\/\/www.mabe-hungary.com\/wp-content\/uploads\/2025\/02\/DSC00256sm.jpg","datePublished":"2025-02-10T07:36:37+00:00","dateModified":"2025-04-08T09:55:46+00:00","description":"MABE Hungary: Zuverl\u00e4ssiger Partner f\u00fcr Elektromotorwicklung seit 1973. Produktion in Nagykanizsa, Top-Qualit\u00e4t zu fairen Preisen. Informieren Sie sich!","breadcrumb":{"@id":"https:\/\/www.mabe-hungary.com\/de\/ueber-uns\/#breadcrumb"},"inLanguage":"de","potentialAction":[{"@type":"ReadAction","target":["https:\/\/www.mabe-hungary.com\/de\/ueber-uns\/"]}]},{"@type":"ImageObject","inLanguage":"de","@id":"https:\/\/www.mabe-hungary.com\/de\/ueber-uns\/#primaryimage","url":"https:\/\/www.mabe-hungary.com\/wp-content\/uploads\/2025\/02\/DSC00256sm.jpg","contentUrl":"https:\/\/www.mabe-hungary.com\/wp-content\/uploads\/2025\/02\/DSC00256sm.jpg","width":1920,"height":1280},{"@type":"BreadcrumbList","@id":"https:\/\/www.mabe-hungary.com\/de\/ueber-uns\/#breadcrumb","itemListElement":[{"@type":"ListItem","position":1,"name":"Home","item":"https:\/\/www.mabe-hungary.com\/de\/"},{"@type":"ListItem","position":2,"name":"\u00dcber uns"}]},{"@type":"WebSite","@id":"https:\/\/www.mabe-hungary.com\/de\/#website","url":"https:\/\/www.mabe-hungary.com\/de\/","name":"Mabe Hungary","description":"","publisher":{"@id":"https:\/\/www.mabe-hungary.com\/de\/#organization"},"potentialAction":[{"@type":"SearchAction","target":{"@type":"EntryPoint","urlTemplate":"https:\/\/www.mabe-hungary.com\/de\/?s={search_term_string}"},"query-input":{"@type":"PropertyValueSpecification","valueRequired":true,"valueName":"search_term_string"}}],"inLanguage":"de"},{"@type":"Organization","@id":"https:\/\/www.mabe-hungary.com\/de\/#organization","name":"Mabe Hungary","url":"https:\/\/www.mabe-hungary.com\/de\/","logo":{"@type":"ImageObject","inLanguage":"de","@id":"https:\/\/www.mabe-hungary.com\/de\/#\/schema\/logo\/image\/","url":"https:\/\/www.mabe-hungary.com\/wp-content\/uploads\/2025\/03\/mabe_hungary_logo.webp","contentUrl":"https:\/\/www.mabe-hungary.com\/wp-content\/uploads\/2025\/03\/mabe_hungary_logo.webp","width":494,"height":176,"caption":"Mabe Hungary"},"image":{"@id":"https:\/\/www.mabe-hungary.com\/de\/#\/schema\/logo\/image\/"}}]}},"_links":{"self":[{"href":"https:\/\/www.mabe-hungary.com\/de\/wp-json\/wp\/v2\/pages\/320","targetHints":{"allow":["GET"]}}],"collection":[{"href":"https:\/\/www.mabe-hungary.com\/de\/wp-json\/wp\/v2\/pages"}],"about":[{"href":"https:\/\/www.mabe-hungary.com\/de\/wp-json\/wp\/v2\/types\/page"}],"author":[{"embeddable":true,"href":"https:\/\/www.mabe-hungary.com\/de\/wp-json\/wp\/v2\/users\/1"}],"replies":[{"embeddable":true,"href":"https:\/\/www.mabe-hungary.com\/de\/wp-json\/wp\/v2\/comments?post=320"}],"version-history":[{"count":3,"href":"https:\/\/www.mabe-hungary.com\/de\/wp-json\/wp\/v2\/pages\/320\/revisions"}],"predecessor-version":[{"id":450,"href":"https:\/\/www.mabe-hungary.com\/de\/wp-json\/wp\/v2\/pages\/320\/revisions\/450"}],"wp:featuredmedia":[{"embeddable":true,"href":"https:\/\/www.mabe-hungary.com\/de\/wp-json\/wp\/v2\/media\/309"}],"wp:attachment":[{"href":"https:\/\/www.mabe-hungary.com\/de\/wp-json\/wp\/v2\/media?parent=320"}],"wp:term":[{"taxonomy":"category","embeddable":true,"href":"https:\/\/www.mabe-hungary.com\/de\/wp-json\/wp\/v2\/categories?post=320"}],"curies":[{"name":"wp","href":"https:\/\/api.w.org\/{rel}","templated":true}]}}