{"id":451,"date":"2025-02-10T07:32:40","date_gmt":"2025-02-10T07:32:40","guid":{"rendered":"https:\/\/www.mabe-hungary.com\/?page_id=451"},"modified":"2025-04-07T11:11:37","modified_gmt":"2025-04-07T11:11:37","slug":"isolierung","status":"publish","type":"page","link":"https:\/\/www.mabe-hungary.com\/de\/produktion\/isolierung\/","title":{"rendered":"Isolierung"},"content":{"rendered":"<p>Die Isolierung ist eine der wichtigsten Phasen im Wicklungsprozess von Elektromotoren. Sie stellt sicher, dass die Wicklungen einen angemessenen elektrischen Schutz erhalten, Kurzschl\u00fcsse vermieden werden und die Lebensdauer des Motors verl\u00e4ngert wird. Ein wesentlicher Bestandteil f\u00fcr langfristige Zuverl\u00e4ssigkeit ist das Isoliermaterial.<br \/>\nDurch strikte Einhaltung der Anforderungen unserer Kunden k\u00f6nnen wir Statoren bis zu einer Gr\u00f6\u00dfe von einem Meter automatisch isolieren.<\/p>\n<p><strong>Die Hauptphasen des Isolationsprozesses:<\/strong><\/p>\n<ul>\n<li>Vorbereitung der Isoliermaterialien<\/li>\n<li>Isolierung der Nuten<\/li>\n<li>Auftragen zus\u00e4tzlicher Isolierschichten \u2013 Falls erforderlich, zus\u00e4tzliche Lackierung oder Impr\u00e4gnierung f\u00fcr erh\u00f6hten Schutz<\/li>\n<\/ul>\n<div class=\"gallery-imgs gal-171165 row\">\r\n            <div class=\"gallery-item col-sm-6 col-lg-3\">\r\n                    <a href=\"https:\/\/www.mabe-hungary.com\/wp-content\/uploads\/2025\/02\/DSC00723sm.jpg\">\r\n                        <img decoding=\"async\" src=\"https:\/\/www.mabe-hungary.com\/wp-content\/uploads\/2025\/02\/DSC00723sm.jpg\" alt=\"\" class=\"img-fluid\">\r\n\t\t\t\t\t\t\t\t\r\n                    <\/a>\r\n            <\/div>\r\n            <div class=\"gallery-item col-sm-6 col-lg-3\">\r\n                    <a href=\"https:\/\/www.mabe-hungary.com\/wp-content\/uploads\/2025\/02\/DSC00701-2sm.jpg\">\r\n                        <img decoding=\"async\" src=\"https:\/\/www.mabe-hungary.com\/wp-content\/uploads\/2025\/02\/DSC00701-2sm.jpg\" alt=\"\" class=\"img-fluid\">\r\n\t\t\t\t\t\t\t\t\r\n                    <\/a>\r\n            <\/div>\r\n            <div class=\"gallery-item col-sm-6 col-lg-3\">\r\n                    <a href=\"https:\/\/www.mabe-hungary.com\/wp-content\/uploads\/2025\/02\/DSC00772sm.jpg\">\r\n                        <img decoding=\"async\" src=\"https:\/\/www.mabe-hungary.com\/wp-content\/uploads\/2025\/02\/DSC00772sm.jpg\" alt=\"\" class=\"img-fluid\">\r\n\t\t\t\t\t\t\t\t\r\n                    <\/a>\r\n            <\/div>\r\n            <div class=\"gallery-item col-sm-6 col-lg-3\">\r\n                    <a href=\"https:\/\/www.mabe-hungary.com\/wp-content\/uploads\/2025\/02\/DSC00781sm.jpg\">\r\n                        <img decoding=\"async\" src=\"https:\/\/www.mabe-hungary.com\/wp-content\/uploads\/2025\/02\/DSC00781sm.jpg\" alt=\"\" class=\"img-fluid\">\r\n\t\t\t\t\t\t\t\t\r\n                    <\/a>\r\n            <\/div><\/div>\n","protected":false},"excerpt":{"rendered":"<p>Die Isolierung ist eine der wichtigsten Phasen im Wicklungsprozess von Elektromotoren.<br \/>\nDurch strikte Einhaltung der Anforderungen unserer Kunden k\u00f6nnen wir Statoren bis zu einer Gr\u00f6\u00dfe von einem Meter automatisch isolieren.<\/p>\n","protected":false},"author":2,"featured_media":75,"parent":338,"menu_order":0,"comment_status":"closed","ping_status":"closed","template":"","meta":{"footnotes":""},"categories":[27],"class_list":["post-451","page","type-page","status-publish","has-post-thumbnail","hentry","category-featured-1-de"],"yoast_head":"<!-- This site is optimized with the Yoast SEO plugin v26.6 - https:\/\/yoast.com\/wordpress\/plugins\/seo\/ -->\n<title>Elektromotorisolierung f\u00fcr lange Lebensdauer | MABE Hungary<\/title>\n<meta name=\"description\" content=\"Nutisolierung, Lackierung, Impr\u00e4gnierung. Perfekte Isolierung zur Vermeidung von Kurzschl\u00fcssen und f\u00fcr eine lange Motorlebensdauer. MABE Hungary\" \/>\n<meta name=\"robots\" content=\"index, follow, max-snippet:-1, max-image-preview:large, max-video-preview:-1\" \/>\n<link rel=\"canonical\" href=\"https:\/\/www.mabe-hungary.com\/de\/produktion\/isolierung\/\" \/>\n<meta property=\"og:locale\" content=\"de_DE\" \/>\n<meta property=\"og:type\" content=\"article\" \/>\n<meta property=\"og:title\" content=\"Elektromotorisolierung f\u00fcr lange Lebensdauer | MABE Hungary\" \/>\n<meta property=\"og:description\" content=\"Nutisolierung, Lackierung, Impr\u00e4gnierung. Perfekte Isolierung zur Vermeidung von Kurzschl\u00fcssen und f\u00fcr eine lange Motorlebensdauer. MABE Hungary\" \/>\n<meta property=\"og:url\" content=\"https:\/\/www.mabe-hungary.com\/de\/produktion\/isolierung\/\" \/>\n<meta property=\"og:site_name\" content=\"Mabe Hungary\" \/>\n<meta property=\"article:modified_time\" content=\"2025-04-07T11:11:37+00:00\" \/>\n<meta property=\"og:image\" content=\"https:\/\/www.mabe-hungary.com\/wp-content\/uploads\/2025\/02\/Isolamento3.webp\" \/>\n\t<meta property=\"og:image:width\" content=\"2000\" \/>\n\t<meta property=\"og:image:height\" content=\"1333\" \/>\n\t<meta property=\"og:image:type\" content=\"image\/webp\" \/>\n<meta name=\"twitter:card\" content=\"summary_large_image\" \/>\n<meta name=\"twitter:label1\" content=\"Gesch\u00e4tzte Lesezeit\" \/>\n\t<meta name=\"twitter:data1\" content=\"1\u00a0Minute\" \/>\n<script type=\"application\/ld+json\" class=\"yoast-schema-graph\">{\"@context\":\"https:\/\/schema.org\",\"@graph\":[{\"@type\":\"WebPage\",\"@id\":\"https:\/\/www.mabe-hungary.com\/de\/produktion\/isolierung\/\",\"url\":\"https:\/\/www.mabe-hungary.com\/de\/produktion\/isolierung\/\",\"name\":\"Elektromotorisolierung f\u00fcr lange Lebensdauer | MABE Hungary\",\"isPartOf\":{\"@id\":\"https:\/\/www.mabe-hungary.com\/de\/#website\"},\"primaryImageOfPage\":{\"@id\":\"https:\/\/www.mabe-hungary.com\/de\/produktion\/isolierung\/#primaryimage\"},\"image\":{\"@id\":\"https:\/\/www.mabe-hungary.com\/de\/produktion\/isolierung\/#primaryimage\"},\"thumbnailUrl\":\"https:\/\/www.mabe-hungary.com\/wp-content\/uploads\/2025\/02\/Isolamento3.webp\",\"datePublished\":\"2025-02-10T07:32:40+00:00\",\"dateModified\":\"2025-04-07T11:11:37+00:00\",\"description\":\"Nutisolierung, Lackierung, Impr\u00e4gnierung. Perfekte Isolierung zur Vermeidung von Kurzschl\u00fcssen und f\u00fcr eine lange Motorlebensdauer. MABE Hungary\",\"breadcrumb\":{\"@id\":\"https:\/\/www.mabe-hungary.com\/de\/produktion\/isolierung\/#breadcrumb\"},\"inLanguage\":\"de\",\"potentialAction\":[{\"@type\":\"ReadAction\",\"target\":[\"https:\/\/www.mabe-hungary.com\/de\/produktion\/isolierung\/\"]}]},{\"@type\":\"ImageObject\",\"inLanguage\":\"de\",\"@id\":\"https:\/\/www.mabe-hungary.com\/de\/produktion\/isolierung\/#primaryimage\",\"url\":\"https:\/\/www.mabe-hungary.com\/wp-content\/uploads\/2025\/02\/Isolamento3.webp\",\"contentUrl\":\"https:\/\/www.mabe-hungary.com\/wp-content\/uploads\/2025\/02\/Isolamento3.webp\",\"width\":2000,\"height\":1333},{\"@type\":\"BreadcrumbList\",\"@id\":\"https:\/\/www.mabe-hungary.com\/de\/produktion\/isolierung\/#breadcrumb\",\"itemListElement\":[{\"@type\":\"ListItem\",\"position\":1,\"name\":\"Home\",\"item\":\"https:\/\/www.mabe-hungary.com\/de\/\"},{\"@type\":\"ListItem\",\"position\":2,\"name\":\"Produktion\",\"item\":\"https:\/\/www.mabe-hungary.com\/de\/produzione\/\"},{\"@type\":\"ListItem\",\"position\":3,\"name\":\"Isolierung\"}]},{\"@type\":\"WebSite\",\"@id\":\"https:\/\/www.mabe-hungary.com\/de\/#website\",\"url\":\"https:\/\/www.mabe-hungary.com\/de\/\",\"name\":\"Mabe Hungary\",\"description\":\"\",\"publisher\":{\"@id\":\"https:\/\/www.mabe-hungary.com\/de\/#organization\"},\"potentialAction\":[{\"@type\":\"SearchAction\",\"target\":{\"@type\":\"EntryPoint\",\"urlTemplate\":\"https:\/\/www.mabe-hungary.com\/de\/?s={search_term_string}\"},\"query-input\":{\"@type\":\"PropertyValueSpecification\",\"valueRequired\":true,\"valueName\":\"search_term_string\"}}],\"inLanguage\":\"de\"},{\"@type\":\"Organization\",\"@id\":\"https:\/\/www.mabe-hungary.com\/de\/#organization\",\"name\":\"Mabe Hungary\",\"url\":\"https:\/\/www.mabe-hungary.com\/de\/\",\"logo\":{\"@type\":\"ImageObject\",\"inLanguage\":\"de\",\"@id\":\"https:\/\/www.mabe-hungary.com\/de\/#\/schema\/logo\/image\/\",\"url\":\"https:\/\/www.mabe-hungary.com\/wp-content\/uploads\/2025\/03\/mabe_hungary_logo.webp\",\"contentUrl\":\"https:\/\/www.mabe-hungary.com\/wp-content\/uploads\/2025\/03\/mabe_hungary_logo.webp\",\"width\":494,\"height\":176,\"caption\":\"Mabe Hungary\"},\"image\":{\"@id\":\"https:\/\/www.mabe-hungary.com\/de\/#\/schema\/logo\/image\/\"}}]}<\/script>\n<!-- \/ Yoast SEO plugin. -->","yoast_head_json":{"title":"Elektromotorisolierung f\u00fcr lange Lebensdauer | MABE Hungary","description":"Nutisolierung, Lackierung, Impr\u00e4gnierung. Perfekte Isolierung zur Vermeidung von Kurzschl\u00fcssen und f\u00fcr eine lange Motorlebensdauer. MABE Hungary","robots":{"index":"index","follow":"follow","max-snippet":"max-snippet:-1","max-image-preview":"max-image-preview:large","max-video-preview":"max-video-preview:-1"},"canonical":"https:\/\/www.mabe-hungary.com\/de\/produktion\/isolierung\/","og_locale":"de_DE","og_type":"article","og_title":"Elektromotorisolierung f\u00fcr lange Lebensdauer | MABE Hungary","og_description":"Nutisolierung, Lackierung, Impr\u00e4gnierung. Perfekte Isolierung zur Vermeidung von Kurzschl\u00fcssen und f\u00fcr eine lange Motorlebensdauer. MABE Hungary","og_url":"https:\/\/www.mabe-hungary.com\/de\/produktion\/isolierung\/","og_site_name":"Mabe Hungary","article_modified_time":"2025-04-07T11:11:37+00:00","og_image":[{"width":2000,"height":1333,"url":"https:\/\/www.mabe-hungary.com\/wp-content\/uploads\/2025\/02\/Isolamento3.webp","type":"image\/webp"}],"twitter_card":"summary_large_image","twitter_misc":{"Gesch\u00e4tzte Lesezeit":"1\u00a0Minute"},"schema":{"@context":"https:\/\/schema.org","@graph":[{"@type":"WebPage","@id":"https:\/\/www.mabe-hungary.com\/de\/produktion\/isolierung\/","url":"https:\/\/www.mabe-hungary.com\/de\/produktion\/isolierung\/","name":"Elektromotorisolierung f\u00fcr lange Lebensdauer | MABE Hungary","isPartOf":{"@id":"https:\/\/www.mabe-hungary.com\/de\/#website"},"primaryImageOfPage":{"@id":"https:\/\/www.mabe-hungary.com\/de\/produktion\/isolierung\/#primaryimage"},"image":{"@id":"https:\/\/www.mabe-hungary.com\/de\/produktion\/isolierung\/#primaryimage"},"thumbnailUrl":"https:\/\/www.mabe-hungary.com\/wp-content\/uploads\/2025\/02\/Isolamento3.webp","datePublished":"2025-02-10T07:32:40+00:00","dateModified":"2025-04-07T11:11:37+00:00","description":"Nutisolierung, Lackierung, Impr\u00e4gnierung. Perfekte Isolierung zur Vermeidung von Kurzschl\u00fcssen und f\u00fcr eine lange Motorlebensdauer. MABE Hungary","breadcrumb":{"@id":"https:\/\/www.mabe-hungary.com\/de\/produktion\/isolierung\/#breadcrumb"},"inLanguage":"de","potentialAction":[{"@type":"ReadAction","target":["https:\/\/www.mabe-hungary.com\/de\/produktion\/isolierung\/"]}]},{"@type":"ImageObject","inLanguage":"de","@id":"https:\/\/www.mabe-hungary.com\/de\/produktion\/isolierung\/#primaryimage","url":"https:\/\/www.mabe-hungary.com\/wp-content\/uploads\/2025\/02\/Isolamento3.webp","contentUrl":"https:\/\/www.mabe-hungary.com\/wp-content\/uploads\/2025\/02\/Isolamento3.webp","width":2000,"height":1333},{"@type":"BreadcrumbList","@id":"https:\/\/www.mabe-hungary.com\/de\/produktion\/isolierung\/#breadcrumb","itemListElement":[{"@type":"ListItem","position":1,"name":"Home","item":"https:\/\/www.mabe-hungary.com\/de\/"},{"@type":"ListItem","position":2,"name":"Produktion","item":"https:\/\/www.mabe-hungary.com\/de\/produzione\/"},{"@type":"ListItem","position":3,"name":"Isolierung"}]},{"@type":"WebSite","@id":"https:\/\/www.mabe-hungary.com\/de\/#website","url":"https:\/\/www.mabe-hungary.com\/de\/","name":"Mabe Hungary","description":"","publisher":{"@id":"https:\/\/www.mabe-hungary.com\/de\/#organization"},"potentialAction":[{"@type":"SearchAction","target":{"@type":"EntryPoint","urlTemplate":"https:\/\/www.mabe-hungary.com\/de\/?s={search_term_string}"},"query-input":{"@type":"PropertyValueSpecification","valueRequired":true,"valueName":"search_term_string"}}],"inLanguage":"de"},{"@type":"Organization","@id":"https:\/\/www.mabe-hungary.com\/de\/#organization","name":"Mabe Hungary","url":"https:\/\/www.mabe-hungary.com\/de\/","logo":{"@type":"ImageObject","inLanguage":"de","@id":"https:\/\/www.mabe-hungary.com\/de\/#\/schema\/logo\/image\/","url":"https:\/\/www.mabe-hungary.com\/wp-content\/uploads\/2025\/03\/mabe_hungary_logo.webp","contentUrl":"https:\/\/www.mabe-hungary.com\/wp-content\/uploads\/2025\/03\/mabe_hungary_logo.webp","width":494,"height":176,"caption":"Mabe Hungary"},"image":{"@id":"https:\/\/www.mabe-hungary.com\/de\/#\/schema\/logo\/image\/"}}]}},"_links":{"self":[{"href":"https:\/\/www.mabe-hungary.com\/de\/wp-json\/wp\/v2\/pages\/451","targetHints":{"allow":["GET"]}}],"collection":[{"href":"https:\/\/www.mabe-hungary.com\/de\/wp-json\/wp\/v2\/pages"}],"about":[{"href":"https:\/\/www.mabe-hungary.com\/de\/wp-json\/wp\/v2\/types\/page"}],"author":[{"embeddable":true,"href":"https:\/\/www.mabe-hungary.com\/de\/wp-json\/wp\/v2\/users\/2"}],"replies":[{"embeddable":true,"href":"https:\/\/www.mabe-hungary.com\/de\/wp-json\/wp\/v2\/comments?post=451"}],"version-history":[{"count":3,"href":"https:\/\/www.mabe-hungary.com\/de\/wp-json\/wp\/v2\/pages\/451\/revisions"}],"predecessor-version":[{"id":484,"href":"https:\/\/www.mabe-hungary.com\/de\/wp-json\/wp\/v2\/pages\/451\/revisions\/484"}],"up":[{"embeddable":true,"href":"https:\/\/www.mabe-hungary.com\/de\/wp-json\/wp\/v2\/pages\/338"}],"wp:featuredmedia":[{"embeddable":true,"href":"https:\/\/www.mabe-hungary.com\/de\/wp-json\/wp\/v2\/media\/75"}],"wp:attachment":[{"href":"https:\/\/www.mabe-hungary.com\/de\/wp-json\/wp\/v2\/media?parent=451"}],"wp:term":[{"taxonomy":"category","embeddable":true,"href":"https:\/\/www.mabe-hungary.com\/de\/wp-json\/wp\/v2\/categories?post=451"}],"curies":[{"name":"wp","href":"https:\/\/api.w.org\/{rel}","templated":true}]}}