{"id":453,"date":"2025-02-10T07:33:46","date_gmt":"2025-02-10T07:33:46","guid":{"rendered":"https:\/\/www.mabe-hungary.com\/?page_id=453"},"modified":"2025-04-07T12:01:55","modified_gmt":"2025-04-07T12:01:55","slug":"mechanisches-einsetzen","status":"publish","type":"page","link":"https:\/\/www.mabe-hungary.com\/de\/produktion\/mechanisches-einsetzen\/","title":{"rendered":"Mechanisches Einsetzen"},"content":{"rendered":"<p>Das mechanische Einsetzen ist eine entscheidende Phase im Wicklungsprozess von Elektromotoren, bei der der Kupferdraht pr\u00e4zise in die Nuten des Stators oder Rotors eingef\u00fchrt wird.<br \/>\nDie Produktion erfolgt nach Kundenspezifikation unter Einsatz modernster automatischer und Transfer-Technologien.<br \/>\nJe nach Kundenanforderung beziehen wir den Kupferdraht direkt oder verarbeiten angeliefertes Material.<\/p>\n<p><strong>Die Hauptphasen des mechanischen Einsetzens:<\/strong><\/p>\n<ul>\n<li>Vorbereitung der Spulen \u2013 Formung und Anordnung zur Erleichterung des Einsetzens<\/li>\n<li>Pr\u00fcfung der Nutisolation \u2013 Kontrolle der Isolierschicht zur Vermeidung von Sch\u00e4den<\/li>\n<li>Mechanisches Einsetzen \u2013 Pr\u00e4zises Einf\u00fcgen der Spulen in die Nuten mittels automatischer oder halbautomatischer Maschinen<\/li>\n<li>Ausrichtung und Fixierung \u2013 Endg\u00fcltige Positionierung und Befestigung der Spulen, falls erforderlich<\/li>\n<li>Qualit\u00e4tskontrolle \u2013 Nachtr\u00e4gliche \u00dcberpr\u00fcfung, um sicherzustellen, dass die Wicklungen stabil und unbesch\u00e4digt sind<\/li>\n<\/ul>\n<div class=\"gallery-imgs gal-188191 row\">\r\n            <div class=\"gallery-item col-sm-6 col-lg-3\">\r\n                    <a href=\"https:\/\/www.mabe-hungary.com\/wp-content\/uploads\/2025\/02\/DSC00214sm.jpg\">\r\n                        <img decoding=\"async\" src=\"https:\/\/www.mabe-hungary.com\/wp-content\/uploads\/2025\/02\/DSC00214sm.jpg\" alt=\"\" class=\"img-fluid\">\r\n\t\t\t\t\t\t\t\t\r\n                    <\/a>\r\n            <\/div>\r\n            <div class=\"gallery-item col-sm-6 col-lg-3\">\r\n                    <a href=\"https:\/\/www.mabe-hungary.com\/wp-content\/uploads\/2025\/02\/DSC00224sm.jpg\">\r\n                        <img decoding=\"async\" src=\"https:\/\/www.mabe-hungary.com\/wp-content\/uploads\/2025\/02\/DSC00224sm.jpg\" alt=\"\" class=\"img-fluid\">\r\n\t\t\t\t\t\t\t\t\r\n                    <\/a>\r\n            <\/div>\r\n            <div class=\"gallery-item col-sm-6 col-lg-3\">\r\n                    <a href=\"https:\/\/www.mabe-hungary.com\/wp-content\/uploads\/2025\/02\/DSC00343sm.jpg\">\r\n                        <img decoding=\"async\" src=\"https:\/\/www.mabe-hungary.com\/wp-content\/uploads\/2025\/02\/DSC00343sm.jpg\" alt=\"\" class=\"img-fluid\">\r\n\t\t\t\t\t\t\t\t\r\n                    <\/a>\r\n            <\/div>\r\n            <div class=\"gallery-item col-sm-6 col-lg-3\">\r\n                    <a href=\"https:\/\/www.mabe-hungary.com\/wp-content\/uploads\/2025\/02\/DSC00368sm.jpg\">\r\n                        <img decoding=\"async\" src=\"https:\/\/www.mabe-hungary.com\/wp-content\/uploads\/2025\/02\/DSC00368sm.jpg\" alt=\"\" class=\"img-fluid\">\r\n\t\t\t\t\t\t\t\t\r\n                    <\/a>\r\n            <\/div><\/div>\n","protected":false},"excerpt":{"rendered":"<p>Die Produktion erfolgt nach Kundenspezifikation unter Einsatz modernster automatischer und Transfer-Technologien.<br \/>\nJe nach Kundenanforderung beziehen wir den Kupferdraht direkt oder verarbeiten angeliefertes Material.<\/p>\n","protected":false},"author":2,"featured_media":199,"parent":338,"menu_order":0,"comment_status":"closed","ping_status":"closed","template":"","meta":{"footnotes":""},"categories":[27],"class_list":["post-453","page","type-page","status-publish","has-post-thumbnail","hentry","category-featured-1-de"],"yoast_head":"<!-- This site is optimized with the Yoast SEO plugin v26.6 - https:\/\/yoast.com\/wordpress\/plugins\/seo\/ -->\n<title>Pr\u00e4ziser Automatischer Drahteinzug f. Motoren | MABE Hungary<\/title>\n<meta name=\"description\" content=\"Pr\u00e4zise mechanische Drahteinbringung in Elektromotoren mittels moderner Automaten und Transfermaschinen. Qualit\u00e4tswicklung nach Ihren Vorgaben.\" \/>\n<meta name=\"robots\" content=\"index, follow, max-snippet:-1, max-image-preview:large, max-video-preview:-1\" \/>\n<link rel=\"canonical\" href=\"https:\/\/www.mabe-hungary.com\/de\/produktion\/mechanisches-einsetzen\/\" \/>\n<meta property=\"og:locale\" content=\"de_DE\" \/>\n<meta property=\"og:type\" content=\"article\" \/>\n<meta property=\"og:title\" content=\"Pr\u00e4ziser Automatischer Drahteinzug f. Motoren | MABE Hungary\" \/>\n<meta property=\"og:description\" content=\"Pr\u00e4zise mechanische Drahteinbringung in Elektromotoren mittels moderner Automaten und Transfermaschinen. Qualit\u00e4tswicklung nach Ihren Vorgaben.\" \/>\n<meta property=\"og:url\" content=\"https:\/\/www.mabe-hungary.com\/de\/produktion\/mechanisches-einsetzen\/\" \/>\n<meta property=\"og:site_name\" content=\"Mabe Hungary\" \/>\n<meta property=\"article:modified_time\" content=\"2025-04-07T12:01:55+00:00\" \/>\n<meta property=\"og:image\" content=\"https:\/\/www.mabe-hungary.com\/wp-content\/uploads\/2025\/02\/DSC00368sm.jpg\" \/>\n\t<meta property=\"og:image:width\" content=\"1920\" \/>\n\t<meta property=\"og:image:height\" content=\"1280\" \/>\n\t<meta property=\"og:image:type\" content=\"image\/jpeg\" \/>\n<meta name=\"twitter:card\" content=\"summary_large_image\" \/>\n<meta name=\"twitter:label1\" content=\"Gesch\u00e4tzte Lesezeit\" \/>\n\t<meta name=\"twitter:data1\" content=\"1\u00a0Minute\" \/>\n<script type=\"application\/ld+json\" class=\"yoast-schema-graph\">{\"@context\":\"https:\/\/schema.org\",\"@graph\":[{\"@type\":\"WebPage\",\"@id\":\"https:\/\/www.mabe-hungary.com\/de\/produktion\/mechanisches-einsetzen\/\",\"url\":\"https:\/\/www.mabe-hungary.com\/de\/produktion\/mechanisches-einsetzen\/\",\"name\":\"Pr\u00e4ziser Automatischer Drahteinzug f. Motoren | MABE Hungary\",\"isPartOf\":{\"@id\":\"https:\/\/www.mabe-hungary.com\/de\/#website\"},\"primaryImageOfPage\":{\"@id\":\"https:\/\/www.mabe-hungary.com\/de\/produktion\/mechanisches-einsetzen\/#primaryimage\"},\"image\":{\"@id\":\"https:\/\/www.mabe-hungary.com\/de\/produktion\/mechanisches-einsetzen\/#primaryimage\"},\"thumbnailUrl\":\"https:\/\/www.mabe-hungary.com\/wp-content\/uploads\/2025\/02\/DSC00368sm.jpg\",\"datePublished\":\"2025-02-10T07:33:46+00:00\",\"dateModified\":\"2025-04-07T12:01:55+00:00\",\"description\":\"Pr\u00e4zise mechanische Drahteinbringung in Elektromotoren mittels moderner Automaten und Transfermaschinen. Qualit\u00e4tswicklung nach Ihren Vorgaben.\",\"breadcrumb\":{\"@id\":\"https:\/\/www.mabe-hungary.com\/de\/produktion\/mechanisches-einsetzen\/#breadcrumb\"},\"inLanguage\":\"de\",\"potentialAction\":[{\"@type\":\"ReadAction\",\"target\":[\"https:\/\/www.mabe-hungary.com\/de\/produktion\/mechanisches-einsetzen\/\"]}]},{\"@type\":\"ImageObject\",\"inLanguage\":\"de\",\"@id\":\"https:\/\/www.mabe-hungary.com\/de\/produktion\/mechanisches-einsetzen\/#primaryimage\",\"url\":\"https:\/\/www.mabe-hungary.com\/wp-content\/uploads\/2025\/02\/DSC00368sm.jpg\",\"contentUrl\":\"https:\/\/www.mabe-hungary.com\/wp-content\/uploads\/2025\/02\/DSC00368sm.jpg\",\"width\":1920,\"height\":1280},{\"@type\":\"BreadcrumbList\",\"@id\":\"https:\/\/www.mabe-hungary.com\/de\/produktion\/mechanisches-einsetzen\/#breadcrumb\",\"itemListElement\":[{\"@type\":\"ListItem\",\"position\":1,\"name\":\"Home\",\"item\":\"https:\/\/www.mabe-hungary.com\/de\/\"},{\"@type\":\"ListItem\",\"position\":2,\"name\":\"Produktion\",\"item\":\"https:\/\/www.mabe-hungary.com\/de\/produzione\/\"},{\"@type\":\"ListItem\",\"position\":3,\"name\":\"Mechanisches Einsetzen\"}]},{\"@type\":\"WebSite\",\"@id\":\"https:\/\/www.mabe-hungary.com\/de\/#website\",\"url\":\"https:\/\/www.mabe-hungary.com\/de\/\",\"name\":\"Mabe Hungary\",\"description\":\"\",\"publisher\":{\"@id\":\"https:\/\/www.mabe-hungary.com\/de\/#organization\"},\"potentialAction\":[{\"@type\":\"SearchAction\",\"target\":{\"@type\":\"EntryPoint\",\"urlTemplate\":\"https:\/\/www.mabe-hungary.com\/de\/?s={search_term_string}\"},\"query-input\":{\"@type\":\"PropertyValueSpecification\",\"valueRequired\":true,\"valueName\":\"search_term_string\"}}],\"inLanguage\":\"de\"},{\"@type\":\"Organization\",\"@id\":\"https:\/\/www.mabe-hungary.com\/de\/#organization\",\"name\":\"Mabe Hungary\",\"url\":\"https:\/\/www.mabe-hungary.com\/de\/\",\"logo\":{\"@type\":\"ImageObject\",\"inLanguage\":\"de\",\"@id\":\"https:\/\/www.mabe-hungary.com\/de\/#\/schema\/logo\/image\/\",\"url\":\"https:\/\/www.mabe-hungary.com\/wp-content\/uploads\/2025\/03\/mabe_hungary_logo.webp\",\"contentUrl\":\"https:\/\/www.mabe-hungary.com\/wp-content\/uploads\/2025\/03\/mabe_hungary_logo.webp\",\"width\":494,\"height\":176,\"caption\":\"Mabe Hungary\"},\"image\":{\"@id\":\"https:\/\/www.mabe-hungary.com\/de\/#\/schema\/logo\/image\/\"}}]}<\/script>\n<!-- \/ Yoast SEO plugin. -->","yoast_head_json":{"title":"Pr\u00e4ziser Automatischer Drahteinzug f. Motoren | MABE Hungary","description":"Pr\u00e4zise mechanische Drahteinbringung in Elektromotoren mittels moderner Automaten und Transfermaschinen. Qualit\u00e4tswicklung nach Ihren Vorgaben.","robots":{"index":"index","follow":"follow","max-snippet":"max-snippet:-1","max-image-preview":"max-image-preview:large","max-video-preview":"max-video-preview:-1"},"canonical":"https:\/\/www.mabe-hungary.com\/de\/produktion\/mechanisches-einsetzen\/","og_locale":"de_DE","og_type":"article","og_title":"Pr\u00e4ziser Automatischer Drahteinzug f. Motoren | MABE Hungary","og_description":"Pr\u00e4zise mechanische Drahteinbringung in Elektromotoren mittels moderner Automaten und Transfermaschinen. Qualit\u00e4tswicklung nach Ihren Vorgaben.","og_url":"https:\/\/www.mabe-hungary.com\/de\/produktion\/mechanisches-einsetzen\/","og_site_name":"Mabe Hungary","article_modified_time":"2025-04-07T12:01:55+00:00","og_image":[{"width":1920,"height":1280,"url":"https:\/\/www.mabe-hungary.com\/wp-content\/uploads\/2025\/02\/DSC00368sm.jpg","type":"image\/jpeg"}],"twitter_card":"summary_large_image","twitter_misc":{"Gesch\u00e4tzte Lesezeit":"1\u00a0Minute"},"schema":{"@context":"https:\/\/schema.org","@graph":[{"@type":"WebPage","@id":"https:\/\/www.mabe-hungary.com\/de\/produktion\/mechanisches-einsetzen\/","url":"https:\/\/www.mabe-hungary.com\/de\/produktion\/mechanisches-einsetzen\/","name":"Pr\u00e4ziser Automatischer Drahteinzug f. Motoren | MABE Hungary","isPartOf":{"@id":"https:\/\/www.mabe-hungary.com\/de\/#website"},"primaryImageOfPage":{"@id":"https:\/\/www.mabe-hungary.com\/de\/produktion\/mechanisches-einsetzen\/#primaryimage"},"image":{"@id":"https:\/\/www.mabe-hungary.com\/de\/produktion\/mechanisches-einsetzen\/#primaryimage"},"thumbnailUrl":"https:\/\/www.mabe-hungary.com\/wp-content\/uploads\/2025\/02\/DSC00368sm.jpg","datePublished":"2025-02-10T07:33:46+00:00","dateModified":"2025-04-07T12:01:55+00:00","description":"Pr\u00e4zise mechanische Drahteinbringung in Elektromotoren mittels moderner Automaten und Transfermaschinen. Qualit\u00e4tswicklung nach Ihren Vorgaben.","breadcrumb":{"@id":"https:\/\/www.mabe-hungary.com\/de\/produktion\/mechanisches-einsetzen\/#breadcrumb"},"inLanguage":"de","potentialAction":[{"@type":"ReadAction","target":["https:\/\/www.mabe-hungary.com\/de\/produktion\/mechanisches-einsetzen\/"]}]},{"@type":"ImageObject","inLanguage":"de","@id":"https:\/\/www.mabe-hungary.com\/de\/produktion\/mechanisches-einsetzen\/#primaryimage","url":"https:\/\/www.mabe-hungary.com\/wp-content\/uploads\/2025\/02\/DSC00368sm.jpg","contentUrl":"https:\/\/www.mabe-hungary.com\/wp-content\/uploads\/2025\/02\/DSC00368sm.jpg","width":1920,"height":1280},{"@type":"BreadcrumbList","@id":"https:\/\/www.mabe-hungary.com\/de\/produktion\/mechanisches-einsetzen\/#breadcrumb","itemListElement":[{"@type":"ListItem","position":1,"name":"Home","item":"https:\/\/www.mabe-hungary.com\/de\/"},{"@type":"ListItem","position":2,"name":"Produktion","item":"https:\/\/www.mabe-hungary.com\/de\/produzione\/"},{"@type":"ListItem","position":3,"name":"Mechanisches Einsetzen"}]},{"@type":"WebSite","@id":"https:\/\/www.mabe-hungary.com\/de\/#website","url":"https:\/\/www.mabe-hungary.com\/de\/","name":"Mabe Hungary","description":"","publisher":{"@id":"https:\/\/www.mabe-hungary.com\/de\/#organization"},"potentialAction":[{"@type":"SearchAction","target":{"@type":"EntryPoint","urlTemplate":"https:\/\/www.mabe-hungary.com\/de\/?s={search_term_string}"},"query-input":{"@type":"PropertyValueSpecification","valueRequired":true,"valueName":"search_term_string"}}],"inLanguage":"de"},{"@type":"Organization","@id":"https:\/\/www.mabe-hungary.com\/de\/#organization","name":"Mabe Hungary","url":"https:\/\/www.mabe-hungary.com\/de\/","logo":{"@type":"ImageObject","inLanguage":"de","@id":"https:\/\/www.mabe-hungary.com\/de\/#\/schema\/logo\/image\/","url":"https:\/\/www.mabe-hungary.com\/wp-content\/uploads\/2025\/03\/mabe_hungary_logo.webp","contentUrl":"https:\/\/www.mabe-hungary.com\/wp-content\/uploads\/2025\/03\/mabe_hungary_logo.webp","width":494,"height":176,"caption":"Mabe Hungary"},"image":{"@id":"https:\/\/www.mabe-hungary.com\/de\/#\/schema\/logo\/image\/"}}]}},"_links":{"self":[{"href":"https:\/\/www.mabe-hungary.com\/de\/wp-json\/wp\/v2\/pages\/453","targetHints":{"allow":["GET"]}}],"collection":[{"href":"https:\/\/www.mabe-hungary.com\/de\/wp-json\/wp\/v2\/pages"}],"about":[{"href":"https:\/\/www.mabe-hungary.com\/de\/wp-json\/wp\/v2\/types\/page"}],"author":[{"embeddable":true,"href":"https:\/\/www.mabe-hungary.com\/de\/wp-json\/wp\/v2\/users\/2"}],"replies":[{"embeddable":true,"href":"https:\/\/www.mabe-hungary.com\/de\/wp-json\/wp\/v2\/comments?post=453"}],"version-history":[{"count":2,"href":"https:\/\/www.mabe-hungary.com\/de\/wp-json\/wp\/v2\/pages\/453\/revisions"}],"predecessor-version":[{"id":485,"href":"https:\/\/www.mabe-hungary.com\/de\/wp-json\/wp\/v2\/pages\/453\/revisions\/485"}],"up":[{"embeddable":true,"href":"https:\/\/www.mabe-hungary.com\/de\/wp-json\/wp\/v2\/pages\/338"}],"wp:featuredmedia":[{"embeddable":true,"href":"https:\/\/www.mabe-hungary.com\/de\/wp-json\/wp\/v2\/media\/199"}],"wp:attachment":[{"href":"https:\/\/www.mabe-hungary.com\/de\/wp-json\/wp\/v2\/media?parent=453"}],"wp:term":[{"taxonomy":"category","embeddable":true,"href":"https:\/\/www.mabe-hungary.com\/de\/wp-json\/wp\/v2\/categories?post=453"}],"curies":[{"name":"wp","href":"https:\/\/api.w.org\/{rel}","templated":true}]}}