{"id":455,"date":"2025-02-10T07:34:01","date_gmt":"2025-02-10T07:34:01","guid":{"rendered":"https:\/\/www.mabe-hungary.com\/?page_id=455"},"modified":"2025-04-07T13:02:25","modified_gmt":"2025-04-07T13:02:25","slug":"pressen-und-binden","status":"publish","type":"page","link":"https:\/\/www.mabe-hungary.com\/de\/produktion\/pressen-und-binden\/","title":{"rendered":"Pressen und Binden"},"content":{"rendered":"<p>Das Pressen und Binden sind entscheidende Prozesse zur Sicherstellung der korrekten Positionierung und Befestigung der Wicklungen innerhalb der Motorstruktur.<br \/>\nDiese Verfahren tragen zur mechanischen Stabilit\u00e4t des Motors bei, reduzieren Vibrationen und verhindern das Verrutschen der Wicklungen w\u00e4hrend des Betriebs.<br \/>\nIn unserem Unternehmen sind das Pressen und Binden f\u00fcr Statoren bis zu einer H\u00f6he von 800 mm mechanisiert.<\/p>\n<p><strong>Die Hauptphasen des Pressens und Bindens:<\/strong><\/p>\n<ul>\n<li>Ausrichtung und Vorbereitung der Wicklungen \u2013 Korrekte Platzierung zur stabilen Fixierung<\/li>\n<li>Pressen \u2013 Mechanische Druckaus\u00fcbung zur Verdichtung und Formung der Wicklungen<\/li>\n<li>Binden \u2013 Verwendung von speziellen B\u00e4ndern oder Dr\u00e4hten zur Fixierung der Wicklungen<\/li>\n<li>Anwendung von Fixiermaterialien \u2013 Falls erforderlich, Verwendung von Lacken oder Harzen zur zus\u00e4tzlichen Verst\u00e4rkung<\/li>\n<li>Endkontrolle \u2013 \u00dcberpr\u00fcfung der Qualit\u00e4t von Pressen und Binden zur Gew\u00e4hrleistung optimaler mechanischer Stabilit\u00e4t<div class=\"gallery-imgs gal-279282 row\">\r\n            <div class=\"gallery-item col-sm-6 col-lg-3\">\r\n                    <a href=\"https:\/\/www.mabe-hungary.com\/wp-content\/uploads\/2025\/02\/IMG_5283.jpeg\">\r\n                        <img decoding=\"async\" src=\"https:\/\/www.mabe-hungary.com\/wp-content\/uploads\/2025\/02\/IMG_5283.jpeg\" alt=\"\" class=\"img-fluid\">\r\n\t\t\t\t\t\t\t\t\r\n                    <\/a>\r\n            <\/div>\r\n            <div class=\"gallery-item col-sm-6 col-lg-3\">\r\n                    <a href=\"https:\/\/www.mabe-hungary.com\/wp-content\/uploads\/2025\/02\/IMG_5283sm.jpg\">\r\n                        <img decoding=\"async\" src=\"https:\/\/www.mabe-hungary.com\/wp-content\/uploads\/2025\/02\/IMG_5283sm.jpg\" alt=\"\" class=\"img-fluid\">\r\n\t\t\t\t\t\t\t\t\r\n                    <\/a>\r\n            <\/div>\r\n            <div class=\"gallery-item col-sm-6 col-lg-3\">\r\n                    <a href=\"https:\/\/www.mabe-hungary.com\/wp-content\/uploads\/2025\/02\/IMG_5284sm.jpg\">\r\n                        <img decoding=\"async\" src=\"https:\/\/www.mabe-hungary.com\/wp-content\/uploads\/2025\/02\/IMG_5284sm.jpg\" alt=\"\" class=\"img-fluid\">\r\n\t\t\t\t\t\t\t\t\r\n                    <\/a>\r\n            <\/div>\r\n            <div class=\"gallery-item col-sm-6 col-lg-3\">\r\n                    <a href=\"https:\/\/www.mabe-hungary.com\/wp-content\/uploads\/2025\/02\/IMG_5298sm.jpg\">\r\n                        <img decoding=\"async\" src=\"https:\/\/www.mabe-hungary.com\/wp-content\/uploads\/2025\/02\/IMG_5298sm.jpg\" alt=\"\" class=\"img-fluid\">\r\n\t\t\t\t\t\t\t\t\r\n                    <\/a>\r\n            <\/div><\/div><\/li>\n<\/ul>\n<p>&nbsp;<\/p>\n","protected":false},"excerpt":{"rendered":"<p>La pressatura e legatura sono fasi fondamentali del processo di avvolgimento dei motori elettrici, che garantiscono il corretto posizionamento e fissaggio degli avvolgimenti all&#8217;interno della struttura del motore.<br \/>\nNella nostra azienda, la pressatura e la legatura sono meccanizzate per statori fino a un&#8217;altezza di 800 mm.<\/p>\n","protected":false},"author":2,"featured_media":69,"parent":338,"menu_order":0,"comment_status":"closed","ping_status":"closed","template":"","meta":{"footnotes":""},"categories":[],"class_list":["post-455","page","type-page","status-publish","has-post-thumbnail","hentry"],"yoast_head":"<!-- This site is optimized with the Yoast SEO plugin v26.6 - https:\/\/yoast.com\/wordpress\/plugins\/seo\/ -->\n<title>Maschinelles Pressen &amp; Schn\u00fcren | Stabilit\u00e4t | MABE Hungary<\/title>\n<meta name=\"description\" content=\"Maschinelles Pressen &amp; Schn\u00fcren (Statoren bis 800mm). Expertenl\u00f6sungen zur Erh\u00f6hung der Motorstabilit\u00e4t und Reduzierung von Vibrationen.\" \/>\n<meta name=\"robots\" content=\"index, follow, max-snippet:-1, max-image-preview:large, max-video-preview:-1\" \/>\n<link rel=\"canonical\" href=\"https:\/\/www.mabe-hungary.com\/de\/produktion\/pressen-und-binden\/\" \/>\n<meta property=\"og:locale\" content=\"de_DE\" \/>\n<meta property=\"og:type\" content=\"article\" \/>\n<meta property=\"og:title\" content=\"Maschinelles Pressen &amp; Schn\u00fcren | Stabilit\u00e4t | MABE Hungary\" \/>\n<meta property=\"og:description\" content=\"Maschinelles Pressen &amp; Schn\u00fcren (Statoren bis 800mm). Expertenl\u00f6sungen zur Erh\u00f6hung der Motorstabilit\u00e4t und Reduzierung von Vibrationen.\" \/>\n<meta property=\"og:url\" content=\"https:\/\/www.mabe-hungary.com\/de\/produktion\/pressen-und-binden\/\" \/>\n<meta property=\"og:site_name\" content=\"Mabe Hungary\" \/>\n<meta property=\"article:modified_time\" content=\"2025-04-07T13:02:25+00:00\" \/>\n<meta property=\"og:image\" content=\"https:\/\/www.mabe-hungary.com\/wp-content\/uploads\/2025\/02\/Isolamento1.webp\" \/>\n\t<meta property=\"og:image:width\" content=\"2000\" \/>\n\t<meta property=\"og:image:height\" content=\"1333\" \/>\n\t<meta property=\"og:image:type\" content=\"image\/webp\" \/>\n<meta name=\"twitter:card\" content=\"summary_large_image\" \/>\n<meta name=\"twitter:label1\" content=\"Gesch\u00e4tzte Lesezeit\" \/>\n\t<meta name=\"twitter:data1\" content=\"1\u00a0Minute\" \/>\n<script type=\"application\/ld+json\" class=\"yoast-schema-graph\">{\"@context\":\"https:\/\/schema.org\",\"@graph\":[{\"@type\":\"WebPage\",\"@id\":\"https:\/\/www.mabe-hungary.com\/de\/produktion\/pressen-und-binden\/\",\"url\":\"https:\/\/www.mabe-hungary.com\/de\/produktion\/pressen-und-binden\/\",\"name\":\"Maschinelles Pressen & Schn\u00fcren | Stabilit\u00e4t | MABE Hungary\",\"isPartOf\":{\"@id\":\"https:\/\/www.mabe-hungary.com\/de\/#website\"},\"primaryImageOfPage\":{\"@id\":\"https:\/\/www.mabe-hungary.com\/de\/produktion\/pressen-und-binden\/#primaryimage\"},\"image\":{\"@id\":\"https:\/\/www.mabe-hungary.com\/de\/produktion\/pressen-und-binden\/#primaryimage\"},\"thumbnailUrl\":\"https:\/\/www.mabe-hungary.com\/wp-content\/uploads\/2025\/02\/Isolamento1.webp\",\"datePublished\":\"2025-02-10T07:34:01+00:00\",\"dateModified\":\"2025-04-07T13:02:25+00:00\",\"description\":\"Maschinelles Pressen & Schn\u00fcren (Statoren bis 800mm). Expertenl\u00f6sungen zur Erh\u00f6hung der Motorstabilit\u00e4t und Reduzierung von Vibrationen.\",\"breadcrumb\":{\"@id\":\"https:\/\/www.mabe-hungary.com\/de\/produktion\/pressen-und-binden\/#breadcrumb\"},\"inLanguage\":\"de\",\"potentialAction\":[{\"@type\":\"ReadAction\",\"target\":[\"https:\/\/www.mabe-hungary.com\/de\/produktion\/pressen-und-binden\/\"]}]},{\"@type\":\"ImageObject\",\"inLanguage\":\"de\",\"@id\":\"https:\/\/www.mabe-hungary.com\/de\/produktion\/pressen-und-binden\/#primaryimage\",\"url\":\"https:\/\/www.mabe-hungary.com\/wp-content\/uploads\/2025\/02\/Isolamento1.webp\",\"contentUrl\":\"https:\/\/www.mabe-hungary.com\/wp-content\/uploads\/2025\/02\/Isolamento1.webp\",\"width\":2000,\"height\":1333},{\"@type\":\"BreadcrumbList\",\"@id\":\"https:\/\/www.mabe-hungary.com\/de\/produktion\/pressen-und-binden\/#breadcrumb\",\"itemListElement\":[{\"@type\":\"ListItem\",\"position\":1,\"name\":\"Home\",\"item\":\"https:\/\/www.mabe-hungary.com\/de\/\"},{\"@type\":\"ListItem\",\"position\":2,\"name\":\"Produktion\",\"item\":\"https:\/\/www.mabe-hungary.com\/de\/produzione\/\"},{\"@type\":\"ListItem\",\"position\":3,\"name\":\"Pressen und Binden\"}]},{\"@type\":\"WebSite\",\"@id\":\"https:\/\/www.mabe-hungary.com\/de\/#website\",\"url\":\"https:\/\/www.mabe-hungary.com\/de\/\",\"name\":\"Mabe Hungary\",\"description\":\"\",\"publisher\":{\"@id\":\"https:\/\/www.mabe-hungary.com\/de\/#organization\"},\"potentialAction\":[{\"@type\":\"SearchAction\",\"target\":{\"@type\":\"EntryPoint\",\"urlTemplate\":\"https:\/\/www.mabe-hungary.com\/de\/?s={search_term_string}\"},\"query-input\":{\"@type\":\"PropertyValueSpecification\",\"valueRequired\":true,\"valueName\":\"search_term_string\"}}],\"inLanguage\":\"de\"},{\"@type\":\"Organization\",\"@id\":\"https:\/\/www.mabe-hungary.com\/de\/#organization\",\"name\":\"Mabe Hungary\",\"url\":\"https:\/\/www.mabe-hungary.com\/de\/\",\"logo\":{\"@type\":\"ImageObject\",\"inLanguage\":\"de\",\"@id\":\"https:\/\/www.mabe-hungary.com\/de\/#\/schema\/logo\/image\/\",\"url\":\"https:\/\/www.mabe-hungary.com\/wp-content\/uploads\/2025\/03\/mabe_hungary_logo.webp\",\"contentUrl\":\"https:\/\/www.mabe-hungary.com\/wp-content\/uploads\/2025\/03\/mabe_hungary_logo.webp\",\"width\":494,\"height\":176,\"caption\":\"Mabe Hungary\"},\"image\":{\"@id\":\"https:\/\/www.mabe-hungary.com\/de\/#\/schema\/logo\/image\/\"}}]}<\/script>\n<!-- \/ Yoast SEO plugin. -->","yoast_head_json":{"title":"Maschinelles Pressen & Schn\u00fcren | Stabilit\u00e4t | MABE Hungary","description":"Maschinelles Pressen & Schn\u00fcren (Statoren bis 800mm). Expertenl\u00f6sungen zur Erh\u00f6hung der Motorstabilit\u00e4t und Reduzierung von Vibrationen.","robots":{"index":"index","follow":"follow","max-snippet":"max-snippet:-1","max-image-preview":"max-image-preview:large","max-video-preview":"max-video-preview:-1"},"canonical":"https:\/\/www.mabe-hungary.com\/de\/produktion\/pressen-und-binden\/","og_locale":"de_DE","og_type":"article","og_title":"Maschinelles Pressen & Schn\u00fcren | Stabilit\u00e4t | MABE Hungary","og_description":"Maschinelles Pressen & Schn\u00fcren (Statoren bis 800mm). Expertenl\u00f6sungen zur Erh\u00f6hung der Motorstabilit\u00e4t und Reduzierung von Vibrationen.","og_url":"https:\/\/www.mabe-hungary.com\/de\/produktion\/pressen-und-binden\/","og_site_name":"Mabe Hungary","article_modified_time":"2025-04-07T13:02:25+00:00","og_image":[{"width":2000,"height":1333,"url":"https:\/\/www.mabe-hungary.com\/wp-content\/uploads\/2025\/02\/Isolamento1.webp","type":"image\/webp"}],"twitter_card":"summary_large_image","twitter_misc":{"Gesch\u00e4tzte Lesezeit":"1\u00a0Minute"},"schema":{"@context":"https:\/\/schema.org","@graph":[{"@type":"WebPage","@id":"https:\/\/www.mabe-hungary.com\/de\/produktion\/pressen-und-binden\/","url":"https:\/\/www.mabe-hungary.com\/de\/produktion\/pressen-und-binden\/","name":"Maschinelles Pressen & Schn\u00fcren | Stabilit\u00e4t | MABE Hungary","isPartOf":{"@id":"https:\/\/www.mabe-hungary.com\/de\/#website"},"primaryImageOfPage":{"@id":"https:\/\/www.mabe-hungary.com\/de\/produktion\/pressen-und-binden\/#primaryimage"},"image":{"@id":"https:\/\/www.mabe-hungary.com\/de\/produktion\/pressen-und-binden\/#primaryimage"},"thumbnailUrl":"https:\/\/www.mabe-hungary.com\/wp-content\/uploads\/2025\/02\/Isolamento1.webp","datePublished":"2025-02-10T07:34:01+00:00","dateModified":"2025-04-07T13:02:25+00:00","description":"Maschinelles Pressen & Schn\u00fcren (Statoren bis 800mm). Expertenl\u00f6sungen zur Erh\u00f6hung der Motorstabilit\u00e4t und Reduzierung von Vibrationen.","breadcrumb":{"@id":"https:\/\/www.mabe-hungary.com\/de\/produktion\/pressen-und-binden\/#breadcrumb"},"inLanguage":"de","potentialAction":[{"@type":"ReadAction","target":["https:\/\/www.mabe-hungary.com\/de\/produktion\/pressen-und-binden\/"]}]},{"@type":"ImageObject","inLanguage":"de","@id":"https:\/\/www.mabe-hungary.com\/de\/produktion\/pressen-und-binden\/#primaryimage","url":"https:\/\/www.mabe-hungary.com\/wp-content\/uploads\/2025\/02\/Isolamento1.webp","contentUrl":"https:\/\/www.mabe-hungary.com\/wp-content\/uploads\/2025\/02\/Isolamento1.webp","width":2000,"height":1333},{"@type":"BreadcrumbList","@id":"https:\/\/www.mabe-hungary.com\/de\/produktion\/pressen-und-binden\/#breadcrumb","itemListElement":[{"@type":"ListItem","position":1,"name":"Home","item":"https:\/\/www.mabe-hungary.com\/de\/"},{"@type":"ListItem","position":2,"name":"Produktion","item":"https:\/\/www.mabe-hungary.com\/de\/produzione\/"},{"@type":"ListItem","position":3,"name":"Pressen und Binden"}]},{"@type":"WebSite","@id":"https:\/\/www.mabe-hungary.com\/de\/#website","url":"https:\/\/www.mabe-hungary.com\/de\/","name":"Mabe Hungary","description":"","publisher":{"@id":"https:\/\/www.mabe-hungary.com\/de\/#organization"},"potentialAction":[{"@type":"SearchAction","target":{"@type":"EntryPoint","urlTemplate":"https:\/\/www.mabe-hungary.com\/de\/?s={search_term_string}"},"query-input":{"@type":"PropertyValueSpecification","valueRequired":true,"valueName":"search_term_string"}}],"inLanguage":"de"},{"@type":"Organization","@id":"https:\/\/www.mabe-hungary.com\/de\/#organization","name":"Mabe Hungary","url":"https:\/\/www.mabe-hungary.com\/de\/","logo":{"@type":"ImageObject","inLanguage":"de","@id":"https:\/\/www.mabe-hungary.com\/de\/#\/schema\/logo\/image\/","url":"https:\/\/www.mabe-hungary.com\/wp-content\/uploads\/2025\/03\/mabe_hungary_logo.webp","contentUrl":"https:\/\/www.mabe-hungary.com\/wp-content\/uploads\/2025\/03\/mabe_hungary_logo.webp","width":494,"height":176,"caption":"Mabe Hungary"},"image":{"@id":"https:\/\/www.mabe-hungary.com\/de\/#\/schema\/logo\/image\/"}}]}},"_links":{"self":[{"href":"https:\/\/www.mabe-hungary.com\/de\/wp-json\/wp\/v2\/pages\/455","targetHints":{"allow":["GET"]}}],"collection":[{"href":"https:\/\/www.mabe-hungary.com\/de\/wp-json\/wp\/v2\/pages"}],"about":[{"href":"https:\/\/www.mabe-hungary.com\/de\/wp-json\/wp\/v2\/types\/page"}],"author":[{"embeddable":true,"href":"https:\/\/www.mabe-hungary.com\/de\/wp-json\/wp\/v2\/users\/2"}],"replies":[{"embeddable":true,"href":"https:\/\/www.mabe-hungary.com\/de\/wp-json\/wp\/v2\/comments?post=455"}],"version-history":[{"count":1,"href":"https:\/\/www.mabe-hungary.com\/de\/wp-json\/wp\/v2\/pages\/455\/revisions"}],"predecessor-version":[{"id":462,"href":"https:\/\/www.mabe-hungary.com\/de\/wp-json\/wp\/v2\/pages\/455\/revisions\/462"}],"up":[{"embeddable":true,"href":"https:\/\/www.mabe-hungary.com\/de\/wp-json\/wp\/v2\/pages\/338"}],"wp:featuredmedia":[{"embeddable":true,"href":"https:\/\/www.mabe-hungary.com\/de\/wp-json\/wp\/v2\/media\/69"}],"wp:attachment":[{"href":"https:\/\/www.mabe-hungary.com\/de\/wp-json\/wp\/v2\/media?parent=455"}],"wp:term":[{"taxonomy":"category","embeddable":true,"href":"https:\/\/www.mabe-hungary.com\/de\/wp-json\/wp\/v2\/categories?post=455"}],"curies":[{"name":"wp","href":"https:\/\/api.w.org\/{rel}","templated":true}]}}