{"id":465,"date":"2025-02-10T07:34:34","date_gmt":"2025-02-10T07:34:34","guid":{"rendered":"https:\/\/www.mabe-hungary.com\/?page_id=465"},"modified":"2025-04-07T16:34:30","modified_gmt":"2025-04-07T16:34:30","slug":"pruefung","status":"publish","type":"page","link":"https:\/\/www.mabe-hungary.com\/de\/produktion\/pruefung\/","title":{"rendered":"Pr\u00fcfung"},"content":{"rendered":"<p>Die Pr\u00fcfung ist eine entscheidende Phase im Wicklungsprozess von Elektromotoren, um sicherzustellen, dass der fertige Motor den technischen Anforderungen entspricht.<br \/>\nDie Tests dienen dazu, m\u00f6gliche Defekte zu identifizieren, die elektrische Isolierung, den Widerstand und die Leistung der Wicklungen zu \u00fcberpr\u00fcfen und die sichere Funktion des Motors zu gew\u00e4hrleisten.<\/p>\n<p><strong>Jede Produktionseinheit wird umfassend getestet. Folgende Pr\u00fcfungen werden durchgef\u00fchrt:<\/strong><\/p>\n<ul>\n<li>Wicklungswiderstandsmessung (Temperaturkompensation)<\/li>\n<li>Hochspannungspr\u00fcfung<\/li>\n<li>Impulspr\u00fcfung (Surge-Test)<\/li>\n<li>Polwendetest<\/li>\n<li>Drehrichtungstest<\/li>\n<li>Teilentladungsmessung w\u00e4hrend der Hochspannungspr\u00fcfung<\/li>\n<li>Teilentladungsmessung w\u00e4hrend der Surge-Pr\u00fcfung<\/li>\n<li>PDIV-Test (Partial Discharge Inception Voltage)<\/li>\n<li>Isolationswiderstandstest<\/li>\n<\/ul>\n<p>Abschlie\u00dfend erfolgt eine Sichtpr\u00fcfung der gesamten Wicklung, gefolgt von der Messung der Anschlussh\u00f6hen, L\u00e4ngen und Einbauma\u00dfe gem\u00e4\u00df den Spezifikationen.<\/p>\n<div class=\"gallery-imgs gal-134137 row\">\r\n            <div class=\"gallery-item col-sm-6 col-lg-3\">\r\n                    <a href=\"https:\/\/www.mabe-hungary.com\/wp-content\/uploads\/2025\/02\/DSC00274sm-1.jpg\">\r\n                        <img decoding=\"async\" src=\"https:\/\/www.mabe-hungary.com\/wp-content\/uploads\/2025\/02\/DSC00274sm-1.jpg\" alt=\"\" class=\"img-fluid\">\r\n\t\t\t\t\t\t\t\t\r\n                    <\/a>\r\n            <\/div>\r\n            <div class=\"gallery-item col-sm-6 col-lg-3\">\r\n                    <a href=\"https:\/\/www.mabe-hungary.com\/wp-content\/uploads\/2025\/02\/DSC00294sm-1.jpg\">\r\n                        <img decoding=\"async\" src=\"https:\/\/www.mabe-hungary.com\/wp-content\/uploads\/2025\/02\/DSC00294sm-1.jpg\" alt=\"\" class=\"img-fluid\">\r\n\t\t\t\t\t\t\t\t\r\n                    <\/a>\r\n            <\/div>\r\n            <div class=\"gallery-item col-sm-6 col-lg-3\">\r\n                    <a href=\"https:\/\/www.mabe-hungary.com\/wp-content\/uploads\/2025\/02\/DSC00303sm-1.jpg\">\r\n                        <img decoding=\"async\" src=\"https:\/\/www.mabe-hungary.com\/wp-content\/uploads\/2025\/02\/DSC00303sm-1.jpg\" alt=\"\" class=\"img-fluid\">\r\n\t\t\t\t\t\t\t\t\r\n                    <\/a>\r\n            <\/div>\r\n            <div class=\"gallery-item col-sm-6 col-lg-3\">\r\n                    <a href=\"https:\/\/www.mabe-hungary.com\/wp-content\/uploads\/2025\/02\/DSC00288sm.jpg\">\r\n                        <img decoding=\"async\" src=\"https:\/\/www.mabe-hungary.com\/wp-content\/uploads\/2025\/02\/DSC00288sm.jpg\" alt=\"\" class=\"img-fluid\">\r\n\t\t\t\t\t\t\t\t\r\n                    <\/a>\r\n            <\/div><\/div>\n<p>&nbsp;<\/p>\n","protected":false},"excerpt":{"rendered":"<p>Die Pr\u00fcfung ist eine entscheidende Phase im Wicklungsprozess von Elektromotoren, um sicherzustellen, dass der fertige Motor den technischen Anforderungen entspricht. Die Tests dienen dazu, m\u00f6gliche Defekte zu identifizieren, die elektrische Isolierung, den Widerstand und die Leistung der Wicklungen zu \u00fcberpr\u00fcfen und die sichere Funktion des Motors zu gew\u00e4hrleisten. Jede Produktionseinheit wird umfassend getestet. Folgende Pr\u00fcfungen [&hellip;]<\/p>\n","protected":false},"author":2,"featured_media":142,"parent":338,"menu_order":0,"comment_status":"closed","ping_status":"closed","template":"","meta":{"footnotes":""},"categories":[],"class_list":["post-465","page","type-page","status-publish","has-post-thumbnail","hentry"],"yoast_head":"<!-- This site is optimized with the Yoast SEO plugin v26.6 - https:\/\/yoast.com\/wordpress\/plugins\/seo\/ -->\n<title>Elektromotor-Pr\u00fcfung &amp; Qualit\u00e4tskontrolle | MABE Hungary<\/title>\n<meta name=\"description\" content=\"Full motor testing process for quality: Ohmic resistance testing, insulation testing, surge test, PDIV. Safe and reliable motors. MABE Hungary\" \/>\n<meta name=\"robots\" content=\"index, follow, max-snippet:-1, max-image-preview:large, max-video-preview:-1\" \/>\n<link rel=\"canonical\" href=\"https:\/\/www.mabe-hungary.com\/de\/produktion\/pruefung\/\" \/>\n<meta property=\"og:locale\" content=\"de_DE\" \/>\n<meta property=\"og:type\" content=\"article\" \/>\n<meta property=\"og:title\" content=\"Elektromotor-Pr\u00fcfung &amp; Qualit\u00e4tskontrolle | MABE Hungary\" \/>\n<meta property=\"og:description\" content=\"Full motor testing process for quality: Ohmic resistance testing, insulation testing, surge test, PDIV. Safe and reliable motors. MABE Hungary\" \/>\n<meta property=\"og:url\" content=\"https:\/\/www.mabe-hungary.com\/de\/produktion\/pruefung\/\" \/>\n<meta property=\"og:site_name\" content=\"Mabe Hungary\" \/>\n<meta property=\"article:modified_time\" content=\"2025-04-07T16:34:30+00:00\" \/>\n<meta property=\"og:image\" content=\"https:\/\/www.mabe-hungary.com\/wp-content\/uploads\/2025\/02\/DSC00303sm-1.jpg\" \/>\n\t<meta property=\"og:image:width\" content=\"1920\" \/>\n\t<meta property=\"og:image:height\" content=\"1280\" \/>\n\t<meta property=\"og:image:type\" content=\"image\/jpeg\" \/>\n<meta name=\"twitter:card\" content=\"summary_large_image\" \/>\n<meta name=\"twitter:label1\" content=\"Gesch\u00e4tzte Lesezeit\" \/>\n\t<meta name=\"twitter:data1\" content=\"1\u00a0Minute\" \/>\n<script type=\"application\/ld+json\" class=\"yoast-schema-graph\">{\"@context\":\"https:\/\/schema.org\",\"@graph\":[{\"@type\":\"WebPage\",\"@id\":\"https:\/\/www.mabe-hungary.com\/de\/produktion\/pruefung\/\",\"url\":\"https:\/\/www.mabe-hungary.com\/de\/produktion\/pruefung\/\",\"name\":\"Elektromotor-Pr\u00fcfung & Qualit\u00e4tskontrolle | MABE Hungary\",\"isPartOf\":{\"@id\":\"https:\/\/www.mabe-hungary.com\/de\/#website\"},\"primaryImageOfPage\":{\"@id\":\"https:\/\/www.mabe-hungary.com\/de\/produktion\/pruefung\/#primaryimage\"},\"image\":{\"@id\":\"https:\/\/www.mabe-hungary.com\/de\/produktion\/pruefung\/#primaryimage\"},\"thumbnailUrl\":\"https:\/\/www.mabe-hungary.com\/wp-content\/uploads\/2025\/02\/DSC00303sm-1.jpg\",\"datePublished\":\"2025-02-10T07:34:34+00:00\",\"dateModified\":\"2025-04-07T16:34:30+00:00\",\"description\":\"Full motor testing process for quality: Ohmic resistance testing, insulation testing, surge test, PDIV. Safe and reliable motors. MABE Hungary\",\"breadcrumb\":{\"@id\":\"https:\/\/www.mabe-hungary.com\/de\/produktion\/pruefung\/#breadcrumb\"},\"inLanguage\":\"de\",\"potentialAction\":[{\"@type\":\"ReadAction\",\"target\":[\"https:\/\/www.mabe-hungary.com\/de\/produktion\/pruefung\/\"]}]},{\"@type\":\"ImageObject\",\"inLanguage\":\"de\",\"@id\":\"https:\/\/www.mabe-hungary.com\/de\/produktion\/pruefung\/#primaryimage\",\"url\":\"https:\/\/www.mabe-hungary.com\/wp-content\/uploads\/2025\/02\/DSC00303sm-1.jpg\",\"contentUrl\":\"https:\/\/www.mabe-hungary.com\/wp-content\/uploads\/2025\/02\/DSC00303sm-1.jpg\",\"width\":1920,\"height\":1280},{\"@type\":\"BreadcrumbList\",\"@id\":\"https:\/\/www.mabe-hungary.com\/de\/produktion\/pruefung\/#breadcrumb\",\"itemListElement\":[{\"@type\":\"ListItem\",\"position\":1,\"name\":\"Home\",\"item\":\"https:\/\/www.mabe-hungary.com\/de\/\"},{\"@type\":\"ListItem\",\"position\":2,\"name\":\"Produktion\",\"item\":\"https:\/\/www.mabe-hungary.com\/de\/produzione\/\"},{\"@type\":\"ListItem\",\"position\":3,\"name\":\"Pr\u00fcfung\"}]},{\"@type\":\"WebSite\",\"@id\":\"https:\/\/www.mabe-hungary.com\/de\/#website\",\"url\":\"https:\/\/www.mabe-hungary.com\/de\/\",\"name\":\"Mabe Hungary\",\"description\":\"\",\"publisher\":{\"@id\":\"https:\/\/www.mabe-hungary.com\/de\/#organization\"},\"potentialAction\":[{\"@type\":\"SearchAction\",\"target\":{\"@type\":\"EntryPoint\",\"urlTemplate\":\"https:\/\/www.mabe-hungary.com\/de\/?s={search_term_string}\"},\"query-input\":{\"@type\":\"PropertyValueSpecification\",\"valueRequired\":true,\"valueName\":\"search_term_string\"}}],\"inLanguage\":\"de\"},{\"@type\":\"Organization\",\"@id\":\"https:\/\/www.mabe-hungary.com\/de\/#organization\",\"name\":\"Mabe Hungary\",\"url\":\"https:\/\/www.mabe-hungary.com\/de\/\",\"logo\":{\"@type\":\"ImageObject\",\"inLanguage\":\"de\",\"@id\":\"https:\/\/www.mabe-hungary.com\/de\/#\/schema\/logo\/image\/\",\"url\":\"https:\/\/www.mabe-hungary.com\/wp-content\/uploads\/2025\/03\/mabe_hungary_logo.webp\",\"contentUrl\":\"https:\/\/www.mabe-hungary.com\/wp-content\/uploads\/2025\/03\/mabe_hungary_logo.webp\",\"width\":494,\"height\":176,\"caption\":\"Mabe Hungary\"},\"image\":{\"@id\":\"https:\/\/www.mabe-hungary.com\/de\/#\/schema\/logo\/image\/\"}}]}<\/script>\n<!-- \/ Yoast SEO plugin. -->","yoast_head_json":{"title":"Elektromotor-Pr\u00fcfung & Qualit\u00e4tskontrolle | MABE Hungary","description":"Full motor testing process for quality: Ohmic resistance testing, insulation testing, surge test, PDIV. Safe and reliable motors. MABE Hungary","robots":{"index":"index","follow":"follow","max-snippet":"max-snippet:-1","max-image-preview":"max-image-preview:large","max-video-preview":"max-video-preview:-1"},"canonical":"https:\/\/www.mabe-hungary.com\/de\/produktion\/pruefung\/","og_locale":"de_DE","og_type":"article","og_title":"Elektromotor-Pr\u00fcfung & Qualit\u00e4tskontrolle | MABE Hungary","og_description":"Full motor testing process for quality: Ohmic resistance testing, insulation testing, surge test, PDIV. Safe and reliable motors. MABE Hungary","og_url":"https:\/\/www.mabe-hungary.com\/de\/produktion\/pruefung\/","og_site_name":"Mabe Hungary","article_modified_time":"2025-04-07T16:34:30+00:00","og_image":[{"width":1920,"height":1280,"url":"https:\/\/www.mabe-hungary.com\/wp-content\/uploads\/2025\/02\/DSC00303sm-1.jpg","type":"image\/jpeg"}],"twitter_card":"summary_large_image","twitter_misc":{"Gesch\u00e4tzte Lesezeit":"1\u00a0Minute"},"schema":{"@context":"https:\/\/schema.org","@graph":[{"@type":"WebPage","@id":"https:\/\/www.mabe-hungary.com\/de\/produktion\/pruefung\/","url":"https:\/\/www.mabe-hungary.com\/de\/produktion\/pruefung\/","name":"Elektromotor-Pr\u00fcfung & Qualit\u00e4tskontrolle | MABE Hungary","isPartOf":{"@id":"https:\/\/www.mabe-hungary.com\/de\/#website"},"primaryImageOfPage":{"@id":"https:\/\/www.mabe-hungary.com\/de\/produktion\/pruefung\/#primaryimage"},"image":{"@id":"https:\/\/www.mabe-hungary.com\/de\/produktion\/pruefung\/#primaryimage"},"thumbnailUrl":"https:\/\/www.mabe-hungary.com\/wp-content\/uploads\/2025\/02\/DSC00303sm-1.jpg","datePublished":"2025-02-10T07:34:34+00:00","dateModified":"2025-04-07T16:34:30+00:00","description":"Full motor testing process for quality: Ohmic resistance testing, insulation testing, surge test, PDIV. Safe and reliable motors. MABE Hungary","breadcrumb":{"@id":"https:\/\/www.mabe-hungary.com\/de\/produktion\/pruefung\/#breadcrumb"},"inLanguage":"de","potentialAction":[{"@type":"ReadAction","target":["https:\/\/www.mabe-hungary.com\/de\/produktion\/pruefung\/"]}]},{"@type":"ImageObject","inLanguage":"de","@id":"https:\/\/www.mabe-hungary.com\/de\/produktion\/pruefung\/#primaryimage","url":"https:\/\/www.mabe-hungary.com\/wp-content\/uploads\/2025\/02\/DSC00303sm-1.jpg","contentUrl":"https:\/\/www.mabe-hungary.com\/wp-content\/uploads\/2025\/02\/DSC00303sm-1.jpg","width":1920,"height":1280},{"@type":"BreadcrumbList","@id":"https:\/\/www.mabe-hungary.com\/de\/produktion\/pruefung\/#breadcrumb","itemListElement":[{"@type":"ListItem","position":1,"name":"Home","item":"https:\/\/www.mabe-hungary.com\/de\/"},{"@type":"ListItem","position":2,"name":"Produktion","item":"https:\/\/www.mabe-hungary.com\/de\/produzione\/"},{"@type":"ListItem","position":3,"name":"Pr\u00fcfung"}]},{"@type":"WebSite","@id":"https:\/\/www.mabe-hungary.com\/de\/#website","url":"https:\/\/www.mabe-hungary.com\/de\/","name":"Mabe Hungary","description":"","publisher":{"@id":"https:\/\/www.mabe-hungary.com\/de\/#organization"},"potentialAction":[{"@type":"SearchAction","target":{"@type":"EntryPoint","urlTemplate":"https:\/\/www.mabe-hungary.com\/de\/?s={search_term_string}"},"query-input":{"@type":"PropertyValueSpecification","valueRequired":true,"valueName":"search_term_string"}}],"inLanguage":"de"},{"@type":"Organization","@id":"https:\/\/www.mabe-hungary.com\/de\/#organization","name":"Mabe Hungary","url":"https:\/\/www.mabe-hungary.com\/de\/","logo":{"@type":"ImageObject","inLanguage":"de","@id":"https:\/\/www.mabe-hungary.com\/de\/#\/schema\/logo\/image\/","url":"https:\/\/www.mabe-hungary.com\/wp-content\/uploads\/2025\/03\/mabe_hungary_logo.webp","contentUrl":"https:\/\/www.mabe-hungary.com\/wp-content\/uploads\/2025\/03\/mabe_hungary_logo.webp","width":494,"height":176,"caption":"Mabe Hungary"},"image":{"@id":"https:\/\/www.mabe-hungary.com\/de\/#\/schema\/logo\/image\/"}}]}},"_links":{"self":[{"href":"https:\/\/www.mabe-hungary.com\/de\/wp-json\/wp\/v2\/pages\/465","targetHints":{"allow":["GET"]}}],"collection":[{"href":"https:\/\/www.mabe-hungary.com\/de\/wp-json\/wp\/v2\/pages"}],"about":[{"href":"https:\/\/www.mabe-hungary.com\/de\/wp-json\/wp\/v2\/types\/page"}],"author":[{"embeddable":true,"href":"https:\/\/www.mabe-hungary.com\/de\/wp-json\/wp\/v2\/users\/2"}],"replies":[{"embeddable":true,"href":"https:\/\/www.mabe-hungary.com\/de\/wp-json\/wp\/v2\/comments?post=465"}],"version-history":[{"count":1,"href":"https:\/\/www.mabe-hungary.com\/de\/wp-json\/wp\/v2\/pages\/465\/revisions"}],"predecessor-version":[{"id":466,"href":"https:\/\/www.mabe-hungary.com\/de\/wp-json\/wp\/v2\/pages\/465\/revisions\/466"}],"up":[{"embeddable":true,"href":"https:\/\/www.mabe-hungary.com\/de\/wp-json\/wp\/v2\/pages\/338"}],"wp:featuredmedia":[{"embeddable":true,"href":"https:\/\/www.mabe-hungary.com\/de\/wp-json\/wp\/v2\/media\/142"}],"wp:attachment":[{"href":"https:\/\/www.mabe-hungary.com\/de\/wp-json\/wp\/v2\/media?parent=465"}],"wp:term":[{"taxonomy":"category","embeddable":true,"href":"https:\/\/www.mabe-hungary.com\/de\/wp-json\/wp\/v2\/categories?post=465"}],"curies":[{"name":"wp","href":"https:\/\/api.w.org\/{rel}","templated":true}]}}