{"id":469,"date":"2025-02-10T07:35:14","date_gmt":"2025-02-10T07:35:14","guid":{"rendered":"https:\/\/www.mabe-hungary.com\/?page_id=469"},"modified":"2025-04-07T18:36:31","modified_gmt":"2025-04-07T18:36:31","slug":"manuelle-abteilung","status":"publish","type":"page","link":"https:\/\/www.mabe-hungary.com\/de\/produktion\/manuelle-abteilung\/","title":{"rendered":"Manuelle Abteilung"},"content":{"rendered":"<p>Die manuelle Bearbeitung ist unerl\u00e4sslich f\u00fcr die Herstellung von Sonder- oder ma\u00dfgeschneiderten Motoren, bei denen automatisierte Prozesse die geforderte Pr\u00e4zision und Qualit\u00e4t nicht gew\u00e4hrleisten k\u00f6nnen.<br \/>\nUnser Unternehmen verf\u00fcgt \u00fcber eine Abteilung f\u00fcr manuelles Einsetzen, die speziell f\u00fcr nicht standardisierte Wicklungen und wassergek\u00fchlte Wicklungen, auch in gro\u00dfen Dimensionen, ausgelegt ist.<\/p>\n<p><strong>Die wichtigsten Phasen der manuellen Verarbeitung:<\/strong><\/p>\n<ul>\n<li>Manuelle Anordnung der Spulen \u2013 Pr\u00e4zise Platzierung der Dr\u00e4hte in den vorgesehenen Positionen.<\/li>\n<li>Manuelles Einsetzen der Isoliermaterialien \u2013 Sorgf\u00e4ltige Anwendung zus\u00e4tzlicher Isolierschichten.<\/li>\n<li>Manuelle Anpassungen und Korrekturen \u2013 Behebung m\u00f6glicher M\u00e4ngel und Feinanpassung f\u00fcr eine perfekte Passform.<\/li>\n<li>Manuelles Binden und Fixieren \u2013 Sichere Befestigung der Wicklungen und anderer Komponenten zur Gew\u00e4hrleistung der Stabilit\u00e4t.<\/li>\n<li>Manuelle Endkontrolle \u2013 Visuelle Inspektion der fertigen Wicklung und \u00dcberpr\u00fcfung der Qualit\u00e4t.<\/li>\n<\/ul>\n<div class=\"gallery-imgs gal-206203 row\">\r\n            <div class=\"gallery-item col-sm-6 col-lg-3\">\r\n                    <a href=\"https:\/\/www.mabe-hungary.com\/wp-content\/uploads\/2025\/02\/DSC00486sm.jpg\">\r\n                        <img decoding=\"async\" src=\"https:\/\/www.mabe-hungary.com\/wp-content\/uploads\/2025\/02\/DSC00486sm.jpg\" alt=\"\" class=\"img-fluid\">\r\n\t\t\t\t\t\t\t\t\r\n                    <\/a>\r\n            <\/div>\r\n            <div class=\"gallery-item col-sm-6 col-lg-3\">\r\n                    <a href=\"https:\/\/www.mabe-hungary.com\/wp-content\/uploads\/2025\/02\/DSC00450sm.jpg\">\r\n                        <img decoding=\"async\" src=\"https:\/\/www.mabe-hungary.com\/wp-content\/uploads\/2025\/02\/DSC00450sm.jpg\" alt=\"\" class=\"img-fluid\">\r\n\t\t\t\t\t\t\t\t\r\n                    <\/a>\r\n            <\/div>\r\n            <div class=\"gallery-item col-sm-6 col-lg-3\">\r\n                    <a href=\"https:\/\/www.mabe-hungary.com\/wp-content\/uploads\/2025\/02\/DSC00554sm.jpg\">\r\n                        <img decoding=\"async\" src=\"https:\/\/www.mabe-hungary.com\/wp-content\/uploads\/2025\/02\/DSC00554sm.jpg\" alt=\"\" class=\"img-fluid\">\r\n\t\t\t\t\t\t\t\t\r\n                    <\/a>\r\n            <\/div>\r\n            <div class=\"gallery-item col-sm-6 col-lg-3\">\r\n                    <a href=\"https:\/\/www.mabe-hungary.com\/wp-content\/uploads\/2025\/02\/DSC00522sm.jpg\">\r\n                        <img decoding=\"async\" src=\"https:\/\/www.mabe-hungary.com\/wp-content\/uploads\/2025\/02\/DSC00522sm.jpg\" alt=\"\" class=\"img-fluid\">\r\n\t\t\t\t\t\t\t\t\r\n                    <\/a>\r\n            <\/div><\/div>\n","protected":false},"excerpt":{"rendered":"<p>Unser Unternehmen verf\u00fcgt \u00fcber eine Abteilung f\u00fcr manuelles Einsetzen, die speziell f\u00fcr nicht standardisierte Wicklungen und wassergek\u00fchlte Wicklungen, auch in gro\u00dfen Dimensionen, ausgelegt ist.<\/p>\n","protected":false},"author":2,"featured_media":208,"parent":338,"menu_order":0,"comment_status":"closed","ping_status":"closed","template":"","meta":{"footnotes":""},"categories":[27],"class_list":["post-469","page","type-page","status-publish","has-post-thumbnail","hentry","category-featured-1-de"],"yoast_head":"<!-- This site is optimized with the Yoast SEO plugin v26.6 - https:\/\/yoast.com\/wordpress\/plugins\/seo\/ -->\n<title>Spezialmotoren: Manuelles Einsetzen &amp; Wicklung | MABE HU<\/title>\n<meta name=\"description\" content=\"MABE Hungary: Manuelle Pr\u00e4zisionswicklung f\u00fcr Spezial-, Einzel- &amp; Gro\u00dfmotoren. Einsetzen und Kontrolle von Hand garantieren maximale Qualit\u00e4t. Mehr Info!\" \/>\n<meta name=\"robots\" content=\"index, follow, max-snippet:-1, max-image-preview:large, max-video-preview:-1\" \/>\n<link rel=\"canonical\" href=\"https:\/\/www.mabe-hungary.com\/de\/produktion\/manuelle-abteilung\/\" \/>\n<meta property=\"og:locale\" content=\"de_DE\" \/>\n<meta property=\"og:type\" content=\"article\" \/>\n<meta property=\"og:title\" content=\"Spezialmotoren: Manuelles Einsetzen &amp; Wicklung | MABE HU\" \/>\n<meta property=\"og:description\" content=\"MABE Hungary: Manuelle Pr\u00e4zisionswicklung f\u00fcr Spezial-, Einzel- &amp; Gro\u00dfmotoren. Einsetzen und Kontrolle von Hand garantieren maximale Qualit\u00e4t. Mehr Info!\" \/>\n<meta property=\"og:url\" content=\"https:\/\/www.mabe-hungary.com\/de\/produktion\/manuelle-abteilung\/\" \/>\n<meta property=\"og:site_name\" content=\"Mabe Hungary\" \/>\n<meta property=\"article:modified_time\" content=\"2025-04-07T18:36:31+00:00\" \/>\n<meta property=\"og:image\" content=\"https:\/\/www.mabe-hungary.com\/wp-content\/uploads\/2025\/02\/DSC00486sm.jpg\" \/>\n\t<meta property=\"og:image:width\" content=\"1920\" \/>\n\t<meta property=\"og:image:height\" content=\"1280\" \/>\n\t<meta property=\"og:image:type\" content=\"image\/jpeg\" \/>\n<meta name=\"twitter:card\" content=\"summary_large_image\" \/>\n<meta name=\"twitter:label1\" content=\"Gesch\u00e4tzte Lesezeit\" \/>\n\t<meta name=\"twitter:data1\" content=\"1\u00a0Minute\" \/>\n<script type=\"application\/ld+json\" class=\"yoast-schema-graph\">{\"@context\":\"https:\/\/schema.org\",\"@graph\":[{\"@type\":\"WebPage\",\"@id\":\"https:\/\/www.mabe-hungary.com\/de\/produktion\/manuelle-abteilung\/\",\"url\":\"https:\/\/www.mabe-hungary.com\/de\/produktion\/manuelle-abteilung\/\",\"name\":\"Spezialmotoren: Manuelles Einsetzen & Wicklung | MABE HU\",\"isPartOf\":{\"@id\":\"https:\/\/www.mabe-hungary.com\/de\/#website\"},\"primaryImageOfPage\":{\"@id\":\"https:\/\/www.mabe-hungary.com\/de\/produktion\/manuelle-abteilung\/#primaryimage\"},\"image\":{\"@id\":\"https:\/\/www.mabe-hungary.com\/de\/produktion\/manuelle-abteilung\/#primaryimage\"},\"thumbnailUrl\":\"https:\/\/www.mabe-hungary.com\/wp-content\/uploads\/2025\/02\/DSC00486sm.jpg\",\"datePublished\":\"2025-02-10T07:35:14+00:00\",\"dateModified\":\"2025-04-07T18:36:31+00:00\",\"description\":\"MABE Hungary: Manuelle Pr\u00e4zisionswicklung f\u00fcr Spezial-, Einzel- & Gro\u00dfmotoren. Einsetzen und Kontrolle von Hand garantieren maximale Qualit\u00e4t. Mehr Info!\",\"breadcrumb\":{\"@id\":\"https:\/\/www.mabe-hungary.com\/de\/produktion\/manuelle-abteilung\/#breadcrumb\"},\"inLanguage\":\"de\",\"potentialAction\":[{\"@type\":\"ReadAction\",\"target\":[\"https:\/\/www.mabe-hungary.com\/de\/produktion\/manuelle-abteilung\/\"]}]},{\"@type\":\"ImageObject\",\"inLanguage\":\"de\",\"@id\":\"https:\/\/www.mabe-hungary.com\/de\/produktion\/manuelle-abteilung\/#primaryimage\",\"url\":\"https:\/\/www.mabe-hungary.com\/wp-content\/uploads\/2025\/02\/DSC00486sm.jpg\",\"contentUrl\":\"https:\/\/www.mabe-hungary.com\/wp-content\/uploads\/2025\/02\/DSC00486sm.jpg\",\"width\":1920,\"height\":1280},{\"@type\":\"BreadcrumbList\",\"@id\":\"https:\/\/www.mabe-hungary.com\/de\/produktion\/manuelle-abteilung\/#breadcrumb\",\"itemListElement\":[{\"@type\":\"ListItem\",\"position\":1,\"name\":\"Home\",\"item\":\"https:\/\/www.mabe-hungary.com\/de\/\"},{\"@type\":\"ListItem\",\"position\":2,\"name\":\"Produktion\",\"item\":\"https:\/\/www.mabe-hungary.com\/de\/produzione\/\"},{\"@type\":\"ListItem\",\"position\":3,\"name\":\"Manuelle Abteilung\"}]},{\"@type\":\"WebSite\",\"@id\":\"https:\/\/www.mabe-hungary.com\/de\/#website\",\"url\":\"https:\/\/www.mabe-hungary.com\/de\/\",\"name\":\"Mabe Hungary\",\"description\":\"\",\"publisher\":{\"@id\":\"https:\/\/www.mabe-hungary.com\/de\/#organization\"},\"potentialAction\":[{\"@type\":\"SearchAction\",\"target\":{\"@type\":\"EntryPoint\",\"urlTemplate\":\"https:\/\/www.mabe-hungary.com\/de\/?s={search_term_string}\"},\"query-input\":{\"@type\":\"PropertyValueSpecification\",\"valueRequired\":true,\"valueName\":\"search_term_string\"}}],\"inLanguage\":\"de\"},{\"@type\":\"Organization\",\"@id\":\"https:\/\/www.mabe-hungary.com\/de\/#organization\",\"name\":\"Mabe Hungary\",\"url\":\"https:\/\/www.mabe-hungary.com\/de\/\",\"logo\":{\"@type\":\"ImageObject\",\"inLanguage\":\"de\",\"@id\":\"https:\/\/www.mabe-hungary.com\/de\/#\/schema\/logo\/image\/\",\"url\":\"https:\/\/www.mabe-hungary.com\/wp-content\/uploads\/2025\/03\/mabe_hungary_logo.webp\",\"contentUrl\":\"https:\/\/www.mabe-hungary.com\/wp-content\/uploads\/2025\/03\/mabe_hungary_logo.webp\",\"width\":494,\"height\":176,\"caption\":\"Mabe Hungary\"},\"image\":{\"@id\":\"https:\/\/www.mabe-hungary.com\/de\/#\/schema\/logo\/image\/\"}}]}<\/script>\n<!-- \/ Yoast SEO plugin. -->","yoast_head_json":{"title":"Spezialmotoren: Manuelles Einsetzen & Wicklung | MABE HU","description":"MABE Hungary: Manuelle Pr\u00e4zisionswicklung f\u00fcr Spezial-, Einzel- & Gro\u00dfmotoren. Einsetzen und Kontrolle von Hand garantieren maximale Qualit\u00e4t. Mehr Info!","robots":{"index":"index","follow":"follow","max-snippet":"max-snippet:-1","max-image-preview":"max-image-preview:large","max-video-preview":"max-video-preview:-1"},"canonical":"https:\/\/www.mabe-hungary.com\/de\/produktion\/manuelle-abteilung\/","og_locale":"de_DE","og_type":"article","og_title":"Spezialmotoren: Manuelles Einsetzen & Wicklung | MABE HU","og_description":"MABE Hungary: Manuelle Pr\u00e4zisionswicklung f\u00fcr Spezial-, Einzel- & Gro\u00dfmotoren. Einsetzen und Kontrolle von Hand garantieren maximale Qualit\u00e4t. Mehr Info!","og_url":"https:\/\/www.mabe-hungary.com\/de\/produktion\/manuelle-abteilung\/","og_site_name":"Mabe Hungary","article_modified_time":"2025-04-07T18:36:31+00:00","og_image":[{"width":1920,"height":1280,"url":"https:\/\/www.mabe-hungary.com\/wp-content\/uploads\/2025\/02\/DSC00486sm.jpg","type":"image\/jpeg"}],"twitter_card":"summary_large_image","twitter_misc":{"Gesch\u00e4tzte Lesezeit":"1\u00a0Minute"},"schema":{"@context":"https:\/\/schema.org","@graph":[{"@type":"WebPage","@id":"https:\/\/www.mabe-hungary.com\/de\/produktion\/manuelle-abteilung\/","url":"https:\/\/www.mabe-hungary.com\/de\/produktion\/manuelle-abteilung\/","name":"Spezialmotoren: Manuelles Einsetzen & Wicklung | MABE HU","isPartOf":{"@id":"https:\/\/www.mabe-hungary.com\/de\/#website"},"primaryImageOfPage":{"@id":"https:\/\/www.mabe-hungary.com\/de\/produktion\/manuelle-abteilung\/#primaryimage"},"image":{"@id":"https:\/\/www.mabe-hungary.com\/de\/produktion\/manuelle-abteilung\/#primaryimage"},"thumbnailUrl":"https:\/\/www.mabe-hungary.com\/wp-content\/uploads\/2025\/02\/DSC00486sm.jpg","datePublished":"2025-02-10T07:35:14+00:00","dateModified":"2025-04-07T18:36:31+00:00","description":"MABE Hungary: Manuelle Pr\u00e4zisionswicklung f\u00fcr Spezial-, Einzel- & Gro\u00dfmotoren. Einsetzen und Kontrolle von Hand garantieren maximale Qualit\u00e4t. Mehr Info!","breadcrumb":{"@id":"https:\/\/www.mabe-hungary.com\/de\/produktion\/manuelle-abteilung\/#breadcrumb"},"inLanguage":"de","potentialAction":[{"@type":"ReadAction","target":["https:\/\/www.mabe-hungary.com\/de\/produktion\/manuelle-abteilung\/"]}]},{"@type":"ImageObject","inLanguage":"de","@id":"https:\/\/www.mabe-hungary.com\/de\/produktion\/manuelle-abteilung\/#primaryimage","url":"https:\/\/www.mabe-hungary.com\/wp-content\/uploads\/2025\/02\/DSC00486sm.jpg","contentUrl":"https:\/\/www.mabe-hungary.com\/wp-content\/uploads\/2025\/02\/DSC00486sm.jpg","width":1920,"height":1280},{"@type":"BreadcrumbList","@id":"https:\/\/www.mabe-hungary.com\/de\/produktion\/manuelle-abteilung\/#breadcrumb","itemListElement":[{"@type":"ListItem","position":1,"name":"Home","item":"https:\/\/www.mabe-hungary.com\/de\/"},{"@type":"ListItem","position":2,"name":"Produktion","item":"https:\/\/www.mabe-hungary.com\/de\/produzione\/"},{"@type":"ListItem","position":3,"name":"Manuelle Abteilung"}]},{"@type":"WebSite","@id":"https:\/\/www.mabe-hungary.com\/de\/#website","url":"https:\/\/www.mabe-hungary.com\/de\/","name":"Mabe Hungary","description":"","publisher":{"@id":"https:\/\/www.mabe-hungary.com\/de\/#organization"},"potentialAction":[{"@type":"SearchAction","target":{"@type":"EntryPoint","urlTemplate":"https:\/\/www.mabe-hungary.com\/de\/?s={search_term_string}"},"query-input":{"@type":"PropertyValueSpecification","valueRequired":true,"valueName":"search_term_string"}}],"inLanguage":"de"},{"@type":"Organization","@id":"https:\/\/www.mabe-hungary.com\/de\/#organization","name":"Mabe Hungary","url":"https:\/\/www.mabe-hungary.com\/de\/","logo":{"@type":"ImageObject","inLanguage":"de","@id":"https:\/\/www.mabe-hungary.com\/de\/#\/schema\/logo\/image\/","url":"https:\/\/www.mabe-hungary.com\/wp-content\/uploads\/2025\/03\/mabe_hungary_logo.webp","contentUrl":"https:\/\/www.mabe-hungary.com\/wp-content\/uploads\/2025\/03\/mabe_hungary_logo.webp","width":494,"height":176,"caption":"Mabe Hungary"},"image":{"@id":"https:\/\/www.mabe-hungary.com\/de\/#\/schema\/logo\/image\/"}}]}},"_links":{"self":[{"href":"https:\/\/www.mabe-hungary.com\/de\/wp-json\/wp\/v2\/pages\/469","targetHints":{"allow":["GET"]}}],"collection":[{"href":"https:\/\/www.mabe-hungary.com\/de\/wp-json\/wp\/v2\/pages"}],"about":[{"href":"https:\/\/www.mabe-hungary.com\/de\/wp-json\/wp\/v2\/types\/page"}],"author":[{"embeddable":true,"href":"https:\/\/www.mabe-hungary.com\/de\/wp-json\/wp\/v2\/users\/2"}],"replies":[{"embeddable":true,"href":"https:\/\/www.mabe-hungary.com\/de\/wp-json\/wp\/v2\/comments?post=469"}],"version-history":[{"count":3,"href":"https:\/\/www.mabe-hungary.com\/de\/wp-json\/wp\/v2\/pages\/469\/revisions"}],"predecessor-version":[{"id":816,"href":"https:\/\/www.mabe-hungary.com\/de\/wp-json\/wp\/v2\/pages\/469\/revisions\/816"}],"up":[{"embeddable":true,"href":"https:\/\/www.mabe-hungary.com\/de\/wp-json\/wp\/v2\/pages\/338"}],"wp:featuredmedia":[{"embeddable":true,"href":"https:\/\/www.mabe-hungary.com\/de\/wp-json\/wp\/v2\/media\/208"}],"wp:attachment":[{"href":"https:\/\/www.mabe-hungary.com\/de\/wp-json\/wp\/v2\/media?parent=469"}],"wp:term":[{"taxonomy":"category","embeddable":true,"href":"https:\/\/www.mabe-hungary.com\/de\/wp-json\/wp\/v2\/categories?post=469"}],"curies":[{"name":"wp","href":"https:\/\/api.w.org\/{rel}","templated":true}]}}