{"id":471,"date":"2025-02-10T07:35:45","date_gmt":"2025-02-10T07:35:45","guid":{"rendered":"https:\/\/www.mabe-hungary.com\/?page_id=471"},"modified":"2025-04-07T19:15:19","modified_gmt":"2025-04-07T19:15:19","slug":"wicklungen","status":"publish","type":"page","link":"https:\/\/www.mabe-hungary.com\/de\/produkte\/wicklungen\/","title":{"rendered":"Wicklungen"},"content":{"rendered":"<p><strong>Typen von Wicklungen, die wir maschinell herstellen k\u00f6nnen:<\/strong><\/p>\n<table style=\"height: 234px;\" width=\"743\" class=\"table table-striped table-bordered table-hover\">\n<tbody>\n<tr>\n<td style=\"text-align: center;\" width=\"91\"><strong>Au\u00dfendurchmesser<\/strong><\/td>\n<td style=\"text-align: center;\" width=\"64\"><strong>Innendurchmesser<\/strong><\/td>\n<td style=\"text-align: center;\" width=\"64\"><strong>Nuten<\/strong><\/td>\n<td style=\"text-align: center;\" width=\"147\"><strong>Statorl\u00e4nge<\/strong><\/td>\n<\/tr>\n<tr>\n<td style=\"text-align: center;\" width=\"91\">90<\/td>\n<td style=\"text-align: center;\" width=\"64\">47<\/td>\n<td style=\"text-align: center;\" width=\"64\">24<\/td>\n<td style=\"text-align: center;\" width=\"147\">\u00a0von H60 bis H400<\/td>\n<\/tr>\n<tr>\n<td style=\"text-align: center;\" width=\"91\">135<\/td>\n<td style=\"text-align: center;\" width=\"64\">70<\/td>\n<td style=\"text-align: center;\" width=\"64\">24<\/td>\n<td style=\"text-align: center;\" width=\"147\">\u00a0 von H120 bis H780<\/td>\n<\/tr>\n<tr>\n<td style=\"text-align: center;\" width=\"91\">92<\/td>\n<td style=\"text-align: center;\" width=\"64\">52<\/td>\n<td style=\"text-align: center;\" width=\"64\">24<\/td>\n<td style=\"text-align: center;\" width=\"147\">von H60 bis H540<\/td>\n<\/tr>\n<tr>\n<td style=\"text-align: center;\" width=\"91\">90<\/td>\n<td style=\"text-align: center;\" width=\"64\">50<\/td>\n<td style=\"text-align: center;\" width=\"64\">18<\/td>\n<td style=\"text-align: center;\" width=\"147\">\u00a0 von H120 bis H600<\/td>\n<\/tr>\n<tr>\n<td style=\"text-align: center;\" width=\"91\">90<\/td>\n<td style=\"text-align: center;\" width=\"64\">50<\/td>\n<td style=\"text-align: center;\" width=\"64\">24<\/td>\n<td style=\"text-align: center;\" width=\"147\">\u00a0 von H200 bis H600<\/td>\n<\/tr>\n<\/tbody>\n<\/table>\n<p>Unsere manuelle Abteilung ist f\u00fcr die Produktion von nicht standardisierten Wicklungen in kleinen und gro\u00dfen Gr\u00f6\u00dfen, kleinen und gro\u00dfen Serien sowie f\u00fcr dringende Musterfertigungen ausger\u00fcstet.<br \/>\nDank der Zusammenarbeit mit einem ungarischen Unternehmen aus der Branche k\u00f6nnen wir zudem folgende Wicklungen anbieten und kalkulieren: (<a href=\"https:\/\/www.mabe-hungary.com\/wp-content\/uploads\/2025\/02\/Company-Profile-Final-Blue-1.pdf\" target=\"_blank\" rel=\"noopener\">Download.pdf<\/a>)<\/p>\n<div class=\"gallery-imgs gal-298301 row\">\r\n            <div class=\"gallery-item col-sm-6 col-lg-3\">\r\n                    <a href=\"https:\/\/www.mabe-hungary.com\/wp-content\/uploads\/2025\/02\/DSC00216sm.jpg\">\r\n                        <img decoding=\"async\" src=\"https:\/\/www.mabe-hungary.com\/wp-content\/uploads\/2025\/02\/DSC00216sm.jpg\" alt=\"\" class=\"img-fluid\">\r\n\t\t\t\t\t\t\t\t\r\n                    <\/a>\r\n            <\/div>\r\n            <div class=\"gallery-item col-sm-6 col-lg-3\">\r\n                    <a href=\"https:\/\/www.mabe-hungary.com\/wp-content\/uploads\/2025\/02\/DSC00237sm.jpg\">\r\n                        <img decoding=\"async\" src=\"https:\/\/www.mabe-hungary.com\/wp-content\/uploads\/2025\/02\/DSC00237sm.jpg\" alt=\"\" class=\"img-fluid\">\r\n\t\t\t\t\t\t\t\t\r\n                    <\/a>\r\n            <\/div>\r\n            <div class=\"gallery-item col-sm-6 col-lg-3\">\r\n                    <a href=\"https:\/\/www.mabe-hungary.com\/wp-content\/uploads\/2025\/02\/DSC00251sm.jpg\">\r\n                        <img decoding=\"async\" src=\"https:\/\/www.mabe-hungary.com\/wp-content\/uploads\/2025\/02\/DSC00251sm.jpg\" alt=\"\" class=\"img-fluid\">\r\n\t\t\t\t\t\t\t\t\r\n                    <\/a>\r\n            <\/div>\r\n            <div class=\"gallery-item col-sm-6 col-lg-3\">\r\n                    <a href=\"https:\/\/www.mabe-hungary.com\/wp-content\/uploads\/2025\/02\/DSC00256sm.jpg\">\r\n                        <img decoding=\"async\" src=\"https:\/\/www.mabe-hungary.com\/wp-content\/uploads\/2025\/02\/DSC00256sm.jpg\" alt=\"\" class=\"img-fluid\">\r\n\t\t\t\t\t\t\t\t\r\n                    <\/a>\r\n            <\/div><\/div>\n","protected":false},"excerpt":{"rendered":"<p>Unsere manuelle Abteilung ist f\u00fcr die Produktion von nicht standardisierten Wicklungen in kleinen und gro\u00dfen Gr\u00f6\u00dfen, kleinen und gro\u00dfen Serien sowie f\u00fcr dringende Musterfertigungen ausger\u00fcstet.<\/p>\n","protected":false},"author":2,"featured_media":251,"parent":332,"menu_order":0,"comment_status":"closed","ping_status":"closed","template":"","meta":{"footnotes":""},"categories":[30],"class_list":["post-471","page","type-page","status-publish","has-post-thumbnail","hentry","category-featured-2-de"],"yoast_head":"<!-- This site is optimized with the Yoast SEO plugin v26.6 - https:\/\/yoast.com\/wordpress\/plugins\/seo\/ -->\n<title>Motorwicklungs-Services: Maschinell &amp; Manuell | MABE Hungary<\/title>\n<meta name=\"description\" content=\"Entdecken Sie MABE Hungary&#039;s Wicklungsdienste! Maschinen- &amp; Handwicklung f\u00fcr individuelle Anforderungen, Klein-\/Gro\u00dfserien. Angebot anfragen!\" \/>\n<meta name=\"robots\" content=\"index, follow, max-snippet:-1, max-image-preview:large, max-video-preview:-1\" \/>\n<link rel=\"canonical\" href=\"https:\/\/www.mabe-hungary.com\/de\/produkte\/wicklungen\/\" \/>\n<meta property=\"og:locale\" content=\"de_DE\" \/>\n<meta property=\"og:type\" content=\"article\" \/>\n<meta property=\"og:title\" content=\"Motorwicklungs-Services: Maschinell &amp; Manuell | MABE Hungary\" \/>\n<meta property=\"og:description\" content=\"Entdecken Sie MABE Hungary&#039;s Wicklungsdienste! Maschinen- &amp; Handwicklung f\u00fcr individuelle Anforderungen, Klein-\/Gro\u00dfserien. Angebot anfragen!\" \/>\n<meta property=\"og:url\" content=\"https:\/\/www.mabe-hungary.com\/de\/produkte\/wicklungen\/\" \/>\n<meta property=\"og:site_name\" content=\"Mabe Hungary\" \/>\n<meta property=\"article:modified_time\" content=\"2025-04-07T19:15:19+00:00\" \/>\n<meta property=\"og:image\" content=\"https:\/\/www.mabe-hungary.com\/wp-content\/uploads\/2025\/02\/DSC00586sm.jpg\" \/>\n\t<meta property=\"og:image:width\" content=\"1920\" \/>\n\t<meta property=\"og:image:height\" content=\"1280\" \/>\n\t<meta property=\"og:image:type\" content=\"image\/jpeg\" \/>\n<meta name=\"twitter:card\" content=\"summary_large_image\" \/>\n<meta name=\"twitter:label1\" content=\"Gesch\u00e4tzte Lesezeit\" \/>\n\t<meta name=\"twitter:data1\" content=\"1\u00a0Minute\" \/>\n<script type=\"application\/ld+json\" class=\"yoast-schema-graph\">{\"@context\":\"https:\/\/schema.org\",\"@graph\":[{\"@type\":\"WebPage\",\"@id\":\"https:\/\/www.mabe-hungary.com\/de\/produkte\/wicklungen\/\",\"url\":\"https:\/\/www.mabe-hungary.com\/de\/produkte\/wicklungen\/\",\"name\":\"Motorwicklungs-Services: Maschinell & Manuell | MABE Hungary\",\"isPartOf\":{\"@id\":\"https:\/\/www.mabe-hungary.com\/de\/#website\"},\"primaryImageOfPage\":{\"@id\":\"https:\/\/www.mabe-hungary.com\/de\/produkte\/wicklungen\/#primaryimage\"},\"image\":{\"@id\":\"https:\/\/www.mabe-hungary.com\/de\/produkte\/wicklungen\/#primaryimage\"},\"thumbnailUrl\":\"https:\/\/www.mabe-hungary.com\/wp-content\/uploads\/2025\/02\/DSC00586sm.jpg\",\"datePublished\":\"2025-02-10T07:35:45+00:00\",\"dateModified\":\"2025-04-07T19:15:19+00:00\",\"description\":\"Entdecken Sie MABE Hungary's Wicklungsdienste! Maschinen- & Handwicklung f\u00fcr individuelle Anforderungen, Klein-\/Gro\u00dfserien. Angebot anfragen!\",\"breadcrumb\":{\"@id\":\"https:\/\/www.mabe-hungary.com\/de\/produkte\/wicklungen\/#breadcrumb\"},\"inLanguage\":\"de\",\"potentialAction\":[{\"@type\":\"ReadAction\",\"target\":[\"https:\/\/www.mabe-hungary.com\/de\/produkte\/wicklungen\/\"]}]},{\"@type\":\"ImageObject\",\"inLanguage\":\"de\",\"@id\":\"https:\/\/www.mabe-hungary.com\/de\/produkte\/wicklungen\/#primaryimage\",\"url\":\"https:\/\/www.mabe-hungary.com\/wp-content\/uploads\/2025\/02\/DSC00586sm.jpg\",\"contentUrl\":\"https:\/\/www.mabe-hungary.com\/wp-content\/uploads\/2025\/02\/DSC00586sm.jpg\",\"width\":1920,\"height\":1280},{\"@type\":\"BreadcrumbList\",\"@id\":\"https:\/\/www.mabe-hungary.com\/de\/produkte\/wicklungen\/#breadcrumb\",\"itemListElement\":[{\"@type\":\"ListItem\",\"position\":1,\"name\":\"Home\",\"item\":\"https:\/\/www.mabe-hungary.com\/de\/\"},{\"@type\":\"ListItem\",\"position\":2,\"name\":\"Produkte\",\"item\":\"https:\/\/www.mabe-hungary.com\/de\/prodotti\/\"},{\"@type\":\"ListItem\",\"position\":3,\"name\":\"Wicklungen\"}]},{\"@type\":\"WebSite\",\"@id\":\"https:\/\/www.mabe-hungary.com\/de\/#website\",\"url\":\"https:\/\/www.mabe-hungary.com\/de\/\",\"name\":\"Mabe Hungary\",\"description\":\"\",\"publisher\":{\"@id\":\"https:\/\/www.mabe-hungary.com\/de\/#organization\"},\"potentialAction\":[{\"@type\":\"SearchAction\",\"target\":{\"@type\":\"EntryPoint\",\"urlTemplate\":\"https:\/\/www.mabe-hungary.com\/de\/?s={search_term_string}\"},\"query-input\":{\"@type\":\"PropertyValueSpecification\",\"valueRequired\":true,\"valueName\":\"search_term_string\"}}],\"inLanguage\":\"de\"},{\"@type\":\"Organization\",\"@id\":\"https:\/\/www.mabe-hungary.com\/de\/#organization\",\"name\":\"Mabe Hungary\",\"url\":\"https:\/\/www.mabe-hungary.com\/de\/\",\"logo\":{\"@type\":\"ImageObject\",\"inLanguage\":\"de\",\"@id\":\"https:\/\/www.mabe-hungary.com\/de\/#\/schema\/logo\/image\/\",\"url\":\"https:\/\/www.mabe-hungary.com\/wp-content\/uploads\/2025\/03\/mabe_hungary_logo.webp\",\"contentUrl\":\"https:\/\/www.mabe-hungary.com\/wp-content\/uploads\/2025\/03\/mabe_hungary_logo.webp\",\"width\":494,\"height\":176,\"caption\":\"Mabe Hungary\"},\"image\":{\"@id\":\"https:\/\/www.mabe-hungary.com\/de\/#\/schema\/logo\/image\/\"}}]}<\/script>\n<!-- \/ Yoast SEO plugin. -->","yoast_head_json":{"title":"Motorwicklungs-Services: Maschinell & Manuell | MABE Hungary","description":"Entdecken Sie MABE Hungary's Wicklungsdienste! Maschinen- & Handwicklung f\u00fcr individuelle Anforderungen, Klein-\/Gro\u00dfserien. Angebot anfragen!","robots":{"index":"index","follow":"follow","max-snippet":"max-snippet:-1","max-image-preview":"max-image-preview:large","max-video-preview":"max-video-preview:-1"},"canonical":"https:\/\/www.mabe-hungary.com\/de\/produkte\/wicklungen\/","og_locale":"de_DE","og_type":"article","og_title":"Motorwicklungs-Services: Maschinell & Manuell | MABE Hungary","og_description":"Entdecken Sie MABE Hungary's Wicklungsdienste! Maschinen- & Handwicklung f\u00fcr individuelle Anforderungen, Klein-\/Gro\u00dfserien. Angebot anfragen!","og_url":"https:\/\/www.mabe-hungary.com\/de\/produkte\/wicklungen\/","og_site_name":"Mabe Hungary","article_modified_time":"2025-04-07T19:15:19+00:00","og_image":[{"width":1920,"height":1280,"url":"https:\/\/www.mabe-hungary.com\/wp-content\/uploads\/2025\/02\/DSC00586sm.jpg","type":"image\/jpeg"}],"twitter_card":"summary_large_image","twitter_misc":{"Gesch\u00e4tzte Lesezeit":"1\u00a0Minute"},"schema":{"@context":"https:\/\/schema.org","@graph":[{"@type":"WebPage","@id":"https:\/\/www.mabe-hungary.com\/de\/produkte\/wicklungen\/","url":"https:\/\/www.mabe-hungary.com\/de\/produkte\/wicklungen\/","name":"Motorwicklungs-Services: Maschinell & Manuell | MABE Hungary","isPartOf":{"@id":"https:\/\/www.mabe-hungary.com\/de\/#website"},"primaryImageOfPage":{"@id":"https:\/\/www.mabe-hungary.com\/de\/produkte\/wicklungen\/#primaryimage"},"image":{"@id":"https:\/\/www.mabe-hungary.com\/de\/produkte\/wicklungen\/#primaryimage"},"thumbnailUrl":"https:\/\/www.mabe-hungary.com\/wp-content\/uploads\/2025\/02\/DSC00586sm.jpg","datePublished":"2025-02-10T07:35:45+00:00","dateModified":"2025-04-07T19:15:19+00:00","description":"Entdecken Sie MABE Hungary's Wicklungsdienste! Maschinen- & Handwicklung f\u00fcr individuelle Anforderungen, Klein-\/Gro\u00dfserien. Angebot anfragen!","breadcrumb":{"@id":"https:\/\/www.mabe-hungary.com\/de\/produkte\/wicklungen\/#breadcrumb"},"inLanguage":"de","potentialAction":[{"@type":"ReadAction","target":["https:\/\/www.mabe-hungary.com\/de\/produkte\/wicklungen\/"]}]},{"@type":"ImageObject","inLanguage":"de","@id":"https:\/\/www.mabe-hungary.com\/de\/produkte\/wicklungen\/#primaryimage","url":"https:\/\/www.mabe-hungary.com\/wp-content\/uploads\/2025\/02\/DSC00586sm.jpg","contentUrl":"https:\/\/www.mabe-hungary.com\/wp-content\/uploads\/2025\/02\/DSC00586sm.jpg","width":1920,"height":1280},{"@type":"BreadcrumbList","@id":"https:\/\/www.mabe-hungary.com\/de\/produkte\/wicklungen\/#breadcrumb","itemListElement":[{"@type":"ListItem","position":1,"name":"Home","item":"https:\/\/www.mabe-hungary.com\/de\/"},{"@type":"ListItem","position":2,"name":"Produkte","item":"https:\/\/www.mabe-hungary.com\/de\/prodotti\/"},{"@type":"ListItem","position":3,"name":"Wicklungen"}]},{"@type":"WebSite","@id":"https:\/\/www.mabe-hungary.com\/de\/#website","url":"https:\/\/www.mabe-hungary.com\/de\/","name":"Mabe Hungary","description":"","publisher":{"@id":"https:\/\/www.mabe-hungary.com\/de\/#organization"},"potentialAction":[{"@type":"SearchAction","target":{"@type":"EntryPoint","urlTemplate":"https:\/\/www.mabe-hungary.com\/de\/?s={search_term_string}"},"query-input":{"@type":"PropertyValueSpecification","valueRequired":true,"valueName":"search_term_string"}}],"inLanguage":"de"},{"@type":"Organization","@id":"https:\/\/www.mabe-hungary.com\/de\/#organization","name":"Mabe Hungary","url":"https:\/\/www.mabe-hungary.com\/de\/","logo":{"@type":"ImageObject","inLanguage":"de","@id":"https:\/\/www.mabe-hungary.com\/de\/#\/schema\/logo\/image\/","url":"https:\/\/www.mabe-hungary.com\/wp-content\/uploads\/2025\/03\/mabe_hungary_logo.webp","contentUrl":"https:\/\/www.mabe-hungary.com\/wp-content\/uploads\/2025\/03\/mabe_hungary_logo.webp","width":494,"height":176,"caption":"Mabe Hungary"},"image":{"@id":"https:\/\/www.mabe-hungary.com\/de\/#\/schema\/logo\/image\/"}}]}},"_links":{"self":[{"href":"https:\/\/www.mabe-hungary.com\/de\/wp-json\/wp\/v2\/pages\/471","targetHints":{"allow":["GET"]}}],"collection":[{"href":"https:\/\/www.mabe-hungary.com\/de\/wp-json\/wp\/v2\/pages"}],"about":[{"href":"https:\/\/www.mabe-hungary.com\/de\/wp-json\/wp\/v2\/types\/page"}],"author":[{"embeddable":true,"href":"https:\/\/www.mabe-hungary.com\/de\/wp-json\/wp\/v2\/users\/2"}],"replies":[{"embeddable":true,"href":"https:\/\/www.mabe-hungary.com\/de\/wp-json\/wp\/v2\/comments?post=471"}],"version-history":[{"count":4,"href":"https:\/\/www.mabe-hungary.com\/de\/wp-json\/wp\/v2\/pages\/471\/revisions"}],"predecessor-version":[{"id":856,"href":"https:\/\/www.mabe-hungary.com\/de\/wp-json\/wp\/v2\/pages\/471\/revisions\/856"}],"up":[{"embeddable":true,"href":"https:\/\/www.mabe-hungary.com\/de\/wp-json\/wp\/v2\/pages\/332"}],"wp:featuredmedia":[{"embeddable":true,"href":"https:\/\/www.mabe-hungary.com\/de\/wp-json\/wp\/v2\/media\/251"}],"wp:attachment":[{"href":"https:\/\/www.mabe-hungary.com\/de\/wp-json\/wp\/v2\/media?parent=471"}],"wp:term":[{"taxonomy":"category","embeddable":true,"href":"https:\/\/www.mabe-hungary.com\/de\/wp-json\/wp\/v2\/categories?post=471"}],"curies":[{"name":"wp","href":"https:\/\/api.w.org\/{rel}","templated":true}]}}