{"id":575,"date":"2025-02-10T07:31:50","date_gmt":"2025-02-10T07:31:50","guid":{"rendered":"https:\/\/www.mabe-hungary.com\/?page_id=575"},"modified":"2025-04-03T08:58:40","modified_gmt":"2025-04-03T08:58:40","slug":"cookie-policy","status":"publish","type":"page","link":"https:\/\/www.mabe-hungary.com\/de\/cookie-policy\/","title":{"rendered":"Cookie Policy"},"content":{"rendered":"<h2>COOKIE-RICHTLINIE<\/h2>\n<p>Diese Cookie-Richtlinie ist ein integraler Bestandteil der Datenschutzrichtlinie von MABE HUNGARY Kft., die unter www.mabe-hungary.com zug\u00e4nglich ist.<br data-start=\"150\" data-end=\"153\" \/>Durch das Browsen auf dieser Website stimmt der Nutzer der Verwendung von Cookies gem\u00e4\u00df dieser Richtlinie zu, sofern in den anf\u00e4nglichen Konfigurationsoptionen (Cookie-Banner oder Pr\u00e4ferenzverwaltung) nichts anderes angegeben ist.<\/p>\n<h3>1. Was ist ein Cookie?<\/h3>\n<p>Cookies sind kleine Textdateien, die eine Website an das Ger\u00e4t des Nutzers (Computer, Tablet, Smartphone) sendet, um Informationen zu speichern, die f\u00fcr die Navigation n\u00fctzlich sind. Cookies schaden dem Ger\u00e4t nicht und k\u00f6nnen nur von der Website gelesen oder ge\u00e4ndert werden, die sie erstellt hat.<\/p>\n<h3>2. Warum verwendet Mabe Cookies?<\/h3>\n<p>Auf unserer Website verwenden wir Cookies f\u00fcr die folgenden Zwecke:<\/p>\n<ul>\n<li class=\"\" data-start=\"0\" data-end=\"84\">\n<p class=\"\" data-start=\"2\" data-end=\"84\">Zur Erleichterung und Vereinfachung der Navigation und der Anzeige von Inhalten.<\/p>\n<\/li>\n<li class=\"\" data-start=\"85\" data-end=\"215\">\n<p class=\"\" data-start=\"87\" data-end=\"215\">Zur Wahrung der Benutzererfahrung der Besucher, um die Navigation auf der Website schneller und personalisierter zu gestalten.<\/p>\n<\/li>\n<li class=\"\" data-start=\"216\" data-end=\"414\">\n<p class=\"\" data-start=\"218\" data-end=\"414\">Zur Sammlung anonymer Navigationsdaten und Erstellung aggregierter Statistiken, um die Inhalte und Informationen der Website entsprechend den Bed\u00fcrfnissen und Vorlieben der Besucher zu verbessern.<\/p>\n<\/li>\n<\/ul>\n<h3>3. Arten von verwendeten Cookies<\/h3>\n<p>Unsere Website verwendet die folgenden Kategorien von Cookies:<\/p>\n<ul>\n<li><strong>Technische Cookies (unbedingt erforderlich)<\/strong><\/li>\n<\/ul>\n<ol>\n<li>Zweck: Sicherstellen der ordnungsgem\u00e4\u00dfen Funktion der Website, wie die Navigation zwischen Seiten oder der Zugriff auf gesch\u00fctzte Bereiche.<\/li>\n<li class=\"\" data-start=\"300\" data-end=\"393\">\n<p class=\"\" data-start=\"302\" data-end=\"393\">Rechtsgrundlage: Berechtigtes Interesse des Verantwortlichen (Artikel 6(1)(f) DSGVO).<\/p>\n<\/li>\n<li class=\"\" data-start=\"300\" data-end=\"393\">\n<p class=\"\" data-start=\"302\" data-end=\"393\">Dauer: Sitzungscookies oder persistente Cookies, die im Browser gel\u00f6scht werden k\u00f6nnen.<\/p>\n<\/li>\n<\/ol>\n<ul>\n<li data-start=\"396\" data-end=\"489\"><strong>Funktionalit\u00e4ts-Cookies<\/strong><\/li>\n<\/ul>\n<ol>\n<li>Zweck: Speichern der Benutzerpr\u00e4ferenzen (z. B. Sprache, Login).<\/li>\n<li class=\"\" data-start=\"300\" data-end=\"393\">\n<p class=\"\" data-start=\"302\" data-end=\"393\">Rechtsgrundlage: Zustimmung des Nutzers.<\/p>\n<\/li>\n<li class=\"\" data-start=\"394\" data-end=\"489\">\n<p class=\"\" data-start=\"396\" data-end=\"489\">Dauer: Variabel (max. 12 Monate).<\/p>\n<\/li>\n<\/ol>\n<ul>\n<li data-start=\"396\" data-end=\"489\"><strong>Analyse-\/Statistik-Cookies (anonymisiert)<\/strong><\/li>\n<\/ul>\n<ol>\n<li>Zweck: Erfassen aggregierter und anonymer Informationen \u00fcber die Nutzung der Website (z. B. Anzahl der Besucher, meistbesuchte Seiten).<\/li>\n<li class=\"\" data-start=\"300\" data-end=\"393\">\n<p class=\"\" data-start=\"302\" data-end=\"393\">Rechtsgrundlage: Zustimmung des Nutzers.<\/p>\n<\/li>\n<li class=\"\" data-start=\"394\" data-end=\"489\">\n<p class=\"\" data-start=\"396\" data-end=\"489\">Verwendete Tools: Google Analytics oder \u00e4hnliche Tools, konfiguriert zur Anonymisierung der IP-Adresse.<\/p>\n<\/li>\n<\/ol>\n<ul>\n<li data-start=\"396\" data-end=\"489\"><strong>Analyse-\/Statistik-Cookies (anonymisiert)<\/strong><\/li>\n<\/ul>\n<ol>\n<li>Zweck: Anzeigen personalisierter Werbeinhalte basierend auf der Navigation des Nutzers.<\/li>\n<li class=\"\" data-start=\"300\" data-end=\"393\">\n<p class=\"\" data-start=\"302\" data-end=\"393\">Rechtsgrundlage: Zustimmung des Nutzers.<\/p>\n<\/li>\n<li class=\"\" data-start=\"394\" data-end=\"489\">\n<p class=\"\" data-start=\"396\" data-end=\"489\">Dauer: Max. 12 Monate.<\/p>\n<\/li>\n<\/ol>\n<p><strong data-start=\"1274\" data-end=\"1286\">Hinweis:<\/strong> Beim Zugriff auf die Website werden keine nicht-technischen Cookies ohne die ausdr\u00fcckliche Zustimmung des Nutzers installiert.<\/p>\n<h3>4. Cookie-Verwaltung<\/h3>\n<p>Der Nutzer kann seine Cookie-Einstellungen jederzeit \u00e4ndern:<\/p>\n<ul>\n<li class=\"\" data-start=\"88\" data-end=\"160\">\n<p class=\"\" data-start=\"90\" data-end=\"160\">\u00dcber das Einwilligungsbanner, das beim ersten Besuch angezeigt wird.<\/p>\n<\/li>\n<li class=\"\" data-start=\"161\" data-end=\"274\">\n<p class=\"\" data-start=\"163\" data-end=\"274\">Durch den Zugriff auf die Seite zur Verwaltung der Cookie-Pr\u00e4ferenzen (Link im Footer der Website verf\u00fcgbar).<\/p>\n<\/li>\n<li class=\"\" data-start=\"275\" data-end=\"390\">\n<p class=\"\" data-start=\"277\" data-end=\"390\">\u00dcber die Einstellungen seines Browsers, indem er den Anweisungen zum Blockieren oder L\u00f6schen von Cookies folgt.<\/p>\n<\/li>\n<\/ul>\n<p>N\u00fctzliche Links zur Verwaltung von Cookies in den wichtigsten Browsern:<\/p>\n<ul>\n<li data-start=\"473\" data-end=\"488\"><a href=\"https:\/\/support.google.com\/chrome\/answer\/95647?hl=de-de\">Google Chrome<\/a><\/li>\n<li data-start=\"473\" data-end=\"488\"><a href=\"https:\/\/support.mozilla.org\/de\/kb\/cookies-informationen-websites-auf-ihrem-computer\">Mozilla Firefox<\/a><\/li>\n<li data-start=\"473\" data-end=\"488\"><a href=\"https:\/\/help.apple.com\/safari\/mac\/8.0\/de.lproj\/sfri11471.html\">Apple Safari<\/a><\/li>\n<li data-start=\"473\" data-end=\"488\"><a href=\"https:\/\/support.microsoft.com\/de-de\/windows\/verwalten-von-cookies-in-microsoft-edge-anzeigen-zulassen-blockieren-l%C3%B6schen-und-verwenden-168dab11-0753-043d-7c16-ede5947fc64d\">Microsoft Edge<\/a><\/li>\n<\/ul>\n<h3>5. Cookies von Drittanbietern<\/h3>\n<p>Einige auf der Website verwendete Dienste von Drittanbietern (z. B. eingebettete Videos, Karten, Social-Media-Schaltfl\u00e4chen) k\u00f6nnen Cookies installieren. Der Datenverantwortliche hat keine direkte Kontrolle \u00fcber diese Tools, daher wird empfohlen, die Datenschutzrichtlinien der Anbieter zu konsultieren:<\/p>\n<ul>\n<li class=\"\" data-start=\"343\" data-end=\"460\">\n<p class=\"\" data-start=\"345\" data-end=\"460\"><a href=\"https:\/\/policies.google.com\/privacy?hl=de\">Google<\/a> (YouTube, Maps, Analytics)<\/p>\n<\/li>\n<li class=\"\" data-start=\"461\" data-end=\"571\">\n<p class=\"\" data-start=\"463\" data-end=\"571\"><a href=\"https:\/\/www.facebook.com\/policy.php\">Meta<\/a> (Facebook, Instagram)<\/p>\n<\/li>\n<li class=\"\" data-start=\"572\" data-end=\"682\">\n<p class=\"\" data-start=\"574\" data-end=\"682\"><a href=\"https:\/\/www.linkedin.com\/legal\/privacy-policy\">LinkedIn<\/a><\/p>\n<\/li>\n<\/ul>\n<ul>\n<li style=\"list-style-type: none;\"><\/li>\n<\/ul>\n<h3>6. Wie kann man Cookies deaktivieren?<\/h3>\n<p>Die meisten Internetbrowser akzeptieren Cookies standardm\u00e4\u00dfig automatisch. Diese Einstellungen k\u00f6nnen jedoch in der Regel ge\u00e4ndert werden, sodass der Browser die automatische Annahme verhindert und jedes Mal die M\u00f6glichkeit bietet, zu entscheiden, ob Cookies zugelassen werden sollen.<br \/>\nBitte beachten Sie, dass Cookies dazu dienen, die Benutzerfreundlichkeit und die ordnungsgem\u00e4\u00dfe Funktion unserer Website zu erleichtern oder zu erm\u00f6glichen. Das Blockieren oder L\u00f6schen von Cookies kann dazu f\u00fchren, dass Sie nicht alle Funktionen unserer Website uneingeschr\u00e4nkt nutzen k\u00f6nnen oder dass die Website in Ihrem Browser nicht wie vorgesehen funktioniert.<\/p>\n<p>Weitere Informationen zu den Cookie-Einstellungen in den g\u00e4ngigsten Browsern finden Sie unter den folgenden Links:<\/p>\n<ul>\n<li><a href=\"https:\/\/support.google.com\/chrome\/answer\/95647?hl=de&amp;co=GENIE.Platform%3DDesktop\">Google Chrome<\/a><\/li>\n<li><a href=\"https:\/\/support.mozilla.org\/de\/kb\/verbesserter-schutz-aktivitatenverfolgung-desktop?redirectslug=cookies-erlauben-und-ablehnen&amp;redirectlocale=de\">Firefox<\/a><\/li>\n<li><a href=\"https:\/\/support.microsoft.com\/de-de\/windows\/verwalten-von-cookies-in-microsoft-edge-anzeigen-zulassen-blockieren-l%C3%B6schen-und-verwenden-168dab11-0753-043d-7c16-ede5947fc64d\">Microsoft Internet Explorer<\/a><\/li>\n<li><a href=\"https:\/\/support.microsoft.com\/de-de\/windows\/verwalten-von-cookies-in-microsoft-edge-anzeigen-zulassen-blockieren-l%C3%B6schen-und-verwenden-168dab11-0753-043d-7c16-ede5947fc64d\">Microsoft Edge<\/a><\/li>\n<li><a href=\"https:\/\/support.apple.com\/de-de\/guide\/safari\/ibrw850f6c51\/mac\">Safari<\/a><\/li>\n<\/ul>\n<h3>7. \u00c4nderung der Cookie-Richtlinie<\/h3>\n<p>Der Datenverantwortliche beh\u00e4lt sich das Recht vor, diese Cookie-Richtlinie jederzeit zu aktualisieren. Die \u00c4nderungen treten mit der Ver\u00f6ffentlichung auf der Website in Kraft.<\/p>\n","protected":false},"excerpt":{"rendered":"<p>COOKIE-RICHTLINIE Diese Cookie-Richtlinie ist ein integraler Bestandteil der Datenschutzrichtlinie von MABE HUNGARY Kft., die unter www.mabe-hungary.com zug\u00e4nglich ist.Durch das Browsen auf dieser Website stimmt der Nutzer der Verwendung von Cookies gem\u00e4\u00df dieser Richtlinie zu, sofern in den anf\u00e4nglichen Konfigurationsoptionen (Cookie-Banner oder Pr\u00e4ferenzverwaltung) nichts anderes angegeben ist. 1. Was ist ein Cookie? Cookies sind kleine Textdateien, [&hellip;]<\/p>\n","protected":false},"author":2,"featured_media":0,"parent":0,"menu_order":0,"comment_status":"closed","ping_status":"closed","template":"","meta":{"footnotes":""},"categories":[],"class_list":["post-575","page","type-page","status-publish","hentry"],"yoast_head":"<!-- This site is optimized with the Yoast SEO plugin v26.6 - https:\/\/yoast.com\/wordpress\/plugins\/seo\/ -->\n<title>Cookie Policy - Mabe Hungary<\/title>\n<meta name=\"robots\" content=\"index, follow, max-snippet:-1, max-image-preview:large, max-video-preview:-1\" \/>\n<link rel=\"canonical\" href=\"https:\/\/www.mabe-hungary.com\/de\/cookie-policy\/\" \/>\n<meta property=\"og:locale\" content=\"de_DE\" \/>\n<meta property=\"og:type\" content=\"article\" \/>\n<meta property=\"og:title\" content=\"Cookie Policy - Mabe Hungary\" \/>\n<meta property=\"og:description\" content=\"COOKIE-RICHTLINIE Diese Cookie-Richtlinie ist ein integraler Bestandteil der Datenschutzrichtlinie von MABE HUNGARY Kft., die unter www.mabe-hungary.com zug\u00e4nglich ist.Durch das Browsen auf dieser Website stimmt der Nutzer der Verwendung von Cookies gem\u00e4\u00df dieser Richtlinie zu, sofern in den anf\u00e4nglichen Konfigurationsoptionen (Cookie-Banner oder Pr\u00e4ferenzverwaltung) nichts anderes angegeben ist. 1. Was ist ein Cookie? Cookies sind kleine Textdateien, [&hellip;]\" \/>\n<meta property=\"og:url\" content=\"https:\/\/www.mabe-hungary.com\/de\/cookie-policy\/\" \/>\n<meta property=\"og:site_name\" content=\"Mabe Hungary\" \/>\n<meta property=\"article:modified_time\" content=\"2025-04-03T08:58:40+00:00\" \/>\n<meta name=\"twitter:card\" content=\"summary_large_image\" \/>\n<meta name=\"twitter:label1\" content=\"Gesch\u00e4tzte Lesezeit\" \/>\n\t<meta name=\"twitter:data1\" content=\"4\u00a0Minuten\" \/>\n<script type=\"application\/ld+json\" class=\"yoast-schema-graph\">{\"@context\":\"https:\/\/schema.org\",\"@graph\":[{\"@type\":\"WebPage\",\"@id\":\"https:\/\/www.mabe-hungary.com\/de\/cookie-policy\/\",\"url\":\"https:\/\/www.mabe-hungary.com\/de\/cookie-policy\/\",\"name\":\"Cookie Policy - Mabe Hungary\",\"isPartOf\":{\"@id\":\"https:\/\/www.mabe-hungary.com\/de\/#website\"},\"datePublished\":\"2025-02-10T07:31:50+00:00\",\"dateModified\":\"2025-04-03T08:58:40+00:00\",\"breadcrumb\":{\"@id\":\"https:\/\/www.mabe-hungary.com\/de\/cookie-policy\/#breadcrumb\"},\"inLanguage\":\"de\",\"potentialAction\":[{\"@type\":\"ReadAction\",\"target\":[\"https:\/\/www.mabe-hungary.com\/de\/cookie-policy\/\"]}]},{\"@type\":\"BreadcrumbList\",\"@id\":\"https:\/\/www.mabe-hungary.com\/de\/cookie-policy\/#breadcrumb\",\"itemListElement\":[{\"@type\":\"ListItem\",\"position\":1,\"name\":\"Home\",\"item\":\"https:\/\/www.mabe-hungary.com\/de\/\"},{\"@type\":\"ListItem\",\"position\":2,\"name\":\"Cookie Policy\"}]},{\"@type\":\"WebSite\",\"@id\":\"https:\/\/www.mabe-hungary.com\/de\/#website\",\"url\":\"https:\/\/www.mabe-hungary.com\/de\/\",\"name\":\"Mabe Hungary\",\"description\":\"\",\"publisher\":{\"@id\":\"https:\/\/www.mabe-hungary.com\/de\/#organization\"},\"potentialAction\":[{\"@type\":\"SearchAction\",\"target\":{\"@type\":\"EntryPoint\",\"urlTemplate\":\"https:\/\/www.mabe-hungary.com\/de\/?s={search_term_string}\"},\"query-input\":{\"@type\":\"PropertyValueSpecification\",\"valueRequired\":true,\"valueName\":\"search_term_string\"}}],\"inLanguage\":\"de\"},{\"@type\":\"Organization\",\"@id\":\"https:\/\/www.mabe-hungary.com\/de\/#organization\",\"name\":\"Mabe Hungary\",\"url\":\"https:\/\/www.mabe-hungary.com\/de\/\",\"logo\":{\"@type\":\"ImageObject\",\"inLanguage\":\"de\",\"@id\":\"https:\/\/www.mabe-hungary.com\/de\/#\/schema\/logo\/image\/\",\"url\":\"https:\/\/www.mabe-hungary.com\/wp-content\/uploads\/2025\/03\/mabe_hungary_logo.webp\",\"contentUrl\":\"https:\/\/www.mabe-hungary.com\/wp-content\/uploads\/2025\/03\/mabe_hungary_logo.webp\",\"width\":494,\"height\":176,\"caption\":\"Mabe Hungary\"},\"image\":{\"@id\":\"https:\/\/www.mabe-hungary.com\/de\/#\/schema\/logo\/image\/\"}}]}<\/script>\n<!-- \/ Yoast SEO plugin. -->","yoast_head_json":{"title":"Cookie Policy - Mabe Hungary","robots":{"index":"index","follow":"follow","max-snippet":"max-snippet:-1","max-image-preview":"max-image-preview:large","max-video-preview":"max-video-preview:-1"},"canonical":"https:\/\/www.mabe-hungary.com\/de\/cookie-policy\/","og_locale":"de_DE","og_type":"article","og_title":"Cookie Policy - Mabe Hungary","og_description":"COOKIE-RICHTLINIE Diese Cookie-Richtlinie ist ein integraler Bestandteil der Datenschutzrichtlinie von MABE HUNGARY Kft., die unter www.mabe-hungary.com zug\u00e4nglich ist.Durch das Browsen auf dieser Website stimmt der Nutzer der Verwendung von Cookies gem\u00e4\u00df dieser Richtlinie zu, sofern in den anf\u00e4nglichen Konfigurationsoptionen (Cookie-Banner oder Pr\u00e4ferenzverwaltung) nichts anderes angegeben ist. 1. Was ist ein Cookie? Cookies sind kleine Textdateien, [&hellip;]","og_url":"https:\/\/www.mabe-hungary.com\/de\/cookie-policy\/","og_site_name":"Mabe Hungary","article_modified_time":"2025-04-03T08:58:40+00:00","twitter_card":"summary_large_image","twitter_misc":{"Gesch\u00e4tzte Lesezeit":"4\u00a0Minuten"},"schema":{"@context":"https:\/\/schema.org","@graph":[{"@type":"WebPage","@id":"https:\/\/www.mabe-hungary.com\/de\/cookie-policy\/","url":"https:\/\/www.mabe-hungary.com\/de\/cookie-policy\/","name":"Cookie Policy - Mabe Hungary","isPartOf":{"@id":"https:\/\/www.mabe-hungary.com\/de\/#website"},"datePublished":"2025-02-10T07:31:50+00:00","dateModified":"2025-04-03T08:58:40+00:00","breadcrumb":{"@id":"https:\/\/www.mabe-hungary.com\/de\/cookie-policy\/#breadcrumb"},"inLanguage":"de","potentialAction":[{"@type":"ReadAction","target":["https:\/\/www.mabe-hungary.com\/de\/cookie-policy\/"]}]},{"@type":"BreadcrumbList","@id":"https:\/\/www.mabe-hungary.com\/de\/cookie-policy\/#breadcrumb","itemListElement":[{"@type":"ListItem","position":1,"name":"Home","item":"https:\/\/www.mabe-hungary.com\/de\/"},{"@type":"ListItem","position":2,"name":"Cookie Policy"}]},{"@type":"WebSite","@id":"https:\/\/www.mabe-hungary.com\/de\/#website","url":"https:\/\/www.mabe-hungary.com\/de\/","name":"Mabe Hungary","description":"","publisher":{"@id":"https:\/\/www.mabe-hungary.com\/de\/#organization"},"potentialAction":[{"@type":"SearchAction","target":{"@type":"EntryPoint","urlTemplate":"https:\/\/www.mabe-hungary.com\/de\/?s={search_term_string}"},"query-input":{"@type":"PropertyValueSpecification","valueRequired":true,"valueName":"search_term_string"}}],"inLanguage":"de"},{"@type":"Organization","@id":"https:\/\/www.mabe-hungary.com\/de\/#organization","name":"Mabe Hungary","url":"https:\/\/www.mabe-hungary.com\/de\/","logo":{"@type":"ImageObject","inLanguage":"de","@id":"https:\/\/www.mabe-hungary.com\/de\/#\/schema\/logo\/image\/","url":"https:\/\/www.mabe-hungary.com\/wp-content\/uploads\/2025\/03\/mabe_hungary_logo.webp","contentUrl":"https:\/\/www.mabe-hungary.com\/wp-content\/uploads\/2025\/03\/mabe_hungary_logo.webp","width":494,"height":176,"caption":"Mabe Hungary"},"image":{"@id":"https:\/\/www.mabe-hungary.com\/de\/#\/schema\/logo\/image\/"}}]}},"_links":{"self":[{"href":"https:\/\/www.mabe-hungary.com\/de\/wp-json\/wp\/v2\/pages\/575","targetHints":{"allow":["GET"]}}],"collection":[{"href":"https:\/\/www.mabe-hungary.com\/de\/wp-json\/wp\/v2\/pages"}],"about":[{"href":"https:\/\/www.mabe-hungary.com\/de\/wp-json\/wp\/v2\/types\/page"}],"author":[{"embeddable":true,"href":"https:\/\/www.mabe-hungary.com\/de\/wp-json\/wp\/v2\/users\/2"}],"replies":[{"embeddable":true,"href":"https:\/\/www.mabe-hungary.com\/de\/wp-json\/wp\/v2\/comments?post=575"}],"version-history":[{"count":24,"href":"https:\/\/www.mabe-hungary.com\/de\/wp-json\/wp\/v2\/pages\/575\/revisions"}],"predecessor-version":[{"id":848,"href":"https:\/\/www.mabe-hungary.com\/de\/wp-json\/wp\/v2\/pages\/575\/revisions\/848"}],"wp:attachment":[{"href":"https:\/\/www.mabe-hungary.com\/de\/wp-json\/wp\/v2\/media?parent=575"}],"wp:term":[{"taxonomy":"category","embeddable":true,"href":"https:\/\/www.mabe-hungary.com\/de\/wp-json\/wp\/v2\/categories?post=575"}],"curies":[{"name":"wp","href":"https:\/\/api.w.org\/{rel}","templated":true}]}}