{"id":322,"date":"2025-02-10T07:36:37","date_gmt":"2025-02-10T07:36:37","guid":{"rendered":"https:\/\/www.mabe-hungary.com\/?page_id=322"},"modified":"2025-04-08T09:55:07","modified_gmt":"2025-04-08T09:55:07","slug":"rolunk","status":"publish","type":"page","link":"https:\/\/www.mabe-hungary.com\/hu\/rolunk\/","title":{"rendered":"R\u00f3lunk"},"content":{"rendered":"<p><strong>R\u00f3lunk<\/strong><\/p>\n<p>A Mabe Hungary Kft. vezet\u0151 v\u00e1llalat az elektromos motorok tekercsel\u00e9s\u00e9nek gy\u00e1rt\u00e1s\u00e1ban, \u00e9s 1973 \u00f3ta m\u0171k\u00f6dik az elektromechanikai szektorban. Gyors fejl\u0151d\u00e9s\u00e9t strat\u00e9giai beruh\u00e1z\u00e1soknak k\u00f6sz\u00f6nheti, \u00edgy m\u00e1ra a mer\u00fcl\u0151motorok olajf\u00fcrd\u0151s \u00e9s v\u00edzf\u00fcrd\u0151s tekercsel\u00e9s\u00e9nek meghat\u00e1roz\u00f3 szerepl\u0151j\u00e9v\u00e9 v\u00e1lt 0,37 kW-t\u00f3l 300 kW teljes\u00edtm\u00e9nyig, de tev\u00e9kenys\u00e9ge az alacsony tengelymagass\u00e1g\u00fa motorok tekercsel\u00e9s\u00e9ben is kiemelkedik.<\/p>\n<p><strong>Mi\u00e9rt Nagykanizsa?<\/strong><\/p>\n<p>Gy\u00e1rt\u00f3k\u00f6zpontunkat Nagykanizs\u00e1n hoztuk l\u00e9tre, hogy \u00fcgyfeleinknek versenyel\u0151nyt biztos\u00edtsunk:<\/p>\n<ul>\n<li>Strat\u00e9giai elhelyezked\u00e9s a c\u00e9lpiacok k\u00f6zel\u00e9ben<\/li>\n<li>Magasan k\u00e9pzett \u00e9s specializ\u00e1lt munkaer\u0151<\/li>\n<li>Optimaliz\u00e1lt k\u00f6lts\u00e9gek, \u00e9s versenyk\u00e9pes \u00e1rak a min\u0151s\u00e9g meg\u0151rz\u00e9se mellett<\/li>\n<\/ul>\n<p><strong>Elk\u00f6telezetts\u00e9g\u00fcnk<\/strong><\/p>\n<p>C\u00e9lunk, hogy kiv\u00e1l\u00f3 min\u0151s\u00e9g\u0171 term\u00e9keket k\u00edn\u00e1ljunk versenyk\u00e9pes \u00e1ron, seg\u00edtve \u00fcgyfeleinket piaci r\u00e9szesed\u00e9s\u00fck megtart\u00e1s\u00e1ban \u00e9s n\u00f6vel\u00e9s\u00e9ben, egyre globaliz\u00e1ltabb \u00e9s versenyk\u00e9pesebb k\u00f6rnyezetben.<\/p>\n","protected":false},"excerpt":{"rendered":"<p>R\u00f3lunk A Mabe Hungary Kft. vezet\u0151 v\u00e1llalat az elektromos motorok tekercsel\u00e9s\u00e9nek gy\u00e1rt\u00e1s\u00e1ban, \u00e9s 1973 \u00f3ta m\u0171k\u00f6dik az elektromechanikai szektorban. Gyors fejl\u0151d\u00e9s\u00e9t strat\u00e9giai beruh\u00e1z\u00e1soknak k\u00f6sz\u00f6nheti, \u00edgy m\u00e1ra a mer\u00fcl\u0151motorok olajf\u00fcrd\u0151s \u00e9s v\u00edzf\u00fcrd\u0151s tekercsel\u00e9s\u00e9nek meghat\u00e1roz\u00f3 szerepl\u0151j\u00e9v\u00e9 v\u00e1lt 0,37 kW-t\u00f3l 300 kW teljes\u00edtm\u00e9nyig, de tev\u00e9kenys\u00e9ge az alacsony tengelymagass\u00e1g\u00fa motorok tekercsel\u00e9s\u00e9ben is kiemelkedik. Mi\u00e9rt Nagykanizsa? Gy\u00e1rt\u00f3k\u00f6zpontunkat Nagykanizs\u00e1n hoztuk l\u00e9tre, [&hellip;]<\/p>\n","protected":false},"author":1,"featured_media":348,"parent":0,"menu_order":0,"comment_status":"closed","ping_status":"closed","template":"","meta":{"footnotes":""},"categories":[],"class_list":["post-322","page","type-page","status-publish","has-post-thumbnail","hentry"],"yoast_head":"<!-- This site is optimized with the Yoast SEO plugin v26.6 - https:\/\/yoast.com\/wordpress\/plugins\/seo\/ -->\n<title>MABE Hungary: Vezet\u0151 a Villanymotor Tekercsel\u00e9sben<\/title>\n<meta name=\"description\" content=\"MABE Hungary: Az \u00d6n megb\u00edzhat\u00f3 partnere villanymotor tekercsel\u00e9sben 1973 \u00f3ta. Nagykanizsai gy\u00e1rt\u00e1s, kiv\u00e1l\u00f3 min\u0151s\u00e9g versenyk\u00e9pes \u00e1ron. Fedezze fel!\" \/>\n<meta name=\"robots\" content=\"index, follow, max-snippet:-1, max-image-preview:large, max-video-preview:-1\" \/>\n<link rel=\"canonical\" href=\"https:\/\/www.mabe-hungary.com\/hu\/rolunk\/\" \/>\n<meta property=\"og:locale\" content=\"hu_HU\" \/>\n<meta property=\"og:type\" content=\"article\" \/>\n<meta property=\"og:title\" content=\"MABE Hungary: Vezet\u0151 a Villanymotor Tekercsel\u00e9sben\" \/>\n<meta property=\"og:description\" content=\"MABE Hungary: Az \u00d6n megb\u00edzhat\u00f3 partnere villanymotor tekercsel\u00e9sben 1973 \u00f3ta. Nagykanizsai gy\u00e1rt\u00e1s, kiv\u00e1l\u00f3 min\u0151s\u00e9g versenyk\u00e9pes \u00e1ron. Fedezze fel!\" \/>\n<meta property=\"og:url\" content=\"https:\/\/www.mabe-hungary.com\/hu\/rolunk\/\" \/>\n<meta property=\"og:site_name\" content=\"Szak\u00e9rtelem \u00e9s tapasztalat a villanymotorok tekercsel\u00e9s\u00e9ben | MABE Hungary Kft.\" \/>\n<meta property=\"article:modified_time\" content=\"2025-04-08T09:55:07+00:00\" \/>\n<meta property=\"og:image\" content=\"https:\/\/www.mabe-hungary.com\/wp-content\/uploads\/2025\/02\/DSC00256sm.jpg\" \/>\n\t<meta property=\"og:image:width\" content=\"1920\" \/>\n\t<meta property=\"og:image:height\" content=\"1280\" \/>\n\t<meta property=\"og:image:type\" content=\"image\/jpeg\" \/>\n<meta name=\"twitter:card\" content=\"summary_large_image\" \/>\n<meta name=\"twitter:label1\" content=\"Becs\u00fclt olvas\u00e1si id\u0151\" \/>\n\t<meta name=\"twitter:data1\" content=\"1 perc\" \/>\n<script type=\"application\/ld+json\" class=\"yoast-schema-graph\">{\"@context\":\"https:\/\/schema.org\",\"@graph\":[{\"@type\":\"WebPage\",\"@id\":\"https:\/\/www.mabe-hungary.com\/hu\/rolunk\/\",\"url\":\"https:\/\/www.mabe-hungary.com\/hu\/rolunk\/\",\"name\":\"MABE Hungary: Vezet\u0151 a Villanymotor Tekercsel\u00e9sben\",\"isPartOf\":{\"@id\":\"https:\/\/www.mabe-hungary.com\/hu\/#website\"},\"primaryImageOfPage\":{\"@id\":\"https:\/\/www.mabe-hungary.com\/hu\/rolunk\/#primaryimage\"},\"image\":{\"@id\":\"https:\/\/www.mabe-hungary.com\/hu\/rolunk\/#primaryimage\"},\"thumbnailUrl\":\"https:\/\/www.mabe-hungary.com\/wp-content\/uploads\/2025\/02\/DSC00256sm.jpg\",\"datePublished\":\"2025-02-10T07:36:37+00:00\",\"dateModified\":\"2025-04-08T09:55:07+00:00\",\"description\":\"MABE Hungary: Az \u00d6n megb\u00edzhat\u00f3 partnere villanymotor tekercsel\u00e9sben 1973 \u00f3ta. Nagykanizsai gy\u00e1rt\u00e1s, kiv\u00e1l\u00f3 min\u0151s\u00e9g versenyk\u00e9pes \u00e1ron. Fedezze fel!\",\"breadcrumb\":{\"@id\":\"https:\/\/www.mabe-hungary.com\/hu\/rolunk\/#breadcrumb\"},\"inLanguage\":\"hu\",\"potentialAction\":[{\"@type\":\"ReadAction\",\"target\":[\"https:\/\/www.mabe-hungary.com\/hu\/rolunk\/\"]}]},{\"@type\":\"ImageObject\",\"inLanguage\":\"hu\",\"@id\":\"https:\/\/www.mabe-hungary.com\/hu\/rolunk\/#primaryimage\",\"url\":\"https:\/\/www.mabe-hungary.com\/wp-content\/uploads\/2025\/02\/DSC00256sm.jpg\",\"contentUrl\":\"https:\/\/www.mabe-hungary.com\/wp-content\/uploads\/2025\/02\/DSC00256sm.jpg\",\"width\":1920,\"height\":1280},{\"@type\":\"BreadcrumbList\",\"@id\":\"https:\/\/www.mabe-hungary.com\/hu\/rolunk\/#breadcrumb\",\"itemListElement\":[{\"@type\":\"ListItem\",\"position\":1,\"name\":\"Home\",\"item\":\"https:\/\/www.mabe-hungary.com\/hu\/\"},{\"@type\":\"ListItem\",\"position\":2,\"name\":\"R\u00f3lunk\"}]},{\"@type\":\"WebSite\",\"@id\":\"https:\/\/www.mabe-hungary.com\/hu\/#website\",\"url\":\"https:\/\/www.mabe-hungary.com\/hu\/\",\"name\":\"Mabe Hungary\",\"description\":\"\",\"publisher\":{\"@id\":\"https:\/\/www.mabe-hungary.com\/hu\/#organization\"},\"potentialAction\":[{\"@type\":\"SearchAction\",\"target\":{\"@type\":\"EntryPoint\",\"urlTemplate\":\"https:\/\/www.mabe-hungary.com\/hu\/?s={search_term_string}\"},\"query-input\":{\"@type\":\"PropertyValueSpecification\",\"valueRequired\":true,\"valueName\":\"search_term_string\"}}],\"inLanguage\":\"hu\"},{\"@type\":\"Organization\",\"@id\":\"https:\/\/www.mabe-hungary.com\/hu\/#organization\",\"name\":\"Mabe Hungary\",\"url\":\"https:\/\/www.mabe-hungary.com\/hu\/\",\"logo\":{\"@type\":\"ImageObject\",\"inLanguage\":\"hu\",\"@id\":\"https:\/\/www.mabe-hungary.com\/hu\/#\/schema\/logo\/image\/\",\"url\":\"https:\/\/www.mabe-hungary.com\/wp-content\/uploads\/2025\/03\/mabe_hungary_logo.webp\",\"contentUrl\":\"https:\/\/www.mabe-hungary.com\/wp-content\/uploads\/2025\/03\/mabe_hungary_logo.webp\",\"width\":494,\"height\":176,\"caption\":\"Mabe Hungary\"},\"image\":{\"@id\":\"https:\/\/www.mabe-hungary.com\/hu\/#\/schema\/logo\/image\/\"}}]}<\/script>\n<!-- \/ Yoast SEO plugin. -->","yoast_head_json":{"title":"MABE Hungary: Vezet\u0151 a Villanymotor Tekercsel\u00e9sben","description":"MABE Hungary: Az \u00d6n megb\u00edzhat\u00f3 partnere villanymotor tekercsel\u00e9sben 1973 \u00f3ta. Nagykanizsai gy\u00e1rt\u00e1s, kiv\u00e1l\u00f3 min\u0151s\u00e9g versenyk\u00e9pes \u00e1ron. Fedezze fel!","robots":{"index":"index","follow":"follow","max-snippet":"max-snippet:-1","max-image-preview":"max-image-preview:large","max-video-preview":"max-video-preview:-1"},"canonical":"https:\/\/www.mabe-hungary.com\/hu\/rolunk\/","og_locale":"hu_HU","og_type":"article","og_title":"MABE Hungary: Vezet\u0151 a Villanymotor Tekercsel\u00e9sben","og_description":"MABE Hungary: Az \u00d6n megb\u00edzhat\u00f3 partnere villanymotor tekercsel\u00e9sben 1973 \u00f3ta. Nagykanizsai gy\u00e1rt\u00e1s, kiv\u00e1l\u00f3 min\u0151s\u00e9g versenyk\u00e9pes \u00e1ron. Fedezze fel!","og_url":"https:\/\/www.mabe-hungary.com\/hu\/rolunk\/","og_site_name":"Szak\u00e9rtelem \u00e9s tapasztalat a villanymotorok tekercsel\u00e9s\u00e9ben | MABE Hungary Kft.","article_modified_time":"2025-04-08T09:55:07+00:00","og_image":[{"width":1920,"height":1280,"url":"https:\/\/www.mabe-hungary.com\/wp-content\/uploads\/2025\/02\/DSC00256sm.jpg","type":"image\/jpeg"}],"twitter_card":"summary_large_image","twitter_misc":{"Becs\u00fclt olvas\u00e1si id\u0151":"1 perc"},"schema":{"@context":"https:\/\/schema.org","@graph":[{"@type":"WebPage","@id":"https:\/\/www.mabe-hungary.com\/hu\/rolunk\/","url":"https:\/\/www.mabe-hungary.com\/hu\/rolunk\/","name":"MABE Hungary: Vezet\u0151 a Villanymotor Tekercsel\u00e9sben","isPartOf":{"@id":"https:\/\/www.mabe-hungary.com\/hu\/#website"},"primaryImageOfPage":{"@id":"https:\/\/www.mabe-hungary.com\/hu\/rolunk\/#primaryimage"},"image":{"@id":"https:\/\/www.mabe-hungary.com\/hu\/rolunk\/#primaryimage"},"thumbnailUrl":"https:\/\/www.mabe-hungary.com\/wp-content\/uploads\/2025\/02\/DSC00256sm.jpg","datePublished":"2025-02-10T07:36:37+00:00","dateModified":"2025-04-08T09:55:07+00:00","description":"MABE Hungary: Az \u00d6n megb\u00edzhat\u00f3 partnere villanymotor tekercsel\u00e9sben 1973 \u00f3ta. Nagykanizsai gy\u00e1rt\u00e1s, kiv\u00e1l\u00f3 min\u0151s\u00e9g versenyk\u00e9pes \u00e1ron. Fedezze fel!","breadcrumb":{"@id":"https:\/\/www.mabe-hungary.com\/hu\/rolunk\/#breadcrumb"},"inLanguage":"hu","potentialAction":[{"@type":"ReadAction","target":["https:\/\/www.mabe-hungary.com\/hu\/rolunk\/"]}]},{"@type":"ImageObject","inLanguage":"hu","@id":"https:\/\/www.mabe-hungary.com\/hu\/rolunk\/#primaryimage","url":"https:\/\/www.mabe-hungary.com\/wp-content\/uploads\/2025\/02\/DSC00256sm.jpg","contentUrl":"https:\/\/www.mabe-hungary.com\/wp-content\/uploads\/2025\/02\/DSC00256sm.jpg","width":1920,"height":1280},{"@type":"BreadcrumbList","@id":"https:\/\/www.mabe-hungary.com\/hu\/rolunk\/#breadcrumb","itemListElement":[{"@type":"ListItem","position":1,"name":"Home","item":"https:\/\/www.mabe-hungary.com\/hu\/"},{"@type":"ListItem","position":2,"name":"R\u00f3lunk"}]},{"@type":"WebSite","@id":"https:\/\/www.mabe-hungary.com\/hu\/#website","url":"https:\/\/www.mabe-hungary.com\/hu\/","name":"Mabe Hungary","description":"","publisher":{"@id":"https:\/\/www.mabe-hungary.com\/hu\/#organization"},"potentialAction":[{"@type":"SearchAction","target":{"@type":"EntryPoint","urlTemplate":"https:\/\/www.mabe-hungary.com\/hu\/?s={search_term_string}"},"query-input":{"@type":"PropertyValueSpecification","valueRequired":true,"valueName":"search_term_string"}}],"inLanguage":"hu"},{"@type":"Organization","@id":"https:\/\/www.mabe-hungary.com\/hu\/#organization","name":"Mabe Hungary","url":"https:\/\/www.mabe-hungary.com\/hu\/","logo":{"@type":"ImageObject","inLanguage":"hu","@id":"https:\/\/www.mabe-hungary.com\/hu\/#\/schema\/logo\/image\/","url":"https:\/\/www.mabe-hungary.com\/wp-content\/uploads\/2025\/03\/mabe_hungary_logo.webp","contentUrl":"https:\/\/www.mabe-hungary.com\/wp-content\/uploads\/2025\/03\/mabe_hungary_logo.webp","width":494,"height":176,"caption":"Mabe Hungary"},"image":{"@id":"https:\/\/www.mabe-hungary.com\/hu\/#\/schema\/logo\/image\/"}}]}},"_links":{"self":[{"href":"https:\/\/www.mabe-hungary.com\/hu\/wp-json\/wp\/v2\/pages\/322","targetHints":{"allow":["GET"]}}],"collection":[{"href":"https:\/\/www.mabe-hungary.com\/hu\/wp-json\/wp\/v2\/pages"}],"about":[{"href":"https:\/\/www.mabe-hungary.com\/hu\/wp-json\/wp\/v2\/types\/page"}],"author":[{"embeddable":true,"href":"https:\/\/www.mabe-hungary.com\/hu\/wp-json\/wp\/v2\/users\/1"}],"replies":[{"embeddable":true,"href":"https:\/\/www.mabe-hungary.com\/hu\/wp-json\/wp\/v2\/comments?post=322"}],"version-history":[{"count":5,"href":"https:\/\/www.mabe-hungary.com\/hu\/wp-json\/wp\/v2\/pages\/322\/revisions"}],"predecessor-version":[{"id":534,"href":"https:\/\/www.mabe-hungary.com\/hu\/wp-json\/wp\/v2\/pages\/322\/revisions\/534"}],"wp:featuredmedia":[{"embeddable":true,"href":"https:\/\/www.mabe-hungary.com\/hu\/wp-json\/wp\/v2\/media\/348"}],"wp:attachment":[{"href":"https:\/\/www.mabe-hungary.com\/hu\/wp-json\/wp\/v2\/media?parent=322"}],"wp:term":[{"taxonomy":"category","embeddable":true,"href":"https:\/\/www.mabe-hungary.com\/hu\/wp-json\/wp\/v2\/categories?post=322"}],"curies":[{"name":"wp","href":"https:\/\/api.w.org\/{rel}","templated":true}]}}