{"id":328,"date":"2025-02-10T07:36:49","date_gmt":"2025-02-10T07:36:49","guid":{"rendered":"https:\/\/www.mabe-hungary.com\/?page_id=328"},"modified":"2025-06-04T08:10:54","modified_gmt":"2025-06-04T08:10:54","slug":"kapcsolat","status":"publish","type":"page","link":"https:\/\/www.mabe-hungary.com\/hu\/kapcsolat\/","title":{"rendered":"Kapcsolat"},"content":{"rendered":"<h2>\u00dcGYVEZET\u0150 IGAZGAT\u00d3<\/h2>\n<p>Stefano Donazzan<\/p>\n<h2>K\u00d6ZPONT<\/h2>\n<p>Mabe Hungary Kft<br \/>\n8800 Nagykanizsa, Csengery utca 121<br \/>\ninfo@mabe-hungary.com<br \/>\n+36 30 546 3815<\/p>\n<p>H\u00e9tf\u0151 \u2013 P\u00e9ntek<br \/>\n08:00 \u2013 16:00<\/p>\n<h2>LOGISZTIKA<\/h2>\n<p>\u00c1ru\u00e1tv\u00e9tel \u00e9s kisz\u00e1ll\u00edt\u00e1s<br \/>\n8800 Nagykanizsa, Csengery utca 121<br \/>\nlogisticmabe@gmail.com<br \/>\n+36 30 546 3815<\/p>\n<p>H\u00e9tf\u0151 \u2013 P\u00e9ntek<br \/>\n08:00 \u2013 16:00<\/p>\n<h2>\u00dcZEM<\/h2>\n<p>8800 Nagykanizsa, Csengery utca 121<\/p>\n<p>H\u00e9tf\u0151 \u2013 P\u00e9ntek<br \/>\n06:00 \u2013 14:00<\/p>\n<h2>MEGRENDEL\u00c9S<\/h2>\n<p>logisticmabe@gmail.com<br \/>\n+36 30 546 3815<\/p>\n","protected":false},"excerpt":{"rendered":"<p>Ha konkr\u00e9t inform\u00e1ci\u00f3ra van sz\u00fcks\u00e9ge, vagy k\u00f6zvetlen\u00fcl szeretne besz\u00e9lni egyik munkat\u00e1rsunkkal, itt tal\u00e1l egy kapcsolatfelv\u00e9teli \u0171rlapot \u00e9s el\u00e9rhet\u0151s\u00e9geinket.<\/p>\n","protected":false},"author":1,"featured_media":349,"parent":0,"menu_order":200,"comment_status":"closed","ping_status":"closed","template":"","meta":{"footnotes":""},"categories":[31],"class_list":["post-328","page","type-page","status-publish","has-post-thumbnail","hentry","category-featured-2-hu"],"yoast_head":"<!-- This site is optimized with the Yoast SEO plugin v26.6 - https:\/\/yoast.com\/wordpress\/plugins\/seo\/ -->\n<title>Vegye fel a kapcsolatot: MABE Hungary Kft. | El\u00e9rhet\u0151s\u00e9gek<\/title>\n<meta name=\"description\" content=\"L\u00e9pjen kapcsolatba a MABE Hungary Kft. csapat\u00e1val. Itt megtal\u00e1lja el\u00e9rhet\u0151s\u00e9geinket (c\u00edm, telefon, e-mail) \u00e9s haszn\u00e1lhatja kapcsolatfelv\u00e9teli \u0171rlapunkat is.\" \/>\n<meta name=\"robots\" content=\"index, follow, max-snippet:-1, max-image-preview:large, max-video-preview:-1\" \/>\n<link rel=\"canonical\" href=\"https:\/\/www.mabe-hungary.com\/hu\/kapcsolat\/\" \/>\n<meta property=\"og:locale\" content=\"hu_HU\" \/>\n<meta property=\"og:type\" content=\"article\" \/>\n<meta property=\"og:title\" content=\"Vegye fel a kapcsolatot: MABE Hungary Kft. | El\u00e9rhet\u0151s\u00e9gek\" \/>\n<meta property=\"og:description\" content=\"L\u00e9pjen kapcsolatba a MABE Hungary Kft. csapat\u00e1val. Itt megtal\u00e1lja el\u00e9rhet\u0151s\u00e9geinket (c\u00edm, telefon, e-mail) \u00e9s haszn\u00e1lhatja kapcsolatfelv\u00e9teli \u0171rlapunkat is.\" \/>\n<meta property=\"og:url\" content=\"https:\/\/www.mabe-hungary.com\/hu\/kapcsolat\/\" \/>\n<meta property=\"og:site_name\" content=\"Szak\u00e9rtelem \u00e9s tapasztalat a villanymotorok tekercsel\u00e9s\u00e9ben | MABE Hungary Kft.\" \/>\n<meta property=\"article:modified_time\" content=\"2025-06-04T08:10:54+00:00\" \/>\n<meta property=\"og:image\" content=\"https:\/\/www.mabe-hungary.com\/wp-content\/uploads\/2025\/02\/DSC00294sm-1.jpg\" \/>\n\t<meta property=\"og:image:width\" content=\"1920\" \/>\n\t<meta property=\"og:image:height\" content=\"1280\" \/>\n\t<meta property=\"og:image:type\" content=\"image\/jpeg\" \/>\n<meta name=\"twitter:card\" content=\"summary_large_image\" \/>\n<meta name=\"twitter:label1\" content=\"Becs\u00fclt olvas\u00e1si id\u0151\" \/>\n\t<meta name=\"twitter:data1\" content=\"1 perc\" \/>\n<script type=\"application\/ld+json\" class=\"yoast-schema-graph\">{\"@context\":\"https:\/\/schema.org\",\"@graph\":[{\"@type\":\"WebPage\",\"@id\":\"https:\/\/www.mabe-hungary.com\/hu\/kapcsolat\/\",\"url\":\"https:\/\/www.mabe-hungary.com\/hu\/kapcsolat\/\",\"name\":\"Vegye fel a kapcsolatot: MABE Hungary Kft. | El\u00e9rhet\u0151s\u00e9gek\",\"isPartOf\":{\"@id\":\"https:\/\/www.mabe-hungary.com\/hu\/#website\"},\"primaryImageOfPage\":{\"@id\":\"https:\/\/www.mabe-hungary.com\/hu\/kapcsolat\/#primaryimage\"},\"image\":{\"@id\":\"https:\/\/www.mabe-hungary.com\/hu\/kapcsolat\/#primaryimage\"},\"thumbnailUrl\":\"https:\/\/www.mabe-hungary.com\/wp-content\/uploads\/2025\/02\/DSC00294sm-1.jpg\",\"datePublished\":\"2025-02-10T07:36:49+00:00\",\"dateModified\":\"2025-06-04T08:10:54+00:00\",\"description\":\"L\u00e9pjen kapcsolatba a MABE Hungary Kft. csapat\u00e1val. Itt megtal\u00e1lja el\u00e9rhet\u0151s\u00e9geinket (c\u00edm, telefon, e-mail) \u00e9s haszn\u00e1lhatja kapcsolatfelv\u00e9teli \u0171rlapunkat is.\",\"breadcrumb\":{\"@id\":\"https:\/\/www.mabe-hungary.com\/hu\/kapcsolat\/#breadcrumb\"},\"inLanguage\":\"hu\",\"potentialAction\":[{\"@type\":\"ReadAction\",\"target\":[\"https:\/\/www.mabe-hungary.com\/hu\/kapcsolat\/\"]}]},{\"@type\":\"ImageObject\",\"inLanguage\":\"hu\",\"@id\":\"https:\/\/www.mabe-hungary.com\/hu\/kapcsolat\/#primaryimage\",\"url\":\"https:\/\/www.mabe-hungary.com\/wp-content\/uploads\/2025\/02\/DSC00294sm-1.jpg\",\"contentUrl\":\"https:\/\/www.mabe-hungary.com\/wp-content\/uploads\/2025\/02\/DSC00294sm-1.jpg\",\"width\":1920,\"height\":1280},{\"@type\":\"BreadcrumbList\",\"@id\":\"https:\/\/www.mabe-hungary.com\/hu\/kapcsolat\/#breadcrumb\",\"itemListElement\":[{\"@type\":\"ListItem\",\"position\":1,\"name\":\"Home\",\"item\":\"https:\/\/www.mabe-hungary.com\/hu\/\"},{\"@type\":\"ListItem\",\"position\":2,\"name\":\"Kapcsolat\"}]},{\"@type\":\"WebSite\",\"@id\":\"https:\/\/www.mabe-hungary.com\/hu\/#website\",\"url\":\"https:\/\/www.mabe-hungary.com\/hu\/\",\"name\":\"Mabe Hungary\",\"description\":\"\",\"publisher\":{\"@id\":\"https:\/\/www.mabe-hungary.com\/hu\/#organization\"},\"potentialAction\":[{\"@type\":\"SearchAction\",\"target\":{\"@type\":\"EntryPoint\",\"urlTemplate\":\"https:\/\/www.mabe-hungary.com\/hu\/?s={search_term_string}\"},\"query-input\":{\"@type\":\"PropertyValueSpecification\",\"valueRequired\":true,\"valueName\":\"search_term_string\"}}],\"inLanguage\":\"hu\"},{\"@type\":\"Organization\",\"@id\":\"https:\/\/www.mabe-hungary.com\/hu\/#organization\",\"name\":\"Mabe Hungary\",\"url\":\"https:\/\/www.mabe-hungary.com\/hu\/\",\"logo\":{\"@type\":\"ImageObject\",\"inLanguage\":\"hu\",\"@id\":\"https:\/\/www.mabe-hungary.com\/hu\/#\/schema\/logo\/image\/\",\"url\":\"https:\/\/www.mabe-hungary.com\/wp-content\/uploads\/2025\/03\/mabe_hungary_logo.webp\",\"contentUrl\":\"https:\/\/www.mabe-hungary.com\/wp-content\/uploads\/2025\/03\/mabe_hungary_logo.webp\",\"width\":494,\"height\":176,\"caption\":\"Mabe Hungary\"},\"image\":{\"@id\":\"https:\/\/www.mabe-hungary.com\/hu\/#\/schema\/logo\/image\/\"}}]}<\/script>\n<!-- \/ Yoast SEO plugin. -->","yoast_head_json":{"title":"Vegye fel a kapcsolatot: MABE Hungary Kft. | El\u00e9rhet\u0151s\u00e9gek","description":"L\u00e9pjen kapcsolatba a MABE Hungary Kft. csapat\u00e1val. Itt megtal\u00e1lja el\u00e9rhet\u0151s\u00e9geinket (c\u00edm, telefon, e-mail) \u00e9s haszn\u00e1lhatja kapcsolatfelv\u00e9teli \u0171rlapunkat is.","robots":{"index":"index","follow":"follow","max-snippet":"max-snippet:-1","max-image-preview":"max-image-preview:large","max-video-preview":"max-video-preview:-1"},"canonical":"https:\/\/www.mabe-hungary.com\/hu\/kapcsolat\/","og_locale":"hu_HU","og_type":"article","og_title":"Vegye fel a kapcsolatot: MABE Hungary Kft. | El\u00e9rhet\u0151s\u00e9gek","og_description":"L\u00e9pjen kapcsolatba a MABE Hungary Kft. csapat\u00e1val. Itt megtal\u00e1lja el\u00e9rhet\u0151s\u00e9geinket (c\u00edm, telefon, e-mail) \u00e9s haszn\u00e1lhatja kapcsolatfelv\u00e9teli \u0171rlapunkat is.","og_url":"https:\/\/www.mabe-hungary.com\/hu\/kapcsolat\/","og_site_name":"Szak\u00e9rtelem \u00e9s tapasztalat a villanymotorok tekercsel\u00e9s\u00e9ben | MABE Hungary Kft.","article_modified_time":"2025-06-04T08:10:54+00:00","og_image":[{"width":1920,"height":1280,"url":"https:\/\/www.mabe-hungary.com\/wp-content\/uploads\/2025\/02\/DSC00294sm-1.jpg","type":"image\/jpeg"}],"twitter_card":"summary_large_image","twitter_misc":{"Becs\u00fclt olvas\u00e1si id\u0151":"1 perc"},"schema":{"@context":"https:\/\/schema.org","@graph":[{"@type":"WebPage","@id":"https:\/\/www.mabe-hungary.com\/hu\/kapcsolat\/","url":"https:\/\/www.mabe-hungary.com\/hu\/kapcsolat\/","name":"Vegye fel a kapcsolatot: MABE Hungary Kft. | El\u00e9rhet\u0151s\u00e9gek","isPartOf":{"@id":"https:\/\/www.mabe-hungary.com\/hu\/#website"},"primaryImageOfPage":{"@id":"https:\/\/www.mabe-hungary.com\/hu\/kapcsolat\/#primaryimage"},"image":{"@id":"https:\/\/www.mabe-hungary.com\/hu\/kapcsolat\/#primaryimage"},"thumbnailUrl":"https:\/\/www.mabe-hungary.com\/wp-content\/uploads\/2025\/02\/DSC00294sm-1.jpg","datePublished":"2025-02-10T07:36:49+00:00","dateModified":"2025-06-04T08:10:54+00:00","description":"L\u00e9pjen kapcsolatba a MABE Hungary Kft. csapat\u00e1val. Itt megtal\u00e1lja el\u00e9rhet\u0151s\u00e9geinket (c\u00edm, telefon, e-mail) \u00e9s haszn\u00e1lhatja kapcsolatfelv\u00e9teli \u0171rlapunkat is.","breadcrumb":{"@id":"https:\/\/www.mabe-hungary.com\/hu\/kapcsolat\/#breadcrumb"},"inLanguage":"hu","potentialAction":[{"@type":"ReadAction","target":["https:\/\/www.mabe-hungary.com\/hu\/kapcsolat\/"]}]},{"@type":"ImageObject","inLanguage":"hu","@id":"https:\/\/www.mabe-hungary.com\/hu\/kapcsolat\/#primaryimage","url":"https:\/\/www.mabe-hungary.com\/wp-content\/uploads\/2025\/02\/DSC00294sm-1.jpg","contentUrl":"https:\/\/www.mabe-hungary.com\/wp-content\/uploads\/2025\/02\/DSC00294sm-1.jpg","width":1920,"height":1280},{"@type":"BreadcrumbList","@id":"https:\/\/www.mabe-hungary.com\/hu\/kapcsolat\/#breadcrumb","itemListElement":[{"@type":"ListItem","position":1,"name":"Home","item":"https:\/\/www.mabe-hungary.com\/hu\/"},{"@type":"ListItem","position":2,"name":"Kapcsolat"}]},{"@type":"WebSite","@id":"https:\/\/www.mabe-hungary.com\/hu\/#website","url":"https:\/\/www.mabe-hungary.com\/hu\/","name":"Mabe Hungary","description":"","publisher":{"@id":"https:\/\/www.mabe-hungary.com\/hu\/#organization"},"potentialAction":[{"@type":"SearchAction","target":{"@type":"EntryPoint","urlTemplate":"https:\/\/www.mabe-hungary.com\/hu\/?s={search_term_string}"},"query-input":{"@type":"PropertyValueSpecification","valueRequired":true,"valueName":"search_term_string"}}],"inLanguage":"hu"},{"@type":"Organization","@id":"https:\/\/www.mabe-hungary.com\/hu\/#organization","name":"Mabe Hungary","url":"https:\/\/www.mabe-hungary.com\/hu\/","logo":{"@type":"ImageObject","inLanguage":"hu","@id":"https:\/\/www.mabe-hungary.com\/hu\/#\/schema\/logo\/image\/","url":"https:\/\/www.mabe-hungary.com\/wp-content\/uploads\/2025\/03\/mabe_hungary_logo.webp","contentUrl":"https:\/\/www.mabe-hungary.com\/wp-content\/uploads\/2025\/03\/mabe_hungary_logo.webp","width":494,"height":176,"caption":"Mabe Hungary"},"image":{"@id":"https:\/\/www.mabe-hungary.com\/hu\/#\/schema\/logo\/image\/"}}]}},"_links":{"self":[{"href":"https:\/\/www.mabe-hungary.com\/hu\/wp-json\/wp\/v2\/pages\/328","targetHints":{"allow":["GET"]}}],"collection":[{"href":"https:\/\/www.mabe-hungary.com\/hu\/wp-json\/wp\/v2\/pages"}],"about":[{"href":"https:\/\/www.mabe-hungary.com\/hu\/wp-json\/wp\/v2\/types\/page"}],"author":[{"embeddable":true,"href":"https:\/\/www.mabe-hungary.com\/hu\/wp-json\/wp\/v2\/users\/1"}],"replies":[{"embeddable":true,"href":"https:\/\/www.mabe-hungary.com\/hu\/wp-json\/wp\/v2\/comments?post=328"}],"version-history":[{"count":7,"href":"https:\/\/www.mabe-hungary.com\/hu\/wp-json\/wp\/v2\/pages\/328\/revisions"}],"predecessor-version":[{"id":567,"href":"https:\/\/www.mabe-hungary.com\/hu\/wp-json\/wp\/v2\/pages\/328\/revisions\/567"}],"wp:featuredmedia":[{"embeddable":true,"href":"https:\/\/www.mabe-hungary.com\/hu\/wp-json\/wp\/v2\/media\/349"}],"wp:attachment":[{"href":"https:\/\/www.mabe-hungary.com\/hu\/wp-json\/wp\/v2\/media?parent=328"}],"wp:term":[{"taxonomy":"category","embeddable":true,"href":"https:\/\/www.mabe-hungary.com\/hu\/wp-json\/wp\/v2\/categories?post=328"}],"curies":[{"name":"wp","href":"https:\/\/api.w.org\/{rel}","templated":true}]}}