{"id":490,"date":"2025-02-10T07:32:40","date_gmt":"2025-02-10T07:32:40","guid":{"rendered":"https:\/\/www.mabe-hungary.com\/?page_id=490"},"modified":"2025-04-07T11:10:46","modified_gmt":"2025-04-07T11:10:46","slug":"szigeteles","status":"publish","type":"page","link":"https:\/\/www.mabe-hungary.com\/hu\/gyartas\/szigeteles\/","title":{"rendered":"Szigetel\u00e9s"},"content":{"rendered":"<p>A szigetel\u00e9s a villanymotor tekercsel\u00e9si folyamat\u00e1nak egyik kulcsfontoss\u00e1g\u00fa l\u00e9p\u00e9se. Ez biztos\u00edtja, hogy a tekercsek megfelel\u0151 elektromos szigetel\u00e9ssel rendelkezzenek, megakad\u00e1lyozva a r\u00f6vidz\u00e1rlatokat \u00e9s n\u00f6velve a motor \u00e9lettartam\u00e1t.<br \/>\nA hossz\u00fa t\u00e1v\u00fa megb\u00edzhat\u00f3s\u00e1g egyik alapvet\u0151 eleme a szigetel\u0151anyag.<br \/>\n\u00dcgyfeleink ig\u00e9nyeit maxim\u00e1lisan figyelembe v\u00e9ve ak\u00e1r egy m\u00e9teres \u00e1ll\u00f3r\u00e9szek automatikus szigetel\u00e9s\u00e9t is el tudjuk v\u00e9gezni.<\/p>\n<p><strong>A szigetel\u00e9si folyamat f\u0151bb l\u00e9p\u00e9sei:<\/strong><\/p>\n<ul>\n<li>Szigetel\u0151 anyagok el\u0151k\u00e9sz\u00edt\u00e9se<\/li>\n<li>Horonyszigetel\u00e9s<\/li>\n<li>Tov\u00e1bbi szigetel\u0151 r\u00e9tegek alkalmaz\u00e1sa \u2013 sz\u00fcks\u00e9g eset\u00e9n tov\u00e1bbi lakkoz\u00e1s vagy impregn\u00e1l\u00e1s a jobb v\u00e9delem \u00e9rdek\u00e9ben<\/li>\n<\/ul>\n<div class=\"gallery-imgs gal-171165 row\">\r\n            <div class=\"gallery-item col-sm-6 col-lg-3\">\r\n                    <a href=\"https:\/\/www.mabe-hungary.com\/wp-content\/uploads\/2025\/02\/DSC00723sm.jpg\">\r\n                        <img decoding=\"async\" src=\"https:\/\/www.mabe-hungary.com\/wp-content\/uploads\/2025\/02\/DSC00723sm.jpg\" alt=\"\" class=\"img-fluid\">\r\n\t\t\t\t\t\t\t\t\r\n                    <\/a>\r\n            <\/div>\r\n            <div class=\"gallery-item col-sm-6 col-lg-3\">\r\n                    <a href=\"https:\/\/www.mabe-hungary.com\/wp-content\/uploads\/2025\/02\/DSC00701-2sm.jpg\">\r\n                        <img decoding=\"async\" src=\"https:\/\/www.mabe-hungary.com\/wp-content\/uploads\/2025\/02\/DSC00701-2sm.jpg\" alt=\"\" class=\"img-fluid\">\r\n\t\t\t\t\t\t\t\t\r\n                    <\/a>\r\n            <\/div>\r\n            <div class=\"gallery-item col-sm-6 col-lg-3\">\r\n                    <a href=\"https:\/\/www.mabe-hungary.com\/wp-content\/uploads\/2025\/02\/DSC00772sm.jpg\">\r\n                        <img decoding=\"async\" src=\"https:\/\/www.mabe-hungary.com\/wp-content\/uploads\/2025\/02\/DSC00772sm.jpg\" alt=\"\" class=\"img-fluid\">\r\n\t\t\t\t\t\t\t\t\r\n                    <\/a>\r\n            <\/div>\r\n            <div class=\"gallery-item col-sm-6 col-lg-3\">\r\n                    <a href=\"https:\/\/www.mabe-hungary.com\/wp-content\/uploads\/2025\/02\/DSC00781sm.jpg\">\r\n                        <img decoding=\"async\" src=\"https:\/\/www.mabe-hungary.com\/wp-content\/uploads\/2025\/02\/DSC00781sm.jpg\" alt=\"\" class=\"img-fluid\">\r\n\t\t\t\t\t\t\t\t\r\n                    <\/a>\r\n            <\/div><\/div>\n","protected":false},"excerpt":{"rendered":"<p>A szigetel\u00e9s a villanymotor tekercsel\u00e9si folyamat\u00e1nak egyik kulcsfontoss\u00e1g\u00fa l\u00e9p\u00e9se.<br \/>\n\u00dcgyfeleink ig\u00e9nyeit maxim\u00e1lisan figyelembe v\u00e9ve ak\u00e1r egy m\u00e9teres \u00e1ll\u00f3r\u00e9szek automatikus szigetel\u00e9s\u00e9t is el tudjuk v\u00e9gezni.<\/p>\n","protected":false},"author":2,"featured_media":380,"parent":340,"menu_order":0,"comment_status":"closed","ping_status":"closed","template":"","meta":{"footnotes":""},"categories":[28],"class_list":["post-490","page","type-page","status-publish","has-post-thumbnail","hentry","category-featured-1-hu"],"yoast_head":"<!-- This site is optimized with the Yoast SEO plugin v26.6 - https:\/\/yoast.com\/wordpress\/plugins\/seo\/ -->\n<title>Profi villanymotor szigetel\u00e9s - hossz\u00fa \u00e9lettartam | MABE Hungary<\/title>\n<meta name=\"description\" content=\"Horonyszigetel\u00e9s, lakkoz\u00e1s, impregn\u00e1l\u00e1s. C\u00e9lunk a t\u00f6k\u00e9letes szigetel\u00e9s a r\u00f6vidz\u00e1rlatok elker\u00fcl\u00e9se \u00e9s a motor tart\u00f3ss\u00e1ga \u00e9rdek\u00e9ben. MABE Hungary\" \/>\n<meta name=\"robots\" content=\"index, follow, max-snippet:-1, max-image-preview:large, max-video-preview:-1\" \/>\n<link rel=\"canonical\" href=\"https:\/\/www.mabe-hungary.com\/hu\/gyartas\/szigeteles\/\" \/>\n<meta property=\"og:locale\" content=\"hu_HU\" \/>\n<meta property=\"og:type\" content=\"article\" \/>\n<meta property=\"og:title\" content=\"Profi villanymotor szigetel\u00e9s - hossz\u00fa \u00e9lettartam | MABE Hungary\" \/>\n<meta property=\"og:description\" content=\"Horonyszigetel\u00e9s, lakkoz\u00e1s, impregn\u00e1l\u00e1s. C\u00e9lunk a t\u00f6k\u00e9letes szigetel\u00e9s a r\u00f6vidz\u00e1rlatok elker\u00fcl\u00e9se \u00e9s a motor tart\u00f3ss\u00e1ga \u00e9rdek\u00e9ben. MABE Hungary\" \/>\n<meta property=\"og:url\" content=\"https:\/\/www.mabe-hungary.com\/hu\/gyartas\/szigeteles\/\" \/>\n<meta property=\"og:site_name\" content=\"Szak\u00e9rtelem \u00e9s tapasztalat a villanymotorok tekercsel\u00e9s\u00e9ben | MABE Hungary Kft.\" \/>\n<meta property=\"article:modified_time\" content=\"2025-04-07T11:10:46+00:00\" \/>\n<meta property=\"og:image\" content=\"https:\/\/www.mabe-hungary.com\/wp-content\/uploads\/2025\/02\/Isolamento3.webp\" \/>\n\t<meta property=\"og:image:width\" content=\"2000\" \/>\n\t<meta property=\"og:image:height\" content=\"1333\" \/>\n\t<meta property=\"og:image:type\" content=\"image\/webp\" \/>\n<meta name=\"twitter:card\" content=\"summary_large_image\" \/>\n<meta name=\"twitter:label1\" content=\"Becs\u00fclt olvas\u00e1si id\u0151\" \/>\n\t<meta name=\"twitter:data1\" content=\"1 perc\" \/>\n<script type=\"application\/ld+json\" class=\"yoast-schema-graph\">{\"@context\":\"https:\/\/schema.org\",\"@graph\":[{\"@type\":\"WebPage\",\"@id\":\"https:\/\/www.mabe-hungary.com\/hu\/gyartas\/szigeteles\/\",\"url\":\"https:\/\/www.mabe-hungary.com\/hu\/gyartas\/szigeteles\/\",\"name\":\"Profi villanymotor szigetel\u00e9s - hossz\u00fa \u00e9lettartam | MABE Hungary\",\"isPartOf\":{\"@id\":\"https:\/\/www.mabe-hungary.com\/hu\/#website\"},\"primaryImageOfPage\":{\"@id\":\"https:\/\/www.mabe-hungary.com\/hu\/gyartas\/szigeteles\/#primaryimage\"},\"image\":{\"@id\":\"https:\/\/www.mabe-hungary.com\/hu\/gyartas\/szigeteles\/#primaryimage\"},\"thumbnailUrl\":\"https:\/\/www.mabe-hungary.com\/wp-content\/uploads\/2025\/02\/Isolamento3.webp\",\"datePublished\":\"2025-02-10T07:32:40+00:00\",\"dateModified\":\"2025-04-07T11:10:46+00:00\",\"description\":\"Horonyszigetel\u00e9s, lakkoz\u00e1s, impregn\u00e1l\u00e1s. C\u00e9lunk a t\u00f6k\u00e9letes szigetel\u00e9s a r\u00f6vidz\u00e1rlatok elker\u00fcl\u00e9se \u00e9s a motor tart\u00f3ss\u00e1ga \u00e9rdek\u00e9ben. MABE Hungary\",\"breadcrumb\":{\"@id\":\"https:\/\/www.mabe-hungary.com\/hu\/gyartas\/szigeteles\/#breadcrumb\"},\"inLanguage\":\"hu\",\"potentialAction\":[{\"@type\":\"ReadAction\",\"target\":[\"https:\/\/www.mabe-hungary.com\/hu\/gyartas\/szigeteles\/\"]}]},{\"@type\":\"ImageObject\",\"inLanguage\":\"hu\",\"@id\":\"https:\/\/www.mabe-hungary.com\/hu\/gyartas\/szigeteles\/#primaryimage\",\"url\":\"https:\/\/www.mabe-hungary.com\/wp-content\/uploads\/2025\/02\/Isolamento3.webp\",\"contentUrl\":\"https:\/\/www.mabe-hungary.com\/wp-content\/uploads\/2025\/02\/Isolamento3.webp\",\"width\":2000,\"height\":1333},{\"@type\":\"BreadcrumbList\",\"@id\":\"https:\/\/www.mabe-hungary.com\/hu\/gyartas\/szigeteles\/#breadcrumb\",\"itemListElement\":[{\"@type\":\"ListItem\",\"position\":1,\"name\":\"Home\",\"item\":\"https:\/\/www.mabe-hungary.com\/hu\/\"},{\"@type\":\"ListItem\",\"position\":2,\"name\":\"Gy\u00e1rt\u00e1s\",\"item\":\"https:\/\/www.mabe-hungary.com\/hu\/produzione\/\"},{\"@type\":\"ListItem\",\"position\":3,\"name\":\"Szigetel\u00e9s\"}]},{\"@type\":\"WebSite\",\"@id\":\"https:\/\/www.mabe-hungary.com\/hu\/#website\",\"url\":\"https:\/\/www.mabe-hungary.com\/hu\/\",\"name\":\"Mabe Hungary\",\"description\":\"\",\"publisher\":{\"@id\":\"https:\/\/www.mabe-hungary.com\/hu\/#organization\"},\"potentialAction\":[{\"@type\":\"SearchAction\",\"target\":{\"@type\":\"EntryPoint\",\"urlTemplate\":\"https:\/\/www.mabe-hungary.com\/hu\/?s={search_term_string}\"},\"query-input\":{\"@type\":\"PropertyValueSpecification\",\"valueRequired\":true,\"valueName\":\"search_term_string\"}}],\"inLanguage\":\"hu\"},{\"@type\":\"Organization\",\"@id\":\"https:\/\/www.mabe-hungary.com\/hu\/#organization\",\"name\":\"Mabe Hungary\",\"url\":\"https:\/\/www.mabe-hungary.com\/hu\/\",\"logo\":{\"@type\":\"ImageObject\",\"inLanguage\":\"hu\",\"@id\":\"https:\/\/www.mabe-hungary.com\/hu\/#\/schema\/logo\/image\/\",\"url\":\"https:\/\/www.mabe-hungary.com\/wp-content\/uploads\/2025\/03\/mabe_hungary_logo.webp\",\"contentUrl\":\"https:\/\/www.mabe-hungary.com\/wp-content\/uploads\/2025\/03\/mabe_hungary_logo.webp\",\"width\":494,\"height\":176,\"caption\":\"Mabe Hungary\"},\"image\":{\"@id\":\"https:\/\/www.mabe-hungary.com\/hu\/#\/schema\/logo\/image\/\"}}]}<\/script>\n<!-- \/ Yoast SEO plugin. -->","yoast_head_json":{"title":"Profi villanymotor szigetel\u00e9s - hossz\u00fa \u00e9lettartam | MABE Hungary","description":"Horonyszigetel\u00e9s, lakkoz\u00e1s, impregn\u00e1l\u00e1s. C\u00e9lunk a t\u00f6k\u00e9letes szigetel\u00e9s a r\u00f6vidz\u00e1rlatok elker\u00fcl\u00e9se \u00e9s a motor tart\u00f3ss\u00e1ga \u00e9rdek\u00e9ben. MABE Hungary","robots":{"index":"index","follow":"follow","max-snippet":"max-snippet:-1","max-image-preview":"max-image-preview:large","max-video-preview":"max-video-preview:-1"},"canonical":"https:\/\/www.mabe-hungary.com\/hu\/gyartas\/szigeteles\/","og_locale":"hu_HU","og_type":"article","og_title":"Profi villanymotor szigetel\u00e9s - hossz\u00fa \u00e9lettartam | MABE Hungary","og_description":"Horonyszigetel\u00e9s, lakkoz\u00e1s, impregn\u00e1l\u00e1s. C\u00e9lunk a t\u00f6k\u00e9letes szigetel\u00e9s a r\u00f6vidz\u00e1rlatok elker\u00fcl\u00e9se \u00e9s a motor tart\u00f3ss\u00e1ga \u00e9rdek\u00e9ben. MABE Hungary","og_url":"https:\/\/www.mabe-hungary.com\/hu\/gyartas\/szigeteles\/","og_site_name":"Szak\u00e9rtelem \u00e9s tapasztalat a villanymotorok tekercsel\u00e9s\u00e9ben | MABE Hungary Kft.","article_modified_time":"2025-04-07T11:10:46+00:00","og_image":[{"width":2000,"height":1333,"url":"https:\/\/www.mabe-hungary.com\/wp-content\/uploads\/2025\/02\/Isolamento3.webp","type":"image\/webp"}],"twitter_card":"summary_large_image","twitter_misc":{"Becs\u00fclt olvas\u00e1si id\u0151":"1 perc"},"schema":{"@context":"https:\/\/schema.org","@graph":[{"@type":"WebPage","@id":"https:\/\/www.mabe-hungary.com\/hu\/gyartas\/szigeteles\/","url":"https:\/\/www.mabe-hungary.com\/hu\/gyartas\/szigeteles\/","name":"Profi villanymotor szigetel\u00e9s - hossz\u00fa \u00e9lettartam | MABE Hungary","isPartOf":{"@id":"https:\/\/www.mabe-hungary.com\/hu\/#website"},"primaryImageOfPage":{"@id":"https:\/\/www.mabe-hungary.com\/hu\/gyartas\/szigeteles\/#primaryimage"},"image":{"@id":"https:\/\/www.mabe-hungary.com\/hu\/gyartas\/szigeteles\/#primaryimage"},"thumbnailUrl":"https:\/\/www.mabe-hungary.com\/wp-content\/uploads\/2025\/02\/Isolamento3.webp","datePublished":"2025-02-10T07:32:40+00:00","dateModified":"2025-04-07T11:10:46+00:00","description":"Horonyszigetel\u00e9s, lakkoz\u00e1s, impregn\u00e1l\u00e1s. C\u00e9lunk a t\u00f6k\u00e9letes szigetel\u00e9s a r\u00f6vidz\u00e1rlatok elker\u00fcl\u00e9se \u00e9s a motor tart\u00f3ss\u00e1ga \u00e9rdek\u00e9ben. MABE Hungary","breadcrumb":{"@id":"https:\/\/www.mabe-hungary.com\/hu\/gyartas\/szigeteles\/#breadcrumb"},"inLanguage":"hu","potentialAction":[{"@type":"ReadAction","target":["https:\/\/www.mabe-hungary.com\/hu\/gyartas\/szigeteles\/"]}]},{"@type":"ImageObject","inLanguage":"hu","@id":"https:\/\/www.mabe-hungary.com\/hu\/gyartas\/szigeteles\/#primaryimage","url":"https:\/\/www.mabe-hungary.com\/wp-content\/uploads\/2025\/02\/Isolamento3.webp","contentUrl":"https:\/\/www.mabe-hungary.com\/wp-content\/uploads\/2025\/02\/Isolamento3.webp","width":2000,"height":1333},{"@type":"BreadcrumbList","@id":"https:\/\/www.mabe-hungary.com\/hu\/gyartas\/szigeteles\/#breadcrumb","itemListElement":[{"@type":"ListItem","position":1,"name":"Home","item":"https:\/\/www.mabe-hungary.com\/hu\/"},{"@type":"ListItem","position":2,"name":"Gy\u00e1rt\u00e1s","item":"https:\/\/www.mabe-hungary.com\/hu\/produzione\/"},{"@type":"ListItem","position":3,"name":"Szigetel\u00e9s"}]},{"@type":"WebSite","@id":"https:\/\/www.mabe-hungary.com\/hu\/#website","url":"https:\/\/www.mabe-hungary.com\/hu\/","name":"Mabe Hungary","description":"","publisher":{"@id":"https:\/\/www.mabe-hungary.com\/hu\/#organization"},"potentialAction":[{"@type":"SearchAction","target":{"@type":"EntryPoint","urlTemplate":"https:\/\/www.mabe-hungary.com\/hu\/?s={search_term_string}"},"query-input":{"@type":"PropertyValueSpecification","valueRequired":true,"valueName":"search_term_string"}}],"inLanguage":"hu"},{"@type":"Organization","@id":"https:\/\/www.mabe-hungary.com\/hu\/#organization","name":"Mabe Hungary","url":"https:\/\/www.mabe-hungary.com\/hu\/","logo":{"@type":"ImageObject","inLanguage":"hu","@id":"https:\/\/www.mabe-hungary.com\/hu\/#\/schema\/logo\/image\/","url":"https:\/\/www.mabe-hungary.com\/wp-content\/uploads\/2025\/03\/mabe_hungary_logo.webp","contentUrl":"https:\/\/www.mabe-hungary.com\/wp-content\/uploads\/2025\/03\/mabe_hungary_logo.webp","width":494,"height":176,"caption":"Mabe Hungary"},"image":{"@id":"https:\/\/www.mabe-hungary.com\/hu\/#\/schema\/logo\/image\/"}}]}},"_links":{"self":[{"href":"https:\/\/www.mabe-hungary.com\/hu\/wp-json\/wp\/v2\/pages\/490","targetHints":{"allow":["GET"]}}],"collection":[{"href":"https:\/\/www.mabe-hungary.com\/hu\/wp-json\/wp\/v2\/pages"}],"about":[{"href":"https:\/\/www.mabe-hungary.com\/hu\/wp-json\/wp\/v2\/types\/page"}],"author":[{"embeddable":true,"href":"https:\/\/www.mabe-hungary.com\/hu\/wp-json\/wp\/v2\/users\/2"}],"replies":[{"embeddable":true,"href":"https:\/\/www.mabe-hungary.com\/hu\/wp-json\/wp\/v2\/comments?post=490"}],"version-history":[{"count":3,"href":"https:\/\/www.mabe-hungary.com\/hu\/wp-json\/wp\/v2\/pages\/490\/revisions"}],"predecessor-version":[{"id":493,"href":"https:\/\/www.mabe-hungary.com\/hu\/wp-json\/wp\/v2\/pages\/490\/revisions\/493"}],"up":[{"embeddable":true,"href":"https:\/\/www.mabe-hungary.com\/hu\/wp-json\/wp\/v2\/pages\/340"}],"wp:featuredmedia":[{"embeddable":true,"href":"https:\/\/www.mabe-hungary.com\/hu\/wp-json\/wp\/v2\/media\/380"}],"wp:attachment":[{"href":"https:\/\/www.mabe-hungary.com\/hu\/wp-json\/wp\/v2\/media?parent=490"}],"wp:term":[{"taxonomy":"category","embeddable":true,"href":"https:\/\/www.mabe-hungary.com\/hu\/wp-json\/wp\/v2\/categories?post=490"}],"curies":[{"name":"wp","href":"https:\/\/api.w.org\/{rel}","templated":true}]}}