{"id":494,"date":"2025-02-10T07:33:46","date_gmt":"2025-02-10T07:33:46","guid":{"rendered":"https:\/\/www.mabe-hungary.com\/?page_id=494"},"modified":"2025-04-07T12:01:08","modified_gmt":"2025-04-07T12:01:08","slug":"inserimento-meccanico","status":"publish","type":"page","link":"https:\/\/www.mabe-hungary.com\/hu\/gyartas\/inserimento-meccanico\/","title":{"rendered":"Mechanikus Beilleszt\u00e9s"},"content":{"rendered":"<p>A mechanikus beilleszt\u00e9s az elektromos motorok tekercsel\u00e9si folyamat\u00e1nak alapvet\u0151 f\u00e1zisa, amely sor\u00e1n a r\u00e9zhuzalt pontosan behelyezik az \u00e1ll\u00f3r\u00e9sz vagy a forg\u00f3r\u00e9sz horny\u00e1ba.<br \/>\nA gy\u00e1rt\u00e1s az \u00fcgyf\u00e9l specifik\u00e1ci\u00f3i szerint t\u00f6rt\u00e9nik, a legmodernebb automata \u00e9s transzfer behelyez\u00e9si technol\u00f3gi\u00e1kkal.<br \/>\nAz \u00fcgyf\u00e9l ig\u00e9nyeit\u0151l f\u00fcgg\u0151en k\u00f6zvetlen\u00fcl megv\u00e1s\u00e1roljuk a r\u00e9zhuzalt, vagy b\u00e9rmunk\u00e1ban dolgozzuk fel.<\/p>\n<p><strong>A mechanikus beilleszt\u00e9s f\u0151bb l\u00e9p\u00e9sei:<\/strong><\/p>\n<ul>\n<li>Tekercsek el\u0151k\u00e9sz\u00edt\u00e9se \u2013 A tekercsek kialak\u00edt\u00e1sa \u00e9s el\u0151zetes elrendez\u00e9se a k\u00f6nnyebb behelyez\u00e9s \u00e9rdek\u00e9ben.<\/li>\n<li>Hornyok szigetel\u00e9s\u00e9nek ellen\u0151rz\u00e9se \u2013 Az szigetel\u0151r\u00e9teg megfelel\u0151 elhelyez\u00e9s\u00e9nek ellen\u0151rz\u00e9se a s\u00e9r\u00fcl\u00e9sek elker\u00fcl\u00e9se \u00e9rdek\u00e9ben.<\/li>\n<li>Mechanikus beilleszt\u00e9s \u2013 A tekercsek pontos behelyez\u00e9se automata vagy f\u00e9lautomata g\u00e9pekkel.<\/li>\n<li>Igaz\u00edt\u00e1s \u00e9s r\u00f6gz\u00edt\u00e9s \u2013 A tekercsek v\u00e9gleges pozicion\u00e1l\u00e1sa \u00e9s sz\u00fcks\u00e9g eset\u00e9n r\u00f6gz\u00edt\u00e9se.<\/li>\n<li>Min\u0151s\u00e9gellen\u0151rz\u00e9s \u2013 Behelyez\u00e9s ut\u00e1ni vizsg\u00e1lat annak biztos\u00edt\u00e1s\u00e1ra, hogy a tekercsek stabilak \u00e9s s\u00e9r\u00fcl\u00e9smentesek legyenek.<\/li>\n<\/ul>\n<div class=\"gallery-imgs gal-188191 row\">\r\n            <div class=\"gallery-item col-sm-6 col-lg-3\">\r\n                    <a href=\"https:\/\/www.mabe-hungary.com\/wp-content\/uploads\/2025\/02\/DSC00214sm.jpg\">\r\n                        <img decoding=\"async\" src=\"https:\/\/www.mabe-hungary.com\/wp-content\/uploads\/2025\/02\/DSC00214sm.jpg\" alt=\"\" class=\"img-fluid\">\r\n\t\t\t\t\t\t\t\t\r\n                    <\/a>\r\n            <\/div>\r\n            <div class=\"gallery-item col-sm-6 col-lg-3\">\r\n                    <a href=\"https:\/\/www.mabe-hungary.com\/wp-content\/uploads\/2025\/02\/DSC00224sm.jpg\">\r\n                        <img decoding=\"async\" src=\"https:\/\/www.mabe-hungary.com\/wp-content\/uploads\/2025\/02\/DSC00224sm.jpg\" alt=\"\" class=\"img-fluid\">\r\n\t\t\t\t\t\t\t\t\r\n                    <\/a>\r\n            <\/div>\r\n            <div class=\"gallery-item col-sm-6 col-lg-3\">\r\n                    <a href=\"https:\/\/www.mabe-hungary.com\/wp-content\/uploads\/2025\/02\/DSC00343sm.jpg\">\r\n                        <img decoding=\"async\" src=\"https:\/\/www.mabe-hungary.com\/wp-content\/uploads\/2025\/02\/DSC00343sm.jpg\" alt=\"\" class=\"img-fluid\">\r\n\t\t\t\t\t\t\t\t\r\n                    <\/a>\r\n            <\/div>\r\n            <div class=\"gallery-item col-sm-6 col-lg-3\">\r\n                    <a href=\"https:\/\/www.mabe-hungary.com\/wp-content\/uploads\/2025\/02\/DSC00368sm.jpg\">\r\n                        <img decoding=\"async\" src=\"https:\/\/www.mabe-hungary.com\/wp-content\/uploads\/2025\/02\/DSC00368sm.jpg\" alt=\"\" class=\"img-fluid\">\r\n\t\t\t\t\t\t\t\t\r\n                    <\/a>\r\n            <\/div><\/div>\n","protected":false},"excerpt":{"rendered":"<p>A gy\u00e1rt\u00e1s az \u00fcgyf\u00e9l specifik\u00e1ci\u00f3i szerint t\u00f6rt\u00e9nik, a legmodernebb automata \u00e9s transzfer beilleszt\u00e9si technol\u00f3gi\u00e1kkal.<br \/>\nAz \u00fcgyf\u00e9l ig\u00e9nyeit\u0151l f\u00fcgg\u0151en k\u00f6zvetlen\u00fcl megv\u00e1s\u00e1roljuk a r\u00e9zhuzalt, vagy b\u00e9rmunk\u00e1ban dolgozzuk fel.<\/p>\n","protected":false},"author":2,"featured_media":390,"parent":340,"menu_order":0,"comment_status":"closed","ping_status":"closed","template":"","meta":{"footnotes":""},"categories":[28],"class_list":["post-494","page","type-page","status-publish","has-post-thumbnail","hentry","category-featured-1-hu"],"yoast_head":"<!-- This site is optimized with the Yoast SEO plugin v26.6 - https:\/\/yoast.com\/wordpress\/plugins\/seo\/ -->\n<title>Prec\u00edz Automata Huzal Beilleszt\u00e9s Motorokba | MABE Hungary<\/title>\n<meta name=\"description\" content=\"Modern automata \u00e9s transzfer g\u00e9pekkel v\u00e9gezz\u00fck a r\u00e9zhuzal pontos mechanikus beilleszt\u00e9s\u00e9t villanymotorokba. Min\u0151s\u00e9gi tekercsel\u00e9s az \u00d6n ig\u00e9nyei szerint.\" \/>\n<meta name=\"robots\" content=\"index, follow, max-snippet:-1, max-image-preview:large, max-video-preview:-1\" \/>\n<link rel=\"canonical\" href=\"https:\/\/www.mabe-hungary.com\/hu\/gyartas\/inserimento-meccanico\/\" \/>\n<meta property=\"og:locale\" content=\"hu_HU\" \/>\n<meta property=\"og:type\" content=\"article\" \/>\n<meta property=\"og:title\" content=\"Prec\u00edz Automata Huzal Beilleszt\u00e9s Motorokba | MABE Hungary\" \/>\n<meta property=\"og:description\" content=\"Modern automata \u00e9s transzfer g\u00e9pekkel v\u00e9gezz\u00fck a r\u00e9zhuzal pontos mechanikus beilleszt\u00e9s\u00e9t villanymotorokba. Min\u0151s\u00e9gi tekercsel\u00e9s az \u00d6n ig\u00e9nyei szerint.\" \/>\n<meta property=\"og:url\" content=\"https:\/\/www.mabe-hungary.com\/hu\/gyartas\/inserimento-meccanico\/\" \/>\n<meta property=\"og:site_name\" content=\"Szak\u00e9rtelem \u00e9s tapasztalat a villanymotorok tekercsel\u00e9s\u00e9ben | MABE Hungary Kft.\" \/>\n<meta property=\"article:modified_time\" content=\"2025-04-07T12:01:08+00:00\" \/>\n<meta property=\"og:image\" content=\"https:\/\/www.mabe-hungary.com\/wp-content\/uploads\/2025\/02\/DSC00368sm.jpg\" \/>\n\t<meta property=\"og:image:width\" content=\"1920\" \/>\n\t<meta property=\"og:image:height\" content=\"1280\" \/>\n\t<meta property=\"og:image:type\" content=\"image\/jpeg\" \/>\n<meta name=\"twitter:card\" content=\"summary_large_image\" \/>\n<meta name=\"twitter:label1\" content=\"Becs\u00fclt olvas\u00e1si id\u0151\" \/>\n\t<meta name=\"twitter:data1\" content=\"1 perc\" \/>\n<script type=\"application\/ld+json\" class=\"yoast-schema-graph\">{\"@context\":\"https:\/\/schema.org\",\"@graph\":[{\"@type\":\"WebPage\",\"@id\":\"https:\/\/www.mabe-hungary.com\/hu\/gyartas\/inserimento-meccanico\/\",\"url\":\"https:\/\/www.mabe-hungary.com\/hu\/gyartas\/inserimento-meccanico\/\",\"name\":\"Prec\u00edz Automata Huzal Beilleszt\u00e9s Motorokba | MABE Hungary\",\"isPartOf\":{\"@id\":\"https:\/\/www.mabe-hungary.com\/hu\/#website\"},\"primaryImageOfPage\":{\"@id\":\"https:\/\/www.mabe-hungary.com\/hu\/gyartas\/inserimento-meccanico\/#primaryimage\"},\"image\":{\"@id\":\"https:\/\/www.mabe-hungary.com\/hu\/gyartas\/inserimento-meccanico\/#primaryimage\"},\"thumbnailUrl\":\"https:\/\/www.mabe-hungary.com\/wp-content\/uploads\/2025\/02\/DSC00368sm.jpg\",\"datePublished\":\"2025-02-10T07:33:46+00:00\",\"dateModified\":\"2025-04-07T12:01:08+00:00\",\"description\":\"Modern automata \u00e9s transzfer g\u00e9pekkel v\u00e9gezz\u00fck a r\u00e9zhuzal pontos mechanikus beilleszt\u00e9s\u00e9t villanymotorokba. Min\u0151s\u00e9gi tekercsel\u00e9s az \u00d6n ig\u00e9nyei szerint.\",\"breadcrumb\":{\"@id\":\"https:\/\/www.mabe-hungary.com\/hu\/gyartas\/inserimento-meccanico\/#breadcrumb\"},\"inLanguage\":\"hu\",\"potentialAction\":[{\"@type\":\"ReadAction\",\"target\":[\"https:\/\/www.mabe-hungary.com\/hu\/gyartas\/inserimento-meccanico\/\"]}]},{\"@type\":\"ImageObject\",\"inLanguage\":\"hu\",\"@id\":\"https:\/\/www.mabe-hungary.com\/hu\/gyartas\/inserimento-meccanico\/#primaryimage\",\"url\":\"https:\/\/www.mabe-hungary.com\/wp-content\/uploads\/2025\/02\/DSC00368sm.jpg\",\"contentUrl\":\"https:\/\/www.mabe-hungary.com\/wp-content\/uploads\/2025\/02\/DSC00368sm.jpg\",\"width\":1920,\"height\":1280},{\"@type\":\"BreadcrumbList\",\"@id\":\"https:\/\/www.mabe-hungary.com\/hu\/gyartas\/inserimento-meccanico\/#breadcrumb\",\"itemListElement\":[{\"@type\":\"ListItem\",\"position\":1,\"name\":\"Home\",\"item\":\"https:\/\/www.mabe-hungary.com\/hu\/\"},{\"@type\":\"ListItem\",\"position\":2,\"name\":\"Gy\u00e1rt\u00e1s\",\"item\":\"https:\/\/www.mabe-hungary.com\/hu\/produzione\/\"},{\"@type\":\"ListItem\",\"position\":3,\"name\":\"Mechanikus Beilleszt\u00e9s\"}]},{\"@type\":\"WebSite\",\"@id\":\"https:\/\/www.mabe-hungary.com\/hu\/#website\",\"url\":\"https:\/\/www.mabe-hungary.com\/hu\/\",\"name\":\"Mabe Hungary\",\"description\":\"\",\"publisher\":{\"@id\":\"https:\/\/www.mabe-hungary.com\/hu\/#organization\"},\"potentialAction\":[{\"@type\":\"SearchAction\",\"target\":{\"@type\":\"EntryPoint\",\"urlTemplate\":\"https:\/\/www.mabe-hungary.com\/hu\/?s={search_term_string}\"},\"query-input\":{\"@type\":\"PropertyValueSpecification\",\"valueRequired\":true,\"valueName\":\"search_term_string\"}}],\"inLanguage\":\"hu\"},{\"@type\":\"Organization\",\"@id\":\"https:\/\/www.mabe-hungary.com\/hu\/#organization\",\"name\":\"Mabe Hungary\",\"url\":\"https:\/\/www.mabe-hungary.com\/hu\/\",\"logo\":{\"@type\":\"ImageObject\",\"inLanguage\":\"hu\",\"@id\":\"https:\/\/www.mabe-hungary.com\/hu\/#\/schema\/logo\/image\/\",\"url\":\"https:\/\/www.mabe-hungary.com\/wp-content\/uploads\/2025\/03\/mabe_hungary_logo.webp\",\"contentUrl\":\"https:\/\/www.mabe-hungary.com\/wp-content\/uploads\/2025\/03\/mabe_hungary_logo.webp\",\"width\":494,\"height\":176,\"caption\":\"Mabe Hungary\"},\"image\":{\"@id\":\"https:\/\/www.mabe-hungary.com\/hu\/#\/schema\/logo\/image\/\"}}]}<\/script>\n<!-- \/ Yoast SEO plugin. -->","yoast_head_json":{"title":"Prec\u00edz Automata Huzal Beilleszt\u00e9s Motorokba | MABE Hungary","description":"Modern automata \u00e9s transzfer g\u00e9pekkel v\u00e9gezz\u00fck a r\u00e9zhuzal pontos mechanikus beilleszt\u00e9s\u00e9t villanymotorokba. Min\u0151s\u00e9gi tekercsel\u00e9s az \u00d6n ig\u00e9nyei szerint.","robots":{"index":"index","follow":"follow","max-snippet":"max-snippet:-1","max-image-preview":"max-image-preview:large","max-video-preview":"max-video-preview:-1"},"canonical":"https:\/\/www.mabe-hungary.com\/hu\/gyartas\/inserimento-meccanico\/","og_locale":"hu_HU","og_type":"article","og_title":"Prec\u00edz Automata Huzal Beilleszt\u00e9s Motorokba | MABE Hungary","og_description":"Modern automata \u00e9s transzfer g\u00e9pekkel v\u00e9gezz\u00fck a r\u00e9zhuzal pontos mechanikus beilleszt\u00e9s\u00e9t villanymotorokba. Min\u0151s\u00e9gi tekercsel\u00e9s az \u00d6n ig\u00e9nyei szerint.","og_url":"https:\/\/www.mabe-hungary.com\/hu\/gyartas\/inserimento-meccanico\/","og_site_name":"Szak\u00e9rtelem \u00e9s tapasztalat a villanymotorok tekercsel\u00e9s\u00e9ben | MABE Hungary Kft.","article_modified_time":"2025-04-07T12:01:08+00:00","og_image":[{"width":1920,"height":1280,"url":"https:\/\/www.mabe-hungary.com\/wp-content\/uploads\/2025\/02\/DSC00368sm.jpg","type":"image\/jpeg"}],"twitter_card":"summary_large_image","twitter_misc":{"Becs\u00fclt olvas\u00e1si id\u0151":"1 perc"},"schema":{"@context":"https:\/\/schema.org","@graph":[{"@type":"WebPage","@id":"https:\/\/www.mabe-hungary.com\/hu\/gyartas\/inserimento-meccanico\/","url":"https:\/\/www.mabe-hungary.com\/hu\/gyartas\/inserimento-meccanico\/","name":"Prec\u00edz Automata Huzal Beilleszt\u00e9s Motorokba | MABE Hungary","isPartOf":{"@id":"https:\/\/www.mabe-hungary.com\/hu\/#website"},"primaryImageOfPage":{"@id":"https:\/\/www.mabe-hungary.com\/hu\/gyartas\/inserimento-meccanico\/#primaryimage"},"image":{"@id":"https:\/\/www.mabe-hungary.com\/hu\/gyartas\/inserimento-meccanico\/#primaryimage"},"thumbnailUrl":"https:\/\/www.mabe-hungary.com\/wp-content\/uploads\/2025\/02\/DSC00368sm.jpg","datePublished":"2025-02-10T07:33:46+00:00","dateModified":"2025-04-07T12:01:08+00:00","description":"Modern automata \u00e9s transzfer g\u00e9pekkel v\u00e9gezz\u00fck a r\u00e9zhuzal pontos mechanikus beilleszt\u00e9s\u00e9t villanymotorokba. Min\u0151s\u00e9gi tekercsel\u00e9s az \u00d6n ig\u00e9nyei szerint.","breadcrumb":{"@id":"https:\/\/www.mabe-hungary.com\/hu\/gyartas\/inserimento-meccanico\/#breadcrumb"},"inLanguage":"hu","potentialAction":[{"@type":"ReadAction","target":["https:\/\/www.mabe-hungary.com\/hu\/gyartas\/inserimento-meccanico\/"]}]},{"@type":"ImageObject","inLanguage":"hu","@id":"https:\/\/www.mabe-hungary.com\/hu\/gyartas\/inserimento-meccanico\/#primaryimage","url":"https:\/\/www.mabe-hungary.com\/wp-content\/uploads\/2025\/02\/DSC00368sm.jpg","contentUrl":"https:\/\/www.mabe-hungary.com\/wp-content\/uploads\/2025\/02\/DSC00368sm.jpg","width":1920,"height":1280},{"@type":"BreadcrumbList","@id":"https:\/\/www.mabe-hungary.com\/hu\/gyartas\/inserimento-meccanico\/#breadcrumb","itemListElement":[{"@type":"ListItem","position":1,"name":"Home","item":"https:\/\/www.mabe-hungary.com\/hu\/"},{"@type":"ListItem","position":2,"name":"Gy\u00e1rt\u00e1s","item":"https:\/\/www.mabe-hungary.com\/hu\/produzione\/"},{"@type":"ListItem","position":3,"name":"Mechanikus Beilleszt\u00e9s"}]},{"@type":"WebSite","@id":"https:\/\/www.mabe-hungary.com\/hu\/#website","url":"https:\/\/www.mabe-hungary.com\/hu\/","name":"Mabe Hungary","description":"","publisher":{"@id":"https:\/\/www.mabe-hungary.com\/hu\/#organization"},"potentialAction":[{"@type":"SearchAction","target":{"@type":"EntryPoint","urlTemplate":"https:\/\/www.mabe-hungary.com\/hu\/?s={search_term_string}"},"query-input":{"@type":"PropertyValueSpecification","valueRequired":true,"valueName":"search_term_string"}}],"inLanguage":"hu"},{"@type":"Organization","@id":"https:\/\/www.mabe-hungary.com\/hu\/#organization","name":"Mabe Hungary","url":"https:\/\/www.mabe-hungary.com\/hu\/","logo":{"@type":"ImageObject","inLanguage":"hu","@id":"https:\/\/www.mabe-hungary.com\/hu\/#\/schema\/logo\/image\/","url":"https:\/\/www.mabe-hungary.com\/wp-content\/uploads\/2025\/03\/mabe_hungary_logo.webp","contentUrl":"https:\/\/www.mabe-hungary.com\/wp-content\/uploads\/2025\/03\/mabe_hungary_logo.webp","width":494,"height":176,"caption":"Mabe Hungary"},"image":{"@id":"https:\/\/www.mabe-hungary.com\/hu\/#\/schema\/logo\/image\/"}}]}},"_links":{"self":[{"href":"https:\/\/www.mabe-hungary.com\/hu\/wp-json\/wp\/v2\/pages\/494","targetHints":{"allow":["GET"]}}],"collection":[{"href":"https:\/\/www.mabe-hungary.com\/hu\/wp-json\/wp\/v2\/pages"}],"about":[{"href":"https:\/\/www.mabe-hungary.com\/hu\/wp-json\/wp\/v2\/types\/page"}],"author":[{"embeddable":true,"href":"https:\/\/www.mabe-hungary.com\/hu\/wp-json\/wp\/v2\/users\/2"}],"replies":[{"embeddable":true,"href":"https:\/\/www.mabe-hungary.com\/hu\/wp-json\/wp\/v2\/comments?post=494"}],"version-history":[{"count":5,"href":"https:\/\/www.mabe-hungary.com\/hu\/wp-json\/wp\/v2\/pages\/494\/revisions"}],"predecessor-version":[{"id":499,"href":"https:\/\/www.mabe-hungary.com\/hu\/wp-json\/wp\/v2\/pages\/494\/revisions\/499"}],"up":[{"embeddable":true,"href":"https:\/\/www.mabe-hungary.com\/hu\/wp-json\/wp\/v2\/pages\/340"}],"wp:featuredmedia":[{"embeddable":true,"href":"https:\/\/www.mabe-hungary.com\/hu\/wp-json\/wp\/v2\/media\/390"}],"wp:attachment":[{"href":"https:\/\/www.mabe-hungary.com\/hu\/wp-json\/wp\/v2\/media?parent=494"}],"wp:term":[{"taxonomy":"category","embeddable":true,"href":"https:\/\/www.mabe-hungary.com\/hu\/wp-json\/wp\/v2\/categories?post=494"}],"curies":[{"name":"wp","href":"https:\/\/api.w.org\/{rel}","templated":true}]}}