{"id":500,"date":"2025-02-10T07:34:01","date_gmt":"2025-02-10T07:34:01","guid":{"rendered":"https:\/\/www.mabe-hungary.com\/?page_id=500"},"modified":"2025-04-07T13:01:34","modified_gmt":"2025-04-07T13:01:34","slug":"preseles-es-kotozes","status":"publish","type":"page","link":"https:\/\/www.mabe-hungary.com\/hu\/gyartas\/preseles-es-kotozes\/","title":{"rendered":"Pr\u00e9sel\u00e9s \u00e9s K\u00f6t\u00f6z\u00e9s"},"content":{"rendered":"<p>A pr\u00e9sel\u00e9s \u00e9s k\u00f6t\u00f6z\u00e9s a villanymotor tekercsel\u00e9si folyamat\u00e1nak fontos l\u00e9p\u00e9sei, amelyek biztos\u00edtj\u00e1k a tekercsek megfelel\u0151 elhelyezked\u00e9s\u00e9t \u00e9s r\u00f6gz\u00edt\u00e9s\u00e9t a motor szerkezet\u00e9ben.<br \/>\nEzek a folyamatok hozz\u00e1j\u00e1rulnak a motor mechanikai stabilit\u00e1s\u00e1hoz, cs\u00f6kkentik a rezg\u00e9seket, \u00e9s megakad\u00e1lyozz\u00e1k a tekercsek elmozdul\u00e1s\u00e1t \u00fczemel\u00e9s k\u00f6zben.<br \/>\nC\u00e9g\u00fcnkn\u00e9l a pr\u00e9sel\u00e9s \u00e9s a k\u00f6t\u00f6z\u00e9s g\u00e9pes\u00edtve t\u00f6rt\u00e9nik, ak\u00e1r 800 mm magass\u00e1g\u00fa \u00e1ll\u00f3r\u00e9szek eset\u00e9ben is.<\/p>\n<p><strong>A pr\u00e9sel\u00e9s \u00e9s k\u00f6t\u00f6z\u00e9s f\u0151bb l\u00e9p\u00e9sei:<\/strong><\/p>\n<ul>\n<li>Tekercsek igaz\u00edt\u00e1sa \u00e9s el\u0151k\u00e9sz\u00edt\u00e9se \u2013 A tekercsek megfelel\u0151 helyzetbe \u00e1ll\u00edt\u00e1sa a stabil r\u00f6gz\u00edt\u00e9s \u00e9rdek\u00e9ben.<\/li>\n<li>Pr\u00e9sel\u00e9s \u2013 Mechanikai nyom\u00e1s alkalmaz\u00e1sa a tekercsek t\u00f6m\u00f6r\u00edt\u00e9s\u00e9re \u00e9s megfelel\u0151 form\u00e1ba alak\u00edt\u00e1s\u00e1ra.<\/li>\n<li>K\u00f6t\u00f6z\u00e9s \u2013 Speci\u00e1lis szalagok vagy fonalak haszn\u00e1lata a tekercsek r\u00f6gz\u00edt\u00e9s\u00e9re, hogy megakad\u00e1lyozz\u00e1k azok mozg\u00e1s\u00e1t.<\/li>\n<li>R\u00f6gz\u00edt\u0151anyagok alkalmaz\u00e1sa \u2013 Sz\u00fcks\u00e9g eset\u00e9n lakk vagy gyanta haszn\u00e1lata a k\u00f6t\u00f6z\u00e9s tov\u00e1bbi meger\u0151s\u00edt\u00e9s\u00e9re.<\/li>\n<li>V\u00e9gs\u0151 ellen\u0151rz\u00e9s \u2013 A pr\u00e9sel\u00e9s \u00e9s k\u00f6t\u00f6z\u00e9s min\u0151s\u00e9g\u00e9nek ellen\u0151rz\u00e9se, biztos\u00edtva a megfelel\u0151 mechanikai stabilit\u00e1st<\/li>\n<\/ul>\n<div class=\"gallery-imgs gal-279282 row\">\r\n            <div class=\"gallery-item col-sm-6 col-lg-3\">\r\n                    <a href=\"https:\/\/www.mabe-hungary.com\/wp-content\/uploads\/2025\/02\/IMG_5283.jpeg\">\r\n                        <img decoding=\"async\" src=\"https:\/\/www.mabe-hungary.com\/wp-content\/uploads\/2025\/02\/IMG_5283.jpeg\" alt=\"\" class=\"img-fluid\">\r\n\t\t\t\t\t\t\t\t\r\n                    <\/a>\r\n            <\/div>\r\n            <div class=\"gallery-item col-sm-6 col-lg-3\">\r\n                    <a href=\"https:\/\/www.mabe-hungary.com\/wp-content\/uploads\/2025\/02\/IMG_5283sm.jpg\">\r\n                        <img decoding=\"async\" src=\"https:\/\/www.mabe-hungary.com\/wp-content\/uploads\/2025\/02\/IMG_5283sm.jpg\" alt=\"\" class=\"img-fluid\">\r\n\t\t\t\t\t\t\t\t\r\n                    <\/a>\r\n            <\/div>\r\n            <div class=\"gallery-item col-sm-6 col-lg-3\">\r\n                    <a href=\"https:\/\/www.mabe-hungary.com\/wp-content\/uploads\/2025\/02\/IMG_5284sm.jpg\">\r\n                        <img decoding=\"async\" src=\"https:\/\/www.mabe-hungary.com\/wp-content\/uploads\/2025\/02\/IMG_5284sm.jpg\" alt=\"\" class=\"img-fluid\">\r\n\t\t\t\t\t\t\t\t\r\n                    <\/a>\r\n            <\/div>\r\n            <div class=\"gallery-item col-sm-6 col-lg-3\">\r\n                    <a href=\"https:\/\/www.mabe-hungary.com\/wp-content\/uploads\/2025\/02\/IMG_5298sm.jpg\">\r\n                        <img decoding=\"async\" src=\"https:\/\/www.mabe-hungary.com\/wp-content\/uploads\/2025\/02\/IMG_5298sm.jpg\" alt=\"\" class=\"img-fluid\">\r\n\t\t\t\t\t\t\t\t\r\n                    <\/a>\r\n            <\/div><\/div>\n<p>&nbsp;<\/p>\n","protected":false},"excerpt":{"rendered":"<p>A pr\u00e9sel\u00e9s \u00e9s k\u00f6t\u00f6z\u00e9s a villanymotor tekercsel\u00e9si folyamat\u00e1nak fontos l\u00e9p\u00e9sei, amelyek biztos\u00edtj\u00e1k a tekercsek megfelel\u0151 elhelyezked\u00e9s\u00e9t \u00e9s r\u00f6gz\u00edt\u00e9s\u00e9t a motor szerkezet\u00e9ben.<br \/>\nC\u00e9g\u00fcnkn\u00e9l a pr\u00e9sel\u00e9s \u00e9s a k\u00f6t\u00f6z\u00e9s g\u00e9pes\u00edtve t\u00f6rt\u00e9nik, ak\u00e1r 800 mm magass\u00e1g\u00fa \u00e1ll\u00f3r\u00e9szek eset\u00e9ben is.<\/p>\n","protected":false},"author":2,"featured_media":378,"parent":340,"menu_order":0,"comment_status":"closed","ping_status":"closed","template":"","meta":{"footnotes":""},"categories":[],"class_list":["post-500","page","type-page","status-publish","has-post-thumbnail","hentry"],"yoast_head":"<!-- This site is optimized with the Yoast SEO plugin v26.6 - https:\/\/yoast.com\/wordpress\/plugins\/seo\/ -->\n<title>G\u00e9pes\u00edtett Pr\u00e9sel\u00e9s &amp; K\u00f6t\u00f6z\u00e9s, stabil tekercsek | MABE Hungary<\/title>\n<meta name=\"description\" content=\"Professzion\u00e1lis tekercs pr\u00e9sel\u00e9s \u00e9s k\u00f6t\u00f6z\u00e9s g\u00e9pes\u00edtve (800mm \u00e1ll\u00f3r\u00e9szig). N\u00f6velje motorja stabilit\u00e1s\u00e1t \u00e9s cs\u00f6kkentse a rezg\u00e9seket szak\u00e9rt\u0151 megold\u00e1sainkkal.\" \/>\n<meta name=\"robots\" content=\"index, follow, max-snippet:-1, max-image-preview:large, max-video-preview:-1\" \/>\n<link rel=\"canonical\" href=\"https:\/\/www.mabe-hungary.com\/hu\/gyartas\/preseles-es-kotozes\/\" \/>\n<meta property=\"og:locale\" content=\"hu_HU\" \/>\n<meta property=\"og:type\" content=\"article\" \/>\n<meta property=\"og:title\" content=\"G\u00e9pes\u00edtett Pr\u00e9sel\u00e9s &amp; K\u00f6t\u00f6z\u00e9s, stabil tekercsek | MABE Hungary\" \/>\n<meta property=\"og:description\" content=\"Professzion\u00e1lis tekercs pr\u00e9sel\u00e9s \u00e9s k\u00f6t\u00f6z\u00e9s g\u00e9pes\u00edtve (800mm \u00e1ll\u00f3r\u00e9szig). N\u00f6velje motorja stabilit\u00e1s\u00e1t \u00e9s cs\u00f6kkentse a rezg\u00e9seket szak\u00e9rt\u0151 megold\u00e1sainkkal.\" \/>\n<meta property=\"og:url\" content=\"https:\/\/www.mabe-hungary.com\/hu\/gyartas\/preseles-es-kotozes\/\" \/>\n<meta property=\"og:site_name\" content=\"Szak\u00e9rtelem \u00e9s tapasztalat a villanymotorok tekercsel\u00e9s\u00e9ben | MABE Hungary Kft.\" \/>\n<meta property=\"article:modified_time\" content=\"2025-04-07T13:01:34+00:00\" \/>\n<meta property=\"og:image\" content=\"https:\/\/www.mabe-hungary.com\/wp-content\/uploads\/2025\/02\/Isolamento1.webp\" \/>\n\t<meta property=\"og:image:width\" content=\"2000\" \/>\n\t<meta property=\"og:image:height\" content=\"1333\" \/>\n\t<meta property=\"og:image:type\" content=\"image\/webp\" \/>\n<meta name=\"twitter:card\" content=\"summary_large_image\" \/>\n<meta name=\"twitter:label1\" content=\"Becs\u00fclt olvas\u00e1si id\u0151\" \/>\n\t<meta name=\"twitter:data1\" content=\"1 perc\" \/>\n<script type=\"application\/ld+json\" class=\"yoast-schema-graph\">{\"@context\":\"https:\/\/schema.org\",\"@graph\":[{\"@type\":\"WebPage\",\"@id\":\"https:\/\/www.mabe-hungary.com\/hu\/gyartas\/preseles-es-kotozes\/\",\"url\":\"https:\/\/www.mabe-hungary.com\/hu\/gyartas\/preseles-es-kotozes\/\",\"name\":\"G\u00e9pes\u00edtett Pr\u00e9sel\u00e9s & K\u00f6t\u00f6z\u00e9s, stabil tekercsek | MABE Hungary\",\"isPartOf\":{\"@id\":\"https:\/\/www.mabe-hungary.com\/hu\/#website\"},\"primaryImageOfPage\":{\"@id\":\"https:\/\/www.mabe-hungary.com\/hu\/gyartas\/preseles-es-kotozes\/#primaryimage\"},\"image\":{\"@id\":\"https:\/\/www.mabe-hungary.com\/hu\/gyartas\/preseles-es-kotozes\/#primaryimage\"},\"thumbnailUrl\":\"https:\/\/www.mabe-hungary.com\/wp-content\/uploads\/2025\/02\/Isolamento1.webp\",\"datePublished\":\"2025-02-10T07:34:01+00:00\",\"dateModified\":\"2025-04-07T13:01:34+00:00\",\"description\":\"Professzion\u00e1lis tekercs pr\u00e9sel\u00e9s \u00e9s k\u00f6t\u00f6z\u00e9s g\u00e9pes\u00edtve (800mm \u00e1ll\u00f3r\u00e9szig). N\u00f6velje motorja stabilit\u00e1s\u00e1t \u00e9s cs\u00f6kkentse a rezg\u00e9seket szak\u00e9rt\u0151 megold\u00e1sainkkal.\",\"breadcrumb\":{\"@id\":\"https:\/\/www.mabe-hungary.com\/hu\/gyartas\/preseles-es-kotozes\/#breadcrumb\"},\"inLanguage\":\"hu\",\"potentialAction\":[{\"@type\":\"ReadAction\",\"target\":[\"https:\/\/www.mabe-hungary.com\/hu\/gyartas\/preseles-es-kotozes\/\"]}]},{\"@type\":\"ImageObject\",\"inLanguage\":\"hu\",\"@id\":\"https:\/\/www.mabe-hungary.com\/hu\/gyartas\/preseles-es-kotozes\/#primaryimage\",\"url\":\"https:\/\/www.mabe-hungary.com\/wp-content\/uploads\/2025\/02\/Isolamento1.webp\",\"contentUrl\":\"https:\/\/www.mabe-hungary.com\/wp-content\/uploads\/2025\/02\/Isolamento1.webp\",\"width\":2000,\"height\":1333},{\"@type\":\"BreadcrumbList\",\"@id\":\"https:\/\/www.mabe-hungary.com\/hu\/gyartas\/preseles-es-kotozes\/#breadcrumb\",\"itemListElement\":[{\"@type\":\"ListItem\",\"position\":1,\"name\":\"Home\",\"item\":\"https:\/\/www.mabe-hungary.com\/hu\/\"},{\"@type\":\"ListItem\",\"position\":2,\"name\":\"Gy\u00e1rt\u00e1s\",\"item\":\"https:\/\/www.mabe-hungary.com\/hu\/produzione\/\"},{\"@type\":\"ListItem\",\"position\":3,\"name\":\"Pr\u00e9sel\u00e9s \u00e9s K\u00f6t\u00f6z\u00e9s\"}]},{\"@type\":\"WebSite\",\"@id\":\"https:\/\/www.mabe-hungary.com\/hu\/#website\",\"url\":\"https:\/\/www.mabe-hungary.com\/hu\/\",\"name\":\"Mabe Hungary\",\"description\":\"\",\"publisher\":{\"@id\":\"https:\/\/www.mabe-hungary.com\/hu\/#organization\"},\"potentialAction\":[{\"@type\":\"SearchAction\",\"target\":{\"@type\":\"EntryPoint\",\"urlTemplate\":\"https:\/\/www.mabe-hungary.com\/hu\/?s={search_term_string}\"},\"query-input\":{\"@type\":\"PropertyValueSpecification\",\"valueRequired\":true,\"valueName\":\"search_term_string\"}}],\"inLanguage\":\"hu\"},{\"@type\":\"Organization\",\"@id\":\"https:\/\/www.mabe-hungary.com\/hu\/#organization\",\"name\":\"Mabe Hungary\",\"url\":\"https:\/\/www.mabe-hungary.com\/hu\/\",\"logo\":{\"@type\":\"ImageObject\",\"inLanguage\":\"hu\",\"@id\":\"https:\/\/www.mabe-hungary.com\/hu\/#\/schema\/logo\/image\/\",\"url\":\"https:\/\/www.mabe-hungary.com\/wp-content\/uploads\/2025\/03\/mabe_hungary_logo.webp\",\"contentUrl\":\"https:\/\/www.mabe-hungary.com\/wp-content\/uploads\/2025\/03\/mabe_hungary_logo.webp\",\"width\":494,\"height\":176,\"caption\":\"Mabe Hungary\"},\"image\":{\"@id\":\"https:\/\/www.mabe-hungary.com\/hu\/#\/schema\/logo\/image\/\"}}]}<\/script>\n<!-- \/ Yoast SEO plugin. -->","yoast_head_json":{"title":"G\u00e9pes\u00edtett Pr\u00e9sel\u00e9s & K\u00f6t\u00f6z\u00e9s, stabil tekercsek | MABE Hungary","description":"Professzion\u00e1lis tekercs pr\u00e9sel\u00e9s \u00e9s k\u00f6t\u00f6z\u00e9s g\u00e9pes\u00edtve (800mm \u00e1ll\u00f3r\u00e9szig). N\u00f6velje motorja stabilit\u00e1s\u00e1t \u00e9s cs\u00f6kkentse a rezg\u00e9seket szak\u00e9rt\u0151 megold\u00e1sainkkal.","robots":{"index":"index","follow":"follow","max-snippet":"max-snippet:-1","max-image-preview":"max-image-preview:large","max-video-preview":"max-video-preview:-1"},"canonical":"https:\/\/www.mabe-hungary.com\/hu\/gyartas\/preseles-es-kotozes\/","og_locale":"hu_HU","og_type":"article","og_title":"G\u00e9pes\u00edtett Pr\u00e9sel\u00e9s & K\u00f6t\u00f6z\u00e9s, stabil tekercsek | MABE Hungary","og_description":"Professzion\u00e1lis tekercs pr\u00e9sel\u00e9s \u00e9s k\u00f6t\u00f6z\u00e9s g\u00e9pes\u00edtve (800mm \u00e1ll\u00f3r\u00e9szig). N\u00f6velje motorja stabilit\u00e1s\u00e1t \u00e9s cs\u00f6kkentse a rezg\u00e9seket szak\u00e9rt\u0151 megold\u00e1sainkkal.","og_url":"https:\/\/www.mabe-hungary.com\/hu\/gyartas\/preseles-es-kotozes\/","og_site_name":"Szak\u00e9rtelem \u00e9s tapasztalat a villanymotorok tekercsel\u00e9s\u00e9ben | MABE Hungary Kft.","article_modified_time":"2025-04-07T13:01:34+00:00","og_image":[{"width":2000,"height":1333,"url":"https:\/\/www.mabe-hungary.com\/wp-content\/uploads\/2025\/02\/Isolamento1.webp","type":"image\/webp"}],"twitter_card":"summary_large_image","twitter_misc":{"Becs\u00fclt olvas\u00e1si id\u0151":"1 perc"},"schema":{"@context":"https:\/\/schema.org","@graph":[{"@type":"WebPage","@id":"https:\/\/www.mabe-hungary.com\/hu\/gyartas\/preseles-es-kotozes\/","url":"https:\/\/www.mabe-hungary.com\/hu\/gyartas\/preseles-es-kotozes\/","name":"G\u00e9pes\u00edtett Pr\u00e9sel\u00e9s & K\u00f6t\u00f6z\u00e9s, stabil tekercsek | MABE Hungary","isPartOf":{"@id":"https:\/\/www.mabe-hungary.com\/hu\/#website"},"primaryImageOfPage":{"@id":"https:\/\/www.mabe-hungary.com\/hu\/gyartas\/preseles-es-kotozes\/#primaryimage"},"image":{"@id":"https:\/\/www.mabe-hungary.com\/hu\/gyartas\/preseles-es-kotozes\/#primaryimage"},"thumbnailUrl":"https:\/\/www.mabe-hungary.com\/wp-content\/uploads\/2025\/02\/Isolamento1.webp","datePublished":"2025-02-10T07:34:01+00:00","dateModified":"2025-04-07T13:01:34+00:00","description":"Professzion\u00e1lis tekercs pr\u00e9sel\u00e9s \u00e9s k\u00f6t\u00f6z\u00e9s g\u00e9pes\u00edtve (800mm \u00e1ll\u00f3r\u00e9szig). N\u00f6velje motorja stabilit\u00e1s\u00e1t \u00e9s cs\u00f6kkentse a rezg\u00e9seket szak\u00e9rt\u0151 megold\u00e1sainkkal.","breadcrumb":{"@id":"https:\/\/www.mabe-hungary.com\/hu\/gyartas\/preseles-es-kotozes\/#breadcrumb"},"inLanguage":"hu","potentialAction":[{"@type":"ReadAction","target":["https:\/\/www.mabe-hungary.com\/hu\/gyartas\/preseles-es-kotozes\/"]}]},{"@type":"ImageObject","inLanguage":"hu","@id":"https:\/\/www.mabe-hungary.com\/hu\/gyartas\/preseles-es-kotozes\/#primaryimage","url":"https:\/\/www.mabe-hungary.com\/wp-content\/uploads\/2025\/02\/Isolamento1.webp","contentUrl":"https:\/\/www.mabe-hungary.com\/wp-content\/uploads\/2025\/02\/Isolamento1.webp","width":2000,"height":1333},{"@type":"BreadcrumbList","@id":"https:\/\/www.mabe-hungary.com\/hu\/gyartas\/preseles-es-kotozes\/#breadcrumb","itemListElement":[{"@type":"ListItem","position":1,"name":"Home","item":"https:\/\/www.mabe-hungary.com\/hu\/"},{"@type":"ListItem","position":2,"name":"Gy\u00e1rt\u00e1s","item":"https:\/\/www.mabe-hungary.com\/hu\/produzione\/"},{"@type":"ListItem","position":3,"name":"Pr\u00e9sel\u00e9s \u00e9s K\u00f6t\u00f6z\u00e9s"}]},{"@type":"WebSite","@id":"https:\/\/www.mabe-hungary.com\/hu\/#website","url":"https:\/\/www.mabe-hungary.com\/hu\/","name":"Mabe Hungary","description":"","publisher":{"@id":"https:\/\/www.mabe-hungary.com\/hu\/#organization"},"potentialAction":[{"@type":"SearchAction","target":{"@type":"EntryPoint","urlTemplate":"https:\/\/www.mabe-hungary.com\/hu\/?s={search_term_string}"},"query-input":{"@type":"PropertyValueSpecification","valueRequired":true,"valueName":"search_term_string"}}],"inLanguage":"hu"},{"@type":"Organization","@id":"https:\/\/www.mabe-hungary.com\/hu\/#organization","name":"Mabe Hungary","url":"https:\/\/www.mabe-hungary.com\/hu\/","logo":{"@type":"ImageObject","inLanguage":"hu","@id":"https:\/\/www.mabe-hungary.com\/hu\/#\/schema\/logo\/image\/","url":"https:\/\/www.mabe-hungary.com\/wp-content\/uploads\/2025\/03\/mabe_hungary_logo.webp","contentUrl":"https:\/\/www.mabe-hungary.com\/wp-content\/uploads\/2025\/03\/mabe_hungary_logo.webp","width":494,"height":176,"caption":"Mabe Hungary"},"image":{"@id":"https:\/\/www.mabe-hungary.com\/hu\/#\/schema\/logo\/image\/"}}]}},"_links":{"self":[{"href":"https:\/\/www.mabe-hungary.com\/hu\/wp-json\/wp\/v2\/pages\/500","targetHints":{"allow":["GET"]}}],"collection":[{"href":"https:\/\/www.mabe-hungary.com\/hu\/wp-json\/wp\/v2\/pages"}],"about":[{"href":"https:\/\/www.mabe-hungary.com\/hu\/wp-json\/wp\/v2\/types\/page"}],"author":[{"embeddable":true,"href":"https:\/\/www.mabe-hungary.com\/hu\/wp-json\/wp\/v2\/users\/2"}],"replies":[{"embeddable":true,"href":"https:\/\/www.mabe-hungary.com\/hu\/wp-json\/wp\/v2\/comments?post=500"}],"version-history":[{"count":3,"href":"https:\/\/www.mabe-hungary.com\/hu\/wp-json\/wp\/v2\/pages\/500\/revisions"}],"predecessor-version":[{"id":503,"href":"https:\/\/www.mabe-hungary.com\/hu\/wp-json\/wp\/v2\/pages\/500\/revisions\/503"}],"up":[{"embeddable":true,"href":"https:\/\/www.mabe-hungary.com\/hu\/wp-json\/wp\/v2\/pages\/340"}],"wp:featuredmedia":[{"embeddable":true,"href":"https:\/\/www.mabe-hungary.com\/hu\/wp-json\/wp\/v2\/media\/378"}],"wp:attachment":[{"href":"https:\/\/www.mabe-hungary.com\/hu\/wp-json\/wp\/v2\/media?parent=500"}],"wp:term":[{"taxonomy":"category","embeddable":true,"href":"https:\/\/www.mabe-hungary.com\/hu\/wp-json\/wp\/v2\/categories?post=500"}],"curies":[{"name":"wp","href":"https:\/\/api.w.org\/{rel}","templated":true}]}}