{"id":504,"date":"2025-02-10T07:34:34","date_gmt":"2025-02-10T07:34:34","guid":{"rendered":"https:\/\/www.mabe-hungary.com\/?page_id=504"},"modified":"2025-04-07T16:33:49","modified_gmt":"2025-04-07T16:33:49","slug":"teszteles","status":"publish","type":"page","link":"https:\/\/www.mabe-hungary.com\/hu\/gyartas\/teszteles\/","title":{"rendered":"Tesztel\u00e9s &#8211; Ellen\u0151rz\u00e9s"},"content":{"rendered":"<p>A tesztel\u00e9s a villanymotor tekercsel\u00e9si folyamat\u00e1nak egyik elengedhetetlen l\u00e9p\u00e9se, amely biztos\u00edtja, hogy az elk\u00e9sz\u00fclt motor megfeleljen az el\u0151\u00edrt m\u0171szaki k\u00f6vetelm\u00e9nyeknek.<br \/>\nA tesztel\u00e9s c\u00e9lja az esetleges hib\u00e1k kisz\u0171r\u00e9se, a tekercsek elektromos szigetel\u00e9s\u00e9nek, ellen\u00e1ll\u00e1s\u00e1nak \u00e9s teljes\u00edtm\u00e9ny\u00e9nek ellen\u0151rz\u00e9se, valamint a motor biztons\u00e1gos m\u0171k\u00f6d\u00e9s\u00e9nek garant\u00e1l\u00e1sa.<\/p>\n<p><strong>A vizsg\u00e1lati folyamat f\u0151bb l\u00e9p\u00e9sei:<\/strong><\/p>\n<ul>\n<li>Tekercsel\u00e9s ohmos ellen\u00e1ll\u00e1s\u00e1nak m\u00e9r\u00e9se (h\u0151m\u00e9rs\u00e9klet-kompenz\u00e1ci\u00f3val)<\/li>\n<li>Dielektromos szil\u00e1rds\u00e1gi tesztek<\/li>\n<li>Impulzuspr\u00f3b\u00e1k (Surge Test)<\/li>\n<li>Polarit\u00e1svizsg\u00e1latok<\/li>\n<li>Forg\u00e1sir\u00e1ny ellen\u0151rz\u00e9se<\/li>\n<li>R\u00e9szkis\u00fcl\u00e9s m\u00e9r\u00e9se dielektromos szil\u00e1rds\u00e1gi teszt sor\u00e1n<\/li>\n<li>R\u00e9szkis\u00fcl\u00e9s m\u00e9r\u00e9se impulzuspr\u00f3ba sor\u00e1n<\/li>\n<li>PDIV teszt (Partial Discharge Inception Voltage \u2013 r\u00e9szleges kis\u00fcl\u00e9si fesz\u00fclts\u00e9g)<\/li>\n<li>Szigetel\u00e9si ellen\u00e1ll\u00e1s m\u00e9r\u00e9se<\/li>\n<\/ul>\n<p>Ezt k\u00f6vet\u0151en az eg\u00e9sz tekercsel\u00e9s vizu\u00e1lis ellen\u0151rz\u00e9se t\u00f6rt\u00e9nik, majd a fejr\u00e9szek, a hosszak \u00e9s a m\u00e9retek m\u00e9r\u00e9se az el\u0151\u00edrt specifik\u00e1ci\u00f3k szerint.<\/p>\n<div class=\"gallery-imgs gal-134137 row\">\r\n            <div class=\"gallery-item col-sm-6 col-lg-3\">\r\n                    <a href=\"https:\/\/www.mabe-hungary.com\/wp-content\/uploads\/2025\/02\/DSC00274sm-1.jpg\">\r\n                        <img decoding=\"async\" src=\"https:\/\/www.mabe-hungary.com\/wp-content\/uploads\/2025\/02\/DSC00274sm-1.jpg\" alt=\"\" class=\"img-fluid\">\r\n\t\t\t\t\t\t\t\t\r\n                    <\/a>\r\n            <\/div>\r\n            <div class=\"gallery-item col-sm-6 col-lg-3\">\r\n                    <a href=\"https:\/\/www.mabe-hungary.com\/wp-content\/uploads\/2025\/02\/DSC00294sm-1.jpg\">\r\n                        <img decoding=\"async\" src=\"https:\/\/www.mabe-hungary.com\/wp-content\/uploads\/2025\/02\/DSC00294sm-1.jpg\" alt=\"\" class=\"img-fluid\">\r\n\t\t\t\t\t\t\t\t\r\n                    <\/a>\r\n            <\/div>\r\n            <div class=\"gallery-item col-sm-6 col-lg-3\">\r\n                    <a href=\"https:\/\/www.mabe-hungary.com\/wp-content\/uploads\/2025\/02\/DSC00303sm-1.jpg\">\r\n                        <img decoding=\"async\" src=\"https:\/\/www.mabe-hungary.com\/wp-content\/uploads\/2025\/02\/DSC00303sm-1.jpg\" alt=\"\" class=\"img-fluid\">\r\n\t\t\t\t\t\t\t\t\r\n                    <\/a>\r\n            <\/div>\r\n            <div class=\"gallery-item col-sm-6 col-lg-3\">\r\n                    <a href=\"https:\/\/www.mabe-hungary.com\/wp-content\/uploads\/2025\/02\/DSC00288sm.jpg\">\r\n                        <img decoding=\"async\" src=\"https:\/\/www.mabe-hungary.com\/wp-content\/uploads\/2025\/02\/DSC00288sm.jpg\" alt=\"\" class=\"img-fluid\">\r\n\t\t\t\t\t\t\t\t\r\n                    <\/a>\r\n            <\/div><\/div>\n<p>&nbsp;<\/p>\n","protected":false},"excerpt":{"rendered":"<p>A tesztel\u00e9s a villanymotor tekercsel\u00e9si folyamat\u00e1nak egyik elengedhetetlen l\u00e9p\u00e9se, amely biztos\u00edtja, hogy az elk\u00e9sz\u00fclt motor megfeleljen az el\u0151\u00edrt m\u0171szaki k\u00f6vetelm\u00e9nyeknek. A tesztel\u00e9s c\u00e9lja az esetleges hib\u00e1k kisz\u0171r\u00e9se, a tekercsek elektromos szigetel\u00e9s\u00e9nek, ellen\u00e1ll\u00e1s\u00e1nak \u00e9s teljes\u00edtm\u00e9ny\u00e9nek ellen\u0151rz\u00e9se, valamint a motor biztons\u00e1gos m\u0171k\u00f6d\u00e9s\u00e9nek garant\u00e1l\u00e1sa. A vizsg\u00e1lati folyamat f\u0151bb l\u00e9p\u00e9sei: Tekercsel\u00e9s ohmos ellen\u00e1ll\u00e1s\u00e1nak m\u00e9r\u00e9se (h\u0151m\u00e9rs\u00e9klet-kompenz\u00e1ci\u00f3val) Dielektromos szil\u00e1rds\u00e1gi tesztek Impulzuspr\u00f3b\u00e1k [&hellip;]<\/p>\n","protected":false},"author":2,"featured_media":415,"parent":340,"menu_order":0,"comment_status":"closed","ping_status":"closed","template":"","meta":{"footnotes":""},"categories":[],"class_list":["post-504","page","type-page","status-publish","has-post-thumbnail","hentry"],"yoast_head":"<!-- This site is optimized with the Yoast SEO plugin v26.6 - https:\/\/yoast.com\/wordpress\/plugins\/seo\/ -->\n<title>Villanymotor Tesztel\u00e9s &amp; Min\u0151s\u00e9gellen\u0151rz\u00e9s | MABE Hungary<\/title>\n<meta name=\"description\" content=\"Teljes motor vizsg\u00e1lati folyamat a min\u0151s\u00e9g\u00e9rt: ohmos ellen\u00e1ll\u00e1s, szigetel\u00e9s, impulzuspr\u00f3ba, PDIV. Biztons\u00e1gos \u00e9s megb\u00edzhat\u00f3 motorok. MABE Hungary\" \/>\n<meta name=\"robots\" content=\"index, follow, max-snippet:-1, max-image-preview:large, max-video-preview:-1\" \/>\n<link rel=\"canonical\" href=\"https:\/\/www.mabe-hungary.com\/hu\/gyartas\/teszteles\/\" \/>\n<meta property=\"og:locale\" content=\"hu_HU\" \/>\n<meta property=\"og:type\" content=\"article\" \/>\n<meta property=\"og:title\" content=\"Villanymotor Tesztel\u00e9s &amp; Min\u0151s\u00e9gellen\u0151rz\u00e9s | MABE Hungary\" \/>\n<meta property=\"og:description\" content=\"Teljes motor vizsg\u00e1lati folyamat a min\u0151s\u00e9g\u00e9rt: ohmos ellen\u00e1ll\u00e1s, szigetel\u00e9s, impulzuspr\u00f3ba, PDIV. Biztons\u00e1gos \u00e9s megb\u00edzhat\u00f3 motorok. MABE Hungary\" \/>\n<meta property=\"og:url\" content=\"https:\/\/www.mabe-hungary.com\/hu\/gyartas\/teszteles\/\" \/>\n<meta property=\"og:site_name\" content=\"Szak\u00e9rtelem \u00e9s tapasztalat a villanymotorok tekercsel\u00e9s\u00e9ben | MABE Hungary Kft.\" \/>\n<meta property=\"article:modified_time\" content=\"2025-04-07T16:33:49+00:00\" \/>\n<meta property=\"og:image\" content=\"https:\/\/www.mabe-hungary.com\/wp-content\/uploads\/2025\/02\/DSC00303sm-1.jpg\" \/>\n\t<meta property=\"og:image:width\" content=\"1920\" \/>\n\t<meta property=\"og:image:height\" content=\"1280\" \/>\n\t<meta property=\"og:image:type\" content=\"image\/jpeg\" \/>\n<meta name=\"twitter:card\" content=\"summary_large_image\" \/>\n<meta name=\"twitter:label1\" content=\"Becs\u00fclt olvas\u00e1si id\u0151\" \/>\n\t<meta name=\"twitter:data1\" content=\"1 perc\" \/>\n<script type=\"application\/ld+json\" class=\"yoast-schema-graph\">{\"@context\":\"https:\/\/schema.org\",\"@graph\":[{\"@type\":\"WebPage\",\"@id\":\"https:\/\/www.mabe-hungary.com\/hu\/gyartas\/teszteles\/\",\"url\":\"https:\/\/www.mabe-hungary.com\/hu\/gyartas\/teszteles\/\",\"name\":\"Villanymotor Tesztel\u00e9s & Min\u0151s\u00e9gellen\u0151rz\u00e9s | MABE Hungary\",\"isPartOf\":{\"@id\":\"https:\/\/www.mabe-hungary.com\/hu\/#website\"},\"primaryImageOfPage\":{\"@id\":\"https:\/\/www.mabe-hungary.com\/hu\/gyartas\/teszteles\/#primaryimage\"},\"image\":{\"@id\":\"https:\/\/www.mabe-hungary.com\/hu\/gyartas\/teszteles\/#primaryimage\"},\"thumbnailUrl\":\"https:\/\/www.mabe-hungary.com\/wp-content\/uploads\/2025\/02\/DSC00303sm-1.jpg\",\"datePublished\":\"2025-02-10T07:34:34+00:00\",\"dateModified\":\"2025-04-07T16:33:49+00:00\",\"description\":\"Teljes motor vizsg\u00e1lati folyamat a min\u0151s\u00e9g\u00e9rt: ohmos ellen\u00e1ll\u00e1s, szigetel\u00e9s, impulzuspr\u00f3ba, PDIV. Biztons\u00e1gos \u00e9s megb\u00edzhat\u00f3 motorok. MABE Hungary\",\"breadcrumb\":{\"@id\":\"https:\/\/www.mabe-hungary.com\/hu\/gyartas\/teszteles\/#breadcrumb\"},\"inLanguage\":\"hu\",\"potentialAction\":[{\"@type\":\"ReadAction\",\"target\":[\"https:\/\/www.mabe-hungary.com\/hu\/gyartas\/teszteles\/\"]}]},{\"@type\":\"ImageObject\",\"inLanguage\":\"hu\",\"@id\":\"https:\/\/www.mabe-hungary.com\/hu\/gyartas\/teszteles\/#primaryimage\",\"url\":\"https:\/\/www.mabe-hungary.com\/wp-content\/uploads\/2025\/02\/DSC00303sm-1.jpg\",\"contentUrl\":\"https:\/\/www.mabe-hungary.com\/wp-content\/uploads\/2025\/02\/DSC00303sm-1.jpg\",\"width\":1920,\"height\":1280},{\"@type\":\"BreadcrumbList\",\"@id\":\"https:\/\/www.mabe-hungary.com\/hu\/gyartas\/teszteles\/#breadcrumb\",\"itemListElement\":[{\"@type\":\"ListItem\",\"position\":1,\"name\":\"Home\",\"item\":\"https:\/\/www.mabe-hungary.com\/hu\/\"},{\"@type\":\"ListItem\",\"position\":2,\"name\":\"Gy\u00e1rt\u00e1s\",\"item\":\"https:\/\/www.mabe-hungary.com\/hu\/produzione\/\"},{\"@type\":\"ListItem\",\"position\":3,\"name\":\"Tesztel\u00e9s &#8211; Ellen\u0151rz\u00e9s\"}]},{\"@type\":\"WebSite\",\"@id\":\"https:\/\/www.mabe-hungary.com\/hu\/#website\",\"url\":\"https:\/\/www.mabe-hungary.com\/hu\/\",\"name\":\"Mabe Hungary\",\"description\":\"\",\"publisher\":{\"@id\":\"https:\/\/www.mabe-hungary.com\/hu\/#organization\"},\"potentialAction\":[{\"@type\":\"SearchAction\",\"target\":{\"@type\":\"EntryPoint\",\"urlTemplate\":\"https:\/\/www.mabe-hungary.com\/hu\/?s={search_term_string}\"},\"query-input\":{\"@type\":\"PropertyValueSpecification\",\"valueRequired\":true,\"valueName\":\"search_term_string\"}}],\"inLanguage\":\"hu\"},{\"@type\":\"Organization\",\"@id\":\"https:\/\/www.mabe-hungary.com\/hu\/#organization\",\"name\":\"Mabe Hungary\",\"url\":\"https:\/\/www.mabe-hungary.com\/hu\/\",\"logo\":{\"@type\":\"ImageObject\",\"inLanguage\":\"hu\",\"@id\":\"https:\/\/www.mabe-hungary.com\/hu\/#\/schema\/logo\/image\/\",\"url\":\"https:\/\/www.mabe-hungary.com\/wp-content\/uploads\/2025\/03\/mabe_hungary_logo.webp\",\"contentUrl\":\"https:\/\/www.mabe-hungary.com\/wp-content\/uploads\/2025\/03\/mabe_hungary_logo.webp\",\"width\":494,\"height\":176,\"caption\":\"Mabe Hungary\"},\"image\":{\"@id\":\"https:\/\/www.mabe-hungary.com\/hu\/#\/schema\/logo\/image\/\"}}]}<\/script>\n<!-- \/ Yoast SEO plugin. -->","yoast_head_json":{"title":"Villanymotor Tesztel\u00e9s & Min\u0151s\u00e9gellen\u0151rz\u00e9s | MABE Hungary","description":"Teljes motor vizsg\u00e1lati folyamat a min\u0151s\u00e9g\u00e9rt: ohmos ellen\u00e1ll\u00e1s, szigetel\u00e9s, impulzuspr\u00f3ba, PDIV. Biztons\u00e1gos \u00e9s megb\u00edzhat\u00f3 motorok. MABE Hungary","robots":{"index":"index","follow":"follow","max-snippet":"max-snippet:-1","max-image-preview":"max-image-preview:large","max-video-preview":"max-video-preview:-1"},"canonical":"https:\/\/www.mabe-hungary.com\/hu\/gyartas\/teszteles\/","og_locale":"hu_HU","og_type":"article","og_title":"Villanymotor Tesztel\u00e9s & Min\u0151s\u00e9gellen\u0151rz\u00e9s | MABE Hungary","og_description":"Teljes motor vizsg\u00e1lati folyamat a min\u0151s\u00e9g\u00e9rt: ohmos ellen\u00e1ll\u00e1s, szigetel\u00e9s, impulzuspr\u00f3ba, PDIV. Biztons\u00e1gos \u00e9s megb\u00edzhat\u00f3 motorok. MABE Hungary","og_url":"https:\/\/www.mabe-hungary.com\/hu\/gyartas\/teszteles\/","og_site_name":"Szak\u00e9rtelem \u00e9s tapasztalat a villanymotorok tekercsel\u00e9s\u00e9ben | MABE Hungary Kft.","article_modified_time":"2025-04-07T16:33:49+00:00","og_image":[{"width":1920,"height":1280,"url":"https:\/\/www.mabe-hungary.com\/wp-content\/uploads\/2025\/02\/DSC00303sm-1.jpg","type":"image\/jpeg"}],"twitter_card":"summary_large_image","twitter_misc":{"Becs\u00fclt olvas\u00e1si id\u0151":"1 perc"},"schema":{"@context":"https:\/\/schema.org","@graph":[{"@type":"WebPage","@id":"https:\/\/www.mabe-hungary.com\/hu\/gyartas\/teszteles\/","url":"https:\/\/www.mabe-hungary.com\/hu\/gyartas\/teszteles\/","name":"Villanymotor Tesztel\u00e9s & Min\u0151s\u00e9gellen\u0151rz\u00e9s | MABE Hungary","isPartOf":{"@id":"https:\/\/www.mabe-hungary.com\/hu\/#website"},"primaryImageOfPage":{"@id":"https:\/\/www.mabe-hungary.com\/hu\/gyartas\/teszteles\/#primaryimage"},"image":{"@id":"https:\/\/www.mabe-hungary.com\/hu\/gyartas\/teszteles\/#primaryimage"},"thumbnailUrl":"https:\/\/www.mabe-hungary.com\/wp-content\/uploads\/2025\/02\/DSC00303sm-1.jpg","datePublished":"2025-02-10T07:34:34+00:00","dateModified":"2025-04-07T16:33:49+00:00","description":"Teljes motor vizsg\u00e1lati folyamat a min\u0151s\u00e9g\u00e9rt: ohmos ellen\u00e1ll\u00e1s, szigetel\u00e9s, impulzuspr\u00f3ba, PDIV. Biztons\u00e1gos \u00e9s megb\u00edzhat\u00f3 motorok. MABE Hungary","breadcrumb":{"@id":"https:\/\/www.mabe-hungary.com\/hu\/gyartas\/teszteles\/#breadcrumb"},"inLanguage":"hu","potentialAction":[{"@type":"ReadAction","target":["https:\/\/www.mabe-hungary.com\/hu\/gyartas\/teszteles\/"]}]},{"@type":"ImageObject","inLanguage":"hu","@id":"https:\/\/www.mabe-hungary.com\/hu\/gyartas\/teszteles\/#primaryimage","url":"https:\/\/www.mabe-hungary.com\/wp-content\/uploads\/2025\/02\/DSC00303sm-1.jpg","contentUrl":"https:\/\/www.mabe-hungary.com\/wp-content\/uploads\/2025\/02\/DSC00303sm-1.jpg","width":1920,"height":1280},{"@type":"BreadcrumbList","@id":"https:\/\/www.mabe-hungary.com\/hu\/gyartas\/teszteles\/#breadcrumb","itemListElement":[{"@type":"ListItem","position":1,"name":"Home","item":"https:\/\/www.mabe-hungary.com\/hu\/"},{"@type":"ListItem","position":2,"name":"Gy\u00e1rt\u00e1s","item":"https:\/\/www.mabe-hungary.com\/hu\/produzione\/"},{"@type":"ListItem","position":3,"name":"Tesztel\u00e9s &#8211; Ellen\u0151rz\u00e9s"}]},{"@type":"WebSite","@id":"https:\/\/www.mabe-hungary.com\/hu\/#website","url":"https:\/\/www.mabe-hungary.com\/hu\/","name":"Mabe Hungary","description":"","publisher":{"@id":"https:\/\/www.mabe-hungary.com\/hu\/#organization"},"potentialAction":[{"@type":"SearchAction","target":{"@type":"EntryPoint","urlTemplate":"https:\/\/www.mabe-hungary.com\/hu\/?s={search_term_string}"},"query-input":{"@type":"PropertyValueSpecification","valueRequired":true,"valueName":"search_term_string"}}],"inLanguage":"hu"},{"@type":"Organization","@id":"https:\/\/www.mabe-hungary.com\/hu\/#organization","name":"Mabe Hungary","url":"https:\/\/www.mabe-hungary.com\/hu\/","logo":{"@type":"ImageObject","inLanguage":"hu","@id":"https:\/\/www.mabe-hungary.com\/hu\/#\/schema\/logo\/image\/","url":"https:\/\/www.mabe-hungary.com\/wp-content\/uploads\/2025\/03\/mabe_hungary_logo.webp","contentUrl":"https:\/\/www.mabe-hungary.com\/wp-content\/uploads\/2025\/03\/mabe_hungary_logo.webp","width":494,"height":176,"caption":"Mabe Hungary"},"image":{"@id":"https:\/\/www.mabe-hungary.com\/hu\/#\/schema\/logo\/image\/"}}]}},"_links":{"self":[{"href":"https:\/\/www.mabe-hungary.com\/hu\/wp-json\/wp\/v2\/pages\/504","targetHints":{"allow":["GET"]}}],"collection":[{"href":"https:\/\/www.mabe-hungary.com\/hu\/wp-json\/wp\/v2\/pages"}],"about":[{"href":"https:\/\/www.mabe-hungary.com\/hu\/wp-json\/wp\/v2\/types\/page"}],"author":[{"embeddable":true,"href":"https:\/\/www.mabe-hungary.com\/hu\/wp-json\/wp\/v2\/users\/2"}],"replies":[{"embeddable":true,"href":"https:\/\/www.mabe-hungary.com\/hu\/wp-json\/wp\/v2\/comments?post=504"}],"version-history":[{"count":4,"href":"https:\/\/www.mabe-hungary.com\/hu\/wp-json\/wp\/v2\/pages\/504\/revisions"}],"predecessor-version":[{"id":508,"href":"https:\/\/www.mabe-hungary.com\/hu\/wp-json\/wp\/v2\/pages\/504\/revisions\/508"}],"up":[{"embeddable":true,"href":"https:\/\/www.mabe-hungary.com\/hu\/wp-json\/wp\/v2\/pages\/340"}],"wp:featuredmedia":[{"embeddable":true,"href":"https:\/\/www.mabe-hungary.com\/hu\/wp-json\/wp\/v2\/media\/415"}],"wp:attachment":[{"href":"https:\/\/www.mabe-hungary.com\/hu\/wp-json\/wp\/v2\/media?parent=504"}],"wp:term":[{"taxonomy":"category","embeddable":true,"href":"https:\/\/www.mabe-hungary.com\/hu\/wp-json\/wp\/v2\/categories?post=504"}],"curies":[{"name":"wp","href":"https:\/\/api.w.org\/{rel}","templated":true}]}}