{"id":509,"date":"2025-02-10T07:34:48","date_gmt":"2025-02-10T07:34:48","guid":{"rendered":"https:\/\/www.mabe-hungary.com\/?page_id=509"},"modified":"2025-04-07T17:32:52","modified_gmt":"2025-04-07T17:32:52","slug":"impregnazione-ed-essicazione","status":"publish","type":"page","link":"https:\/\/www.mabe-hungary.com\/hu\/gyartas\/impregnazione-ed-essicazione\/","title":{"rendered":"Impregn\u00e1l\u00e1s \u00e9s Sz\u00e1r\u00edt\u00e1s"},"content":{"rendered":"<p>A impregn\u00e1l\u00e1s \u00e9s sz\u00e1r\u00edt\u00e1s a villanymotor tekercsel\u00e9si folyamat\u00e1nak egyik kulcsfontoss\u00e1g\u00fa l\u00e9p\u00e9se, amely biztos\u00edtja a tekercsek mechanikai stabilit\u00e1s\u00e1t, villamos szigetel\u00e9s\u00e9t \u00e9s hossz\u00fa \u00e9lettartam\u00e1t.<br \/>\nAz impregn\u00e1l\u00e1shoz egy v\u00edzb\u00e1zis\u00fa gyant\u00e1t, az Aquanel\u00ae VF111T-t haszn\u00e1ljuk. Ez egy speci\u00e1lisan kifejlesztett impregn\u00e1l\u00f3 gyanta, amely villamos berendez\u00e9sek, p\u00e9ld\u00e1ul villanymotorok \u00e9s transzform\u00e1torok tekercseinek szigetel\u00e9s\u00e9re szolg\u00e1l. Ez a lakk old\u00f3szermentes, \u00edgy k\u00f6rnyezetbar\u00e1t \u00e9s biztons\u00e1gos megold\u00e1st k\u00edn\u00e1l.<br \/>\nAz impregn\u00e1l\u00e1si folyamat tel\u00edt\u00e9ssel t\u00f6rt\u00e9nik, majd a sz\u00e1r\u00edt\u00e1si f\u00e1zis egy TECNOFIRMA automata sz\u00e1r\u00edt\u00f3kemenc\u00e9ben zajlik.<\/p>\n<p><strong>Az impregn\u00e1l\u00e1s \u00e9s sz\u00e1r\u00edt\u00e1s f\u0151bb l\u00e9p\u00e9sei:<\/strong><\/p>\n<ul>\n<li>Tekercsek el\u0151k\u00e9sz\u00edt\u00e9se \u2013 A tekercsek kialak\u00edt\u00e1sa \u00e9s el\u0151zetes elrendez\u00e9se a k\u00f6nnyebb behelyez\u00e9s \u00e9rdek\u00e9ben.<\/li>\n<li>Hornyok szigetel\u00e9s\u00e9nek ellen\u0151rz\u00e9se \u2013 Az szigetel\u0151r\u00e9teg megfelel\u0151 elhelyez\u00e9s\u00e9nek ellen\u0151rz\u00e9se a s\u00e9r\u00fcl\u00e9sek elker\u00fcl\u00e9se \u00e9rdek\u00e9ben.<\/li>\n<li>Mechanikus behelyez\u00e9s \u2013 A tekercsek pontos beilleszt\u00e9se a hornyokba automata vagy f\u00e9lautomata g\u00e9pek seg\u00edts\u00e9g\u00e9vel.<\/li>\n<li>Igaz\u00edt\u00e1s \u00e9s r\u00f6gz\u00edt\u00e9s \u2013 A tekercsek v\u00e9gleges elhelyez\u00e9se \u00e9s sz\u00fcks\u00e9g eset\u00e9n r\u00f6gz\u00edt\u00e9se.<\/li>\n<li>Min\u0151s\u00e9gellen\u0151rz\u00e9s \u2013 Behelyez\u00e9s ut\u00e1ni ellen\u0151rz\u00e9s annak biztos\u00edt\u00e1s\u00e1ra, hogy a tekercsel\u00e9s stabil \u00e9s s\u00e9r\u00fcl\u00e9smentes legyen.<\/li>\n<\/ul>\n<div class=\"gallery-imgs gal-152155 row\">\r\n            <div class=\"gallery-item col-sm-6 col-lg-3\">\r\n                    <a href=\"https:\/\/www.mabe-hungary.com\/wp-content\/uploads\/2025\/02\/DSC00599sm.jpg\">\r\n                        <img decoding=\"async\" src=\"https:\/\/www.mabe-hungary.com\/wp-content\/uploads\/2025\/02\/DSC00599sm.jpg\" alt=\"\" class=\"img-fluid\">\r\n\t\t\t\t\t\t\t\t\r\n                    <\/a>\r\n            <\/div>\r\n            <div class=\"gallery-item col-sm-6 col-lg-3\">\r\n                    <a href=\"https:\/\/www.mabe-hungary.com\/wp-content\/uploads\/2025\/02\/DSC00600sm.jpg\">\r\n                        <img decoding=\"async\" src=\"https:\/\/www.mabe-hungary.com\/wp-content\/uploads\/2025\/02\/DSC00600sm.jpg\" alt=\"\" class=\"img-fluid\">\r\n\t\t\t\t\t\t\t\t\r\n                    <\/a>\r\n            <\/div>\r\n            <div class=\"gallery-item col-sm-6 col-lg-3\">\r\n                    <a href=\"https:\/\/www.mabe-hungary.com\/wp-content\/uploads\/2025\/02\/DSC00621sm.jpg\">\r\n                        <img decoding=\"async\" src=\"https:\/\/www.mabe-hungary.com\/wp-content\/uploads\/2025\/02\/DSC00621sm.jpg\" alt=\"\" class=\"img-fluid\">\r\n\t\t\t\t\t\t\t\t\r\n                    <\/a>\r\n            <\/div>\r\n            <div class=\"gallery-item col-sm-6 col-lg-3\">\r\n                    <a href=\"https:\/\/www.mabe-hungary.com\/wp-content\/uploads\/2025\/02\/DSC00636sm.jpg\">\r\n                        <img decoding=\"async\" src=\"https:\/\/www.mabe-hungary.com\/wp-content\/uploads\/2025\/02\/DSC00636sm.jpg\" alt=\"\" class=\"img-fluid\">\r\n\t\t\t\t\t\t\t\t\r\n                    <\/a>\r\n            <\/div><\/div>\n","protected":false},"excerpt":{"rendered":"<p>A impregn\u00e1l\u00e1s \u00e9s sz\u00e1r\u00edt\u00e1s a villanymotor tekercsel\u00e9si folyamat\u00e1nak egyik kulcsfontoss\u00e1g\u00fa l\u00e9p\u00e9se, amely biztos\u00edtja a tekercsek mechanikai stabilit\u00e1s\u00e1t, villamos szigetel\u00e9s\u00e9t \u00e9s hossz\u00fa \u00e9lettartam\u00e1t. Az impregn\u00e1l\u00e1shoz egy v\u00edzb\u00e1zis\u00fa gyant\u00e1t, az Aquanel\u00ae VF111T-t haszn\u00e1ljuk. Ez egy speci\u00e1lisan kifejlesztett impregn\u00e1l\u00f3 gyanta, amely villamos berendez\u00e9sek, p\u00e9ld\u00e1ul villanymotorok \u00e9s transzform\u00e1torok tekercseinek szigetel\u00e9s\u00e9re szolg\u00e1l. Ez a lakk old\u00f3szermentes, \u00edgy k\u00f6rnyezetbar\u00e1t \u00e9s biztons\u00e1gos [&hellip;]<\/p>\n","protected":false},"author":2,"featured_media":421,"parent":340,"menu_order":0,"comment_status":"closed","ping_status":"closed","template":"","meta":{"footnotes":""},"categories":[],"class_list":["post-509","page","type-page","status-publish","has-post-thumbnail","hentry"],"yoast_head":"<!-- This site is optimized with the Yoast SEO plugin v26.6 - https:\/\/yoast.com\/wordpress\/plugins\/seo\/ -->\n<title>K\u00f6rnyezetbar\u00e1t Villanymotor Impregn\u00e1l\u00e1s | MABE Hungary<\/title>\n<meta name=\"description\" content=\"Min\u0151s\u00e9gi villanymotor tekercsel\u00e9s MABE Hungary: Ismerje meg k\u00f6rnyezetbar\u00e1t impregn\u00e1l\u00e1si \u00e9s sz\u00e1r\u00edt\u00e1si elj\u00e1r\u00e1sunkat Aquanel gyant\u00e1val a hossz\u00fa \u00e9lettartam\u00e9rt\" \/>\n<meta name=\"robots\" content=\"index, follow, max-snippet:-1, max-image-preview:large, max-video-preview:-1\" \/>\n<link rel=\"canonical\" href=\"https:\/\/www.mabe-hungary.com\/hu\/gyartas\/impregnazione-ed-essicazione\/\" \/>\n<meta property=\"og:locale\" content=\"hu_HU\" \/>\n<meta property=\"og:type\" content=\"article\" \/>\n<meta property=\"og:title\" content=\"K\u00f6rnyezetbar\u00e1t Villanymotor Impregn\u00e1l\u00e1s | MABE Hungary\" \/>\n<meta property=\"og:description\" content=\"Min\u0151s\u00e9gi villanymotor tekercsel\u00e9s MABE Hungary: Ismerje meg k\u00f6rnyezetbar\u00e1t impregn\u00e1l\u00e1si \u00e9s sz\u00e1r\u00edt\u00e1si elj\u00e1r\u00e1sunkat Aquanel gyant\u00e1val a hossz\u00fa \u00e9lettartam\u00e9rt\" \/>\n<meta property=\"og:url\" content=\"https:\/\/www.mabe-hungary.com\/hu\/gyartas\/impregnazione-ed-essicazione\/\" \/>\n<meta property=\"og:site_name\" content=\"Szak\u00e9rtelem \u00e9s tapasztalat a villanymotorok tekercsel\u00e9s\u00e9ben | MABE Hungary Kft.\" \/>\n<meta property=\"article:modified_time\" content=\"2025-04-07T17:32:52+00:00\" \/>\n<meta property=\"og:image\" content=\"https:\/\/www.mabe-hungary.com\/wp-content\/uploads\/2025\/02\/DSC00621sm.jpg\" \/>\n\t<meta property=\"og:image:width\" content=\"1920\" \/>\n\t<meta property=\"og:image:height\" content=\"1280\" \/>\n\t<meta property=\"og:image:type\" content=\"image\/jpeg\" \/>\n<meta name=\"twitter:card\" content=\"summary_large_image\" \/>\n<meta name=\"twitter:label1\" content=\"Becs\u00fclt olvas\u00e1si id\u0151\" \/>\n\t<meta name=\"twitter:data1\" content=\"1 perc\" \/>\n<script type=\"application\/ld+json\" class=\"yoast-schema-graph\">{\"@context\":\"https:\/\/schema.org\",\"@graph\":[{\"@type\":\"WebPage\",\"@id\":\"https:\/\/www.mabe-hungary.com\/hu\/gyartas\/impregnazione-ed-essicazione\/\",\"url\":\"https:\/\/www.mabe-hungary.com\/hu\/gyartas\/impregnazione-ed-essicazione\/\",\"name\":\"K\u00f6rnyezetbar\u00e1t Villanymotor Impregn\u00e1l\u00e1s | MABE Hungary\",\"isPartOf\":{\"@id\":\"https:\/\/www.mabe-hungary.com\/hu\/#website\"},\"primaryImageOfPage\":{\"@id\":\"https:\/\/www.mabe-hungary.com\/hu\/gyartas\/impregnazione-ed-essicazione\/#primaryimage\"},\"image\":{\"@id\":\"https:\/\/www.mabe-hungary.com\/hu\/gyartas\/impregnazione-ed-essicazione\/#primaryimage\"},\"thumbnailUrl\":\"https:\/\/www.mabe-hungary.com\/wp-content\/uploads\/2025\/02\/DSC00621sm.jpg\",\"datePublished\":\"2025-02-10T07:34:48+00:00\",\"dateModified\":\"2025-04-07T17:32:52+00:00\",\"description\":\"Min\u0151s\u00e9gi villanymotor tekercsel\u00e9s MABE Hungary: Ismerje meg k\u00f6rnyezetbar\u00e1t impregn\u00e1l\u00e1si \u00e9s sz\u00e1r\u00edt\u00e1si elj\u00e1r\u00e1sunkat Aquanel gyant\u00e1val a hossz\u00fa \u00e9lettartam\u00e9rt\",\"breadcrumb\":{\"@id\":\"https:\/\/www.mabe-hungary.com\/hu\/gyartas\/impregnazione-ed-essicazione\/#breadcrumb\"},\"inLanguage\":\"hu\",\"potentialAction\":[{\"@type\":\"ReadAction\",\"target\":[\"https:\/\/www.mabe-hungary.com\/hu\/gyartas\/impregnazione-ed-essicazione\/\"]}]},{\"@type\":\"ImageObject\",\"inLanguage\":\"hu\",\"@id\":\"https:\/\/www.mabe-hungary.com\/hu\/gyartas\/impregnazione-ed-essicazione\/#primaryimage\",\"url\":\"https:\/\/www.mabe-hungary.com\/wp-content\/uploads\/2025\/02\/DSC00621sm.jpg\",\"contentUrl\":\"https:\/\/www.mabe-hungary.com\/wp-content\/uploads\/2025\/02\/DSC00621sm.jpg\",\"width\":1920,\"height\":1280},{\"@type\":\"BreadcrumbList\",\"@id\":\"https:\/\/www.mabe-hungary.com\/hu\/gyartas\/impregnazione-ed-essicazione\/#breadcrumb\",\"itemListElement\":[{\"@type\":\"ListItem\",\"position\":1,\"name\":\"Home\",\"item\":\"https:\/\/www.mabe-hungary.com\/hu\/\"},{\"@type\":\"ListItem\",\"position\":2,\"name\":\"Gy\u00e1rt\u00e1s\",\"item\":\"https:\/\/www.mabe-hungary.com\/hu\/produzione\/\"},{\"@type\":\"ListItem\",\"position\":3,\"name\":\"Impregn\u00e1l\u00e1s \u00e9s Sz\u00e1r\u00edt\u00e1s\"}]},{\"@type\":\"WebSite\",\"@id\":\"https:\/\/www.mabe-hungary.com\/hu\/#website\",\"url\":\"https:\/\/www.mabe-hungary.com\/hu\/\",\"name\":\"Mabe Hungary\",\"description\":\"\",\"publisher\":{\"@id\":\"https:\/\/www.mabe-hungary.com\/hu\/#organization\"},\"potentialAction\":[{\"@type\":\"SearchAction\",\"target\":{\"@type\":\"EntryPoint\",\"urlTemplate\":\"https:\/\/www.mabe-hungary.com\/hu\/?s={search_term_string}\"},\"query-input\":{\"@type\":\"PropertyValueSpecification\",\"valueRequired\":true,\"valueName\":\"search_term_string\"}}],\"inLanguage\":\"hu\"},{\"@type\":\"Organization\",\"@id\":\"https:\/\/www.mabe-hungary.com\/hu\/#organization\",\"name\":\"Mabe Hungary\",\"url\":\"https:\/\/www.mabe-hungary.com\/hu\/\",\"logo\":{\"@type\":\"ImageObject\",\"inLanguage\":\"hu\",\"@id\":\"https:\/\/www.mabe-hungary.com\/hu\/#\/schema\/logo\/image\/\",\"url\":\"https:\/\/www.mabe-hungary.com\/wp-content\/uploads\/2025\/03\/mabe_hungary_logo.webp\",\"contentUrl\":\"https:\/\/www.mabe-hungary.com\/wp-content\/uploads\/2025\/03\/mabe_hungary_logo.webp\",\"width\":494,\"height\":176,\"caption\":\"Mabe Hungary\"},\"image\":{\"@id\":\"https:\/\/www.mabe-hungary.com\/hu\/#\/schema\/logo\/image\/\"}}]}<\/script>\n<!-- \/ Yoast SEO plugin. -->","yoast_head_json":{"title":"K\u00f6rnyezetbar\u00e1t Villanymotor Impregn\u00e1l\u00e1s | MABE Hungary","description":"Min\u0151s\u00e9gi villanymotor tekercsel\u00e9s MABE Hungary: Ismerje meg k\u00f6rnyezetbar\u00e1t impregn\u00e1l\u00e1si \u00e9s sz\u00e1r\u00edt\u00e1si elj\u00e1r\u00e1sunkat Aquanel gyant\u00e1val a hossz\u00fa \u00e9lettartam\u00e9rt","robots":{"index":"index","follow":"follow","max-snippet":"max-snippet:-1","max-image-preview":"max-image-preview:large","max-video-preview":"max-video-preview:-1"},"canonical":"https:\/\/www.mabe-hungary.com\/hu\/gyartas\/impregnazione-ed-essicazione\/","og_locale":"hu_HU","og_type":"article","og_title":"K\u00f6rnyezetbar\u00e1t Villanymotor Impregn\u00e1l\u00e1s | MABE Hungary","og_description":"Min\u0151s\u00e9gi villanymotor tekercsel\u00e9s MABE Hungary: Ismerje meg k\u00f6rnyezetbar\u00e1t impregn\u00e1l\u00e1si \u00e9s sz\u00e1r\u00edt\u00e1si elj\u00e1r\u00e1sunkat Aquanel gyant\u00e1val a hossz\u00fa \u00e9lettartam\u00e9rt","og_url":"https:\/\/www.mabe-hungary.com\/hu\/gyartas\/impregnazione-ed-essicazione\/","og_site_name":"Szak\u00e9rtelem \u00e9s tapasztalat a villanymotorok tekercsel\u00e9s\u00e9ben | MABE Hungary Kft.","article_modified_time":"2025-04-07T17:32:52+00:00","og_image":[{"width":1920,"height":1280,"url":"https:\/\/www.mabe-hungary.com\/wp-content\/uploads\/2025\/02\/DSC00621sm.jpg","type":"image\/jpeg"}],"twitter_card":"summary_large_image","twitter_misc":{"Becs\u00fclt olvas\u00e1si id\u0151":"1 perc"},"schema":{"@context":"https:\/\/schema.org","@graph":[{"@type":"WebPage","@id":"https:\/\/www.mabe-hungary.com\/hu\/gyartas\/impregnazione-ed-essicazione\/","url":"https:\/\/www.mabe-hungary.com\/hu\/gyartas\/impregnazione-ed-essicazione\/","name":"K\u00f6rnyezetbar\u00e1t Villanymotor Impregn\u00e1l\u00e1s | MABE Hungary","isPartOf":{"@id":"https:\/\/www.mabe-hungary.com\/hu\/#website"},"primaryImageOfPage":{"@id":"https:\/\/www.mabe-hungary.com\/hu\/gyartas\/impregnazione-ed-essicazione\/#primaryimage"},"image":{"@id":"https:\/\/www.mabe-hungary.com\/hu\/gyartas\/impregnazione-ed-essicazione\/#primaryimage"},"thumbnailUrl":"https:\/\/www.mabe-hungary.com\/wp-content\/uploads\/2025\/02\/DSC00621sm.jpg","datePublished":"2025-02-10T07:34:48+00:00","dateModified":"2025-04-07T17:32:52+00:00","description":"Min\u0151s\u00e9gi villanymotor tekercsel\u00e9s MABE Hungary: Ismerje meg k\u00f6rnyezetbar\u00e1t impregn\u00e1l\u00e1si \u00e9s sz\u00e1r\u00edt\u00e1si elj\u00e1r\u00e1sunkat Aquanel gyant\u00e1val a hossz\u00fa \u00e9lettartam\u00e9rt","breadcrumb":{"@id":"https:\/\/www.mabe-hungary.com\/hu\/gyartas\/impregnazione-ed-essicazione\/#breadcrumb"},"inLanguage":"hu","potentialAction":[{"@type":"ReadAction","target":["https:\/\/www.mabe-hungary.com\/hu\/gyartas\/impregnazione-ed-essicazione\/"]}]},{"@type":"ImageObject","inLanguage":"hu","@id":"https:\/\/www.mabe-hungary.com\/hu\/gyartas\/impregnazione-ed-essicazione\/#primaryimage","url":"https:\/\/www.mabe-hungary.com\/wp-content\/uploads\/2025\/02\/DSC00621sm.jpg","contentUrl":"https:\/\/www.mabe-hungary.com\/wp-content\/uploads\/2025\/02\/DSC00621sm.jpg","width":1920,"height":1280},{"@type":"BreadcrumbList","@id":"https:\/\/www.mabe-hungary.com\/hu\/gyartas\/impregnazione-ed-essicazione\/#breadcrumb","itemListElement":[{"@type":"ListItem","position":1,"name":"Home","item":"https:\/\/www.mabe-hungary.com\/hu\/"},{"@type":"ListItem","position":2,"name":"Gy\u00e1rt\u00e1s","item":"https:\/\/www.mabe-hungary.com\/hu\/produzione\/"},{"@type":"ListItem","position":3,"name":"Impregn\u00e1l\u00e1s \u00e9s Sz\u00e1r\u00edt\u00e1s"}]},{"@type":"WebSite","@id":"https:\/\/www.mabe-hungary.com\/hu\/#website","url":"https:\/\/www.mabe-hungary.com\/hu\/","name":"Mabe Hungary","description":"","publisher":{"@id":"https:\/\/www.mabe-hungary.com\/hu\/#organization"},"potentialAction":[{"@type":"SearchAction","target":{"@type":"EntryPoint","urlTemplate":"https:\/\/www.mabe-hungary.com\/hu\/?s={search_term_string}"},"query-input":{"@type":"PropertyValueSpecification","valueRequired":true,"valueName":"search_term_string"}}],"inLanguage":"hu"},{"@type":"Organization","@id":"https:\/\/www.mabe-hungary.com\/hu\/#organization","name":"Mabe Hungary","url":"https:\/\/www.mabe-hungary.com\/hu\/","logo":{"@type":"ImageObject","inLanguage":"hu","@id":"https:\/\/www.mabe-hungary.com\/hu\/#\/schema\/logo\/image\/","url":"https:\/\/www.mabe-hungary.com\/wp-content\/uploads\/2025\/03\/mabe_hungary_logo.webp","contentUrl":"https:\/\/www.mabe-hungary.com\/wp-content\/uploads\/2025\/03\/mabe_hungary_logo.webp","width":494,"height":176,"caption":"Mabe Hungary"},"image":{"@id":"https:\/\/www.mabe-hungary.com\/hu\/#\/schema\/logo\/image\/"}}]}},"_links":{"self":[{"href":"https:\/\/www.mabe-hungary.com\/hu\/wp-json\/wp\/v2\/pages\/509","targetHints":{"allow":["GET"]}}],"collection":[{"href":"https:\/\/www.mabe-hungary.com\/hu\/wp-json\/wp\/v2\/pages"}],"about":[{"href":"https:\/\/www.mabe-hungary.com\/hu\/wp-json\/wp\/v2\/types\/page"}],"author":[{"embeddable":true,"href":"https:\/\/www.mabe-hungary.com\/hu\/wp-json\/wp\/v2\/users\/2"}],"replies":[{"embeddable":true,"href":"https:\/\/www.mabe-hungary.com\/hu\/wp-json\/wp\/v2\/comments?post=509"}],"version-history":[{"count":4,"href":"https:\/\/www.mabe-hungary.com\/hu\/wp-json\/wp\/v2\/pages\/509\/revisions"}],"predecessor-version":[{"id":513,"href":"https:\/\/www.mabe-hungary.com\/hu\/wp-json\/wp\/v2\/pages\/509\/revisions\/513"}],"up":[{"embeddable":true,"href":"https:\/\/www.mabe-hungary.com\/hu\/wp-json\/wp\/v2\/pages\/340"}],"wp:featuredmedia":[{"embeddable":true,"href":"https:\/\/www.mabe-hungary.com\/hu\/wp-json\/wp\/v2\/media\/421"}],"wp:attachment":[{"href":"https:\/\/www.mabe-hungary.com\/hu\/wp-json\/wp\/v2\/media?parent=509"}],"wp:term":[{"taxonomy":"category","embeddable":true,"href":"https:\/\/www.mabe-hungary.com\/hu\/wp-json\/wp\/v2\/categories?post=509"}],"curies":[{"name":"wp","href":"https:\/\/api.w.org\/{rel}","templated":true}]}}