{"id":514,"date":"2025-02-10T07:35:14","date_gmt":"2025-02-10T07:35:14","guid":{"rendered":"https:\/\/www.mabe-hungary.com\/?page_id=514"},"modified":"2025-04-07T18:35:54","modified_gmt":"2025-04-07T18:35:54","slug":"reparto-manuale","status":"publish","type":"page","link":"https:\/\/www.mabe-hungary.com\/hu\/gyartas\/reparto-manuale\/","title":{"rendered":"K\u00e9zi Munkaf\u00e1zis"},"content":{"rendered":"<p>A k\u00e9zi munkaf\u00e1zis kulcsfontoss\u00e1g\u00fa a speci\u00e1lis vagy egyedi gy\u00e1rt\u00e1s\u00fa motorok eset\u00e9ben, ahol az automatiz\u00e1lt elj\u00e1r\u00e1sok nem biztos\u00edtan\u00e1k a sz\u00fcks\u00e9ges precizit\u00e1st \u00e9s min\u0151s\u00e9get.<br \/>\nC\u00e9g\u00fcnk a min\u0151s\u00e9g \u00e9rdek\u00e9ben rendelkezik egy k\u00e9zi beilleszt\u00e9si r\u00e9szleggel a nem szabv\u00e1nyos \u00e9s v\u00edzf\u00fcrd\u0151s tekercsek gy\u00e1rt\u00e1s\u00e1hoz, ak\u00e1r nagy m\u00e9retekben is.<\/p>\n<p><strong>A k\u00e9zi munkaf\u00e1zis f\u0151bb l\u00e9p\u00e9sei<\/strong>:<\/p>\n<ul>\n<li>Tekercsek k\u00e9zi elhelyez\u00e9se \u2013 A vezet\u00e9kek pontos elhelyez\u00e9se a megfelel\u0151 poz\u00edci\u00f3kban<\/li>\n<li>Szigetel\u0151anyagok k\u00e9zi beilleszt\u00e9se \u2013 A szigetel\u0151r\u00e9tegek prec\u00edz \u00e9s pontos alkalmaz\u00e1sa<\/li>\n<li>Be\u00e1ll\u00edt\u00e1sok \u00e9s k\u00e9zi korrekci\u00f3k \u2013 Esetleges hib\u00e1k jav\u00edt\u00e1sa \u00e9s finomhangol\u00e1s a t\u00f6k\u00e9letes illeszked\u00e9s \u00e9rdek\u00e9ben<\/li>\n<li>K\u00e9zi r\u00f6gz\u00edt\u00e9s \u00e9s k\u00f6t\u00f6z\u00e9s \u2013 A tekercsek \u00e9s egy\u00e9b alkatr\u00e9szek biztons\u00e1gos r\u00f6gz\u00edt\u00e9se a stabilit\u00e1s biztos\u00edt\u00e1sa \u00e9rdek\u00e9ben<\/li>\n<li>V\u00e9gs\u0151 k\u00e9zi ellen\u0151rz\u00e9s \u2013 A tekercsel\u00e9s vizu\u00e1lis ellen\u0151rz\u00e9se \u00e9s a min\u0151s\u00e9gi k\u00f6vetelm\u00e9nyeknek val\u00f3 megfelel\u00e9s ellen\u0151rz\u00e9se<\/li>\n<\/ul>\n<div class=\"gallery-imgs gal-206203 row\">\r\n            <div class=\"gallery-item col-sm-6 col-lg-3\">\r\n                    <a href=\"https:\/\/www.mabe-hungary.com\/wp-content\/uploads\/2025\/02\/DSC00486sm.jpg\">\r\n                        <img decoding=\"async\" src=\"https:\/\/www.mabe-hungary.com\/wp-content\/uploads\/2025\/02\/DSC00486sm.jpg\" alt=\"\" class=\"img-fluid\">\r\n\t\t\t\t\t\t\t\t\r\n                    <\/a>\r\n            <\/div>\r\n            <div class=\"gallery-item col-sm-6 col-lg-3\">\r\n                    <a href=\"https:\/\/www.mabe-hungary.com\/wp-content\/uploads\/2025\/02\/DSC00450sm.jpg\">\r\n                        <img decoding=\"async\" src=\"https:\/\/www.mabe-hungary.com\/wp-content\/uploads\/2025\/02\/DSC00450sm.jpg\" alt=\"\" class=\"img-fluid\">\r\n\t\t\t\t\t\t\t\t\r\n                    <\/a>\r\n            <\/div>\r\n            <div class=\"gallery-item col-sm-6 col-lg-3\">\r\n                    <a href=\"https:\/\/www.mabe-hungary.com\/wp-content\/uploads\/2025\/02\/DSC00554sm.jpg\">\r\n                        <img decoding=\"async\" src=\"https:\/\/www.mabe-hungary.com\/wp-content\/uploads\/2025\/02\/DSC00554sm.jpg\" alt=\"\" class=\"img-fluid\">\r\n\t\t\t\t\t\t\t\t\r\n                    <\/a>\r\n            <\/div>\r\n            <div class=\"gallery-item col-sm-6 col-lg-3\">\r\n                    <a href=\"https:\/\/www.mabe-hungary.com\/wp-content\/uploads\/2025\/02\/DSC00522sm.jpg\">\r\n                        <img decoding=\"async\" src=\"https:\/\/www.mabe-hungary.com\/wp-content\/uploads\/2025\/02\/DSC00522sm.jpg\" alt=\"\" class=\"img-fluid\">\r\n\t\t\t\t\t\t\t\t\r\n                    <\/a>\r\n            <\/div><\/div>\n","protected":false},"excerpt":{"rendered":"<p>C\u00e9g\u00fcnk a min\u0151s\u00e9g \u00e9rdek\u00e9ben rendelkezik egy k\u00e9zi beilleszt\u00e9si r\u00e9szleggel a nem szabv\u00e1nyos \u00e9s v\u00edzf\u00fcrd\u0151s tekercsek gy\u00e1rt\u00e1s\u00e1hoz, ak\u00e1r nagy m\u00e9retekben is.<\/p>\n","protected":false},"author":2,"featured_media":426,"parent":340,"menu_order":0,"comment_status":"closed","ping_status":"closed","template":"","meta":{"footnotes":""},"categories":[28],"class_list":["post-514","page","type-page","status-publish","has-post-thumbnail","hentry","category-featured-1-hu"],"yoast_head":"<!-- This site is optimized with the Yoast SEO plugin v26.6 - https:\/\/yoast.com\/wordpress\/plugins\/seo\/ -->\n<title>Speci\u00e1lis Motorok K\u00e9zi Beilleszt\u00e9s, Tekercsel\u00e9s | MABE Hungary<\/title>\n<meta name=\"description\" content=\"MABE Hungary: Prec\u00edzi\u00f3s k\u00e9zi tekercsel\u00e9s speci\u00e1lis, egyedi \u00e9s nagy m\u00e9ret\u0171 motorokhoz. K\u00e9zi beilleszt\u00e9s \u00e9s ellen\u0151rz\u00e9s a maxim\u00e1lis min\u0151s\u00e9g\u00e9rt. Ismerje meg!\" \/>\n<meta name=\"robots\" content=\"index, follow, max-snippet:-1, max-image-preview:large, max-video-preview:-1\" \/>\n<link rel=\"canonical\" href=\"https:\/\/www.mabe-hungary.com\/hu\/gyartas\/reparto-manuale\/\" \/>\n<meta property=\"og:locale\" content=\"hu_HU\" \/>\n<meta property=\"og:type\" content=\"article\" \/>\n<meta property=\"og:title\" content=\"Speci\u00e1lis Motorok K\u00e9zi Beilleszt\u00e9s, Tekercsel\u00e9s | MABE Hungary\" \/>\n<meta property=\"og:description\" content=\"MABE Hungary: Prec\u00edzi\u00f3s k\u00e9zi tekercsel\u00e9s speci\u00e1lis, egyedi \u00e9s nagy m\u00e9ret\u0171 motorokhoz. K\u00e9zi beilleszt\u00e9s \u00e9s ellen\u0151rz\u00e9s a maxim\u00e1lis min\u0151s\u00e9g\u00e9rt. Ismerje meg!\" \/>\n<meta property=\"og:url\" content=\"https:\/\/www.mabe-hungary.com\/hu\/gyartas\/reparto-manuale\/\" \/>\n<meta property=\"og:site_name\" content=\"Szak\u00e9rtelem \u00e9s tapasztalat a villanymotorok tekercsel\u00e9s\u00e9ben | MABE Hungary Kft.\" \/>\n<meta property=\"article:modified_time\" content=\"2025-04-07T18:35:54+00:00\" \/>\n<meta property=\"og:image\" content=\"https:\/\/www.mabe-hungary.com\/wp-content\/uploads\/2025\/02\/DSC00486sm.jpg\" \/>\n\t<meta property=\"og:image:width\" content=\"1920\" \/>\n\t<meta property=\"og:image:height\" content=\"1280\" \/>\n\t<meta property=\"og:image:type\" content=\"image\/jpeg\" \/>\n<meta name=\"twitter:card\" content=\"summary_large_image\" \/>\n<meta name=\"twitter:label1\" content=\"Becs\u00fclt olvas\u00e1si id\u0151\" \/>\n\t<meta name=\"twitter:data1\" content=\"1 perc\" \/>\n<script type=\"application\/ld+json\" class=\"yoast-schema-graph\">{\"@context\":\"https:\/\/schema.org\",\"@graph\":[{\"@type\":\"WebPage\",\"@id\":\"https:\/\/www.mabe-hungary.com\/hu\/gyartas\/reparto-manuale\/\",\"url\":\"https:\/\/www.mabe-hungary.com\/hu\/gyartas\/reparto-manuale\/\",\"name\":\"Speci\u00e1lis Motorok K\u00e9zi Beilleszt\u00e9s, Tekercsel\u00e9s | MABE Hungary\",\"isPartOf\":{\"@id\":\"https:\/\/www.mabe-hungary.com\/hu\/#website\"},\"primaryImageOfPage\":{\"@id\":\"https:\/\/www.mabe-hungary.com\/hu\/gyartas\/reparto-manuale\/#primaryimage\"},\"image\":{\"@id\":\"https:\/\/www.mabe-hungary.com\/hu\/gyartas\/reparto-manuale\/#primaryimage\"},\"thumbnailUrl\":\"https:\/\/www.mabe-hungary.com\/wp-content\/uploads\/2025\/02\/DSC00486sm.jpg\",\"datePublished\":\"2025-02-10T07:35:14+00:00\",\"dateModified\":\"2025-04-07T18:35:54+00:00\",\"description\":\"MABE Hungary: Prec\u00edzi\u00f3s k\u00e9zi tekercsel\u00e9s speci\u00e1lis, egyedi \u00e9s nagy m\u00e9ret\u0171 motorokhoz. K\u00e9zi beilleszt\u00e9s \u00e9s ellen\u0151rz\u00e9s a maxim\u00e1lis min\u0151s\u00e9g\u00e9rt. Ismerje meg!\",\"breadcrumb\":{\"@id\":\"https:\/\/www.mabe-hungary.com\/hu\/gyartas\/reparto-manuale\/#breadcrumb\"},\"inLanguage\":\"hu\",\"potentialAction\":[{\"@type\":\"ReadAction\",\"target\":[\"https:\/\/www.mabe-hungary.com\/hu\/gyartas\/reparto-manuale\/\"]}]},{\"@type\":\"ImageObject\",\"inLanguage\":\"hu\",\"@id\":\"https:\/\/www.mabe-hungary.com\/hu\/gyartas\/reparto-manuale\/#primaryimage\",\"url\":\"https:\/\/www.mabe-hungary.com\/wp-content\/uploads\/2025\/02\/DSC00486sm.jpg\",\"contentUrl\":\"https:\/\/www.mabe-hungary.com\/wp-content\/uploads\/2025\/02\/DSC00486sm.jpg\",\"width\":1920,\"height\":1280},{\"@type\":\"BreadcrumbList\",\"@id\":\"https:\/\/www.mabe-hungary.com\/hu\/gyartas\/reparto-manuale\/#breadcrumb\",\"itemListElement\":[{\"@type\":\"ListItem\",\"position\":1,\"name\":\"Home\",\"item\":\"https:\/\/www.mabe-hungary.com\/hu\/\"},{\"@type\":\"ListItem\",\"position\":2,\"name\":\"Gy\u00e1rt\u00e1s\",\"item\":\"https:\/\/www.mabe-hungary.com\/hu\/produzione\/\"},{\"@type\":\"ListItem\",\"position\":3,\"name\":\"K\u00e9zi Munkaf\u00e1zis\"}]},{\"@type\":\"WebSite\",\"@id\":\"https:\/\/www.mabe-hungary.com\/hu\/#website\",\"url\":\"https:\/\/www.mabe-hungary.com\/hu\/\",\"name\":\"Mabe Hungary\",\"description\":\"\",\"publisher\":{\"@id\":\"https:\/\/www.mabe-hungary.com\/hu\/#organization\"},\"potentialAction\":[{\"@type\":\"SearchAction\",\"target\":{\"@type\":\"EntryPoint\",\"urlTemplate\":\"https:\/\/www.mabe-hungary.com\/hu\/?s={search_term_string}\"},\"query-input\":{\"@type\":\"PropertyValueSpecification\",\"valueRequired\":true,\"valueName\":\"search_term_string\"}}],\"inLanguage\":\"hu\"},{\"@type\":\"Organization\",\"@id\":\"https:\/\/www.mabe-hungary.com\/hu\/#organization\",\"name\":\"Mabe Hungary\",\"url\":\"https:\/\/www.mabe-hungary.com\/hu\/\",\"logo\":{\"@type\":\"ImageObject\",\"inLanguage\":\"hu\",\"@id\":\"https:\/\/www.mabe-hungary.com\/hu\/#\/schema\/logo\/image\/\",\"url\":\"https:\/\/www.mabe-hungary.com\/wp-content\/uploads\/2025\/03\/mabe_hungary_logo.webp\",\"contentUrl\":\"https:\/\/www.mabe-hungary.com\/wp-content\/uploads\/2025\/03\/mabe_hungary_logo.webp\",\"width\":494,\"height\":176,\"caption\":\"Mabe Hungary\"},\"image\":{\"@id\":\"https:\/\/www.mabe-hungary.com\/hu\/#\/schema\/logo\/image\/\"}}]}<\/script>\n<!-- \/ Yoast SEO plugin. -->","yoast_head_json":{"title":"Speci\u00e1lis Motorok K\u00e9zi Beilleszt\u00e9s, Tekercsel\u00e9s | MABE Hungary","description":"MABE Hungary: Prec\u00edzi\u00f3s k\u00e9zi tekercsel\u00e9s speci\u00e1lis, egyedi \u00e9s nagy m\u00e9ret\u0171 motorokhoz. K\u00e9zi beilleszt\u00e9s \u00e9s ellen\u0151rz\u00e9s a maxim\u00e1lis min\u0151s\u00e9g\u00e9rt. Ismerje meg!","robots":{"index":"index","follow":"follow","max-snippet":"max-snippet:-1","max-image-preview":"max-image-preview:large","max-video-preview":"max-video-preview:-1"},"canonical":"https:\/\/www.mabe-hungary.com\/hu\/gyartas\/reparto-manuale\/","og_locale":"hu_HU","og_type":"article","og_title":"Speci\u00e1lis Motorok K\u00e9zi Beilleszt\u00e9s, Tekercsel\u00e9s | MABE Hungary","og_description":"MABE Hungary: Prec\u00edzi\u00f3s k\u00e9zi tekercsel\u00e9s speci\u00e1lis, egyedi \u00e9s nagy m\u00e9ret\u0171 motorokhoz. K\u00e9zi beilleszt\u00e9s \u00e9s ellen\u0151rz\u00e9s a maxim\u00e1lis min\u0151s\u00e9g\u00e9rt. Ismerje meg!","og_url":"https:\/\/www.mabe-hungary.com\/hu\/gyartas\/reparto-manuale\/","og_site_name":"Szak\u00e9rtelem \u00e9s tapasztalat a villanymotorok tekercsel\u00e9s\u00e9ben | MABE Hungary Kft.","article_modified_time":"2025-04-07T18:35:54+00:00","og_image":[{"width":1920,"height":1280,"url":"https:\/\/www.mabe-hungary.com\/wp-content\/uploads\/2025\/02\/DSC00486sm.jpg","type":"image\/jpeg"}],"twitter_card":"summary_large_image","twitter_misc":{"Becs\u00fclt olvas\u00e1si id\u0151":"1 perc"},"schema":{"@context":"https:\/\/schema.org","@graph":[{"@type":"WebPage","@id":"https:\/\/www.mabe-hungary.com\/hu\/gyartas\/reparto-manuale\/","url":"https:\/\/www.mabe-hungary.com\/hu\/gyartas\/reparto-manuale\/","name":"Speci\u00e1lis Motorok K\u00e9zi Beilleszt\u00e9s, Tekercsel\u00e9s | MABE Hungary","isPartOf":{"@id":"https:\/\/www.mabe-hungary.com\/hu\/#website"},"primaryImageOfPage":{"@id":"https:\/\/www.mabe-hungary.com\/hu\/gyartas\/reparto-manuale\/#primaryimage"},"image":{"@id":"https:\/\/www.mabe-hungary.com\/hu\/gyartas\/reparto-manuale\/#primaryimage"},"thumbnailUrl":"https:\/\/www.mabe-hungary.com\/wp-content\/uploads\/2025\/02\/DSC00486sm.jpg","datePublished":"2025-02-10T07:35:14+00:00","dateModified":"2025-04-07T18:35:54+00:00","description":"MABE Hungary: Prec\u00edzi\u00f3s k\u00e9zi tekercsel\u00e9s speci\u00e1lis, egyedi \u00e9s nagy m\u00e9ret\u0171 motorokhoz. K\u00e9zi beilleszt\u00e9s \u00e9s ellen\u0151rz\u00e9s a maxim\u00e1lis min\u0151s\u00e9g\u00e9rt. Ismerje meg!","breadcrumb":{"@id":"https:\/\/www.mabe-hungary.com\/hu\/gyartas\/reparto-manuale\/#breadcrumb"},"inLanguage":"hu","potentialAction":[{"@type":"ReadAction","target":["https:\/\/www.mabe-hungary.com\/hu\/gyartas\/reparto-manuale\/"]}]},{"@type":"ImageObject","inLanguage":"hu","@id":"https:\/\/www.mabe-hungary.com\/hu\/gyartas\/reparto-manuale\/#primaryimage","url":"https:\/\/www.mabe-hungary.com\/wp-content\/uploads\/2025\/02\/DSC00486sm.jpg","contentUrl":"https:\/\/www.mabe-hungary.com\/wp-content\/uploads\/2025\/02\/DSC00486sm.jpg","width":1920,"height":1280},{"@type":"BreadcrumbList","@id":"https:\/\/www.mabe-hungary.com\/hu\/gyartas\/reparto-manuale\/#breadcrumb","itemListElement":[{"@type":"ListItem","position":1,"name":"Home","item":"https:\/\/www.mabe-hungary.com\/hu\/"},{"@type":"ListItem","position":2,"name":"Gy\u00e1rt\u00e1s","item":"https:\/\/www.mabe-hungary.com\/hu\/produzione\/"},{"@type":"ListItem","position":3,"name":"K\u00e9zi Munkaf\u00e1zis"}]},{"@type":"WebSite","@id":"https:\/\/www.mabe-hungary.com\/hu\/#website","url":"https:\/\/www.mabe-hungary.com\/hu\/","name":"Mabe Hungary","description":"","publisher":{"@id":"https:\/\/www.mabe-hungary.com\/hu\/#organization"},"potentialAction":[{"@type":"SearchAction","target":{"@type":"EntryPoint","urlTemplate":"https:\/\/www.mabe-hungary.com\/hu\/?s={search_term_string}"},"query-input":{"@type":"PropertyValueSpecification","valueRequired":true,"valueName":"search_term_string"}}],"inLanguage":"hu"},{"@type":"Organization","@id":"https:\/\/www.mabe-hungary.com\/hu\/#organization","name":"Mabe Hungary","url":"https:\/\/www.mabe-hungary.com\/hu\/","logo":{"@type":"ImageObject","inLanguage":"hu","@id":"https:\/\/www.mabe-hungary.com\/hu\/#\/schema\/logo\/image\/","url":"https:\/\/www.mabe-hungary.com\/wp-content\/uploads\/2025\/03\/mabe_hungary_logo.webp","contentUrl":"https:\/\/www.mabe-hungary.com\/wp-content\/uploads\/2025\/03\/mabe_hungary_logo.webp","width":494,"height":176,"caption":"Mabe Hungary"},"image":{"@id":"https:\/\/www.mabe-hungary.com\/hu\/#\/schema\/logo\/image\/"}}]}},"_links":{"self":[{"href":"https:\/\/www.mabe-hungary.com\/hu\/wp-json\/wp\/v2\/pages\/514","targetHints":{"allow":["GET"]}}],"collection":[{"href":"https:\/\/www.mabe-hungary.com\/hu\/wp-json\/wp\/v2\/pages"}],"about":[{"href":"https:\/\/www.mabe-hungary.com\/hu\/wp-json\/wp\/v2\/types\/page"}],"author":[{"embeddable":true,"href":"https:\/\/www.mabe-hungary.com\/hu\/wp-json\/wp\/v2\/users\/2"}],"replies":[{"embeddable":true,"href":"https:\/\/www.mabe-hungary.com\/hu\/wp-json\/wp\/v2\/comments?post=514"}],"version-history":[{"count":5,"href":"https:\/\/www.mabe-hungary.com\/hu\/wp-json\/wp\/v2\/pages\/514\/revisions"}],"predecessor-version":[{"id":568,"href":"https:\/\/www.mabe-hungary.com\/hu\/wp-json\/wp\/v2\/pages\/514\/revisions\/568"}],"up":[{"embeddable":true,"href":"https:\/\/www.mabe-hungary.com\/hu\/wp-json\/wp\/v2\/pages\/340"}],"wp:featuredmedia":[{"embeddable":true,"href":"https:\/\/www.mabe-hungary.com\/hu\/wp-json\/wp\/v2\/media\/426"}],"wp:attachment":[{"href":"https:\/\/www.mabe-hungary.com\/hu\/wp-json\/wp\/v2\/media?parent=514"}],"wp:term":[{"taxonomy":"category","embeddable":true,"href":"https:\/\/www.mabe-hungary.com\/hu\/wp-json\/wp\/v2\/categories?post=514"}],"curies":[{"name":"wp","href":"https:\/\/api.w.org\/{rel}","templated":true}]}}