{"id":519,"date":"2025-02-10T07:34:18","date_gmt":"2025-02-10T07:34:18","guid":{"rendered":"https:\/\/www.mabe-hungary.com\/?page_id=519"},"modified":"2025-04-07T15:54:06","modified_gmt":"2025-04-07T15:54:06","slug":"finitura","status":"publish","type":"page","link":"https:\/\/www.mabe-hungary.com\/hu\/gyartas\/finitura\/","title":{"rendered":"Befejez\u0151 Munk\u00e1latok"},"content":{"rendered":"<p>A befejez\u0151 munk\u00e1latok sor\u00e1n az \u00fcgyf\u00e9l ig\u00e9nyeinek megfelel\u0151en f\u00e1ziselv\u00e1laszt\u00f3k \u00e9s szigetel\u0151cs\u00f6vek ker\u00fclnek elhelyez\u00e9sre minden kimeneti vezet\u00e9ken, a vezet\u00e9kek \u00e9s k\u00e1belek forraszt\u00e1sa pedig l\u00e1nggal t\u00f6rt\u00e9nik a tart\u00f3s \u00e9s megb\u00edzhat\u00f3 csatlakoz\u00e1s \u00e9rdek\u00e9ben.<br \/>\nA k\u00e1belez\u00e9s \u00e1ltal\u00e1ban az \u00fcgyf\u00e9l specifik\u00e1ci\u00f3i szerint k\u00e9sz\u00fcl, \u00e9s teljes m\u00e9rt\u00e9kben alkalmazkodunk az egyedi m\u0171szaki k\u00f6vetelm\u00e9nyekhez. K\u00e9pesek vagyunk megfelelni b\u00e1rmilyen elv\u00e1r\u00e1snak, bele\u00e9rtve a homologiz\u00e1lt term\u00e9kekre vonatkoz\u00f3 speci\u00e1lis el\u0151\u00edr\u00e1sokat is.<\/p>\n<p><strong>A befejez\u0151 munk\u00e1latok f\u0151bb l\u00e9p\u00e9sei:<\/strong><\/p>\n<ul>\n<li>Kapcsol\u00f3d\u00e1si pontok kialak\u00edt\u00e1sa \u2013 A csatlakoz\u00f3k, vezet\u00e9kek \u00e9s egy\u00e9b elektromos kapcsolatok v\u00e9gleges be\u00e1ll\u00edt\u00e1sa \u00e9s r\u00f6gz\u00edt\u00e9se<\/li>\n<li>Sz\u00fcks\u00e9ges jel\u00f6l\u00e9sek \u00e9s c\u00edmk\u00e9k elhelyez\u00e9se \u2013 A m\u0171szaki el\u0151\u00edr\u00e1sok szerinti c\u00edmk\u00e9k, azonos\u00edt\u00f3k vagy \u00fcgyf\u00e9lspecifikus jel\u00f6l\u00e9sek felhelyez\u00e9se<\/li>\n<li>V\u00e9gs\u0151 vizu\u00e1lis \u00e9s funkcion\u00e1lis ellen\u0151rz\u00e9s \u2013 Az \u00f6sszeszerelt egys\u00e9g utols\u00f3 ellen\u0151rz\u00e9se, hogy minden r\u00e9sz megfelel\u0151en m\u0171k\u00f6dj\u00f6n.<\/li>\n<li>Ez egy kulcsfontoss\u00e1g\u00fa l\u00e9p\u00e9s a gy\u00e1rt\u00e1si folyamatban, mivel ez biztos\u00edtja, hogy a motor v\u00e9gterm\u00e9kk\u00e9nt teljesen k\u00e9szen \u00e1lljon a beszerel\u00e9sre \u00e9s a hossz\u00fa t\u00e1v\u00fa, megb\u00edzhat\u00f3 m\u0171k\u00f6d\u00e9sre.<\/li>\n<\/ul>\n<div class=\"gallery-imgs gal-220223 row\">\r\n            <div class=\"gallery-item col-sm-6 col-lg-3\">\r\n                    <a href=\"https:\/\/www.mabe-hungary.com\/wp-content\/uploads\/2025\/02\/DSC00388sm.jpg\">\r\n                        <img decoding=\"async\" src=\"https:\/\/www.mabe-hungary.com\/wp-content\/uploads\/2025\/02\/DSC00388sm.jpg\" alt=\"\" class=\"img-fluid\">\r\n\t\t\t\t\t\t\t\t\r\n                    <\/a>\r\n            <\/div>\r\n            <div class=\"gallery-item col-sm-6 col-lg-3\">\r\n                    <a href=\"https:\/\/www.mabe-hungary.com\/wp-content\/uploads\/2025\/02\/DSC00419sm.jpg\">\r\n                        <img decoding=\"async\" src=\"https:\/\/www.mabe-hungary.com\/wp-content\/uploads\/2025\/02\/DSC00419sm.jpg\" alt=\"\" class=\"img-fluid\">\r\n\t\t\t\t\t\t\t\t\r\n                    <\/a>\r\n            <\/div>\r\n            <div class=\"gallery-item col-sm-6 col-lg-3\">\r\n                    <a href=\"https:\/\/www.mabe-hungary.com\/wp-content\/uploads\/2025\/02\/DSC00670sm.jpg\">\r\n                        <img decoding=\"async\" src=\"https:\/\/www.mabe-hungary.com\/wp-content\/uploads\/2025\/02\/DSC00670sm.jpg\" alt=\"\" class=\"img-fluid\">\r\n\t\t\t\t\t\t\t\t\r\n                    <\/a>\r\n            <\/div>\r\n            <div class=\"gallery-item col-sm-6 col-lg-3\">\r\n                    <a href=\"https:\/\/www.mabe-hungary.com\/wp-content\/uploads\/2025\/02\/DSC00675sm.jpg\">\r\n                        <img decoding=\"async\" src=\"https:\/\/www.mabe-hungary.com\/wp-content\/uploads\/2025\/02\/DSC00675sm.jpg\" alt=\"\" class=\"img-fluid\">\r\n\t\t\t\t\t\t\t\t\r\n                    <\/a>\r\n            <\/div><\/div>\n","protected":false},"excerpt":{"rendered":"<p>Il cablaggio viene realizzato generalmente secondo le specifiche del cliente, adattandoci completamente a qualsiasi requisito tecnico.<br \/>\nSiamo in grado di soddisfare ogni esigenza, comprese le richieste specifiche per prodotti omologati.<\/p>\n","protected":false},"author":2,"featured_media":406,"parent":340,"menu_order":0,"comment_status":"closed","ping_status":"closed","template":"","meta":{"footnotes":""},"categories":[],"class_list":["post-519","page","type-page","status-publish","has-post-thumbnail","hentry"],"yoast_head":"<!-- This site is optimized with the Yoast SEO plugin v26.6 - https:\/\/yoast.com\/wordpress\/plugins\/seo\/ -->\n<title>Motor Befejez\u0151 Munk\u00e1k | Megb\u00edzhat\u00f3 Kapcsolat | MABE Hungary<\/title>\n<meta name=\"description\" content=\"Villanymotor befejez\u0151 munk\u00e1latok: egyedi k\u00e1belez\u00e9s, l\u00e1ngforraszt\u00e1s, jel\u00f6l\u00e9s, tesztel\u00e9s. Megfelel\u00fcnk speci\u00e1lis k\u00f6vetelm\u00e9nyeknek is. MABE Hungary\" \/>\n<meta name=\"robots\" content=\"index, follow, max-snippet:-1, max-image-preview:large, max-video-preview:-1\" \/>\n<link rel=\"canonical\" href=\"https:\/\/www.mabe-hungary.com\/hu\/gyartas\/finitura\/\" \/>\n<meta property=\"og:locale\" content=\"hu_HU\" \/>\n<meta property=\"og:type\" content=\"article\" \/>\n<meta property=\"og:title\" content=\"Motor Befejez\u0151 Munk\u00e1k | Megb\u00edzhat\u00f3 Kapcsolat | MABE Hungary\" \/>\n<meta property=\"og:description\" content=\"Villanymotor befejez\u0151 munk\u00e1latok: egyedi k\u00e1belez\u00e9s, l\u00e1ngforraszt\u00e1s, jel\u00f6l\u00e9s, tesztel\u00e9s. Megfelel\u00fcnk speci\u00e1lis k\u00f6vetelm\u00e9nyeknek is. MABE Hungary\" \/>\n<meta property=\"og:url\" content=\"https:\/\/www.mabe-hungary.com\/hu\/gyartas\/finitura\/\" \/>\n<meta property=\"og:site_name\" content=\"Szak\u00e9rtelem \u00e9s tapasztalat a villanymotorok tekercsel\u00e9s\u00e9ben | MABE Hungary Kft.\" \/>\n<meta property=\"article:modified_time\" content=\"2025-04-07T15:54:06+00:00\" \/>\n<meta property=\"og:image\" content=\"https:\/\/www.mabe-hungary.com\/wp-content\/uploads\/2025\/02\/DSC00419sm.jpg\" \/>\n\t<meta property=\"og:image:width\" content=\"1920\" \/>\n\t<meta property=\"og:image:height\" content=\"1280\" \/>\n\t<meta property=\"og:image:type\" content=\"image\/jpeg\" \/>\n<meta name=\"twitter:card\" content=\"summary_large_image\" \/>\n<meta name=\"twitter:label1\" content=\"Becs\u00fclt olvas\u00e1si id\u0151\" \/>\n\t<meta name=\"twitter:data1\" content=\"1 perc\" \/>\n<script type=\"application\/ld+json\" class=\"yoast-schema-graph\">{\"@context\":\"https:\/\/schema.org\",\"@graph\":[{\"@type\":\"WebPage\",\"@id\":\"https:\/\/www.mabe-hungary.com\/hu\/gyartas\/finitura\/\",\"url\":\"https:\/\/www.mabe-hungary.com\/hu\/gyartas\/finitura\/\",\"name\":\"Motor Befejez\u0151 Munk\u00e1k | Megb\u00edzhat\u00f3 Kapcsolat | MABE Hungary\",\"isPartOf\":{\"@id\":\"https:\/\/www.mabe-hungary.com\/hu\/#website\"},\"primaryImageOfPage\":{\"@id\":\"https:\/\/www.mabe-hungary.com\/hu\/gyartas\/finitura\/#primaryimage\"},\"image\":{\"@id\":\"https:\/\/www.mabe-hungary.com\/hu\/gyartas\/finitura\/#primaryimage\"},\"thumbnailUrl\":\"https:\/\/www.mabe-hungary.com\/wp-content\/uploads\/2025\/02\/DSC00419sm.jpg\",\"datePublished\":\"2025-02-10T07:34:18+00:00\",\"dateModified\":\"2025-04-07T15:54:06+00:00\",\"description\":\"Villanymotor befejez\u0151 munk\u00e1latok: egyedi k\u00e1belez\u00e9s, l\u00e1ngforraszt\u00e1s, jel\u00f6l\u00e9s, tesztel\u00e9s. Megfelel\u00fcnk speci\u00e1lis k\u00f6vetelm\u00e9nyeknek is. MABE Hungary\",\"breadcrumb\":{\"@id\":\"https:\/\/www.mabe-hungary.com\/hu\/gyartas\/finitura\/#breadcrumb\"},\"inLanguage\":\"hu\",\"potentialAction\":[{\"@type\":\"ReadAction\",\"target\":[\"https:\/\/www.mabe-hungary.com\/hu\/gyartas\/finitura\/\"]}]},{\"@type\":\"ImageObject\",\"inLanguage\":\"hu\",\"@id\":\"https:\/\/www.mabe-hungary.com\/hu\/gyartas\/finitura\/#primaryimage\",\"url\":\"https:\/\/www.mabe-hungary.com\/wp-content\/uploads\/2025\/02\/DSC00419sm.jpg\",\"contentUrl\":\"https:\/\/www.mabe-hungary.com\/wp-content\/uploads\/2025\/02\/DSC00419sm.jpg\",\"width\":1920,\"height\":1280},{\"@type\":\"BreadcrumbList\",\"@id\":\"https:\/\/www.mabe-hungary.com\/hu\/gyartas\/finitura\/#breadcrumb\",\"itemListElement\":[{\"@type\":\"ListItem\",\"position\":1,\"name\":\"Home\",\"item\":\"https:\/\/www.mabe-hungary.com\/hu\/\"},{\"@type\":\"ListItem\",\"position\":2,\"name\":\"Gy\u00e1rt\u00e1s\",\"item\":\"https:\/\/www.mabe-hungary.com\/hu\/produzione\/\"},{\"@type\":\"ListItem\",\"position\":3,\"name\":\"Befejez\u0151 Munk\u00e1latok\"}]},{\"@type\":\"WebSite\",\"@id\":\"https:\/\/www.mabe-hungary.com\/hu\/#website\",\"url\":\"https:\/\/www.mabe-hungary.com\/hu\/\",\"name\":\"Mabe Hungary\",\"description\":\"\",\"publisher\":{\"@id\":\"https:\/\/www.mabe-hungary.com\/hu\/#organization\"},\"potentialAction\":[{\"@type\":\"SearchAction\",\"target\":{\"@type\":\"EntryPoint\",\"urlTemplate\":\"https:\/\/www.mabe-hungary.com\/hu\/?s={search_term_string}\"},\"query-input\":{\"@type\":\"PropertyValueSpecification\",\"valueRequired\":true,\"valueName\":\"search_term_string\"}}],\"inLanguage\":\"hu\"},{\"@type\":\"Organization\",\"@id\":\"https:\/\/www.mabe-hungary.com\/hu\/#organization\",\"name\":\"Mabe Hungary\",\"url\":\"https:\/\/www.mabe-hungary.com\/hu\/\",\"logo\":{\"@type\":\"ImageObject\",\"inLanguage\":\"hu\",\"@id\":\"https:\/\/www.mabe-hungary.com\/hu\/#\/schema\/logo\/image\/\",\"url\":\"https:\/\/www.mabe-hungary.com\/wp-content\/uploads\/2025\/03\/mabe_hungary_logo.webp\",\"contentUrl\":\"https:\/\/www.mabe-hungary.com\/wp-content\/uploads\/2025\/03\/mabe_hungary_logo.webp\",\"width\":494,\"height\":176,\"caption\":\"Mabe Hungary\"},\"image\":{\"@id\":\"https:\/\/www.mabe-hungary.com\/hu\/#\/schema\/logo\/image\/\"}}]}<\/script>\n<!-- \/ Yoast SEO plugin. -->","yoast_head_json":{"title":"Motor Befejez\u0151 Munk\u00e1k | Megb\u00edzhat\u00f3 Kapcsolat | MABE Hungary","description":"Villanymotor befejez\u0151 munk\u00e1latok: egyedi k\u00e1belez\u00e9s, l\u00e1ngforraszt\u00e1s, jel\u00f6l\u00e9s, tesztel\u00e9s. Megfelel\u00fcnk speci\u00e1lis k\u00f6vetelm\u00e9nyeknek is. MABE Hungary","robots":{"index":"index","follow":"follow","max-snippet":"max-snippet:-1","max-image-preview":"max-image-preview:large","max-video-preview":"max-video-preview:-1"},"canonical":"https:\/\/www.mabe-hungary.com\/hu\/gyartas\/finitura\/","og_locale":"hu_HU","og_type":"article","og_title":"Motor Befejez\u0151 Munk\u00e1k | Megb\u00edzhat\u00f3 Kapcsolat | MABE Hungary","og_description":"Villanymotor befejez\u0151 munk\u00e1latok: egyedi k\u00e1belez\u00e9s, l\u00e1ngforraszt\u00e1s, jel\u00f6l\u00e9s, tesztel\u00e9s. Megfelel\u00fcnk speci\u00e1lis k\u00f6vetelm\u00e9nyeknek is. MABE Hungary","og_url":"https:\/\/www.mabe-hungary.com\/hu\/gyartas\/finitura\/","og_site_name":"Szak\u00e9rtelem \u00e9s tapasztalat a villanymotorok tekercsel\u00e9s\u00e9ben | MABE Hungary Kft.","article_modified_time":"2025-04-07T15:54:06+00:00","og_image":[{"width":1920,"height":1280,"url":"https:\/\/www.mabe-hungary.com\/wp-content\/uploads\/2025\/02\/DSC00419sm.jpg","type":"image\/jpeg"}],"twitter_card":"summary_large_image","twitter_misc":{"Becs\u00fclt olvas\u00e1si id\u0151":"1 perc"},"schema":{"@context":"https:\/\/schema.org","@graph":[{"@type":"WebPage","@id":"https:\/\/www.mabe-hungary.com\/hu\/gyartas\/finitura\/","url":"https:\/\/www.mabe-hungary.com\/hu\/gyartas\/finitura\/","name":"Motor Befejez\u0151 Munk\u00e1k | Megb\u00edzhat\u00f3 Kapcsolat | MABE Hungary","isPartOf":{"@id":"https:\/\/www.mabe-hungary.com\/hu\/#website"},"primaryImageOfPage":{"@id":"https:\/\/www.mabe-hungary.com\/hu\/gyartas\/finitura\/#primaryimage"},"image":{"@id":"https:\/\/www.mabe-hungary.com\/hu\/gyartas\/finitura\/#primaryimage"},"thumbnailUrl":"https:\/\/www.mabe-hungary.com\/wp-content\/uploads\/2025\/02\/DSC00419sm.jpg","datePublished":"2025-02-10T07:34:18+00:00","dateModified":"2025-04-07T15:54:06+00:00","description":"Villanymotor befejez\u0151 munk\u00e1latok: egyedi k\u00e1belez\u00e9s, l\u00e1ngforraszt\u00e1s, jel\u00f6l\u00e9s, tesztel\u00e9s. Megfelel\u00fcnk speci\u00e1lis k\u00f6vetelm\u00e9nyeknek is. MABE Hungary","breadcrumb":{"@id":"https:\/\/www.mabe-hungary.com\/hu\/gyartas\/finitura\/#breadcrumb"},"inLanguage":"hu","potentialAction":[{"@type":"ReadAction","target":["https:\/\/www.mabe-hungary.com\/hu\/gyartas\/finitura\/"]}]},{"@type":"ImageObject","inLanguage":"hu","@id":"https:\/\/www.mabe-hungary.com\/hu\/gyartas\/finitura\/#primaryimage","url":"https:\/\/www.mabe-hungary.com\/wp-content\/uploads\/2025\/02\/DSC00419sm.jpg","contentUrl":"https:\/\/www.mabe-hungary.com\/wp-content\/uploads\/2025\/02\/DSC00419sm.jpg","width":1920,"height":1280},{"@type":"BreadcrumbList","@id":"https:\/\/www.mabe-hungary.com\/hu\/gyartas\/finitura\/#breadcrumb","itemListElement":[{"@type":"ListItem","position":1,"name":"Home","item":"https:\/\/www.mabe-hungary.com\/hu\/"},{"@type":"ListItem","position":2,"name":"Gy\u00e1rt\u00e1s","item":"https:\/\/www.mabe-hungary.com\/hu\/produzione\/"},{"@type":"ListItem","position":3,"name":"Befejez\u0151 Munk\u00e1latok"}]},{"@type":"WebSite","@id":"https:\/\/www.mabe-hungary.com\/hu\/#website","url":"https:\/\/www.mabe-hungary.com\/hu\/","name":"Mabe Hungary","description":"","publisher":{"@id":"https:\/\/www.mabe-hungary.com\/hu\/#organization"},"potentialAction":[{"@type":"SearchAction","target":{"@type":"EntryPoint","urlTemplate":"https:\/\/www.mabe-hungary.com\/hu\/?s={search_term_string}"},"query-input":{"@type":"PropertyValueSpecification","valueRequired":true,"valueName":"search_term_string"}}],"inLanguage":"hu"},{"@type":"Organization","@id":"https:\/\/www.mabe-hungary.com\/hu\/#organization","name":"Mabe Hungary","url":"https:\/\/www.mabe-hungary.com\/hu\/","logo":{"@type":"ImageObject","inLanguage":"hu","@id":"https:\/\/www.mabe-hungary.com\/hu\/#\/schema\/logo\/image\/","url":"https:\/\/www.mabe-hungary.com\/wp-content\/uploads\/2025\/03\/mabe_hungary_logo.webp","contentUrl":"https:\/\/www.mabe-hungary.com\/wp-content\/uploads\/2025\/03\/mabe_hungary_logo.webp","width":494,"height":176,"caption":"Mabe Hungary"},"image":{"@id":"https:\/\/www.mabe-hungary.com\/hu\/#\/schema\/logo\/image\/"}}]}},"_links":{"self":[{"href":"https:\/\/www.mabe-hungary.com\/hu\/wp-json\/wp\/v2\/pages\/519","targetHints":{"allow":["GET"]}}],"collection":[{"href":"https:\/\/www.mabe-hungary.com\/hu\/wp-json\/wp\/v2\/pages"}],"about":[{"href":"https:\/\/www.mabe-hungary.com\/hu\/wp-json\/wp\/v2\/types\/page"}],"author":[{"embeddable":true,"href":"https:\/\/www.mabe-hungary.com\/hu\/wp-json\/wp\/v2\/users\/2"}],"replies":[{"embeddable":true,"href":"https:\/\/www.mabe-hungary.com\/hu\/wp-json\/wp\/v2\/comments?post=519"}],"version-history":[{"count":4,"href":"https:\/\/www.mabe-hungary.com\/hu\/wp-json\/wp\/v2\/pages\/519\/revisions"}],"predecessor-version":[{"id":624,"href":"https:\/\/www.mabe-hungary.com\/hu\/wp-json\/wp\/v2\/pages\/519\/revisions\/624"}],"up":[{"embeddable":true,"href":"https:\/\/www.mabe-hungary.com\/hu\/wp-json\/wp\/v2\/pages\/340"}],"wp:featuredmedia":[{"embeddable":true,"href":"https:\/\/www.mabe-hungary.com\/hu\/wp-json\/wp\/v2\/media\/406"}],"wp:attachment":[{"href":"https:\/\/www.mabe-hungary.com\/hu\/wp-json\/wp\/v2\/media?parent=519"}],"wp:term":[{"taxonomy":"category","embeddable":true,"href":"https:\/\/www.mabe-hungary.com\/hu\/wp-json\/wp\/v2\/categories?post=519"}],"curies":[{"name":"wp","href":"https:\/\/api.w.org\/{rel}","templated":true}]}}