{"id":522,"date":"2025-02-10T07:35:45","date_gmt":"2025-02-10T07:35:45","guid":{"rendered":"https:\/\/www.mabe-hungary.com\/?page_id=522"},"modified":"2025-04-07T19:14:37","modified_gmt":"2025-04-07T19:14:37","slug":"tekercsek","status":"publish","type":"page","link":"https:\/\/www.mabe-hungary.com\/hu\/termekek\/tekercsek\/","title":{"rendered":"Tekercsek"},"content":{"rendered":"<p>G\u00e9pi tekercsel\u00e9ssel el\u0151\u00e1ll\u00edthat\u00f3 tekercst\u00edpusok:<\/p>\n<table style=\"height: 234px;\" width=\"743\" class=\"table table-striped table-bordered table-hover\">\n<tbody>\n<tr>\n<td style=\"text-align: center;\" width=\"91\">K\u00fcls\u0151 \u00e1tm\u00e9r\u0151<\/td>\n<td style=\"text-align: center;\" width=\"64\">Bels\u0151 \u00e1tm\u00e9r\u0151<\/td>\n<td style=\"text-align: center;\" width=\"64\">Hornyok sz\u00e1ma<\/td>\n<td style=\"text-align: center;\" width=\"147\">Szt\u00e1tor hossza<\/td>\n<\/tr>\n<tr>\n<td style=\"text-align: center;\" width=\"91\">90<\/td>\n<td style=\"text-align: center;\" width=\"64\">47<\/td>\n<td style=\"text-align: center;\" width=\"64\">24<\/td>\n<td style=\"text-align: center;\" width=\"147\">H60 &#8211; H400<\/td>\n<\/tr>\n<tr>\n<td style=\"text-align: center;\" width=\"91\">135<\/td>\n<td style=\"text-align: center;\" width=\"64\">70<\/td>\n<td style=\"text-align: center;\" width=\"64\">24<\/td>\n<td style=\"text-align: center;\" width=\"147\">\u00a0 H120 &#8211; H780<\/td>\n<\/tr>\n<tr>\n<td style=\"text-align: center;\" width=\"91\">92<\/td>\n<td style=\"text-align: center;\" width=\"64\">52<\/td>\n<td style=\"text-align: center;\" width=\"64\">24<\/td>\n<td style=\"text-align: center;\" width=\"147\">H60 &#8211; H540<\/td>\n<\/tr>\n<tr>\n<td style=\"text-align: center;\" width=\"91\">90<\/td>\n<td style=\"text-align: center;\" width=\"64\">50<\/td>\n<td style=\"text-align: center;\" width=\"64\">18<\/td>\n<td style=\"text-align: center;\" width=\"147\">\u00a0 H120 &#8211; H600<\/td>\n<\/tr>\n<tr>\n<td style=\"text-align: center;\" width=\"91\">90<\/td>\n<td style=\"text-align: center;\" width=\"64\">50<\/td>\n<td style=\"text-align: center;\" width=\"64\">24<\/td>\n<td style=\"text-align: center;\" width=\"147\">\u00a0 H200 &#8211; H600<\/td>\n<\/tr>\n<\/tbody>\n<\/table>\n<p>K\u00e9zi tekercsel\u0151 r\u00e9szleg\u00fcnk alkalmas egyedi, nem szabv\u00e1nyos tekercsek gy\u00e1rt\u00e1s\u00e1ra, kis \u00e9s nagy m\u00e9retben, kis- \u00e9s nagysz\u00e9ri\u00e1s gy\u00e1rt\u00e1sra, valamint s\u00fcrg\u0151s mintadarabok elk\u00e9sz\u00edt\u00e9s\u00e9re.<\/p>\n<p>Emellett, egy magyarorsz\u00e1gi szakmai partnerc\u00e9g\u00fcnkkel val\u00f3 egy\u00fcttm\u0171k\u00f6d\u00e9snek k\u00f6sz\u00f6nhet\u0151en az al\u00e1bbi tekercsel\u00e9seket is tudjuk k\u00edn\u00e1lni \u00e9s \u00e1raj\u00e1nlatot adni r\u00e1juk: (<a href=\"https:\/\/www.mabe-hungary.com\/wp-content\/uploads\/2025\/02\/Company-Profile-Final-Blue-1.pdf\" target=\"_blank\" rel=\"noopener\">Let\u00f6lt\u00e9s.pdf<\/a>)<\/p>\n<div class=\"gallery-imgs gal-298301 row\">\r\n            <div class=\"gallery-item col-sm-6 col-lg-3\">\r\n                    <a href=\"https:\/\/www.mabe-hungary.com\/wp-content\/uploads\/2025\/02\/DSC00216sm.jpg\">\r\n                        <img decoding=\"async\" src=\"https:\/\/www.mabe-hungary.com\/wp-content\/uploads\/2025\/02\/DSC00216sm.jpg\" alt=\"\" class=\"img-fluid\">\r\n\t\t\t\t\t\t\t\t\r\n                    <\/a>\r\n            <\/div>\r\n            <div class=\"gallery-item col-sm-6 col-lg-3\">\r\n                    <a href=\"https:\/\/www.mabe-hungary.com\/wp-content\/uploads\/2025\/02\/DSC00237sm.jpg\">\r\n                        <img decoding=\"async\" src=\"https:\/\/www.mabe-hungary.com\/wp-content\/uploads\/2025\/02\/DSC00237sm.jpg\" alt=\"\" class=\"img-fluid\">\r\n\t\t\t\t\t\t\t\t\r\n                    <\/a>\r\n            <\/div>\r\n            <div class=\"gallery-item col-sm-6 col-lg-3\">\r\n                    <a href=\"https:\/\/www.mabe-hungary.com\/wp-content\/uploads\/2025\/02\/DSC00251sm.jpg\">\r\n                        <img decoding=\"async\" src=\"https:\/\/www.mabe-hungary.com\/wp-content\/uploads\/2025\/02\/DSC00251sm.jpg\" alt=\"\" class=\"img-fluid\">\r\n\t\t\t\t\t\t\t\t\r\n                    <\/a>\r\n            <\/div>\r\n            <div class=\"gallery-item col-sm-6 col-lg-3\">\r\n                    <a href=\"https:\/\/www.mabe-hungary.com\/wp-content\/uploads\/2025\/02\/DSC00256sm.jpg\">\r\n                        <img decoding=\"async\" src=\"https:\/\/www.mabe-hungary.com\/wp-content\/uploads\/2025\/02\/DSC00256sm.jpg\" alt=\"\" class=\"img-fluid\">\r\n\t\t\t\t\t\t\t\t\r\n                    <\/a>\r\n            <\/div><\/div>\n","protected":false},"excerpt":{"rendered":"<p>K\u00e9zi tekercsel\u0151 r\u00e9szleg\u00fcnk alkalmas egyedi, nem szabv\u00e1nyos tekercsek gy\u00e1rt\u00e1s\u00e1ra, kis \u00e9s nagy m\u00e9retben, kis- \u00e9s nagysz\u00e9ri\u00e1s gy\u00e1rt\u00e1sra, valamint s\u00fcrg\u0151s mintadarabok elk\u00e9sz\u00edt\u00e9s\u00e9re.<\/p>\n","protected":false},"author":2,"featured_media":442,"parent":334,"menu_order":0,"comment_status":"closed","ping_status":"closed","template":"","meta":{"footnotes":""},"categories":[31],"class_list":["post-522","page","type-page","status-publish","has-post-thumbnail","hentry","category-featured-2-hu"],"yoast_head":"<!-- This site is optimized with the Yoast SEO plugin v26.6 - https:\/\/yoast.com\/wordpress\/plugins\/seo\/ -->\n<title>G\u00e9pi &amp; K\u00e9zi Motor Tekercsel\u00e9si Szolg\u00e1ltat\u00e1sok | MABE Hungary<\/title>\n<meta name=\"description\" content=\"Fedezze fel a MABE Hungary tekercsel\u00e9si szolg\u00e1ltat\u00e1sait! G\u00e9pi \u00e9s k\u00e9zi tekercsel\u00e9s egyedi ig\u00e9nyekre, kis\/nagy sz\u00e9ri\u00e1ra. \u00c9rdekl\u0151dj\u00f6n aj\u00e1nlat\u00e9rt!\" \/>\n<meta name=\"robots\" content=\"index, follow, max-snippet:-1, max-image-preview:large, max-video-preview:-1\" \/>\n<link rel=\"canonical\" href=\"https:\/\/www.mabe-hungary.com\/hu\/termekek\/tekercsek\/\" \/>\n<meta property=\"og:locale\" content=\"hu_HU\" \/>\n<meta property=\"og:type\" content=\"article\" \/>\n<meta property=\"og:title\" content=\"G\u00e9pi &amp; K\u00e9zi Motor Tekercsel\u00e9si Szolg\u00e1ltat\u00e1sok | MABE Hungary\" \/>\n<meta property=\"og:description\" content=\"Fedezze fel a MABE Hungary tekercsel\u00e9si szolg\u00e1ltat\u00e1sait! G\u00e9pi \u00e9s k\u00e9zi tekercsel\u00e9s egyedi ig\u00e9nyekre, kis\/nagy sz\u00e9ri\u00e1ra. \u00c9rdekl\u0151dj\u00f6n aj\u00e1nlat\u00e9rt!\" \/>\n<meta property=\"og:url\" content=\"https:\/\/www.mabe-hungary.com\/hu\/termekek\/tekercsek\/\" \/>\n<meta property=\"og:site_name\" content=\"Szak\u00e9rtelem \u00e9s tapasztalat a villanymotorok tekercsel\u00e9s\u00e9ben | MABE Hungary Kft.\" \/>\n<meta property=\"article:modified_time\" content=\"2025-04-07T19:14:37+00:00\" \/>\n<meta property=\"og:image\" content=\"https:\/\/www.mabe-hungary.com\/wp-content\/uploads\/2025\/02\/DSC00586sm.jpg\" \/>\n\t<meta property=\"og:image:width\" content=\"1920\" \/>\n\t<meta property=\"og:image:height\" content=\"1280\" \/>\n\t<meta property=\"og:image:type\" content=\"image\/jpeg\" \/>\n<meta name=\"twitter:card\" content=\"summary_large_image\" \/>\n<meta name=\"twitter:label1\" content=\"Becs\u00fclt olvas\u00e1si id\u0151\" \/>\n\t<meta name=\"twitter:data1\" content=\"1 perc\" \/>\n<script type=\"application\/ld+json\" class=\"yoast-schema-graph\">{\"@context\":\"https:\/\/schema.org\",\"@graph\":[{\"@type\":\"WebPage\",\"@id\":\"https:\/\/www.mabe-hungary.com\/hu\/termekek\/tekercsek\/\",\"url\":\"https:\/\/www.mabe-hungary.com\/hu\/termekek\/tekercsek\/\",\"name\":\"G\u00e9pi & K\u00e9zi Motor Tekercsel\u00e9si Szolg\u00e1ltat\u00e1sok | MABE Hungary\",\"isPartOf\":{\"@id\":\"https:\/\/www.mabe-hungary.com\/hu\/#website\"},\"primaryImageOfPage\":{\"@id\":\"https:\/\/www.mabe-hungary.com\/hu\/termekek\/tekercsek\/#primaryimage\"},\"image\":{\"@id\":\"https:\/\/www.mabe-hungary.com\/hu\/termekek\/tekercsek\/#primaryimage\"},\"thumbnailUrl\":\"https:\/\/www.mabe-hungary.com\/wp-content\/uploads\/2025\/02\/DSC00586sm.jpg\",\"datePublished\":\"2025-02-10T07:35:45+00:00\",\"dateModified\":\"2025-04-07T19:14:37+00:00\",\"description\":\"Fedezze fel a MABE Hungary tekercsel\u00e9si szolg\u00e1ltat\u00e1sait! G\u00e9pi \u00e9s k\u00e9zi tekercsel\u00e9s egyedi ig\u00e9nyekre, kis\/nagy sz\u00e9ri\u00e1ra. \u00c9rdekl\u0151dj\u00f6n aj\u00e1nlat\u00e9rt!\",\"breadcrumb\":{\"@id\":\"https:\/\/www.mabe-hungary.com\/hu\/termekek\/tekercsek\/#breadcrumb\"},\"inLanguage\":\"hu\",\"potentialAction\":[{\"@type\":\"ReadAction\",\"target\":[\"https:\/\/www.mabe-hungary.com\/hu\/termekek\/tekercsek\/\"]}]},{\"@type\":\"ImageObject\",\"inLanguage\":\"hu\",\"@id\":\"https:\/\/www.mabe-hungary.com\/hu\/termekek\/tekercsek\/#primaryimage\",\"url\":\"https:\/\/www.mabe-hungary.com\/wp-content\/uploads\/2025\/02\/DSC00586sm.jpg\",\"contentUrl\":\"https:\/\/www.mabe-hungary.com\/wp-content\/uploads\/2025\/02\/DSC00586sm.jpg\",\"width\":1920,\"height\":1280},{\"@type\":\"BreadcrumbList\",\"@id\":\"https:\/\/www.mabe-hungary.com\/hu\/termekek\/tekercsek\/#breadcrumb\",\"itemListElement\":[{\"@type\":\"ListItem\",\"position\":1,\"name\":\"Home\",\"item\":\"https:\/\/www.mabe-hungary.com\/hu\/\"},{\"@type\":\"ListItem\",\"position\":2,\"name\":\"Term\u00e9kek\",\"item\":\"https:\/\/www.mabe-hungary.com\/hu\/prodotti\/\"},{\"@type\":\"ListItem\",\"position\":3,\"name\":\"Tekercsek\"}]},{\"@type\":\"WebSite\",\"@id\":\"https:\/\/www.mabe-hungary.com\/hu\/#website\",\"url\":\"https:\/\/www.mabe-hungary.com\/hu\/\",\"name\":\"Mabe Hungary\",\"description\":\"\",\"publisher\":{\"@id\":\"https:\/\/www.mabe-hungary.com\/hu\/#organization\"},\"potentialAction\":[{\"@type\":\"SearchAction\",\"target\":{\"@type\":\"EntryPoint\",\"urlTemplate\":\"https:\/\/www.mabe-hungary.com\/hu\/?s={search_term_string}\"},\"query-input\":{\"@type\":\"PropertyValueSpecification\",\"valueRequired\":true,\"valueName\":\"search_term_string\"}}],\"inLanguage\":\"hu\"},{\"@type\":\"Organization\",\"@id\":\"https:\/\/www.mabe-hungary.com\/hu\/#organization\",\"name\":\"Mabe Hungary\",\"url\":\"https:\/\/www.mabe-hungary.com\/hu\/\",\"logo\":{\"@type\":\"ImageObject\",\"inLanguage\":\"hu\",\"@id\":\"https:\/\/www.mabe-hungary.com\/hu\/#\/schema\/logo\/image\/\",\"url\":\"https:\/\/www.mabe-hungary.com\/wp-content\/uploads\/2025\/03\/mabe_hungary_logo.webp\",\"contentUrl\":\"https:\/\/www.mabe-hungary.com\/wp-content\/uploads\/2025\/03\/mabe_hungary_logo.webp\",\"width\":494,\"height\":176,\"caption\":\"Mabe Hungary\"},\"image\":{\"@id\":\"https:\/\/www.mabe-hungary.com\/hu\/#\/schema\/logo\/image\/\"}}]}<\/script>\n<!-- \/ Yoast SEO plugin. -->","yoast_head_json":{"title":"G\u00e9pi & K\u00e9zi Motor Tekercsel\u00e9si Szolg\u00e1ltat\u00e1sok | MABE Hungary","description":"Fedezze fel a MABE Hungary tekercsel\u00e9si szolg\u00e1ltat\u00e1sait! G\u00e9pi \u00e9s k\u00e9zi tekercsel\u00e9s egyedi ig\u00e9nyekre, kis\/nagy sz\u00e9ri\u00e1ra. \u00c9rdekl\u0151dj\u00f6n aj\u00e1nlat\u00e9rt!","robots":{"index":"index","follow":"follow","max-snippet":"max-snippet:-1","max-image-preview":"max-image-preview:large","max-video-preview":"max-video-preview:-1"},"canonical":"https:\/\/www.mabe-hungary.com\/hu\/termekek\/tekercsek\/","og_locale":"hu_HU","og_type":"article","og_title":"G\u00e9pi & K\u00e9zi Motor Tekercsel\u00e9si Szolg\u00e1ltat\u00e1sok | MABE Hungary","og_description":"Fedezze fel a MABE Hungary tekercsel\u00e9si szolg\u00e1ltat\u00e1sait! G\u00e9pi \u00e9s k\u00e9zi tekercsel\u00e9s egyedi ig\u00e9nyekre, kis\/nagy sz\u00e9ri\u00e1ra. \u00c9rdekl\u0151dj\u00f6n aj\u00e1nlat\u00e9rt!","og_url":"https:\/\/www.mabe-hungary.com\/hu\/termekek\/tekercsek\/","og_site_name":"Szak\u00e9rtelem \u00e9s tapasztalat a villanymotorok tekercsel\u00e9s\u00e9ben | MABE Hungary Kft.","article_modified_time":"2025-04-07T19:14:37+00:00","og_image":[{"width":1920,"height":1280,"url":"https:\/\/www.mabe-hungary.com\/wp-content\/uploads\/2025\/02\/DSC00586sm.jpg","type":"image\/jpeg"}],"twitter_card":"summary_large_image","twitter_misc":{"Becs\u00fclt olvas\u00e1si id\u0151":"1 perc"},"schema":{"@context":"https:\/\/schema.org","@graph":[{"@type":"WebPage","@id":"https:\/\/www.mabe-hungary.com\/hu\/termekek\/tekercsek\/","url":"https:\/\/www.mabe-hungary.com\/hu\/termekek\/tekercsek\/","name":"G\u00e9pi & K\u00e9zi Motor Tekercsel\u00e9si Szolg\u00e1ltat\u00e1sok | MABE Hungary","isPartOf":{"@id":"https:\/\/www.mabe-hungary.com\/hu\/#website"},"primaryImageOfPage":{"@id":"https:\/\/www.mabe-hungary.com\/hu\/termekek\/tekercsek\/#primaryimage"},"image":{"@id":"https:\/\/www.mabe-hungary.com\/hu\/termekek\/tekercsek\/#primaryimage"},"thumbnailUrl":"https:\/\/www.mabe-hungary.com\/wp-content\/uploads\/2025\/02\/DSC00586sm.jpg","datePublished":"2025-02-10T07:35:45+00:00","dateModified":"2025-04-07T19:14:37+00:00","description":"Fedezze fel a MABE Hungary tekercsel\u00e9si szolg\u00e1ltat\u00e1sait! G\u00e9pi \u00e9s k\u00e9zi tekercsel\u00e9s egyedi ig\u00e9nyekre, kis\/nagy sz\u00e9ri\u00e1ra. \u00c9rdekl\u0151dj\u00f6n aj\u00e1nlat\u00e9rt!","breadcrumb":{"@id":"https:\/\/www.mabe-hungary.com\/hu\/termekek\/tekercsek\/#breadcrumb"},"inLanguage":"hu","potentialAction":[{"@type":"ReadAction","target":["https:\/\/www.mabe-hungary.com\/hu\/termekek\/tekercsek\/"]}]},{"@type":"ImageObject","inLanguage":"hu","@id":"https:\/\/www.mabe-hungary.com\/hu\/termekek\/tekercsek\/#primaryimage","url":"https:\/\/www.mabe-hungary.com\/wp-content\/uploads\/2025\/02\/DSC00586sm.jpg","contentUrl":"https:\/\/www.mabe-hungary.com\/wp-content\/uploads\/2025\/02\/DSC00586sm.jpg","width":1920,"height":1280},{"@type":"BreadcrumbList","@id":"https:\/\/www.mabe-hungary.com\/hu\/termekek\/tekercsek\/#breadcrumb","itemListElement":[{"@type":"ListItem","position":1,"name":"Home","item":"https:\/\/www.mabe-hungary.com\/hu\/"},{"@type":"ListItem","position":2,"name":"Term\u00e9kek","item":"https:\/\/www.mabe-hungary.com\/hu\/prodotti\/"},{"@type":"ListItem","position":3,"name":"Tekercsek"}]},{"@type":"WebSite","@id":"https:\/\/www.mabe-hungary.com\/hu\/#website","url":"https:\/\/www.mabe-hungary.com\/hu\/","name":"Mabe Hungary","description":"","publisher":{"@id":"https:\/\/www.mabe-hungary.com\/hu\/#organization"},"potentialAction":[{"@type":"SearchAction","target":{"@type":"EntryPoint","urlTemplate":"https:\/\/www.mabe-hungary.com\/hu\/?s={search_term_string}"},"query-input":{"@type":"PropertyValueSpecification","valueRequired":true,"valueName":"search_term_string"}}],"inLanguage":"hu"},{"@type":"Organization","@id":"https:\/\/www.mabe-hungary.com\/hu\/#organization","name":"Mabe Hungary","url":"https:\/\/www.mabe-hungary.com\/hu\/","logo":{"@type":"ImageObject","inLanguage":"hu","@id":"https:\/\/www.mabe-hungary.com\/hu\/#\/schema\/logo\/image\/","url":"https:\/\/www.mabe-hungary.com\/wp-content\/uploads\/2025\/03\/mabe_hungary_logo.webp","contentUrl":"https:\/\/www.mabe-hungary.com\/wp-content\/uploads\/2025\/03\/mabe_hungary_logo.webp","width":494,"height":176,"caption":"Mabe Hungary"},"image":{"@id":"https:\/\/www.mabe-hungary.com\/hu\/#\/schema\/logo\/image\/"}}]}},"_links":{"self":[{"href":"https:\/\/www.mabe-hungary.com\/hu\/wp-json\/wp\/v2\/pages\/522","targetHints":{"allow":["GET"]}}],"collection":[{"href":"https:\/\/www.mabe-hungary.com\/hu\/wp-json\/wp\/v2\/pages"}],"about":[{"href":"https:\/\/www.mabe-hungary.com\/hu\/wp-json\/wp\/v2\/types\/page"}],"author":[{"embeddable":true,"href":"https:\/\/www.mabe-hungary.com\/hu\/wp-json\/wp\/v2\/users\/2"}],"replies":[{"embeddable":true,"href":"https:\/\/www.mabe-hungary.com\/hu\/wp-json\/wp\/v2\/comments?post=522"}],"version-history":[{"count":6,"href":"https:\/\/www.mabe-hungary.com\/hu\/wp-json\/wp\/v2\/pages\/522\/revisions"}],"predecessor-version":[{"id":854,"href":"https:\/\/www.mabe-hungary.com\/hu\/wp-json\/wp\/v2\/pages\/522\/revisions\/854"}],"up":[{"embeddable":true,"href":"https:\/\/www.mabe-hungary.com\/hu\/wp-json\/wp\/v2\/pages\/334"}],"wp:featuredmedia":[{"embeddable":true,"href":"https:\/\/www.mabe-hungary.com\/hu\/wp-json\/wp\/v2\/media\/442"}],"wp:attachment":[{"href":"https:\/\/www.mabe-hungary.com\/hu\/wp-json\/wp\/v2\/media?parent=522"}],"wp:term":[{"taxonomy":"category","embeddable":true,"href":"https:\/\/www.mabe-hungary.com\/hu\/wp-json\/wp\/v2\/categories?post=522"}],"curies":[{"name":"wp","href":"https:\/\/api.w.org\/{rel}","templated":true}]}}