{"id":527,"date":"2025-02-10T07:36:08","date_gmt":"2025-02-10T07:36:08","guid":{"rendered":"https:\/\/www.mabe-hungary.com\/?page_id=527"},"modified":"2025-04-08T08:06:59","modified_gmt":"2025-04-08T08:06:59","slug":"servizi","status":"publish","type":"page","link":"https:\/\/www.mabe-hungary.com\/hu\/termekek\/servizi\/","title":{"rendered":"Szolg\u00e1ltat\u00e1sok"},"content":{"rendered":"<p>A Mabe Hungary Kft. az \u00fcgyf\u00e9l specifik\u00e1ci\u00f3i szerinti tekercsek gy\u00e1rt\u00e1sa mellett az al\u00e1bbi szolg\u00e1ltat\u00e1sokat is biztos\u00edtani tudja:<\/p>\n<ul>\n<li>Elektromos motorok alkatr\u00e9szeinek \u00e9s r\u00e9zvezet\u00e9k\u00e9nek beszerz\u00e9se az \u00fcgyf\u00e9l k\u00e9r\u00e9s\u00e9re<\/li>\n<li>Tekercsek \u00e9s k\u00e9sz villanymotorok jav\u00edt\u00e1sa<\/li>\n<li>K\u00fcl\u00f6nb\u00f6z\u0151 \u00f6sszeszerel\u00e9si szolg\u00e1ltat\u00e1sok, bele\u00e9rtve a k\u00e1belez\u00e9st is, az \u00fcgyf\u00e9l ig\u00e9nyei szerint<\/li>\n<li>A tekercsel\u00e9s beilleszt\u00e9se a h\u00e1zba<\/li>\n<\/ul>\n<p>Ezek a kieg\u00e9sz\u00edt\u0151 szolg\u00e1ltat\u00e1sok lehet\u0151v\u00e9 teszik \u00fcgyfeleink sz\u00e1m\u00e1ra, hogy egyetlen megb\u00edzhat\u00f3 forr\u00e1sb\u00f3l szerezzenek be mindent, ami a villanymotorok gy\u00e1rt\u00e1s\u00e1hoz, karbantart\u00e1s\u00e1hoz \u00e9s jav\u00edt\u00e1s\u00e1hoz sz\u00fcks\u00e9ges. Az alkatr\u00e9szek beszerz\u00e9s\u00e9nek biztos\u00edt\u00e1sa nemcsak id\u0151t takar\u00edt meg, hanem garant\u00e1lja az optim\u00e1lis kompatibilit\u00e1st \u00e9s min\u0151s\u00e9get is.<\/p>\n<p>A jav\u00edt\u00e1si \u00e9s tekercsel\u00e9si szolg\u00e1ltat\u00e1sok hozz\u00e1j\u00e1rulnak a motorok \u00e9lettartam\u00e1nak meghosszabb\u00edt\u00e1s\u00e1hoz \u00e9s a hat\u00e9konys\u00e1g fenntart\u00e1s\u00e1hoz, \u00edgy cs\u00f6kkentve a meghib\u00e1sod\u00e1sok \u00e9s a le\u00e1ll\u00e1sok kock\u00e1zat\u00e1t. Az \u00f6sszeszerel\u00e9si szolg\u00e1ltat\u00e1sok, bele\u00e9rtve a k\u00e1belez\u00e9st \u00e9s a tekercsek h\u00e1zba illeszt\u00e9s\u00e9t, biztos\u00edtj\u00e1k, hogy a motorok teljesen k\u00e9szen \u00e1lljanak az azonnali \u00fczembe helyez\u00e9sre.<\/p>\n<p>C\u00e9lunk, hogy teljes k\u00f6r\u0171 megold\u00e1st k\u00edn\u00e1ljunk \u00fcgyfeleinknek, amely egyszerre n\u00f6veli a termel\u00e9kenys\u00e9get \u00e9s cs\u00f6kkenti az \u00fczemeltet\u00e9si k\u00f6lts\u00e9geket.<\/p>\n<div class=\"gallery-imgs gal-246243 row\">\r\n            <div class=\"gallery-item col-sm-6 col-lg-3\">\r\n                    <a href=\"https:\/\/www.mabe-hungary.com\/wp-content\/uploads\/2025\/02\/DSC00566sm.jpg\">\r\n                        <img decoding=\"async\" src=\"https:\/\/www.mabe-hungary.com\/wp-content\/uploads\/2025\/02\/DSC00566sm.jpg\" alt=\"\" class=\"img-fluid\">\r\n\t\t\t\t\t\t\t\t\r\n                    <\/a>\r\n            <\/div>\r\n            <div class=\"gallery-item col-sm-6 col-lg-3\">\r\n                    <a href=\"https:\/\/www.mabe-hungary.com\/wp-content\/uploads\/2025\/02\/DSC00452sm.jpg\">\r\n                        <img decoding=\"async\" src=\"https:\/\/www.mabe-hungary.com\/wp-content\/uploads\/2025\/02\/DSC00452sm.jpg\" alt=\"\" class=\"img-fluid\">\r\n\t\t\t\t\t\t\t\t\r\n                    <\/a>\r\n            <\/div>\r\n            <div class=\"gallery-item col-sm-6 col-lg-3\">\r\n                    <a href=\"https:\/\/www.mabe-hungary.com\/wp-content\/uploads\/2025\/02\/DSC00668sm.jpg\">\r\n                        <img decoding=\"async\" src=\"https:\/\/www.mabe-hungary.com\/wp-content\/uploads\/2025\/02\/DSC00668sm.jpg\" alt=\"\" class=\"img-fluid\">\r\n\t\t\t\t\t\t\t\t\r\n                    <\/a>\r\n            <\/div>\r\n            <div class=\"gallery-item col-sm-6 col-lg-3\">\r\n                    <a href=\"https:\/\/www.mabe-hungary.com\/wp-content\/uploads\/2025\/02\/DSC00586sm.jpg\">\r\n                        <img decoding=\"async\" src=\"https:\/\/www.mabe-hungary.com\/wp-content\/uploads\/2025\/02\/DSC00586sm.jpg\" alt=\"\" class=\"img-fluid\">\r\n\t\t\t\t\t\t\t\t\r\n                    <\/a>\r\n            <\/div><\/div>\n<p>&nbsp;<\/p>\n","protected":false},"excerpt":{"rendered":"<p>C\u00e9lunk, hogy teljes k\u00f6r\u0171 megold\u00e1st k\u00edn\u00e1ljunk \u00fcgyfeleinknek, amely egyszerre n\u00f6veli a termel\u00e9kenys\u00e9get \u00e9s cs\u00f6kkenti az \u00fczemeltet\u00e9si k\u00f6lts\u00e9geket.<\/p>\n","protected":false},"author":2,"featured_media":405,"parent":334,"menu_order":0,"comment_status":"closed","ping_status":"closed","template":"","meta":{"footnotes":""},"categories":[31],"class_list":["post-527","page","type-page","status-publish","has-post-thumbnail","hentry","category-featured-2-hu"],"yoast_head":"<!-- This site is optimized with the Yoast SEO plugin v26.6 - https:\/\/yoast.com\/wordpress\/plugins\/seo\/ -->\n<title>Villanymotor Szerviz &amp; Egy\u00e9b Szolg\u00e1ltat\u00e1sok | MABE Hungary<\/title>\n<meta name=\"description\" content=\"MABE Hungary: Villanymotor jav\u00edt\u00e1s, alkatr\u00e9sz beszerz\u00e9s, komplett \u00f6sszeszerel\u00e9s (k\u00e1belez\u00e9s, beilleszt\u00e9s). Teljes k\u00f6r\u0171 megold\u00e1s egy helyr\u0151l. K\u00e9rjen aj\u00e1nlatot!\" \/>\n<meta name=\"robots\" content=\"index, follow, max-snippet:-1, max-image-preview:large, max-video-preview:-1\" \/>\n<link rel=\"canonical\" href=\"https:\/\/www.mabe-hungary.com\/hu\/termekek\/servizi\/\" \/>\n<meta property=\"og:locale\" content=\"hu_HU\" \/>\n<meta property=\"og:type\" content=\"article\" \/>\n<meta property=\"og:title\" content=\"Villanymotor Szerviz &amp; Egy\u00e9b Szolg\u00e1ltat\u00e1sok | MABE Hungary\" \/>\n<meta property=\"og:description\" content=\"MABE Hungary: Villanymotor jav\u00edt\u00e1s, alkatr\u00e9sz beszerz\u00e9s, komplett \u00f6sszeszerel\u00e9s (k\u00e1belez\u00e9s, beilleszt\u00e9s). Teljes k\u00f6r\u0171 megold\u00e1s egy helyr\u0151l. K\u00e9rjen aj\u00e1nlatot!\" \/>\n<meta property=\"og:url\" content=\"https:\/\/www.mabe-hungary.com\/hu\/termekek\/servizi\/\" \/>\n<meta property=\"og:site_name\" content=\"Szak\u00e9rtelem \u00e9s tapasztalat a villanymotorok tekercsel\u00e9s\u00e9ben | MABE Hungary Kft.\" \/>\n<meta property=\"article:modified_time\" content=\"2025-04-08T08:06:59+00:00\" \/>\n<meta property=\"og:image\" content=\"https:\/\/www.mabe-hungary.com\/wp-content\/uploads\/2025\/02\/DSC00388sm.jpg\" \/>\n\t<meta property=\"og:image:width\" content=\"1920\" \/>\n\t<meta property=\"og:image:height\" content=\"1280\" \/>\n\t<meta property=\"og:image:type\" content=\"image\/jpeg\" \/>\n<meta name=\"twitter:card\" content=\"summary_large_image\" \/>\n<meta name=\"twitter:label1\" content=\"Becs\u00fclt olvas\u00e1si id\u0151\" \/>\n\t<meta name=\"twitter:data1\" content=\"2 perc\" \/>\n<script type=\"application\/ld+json\" class=\"yoast-schema-graph\">{\"@context\":\"https:\/\/schema.org\",\"@graph\":[{\"@type\":\"WebPage\",\"@id\":\"https:\/\/www.mabe-hungary.com\/hu\/termekek\/servizi\/\",\"url\":\"https:\/\/www.mabe-hungary.com\/hu\/termekek\/servizi\/\",\"name\":\"Villanymotor Szerviz & Egy\u00e9b Szolg\u00e1ltat\u00e1sok | MABE Hungary\",\"isPartOf\":{\"@id\":\"https:\/\/www.mabe-hungary.com\/hu\/#website\"},\"primaryImageOfPage\":{\"@id\":\"https:\/\/www.mabe-hungary.com\/hu\/termekek\/servizi\/#primaryimage\"},\"image\":{\"@id\":\"https:\/\/www.mabe-hungary.com\/hu\/termekek\/servizi\/#primaryimage\"},\"thumbnailUrl\":\"https:\/\/www.mabe-hungary.com\/wp-content\/uploads\/2025\/02\/DSC00388sm.jpg\",\"datePublished\":\"2025-02-10T07:36:08+00:00\",\"dateModified\":\"2025-04-08T08:06:59+00:00\",\"description\":\"MABE Hungary: Villanymotor jav\u00edt\u00e1s, alkatr\u00e9sz beszerz\u00e9s, komplett \u00f6sszeszerel\u00e9s (k\u00e1belez\u00e9s, beilleszt\u00e9s). Teljes k\u00f6r\u0171 megold\u00e1s egy helyr\u0151l. K\u00e9rjen aj\u00e1nlatot!\",\"breadcrumb\":{\"@id\":\"https:\/\/www.mabe-hungary.com\/hu\/termekek\/servizi\/#breadcrumb\"},\"inLanguage\":\"hu\",\"potentialAction\":[{\"@type\":\"ReadAction\",\"target\":[\"https:\/\/www.mabe-hungary.com\/hu\/termekek\/servizi\/\"]}]},{\"@type\":\"ImageObject\",\"inLanguage\":\"hu\",\"@id\":\"https:\/\/www.mabe-hungary.com\/hu\/termekek\/servizi\/#primaryimage\",\"url\":\"https:\/\/www.mabe-hungary.com\/wp-content\/uploads\/2025\/02\/DSC00388sm.jpg\",\"contentUrl\":\"https:\/\/www.mabe-hungary.com\/wp-content\/uploads\/2025\/02\/DSC00388sm.jpg\",\"width\":1920,\"height\":1280},{\"@type\":\"BreadcrumbList\",\"@id\":\"https:\/\/www.mabe-hungary.com\/hu\/termekek\/servizi\/#breadcrumb\",\"itemListElement\":[{\"@type\":\"ListItem\",\"position\":1,\"name\":\"Home\",\"item\":\"https:\/\/www.mabe-hungary.com\/hu\/\"},{\"@type\":\"ListItem\",\"position\":2,\"name\":\"Term\u00e9kek\",\"item\":\"https:\/\/www.mabe-hungary.com\/hu\/prodotti\/\"},{\"@type\":\"ListItem\",\"position\":3,\"name\":\"Szolg\u00e1ltat\u00e1sok\"}]},{\"@type\":\"WebSite\",\"@id\":\"https:\/\/www.mabe-hungary.com\/hu\/#website\",\"url\":\"https:\/\/www.mabe-hungary.com\/hu\/\",\"name\":\"Mabe Hungary\",\"description\":\"\",\"publisher\":{\"@id\":\"https:\/\/www.mabe-hungary.com\/hu\/#organization\"},\"potentialAction\":[{\"@type\":\"SearchAction\",\"target\":{\"@type\":\"EntryPoint\",\"urlTemplate\":\"https:\/\/www.mabe-hungary.com\/hu\/?s={search_term_string}\"},\"query-input\":{\"@type\":\"PropertyValueSpecification\",\"valueRequired\":true,\"valueName\":\"search_term_string\"}}],\"inLanguage\":\"hu\"},{\"@type\":\"Organization\",\"@id\":\"https:\/\/www.mabe-hungary.com\/hu\/#organization\",\"name\":\"Mabe Hungary\",\"url\":\"https:\/\/www.mabe-hungary.com\/hu\/\",\"logo\":{\"@type\":\"ImageObject\",\"inLanguage\":\"hu\",\"@id\":\"https:\/\/www.mabe-hungary.com\/hu\/#\/schema\/logo\/image\/\",\"url\":\"https:\/\/www.mabe-hungary.com\/wp-content\/uploads\/2025\/03\/mabe_hungary_logo.webp\",\"contentUrl\":\"https:\/\/www.mabe-hungary.com\/wp-content\/uploads\/2025\/03\/mabe_hungary_logo.webp\",\"width\":494,\"height\":176,\"caption\":\"Mabe Hungary\"},\"image\":{\"@id\":\"https:\/\/www.mabe-hungary.com\/hu\/#\/schema\/logo\/image\/\"}}]}<\/script>\n<!-- \/ Yoast SEO plugin. -->","yoast_head_json":{"title":"Villanymotor Szerviz & Egy\u00e9b Szolg\u00e1ltat\u00e1sok | MABE Hungary","description":"MABE Hungary: Villanymotor jav\u00edt\u00e1s, alkatr\u00e9sz beszerz\u00e9s, komplett \u00f6sszeszerel\u00e9s (k\u00e1belez\u00e9s, beilleszt\u00e9s). Teljes k\u00f6r\u0171 megold\u00e1s egy helyr\u0151l. K\u00e9rjen aj\u00e1nlatot!","robots":{"index":"index","follow":"follow","max-snippet":"max-snippet:-1","max-image-preview":"max-image-preview:large","max-video-preview":"max-video-preview:-1"},"canonical":"https:\/\/www.mabe-hungary.com\/hu\/termekek\/servizi\/","og_locale":"hu_HU","og_type":"article","og_title":"Villanymotor Szerviz & Egy\u00e9b Szolg\u00e1ltat\u00e1sok | MABE Hungary","og_description":"MABE Hungary: Villanymotor jav\u00edt\u00e1s, alkatr\u00e9sz beszerz\u00e9s, komplett \u00f6sszeszerel\u00e9s (k\u00e1belez\u00e9s, beilleszt\u00e9s). Teljes k\u00f6r\u0171 megold\u00e1s egy helyr\u0151l. K\u00e9rjen aj\u00e1nlatot!","og_url":"https:\/\/www.mabe-hungary.com\/hu\/termekek\/servizi\/","og_site_name":"Szak\u00e9rtelem \u00e9s tapasztalat a villanymotorok tekercsel\u00e9s\u00e9ben | MABE Hungary Kft.","article_modified_time":"2025-04-08T08:06:59+00:00","og_image":[{"width":1920,"height":1280,"url":"https:\/\/www.mabe-hungary.com\/wp-content\/uploads\/2025\/02\/DSC00388sm.jpg","type":"image\/jpeg"}],"twitter_card":"summary_large_image","twitter_misc":{"Becs\u00fclt olvas\u00e1si id\u0151":"2 perc"},"schema":{"@context":"https:\/\/schema.org","@graph":[{"@type":"WebPage","@id":"https:\/\/www.mabe-hungary.com\/hu\/termekek\/servizi\/","url":"https:\/\/www.mabe-hungary.com\/hu\/termekek\/servizi\/","name":"Villanymotor Szerviz & Egy\u00e9b Szolg\u00e1ltat\u00e1sok | MABE Hungary","isPartOf":{"@id":"https:\/\/www.mabe-hungary.com\/hu\/#website"},"primaryImageOfPage":{"@id":"https:\/\/www.mabe-hungary.com\/hu\/termekek\/servizi\/#primaryimage"},"image":{"@id":"https:\/\/www.mabe-hungary.com\/hu\/termekek\/servizi\/#primaryimage"},"thumbnailUrl":"https:\/\/www.mabe-hungary.com\/wp-content\/uploads\/2025\/02\/DSC00388sm.jpg","datePublished":"2025-02-10T07:36:08+00:00","dateModified":"2025-04-08T08:06:59+00:00","description":"MABE Hungary: Villanymotor jav\u00edt\u00e1s, alkatr\u00e9sz beszerz\u00e9s, komplett \u00f6sszeszerel\u00e9s (k\u00e1belez\u00e9s, beilleszt\u00e9s). Teljes k\u00f6r\u0171 megold\u00e1s egy helyr\u0151l. K\u00e9rjen aj\u00e1nlatot!","breadcrumb":{"@id":"https:\/\/www.mabe-hungary.com\/hu\/termekek\/servizi\/#breadcrumb"},"inLanguage":"hu","potentialAction":[{"@type":"ReadAction","target":["https:\/\/www.mabe-hungary.com\/hu\/termekek\/servizi\/"]}]},{"@type":"ImageObject","inLanguage":"hu","@id":"https:\/\/www.mabe-hungary.com\/hu\/termekek\/servizi\/#primaryimage","url":"https:\/\/www.mabe-hungary.com\/wp-content\/uploads\/2025\/02\/DSC00388sm.jpg","contentUrl":"https:\/\/www.mabe-hungary.com\/wp-content\/uploads\/2025\/02\/DSC00388sm.jpg","width":1920,"height":1280},{"@type":"BreadcrumbList","@id":"https:\/\/www.mabe-hungary.com\/hu\/termekek\/servizi\/#breadcrumb","itemListElement":[{"@type":"ListItem","position":1,"name":"Home","item":"https:\/\/www.mabe-hungary.com\/hu\/"},{"@type":"ListItem","position":2,"name":"Term\u00e9kek","item":"https:\/\/www.mabe-hungary.com\/hu\/prodotti\/"},{"@type":"ListItem","position":3,"name":"Szolg\u00e1ltat\u00e1sok"}]},{"@type":"WebSite","@id":"https:\/\/www.mabe-hungary.com\/hu\/#website","url":"https:\/\/www.mabe-hungary.com\/hu\/","name":"Mabe Hungary","description":"","publisher":{"@id":"https:\/\/www.mabe-hungary.com\/hu\/#organization"},"potentialAction":[{"@type":"SearchAction","target":{"@type":"EntryPoint","urlTemplate":"https:\/\/www.mabe-hungary.com\/hu\/?s={search_term_string}"},"query-input":{"@type":"PropertyValueSpecification","valueRequired":true,"valueName":"search_term_string"}}],"inLanguage":"hu"},{"@type":"Organization","@id":"https:\/\/www.mabe-hungary.com\/hu\/#organization","name":"Mabe Hungary","url":"https:\/\/www.mabe-hungary.com\/hu\/","logo":{"@type":"ImageObject","inLanguage":"hu","@id":"https:\/\/www.mabe-hungary.com\/hu\/#\/schema\/logo\/image\/","url":"https:\/\/www.mabe-hungary.com\/wp-content\/uploads\/2025\/03\/mabe_hungary_logo.webp","contentUrl":"https:\/\/www.mabe-hungary.com\/wp-content\/uploads\/2025\/03\/mabe_hungary_logo.webp","width":494,"height":176,"caption":"Mabe Hungary"},"image":{"@id":"https:\/\/www.mabe-hungary.com\/hu\/#\/schema\/logo\/image\/"}}]}},"_links":{"self":[{"href":"https:\/\/www.mabe-hungary.com\/hu\/wp-json\/wp\/v2\/pages\/527","targetHints":{"allow":["GET"]}}],"collection":[{"href":"https:\/\/www.mabe-hungary.com\/hu\/wp-json\/wp\/v2\/pages"}],"about":[{"href":"https:\/\/www.mabe-hungary.com\/hu\/wp-json\/wp\/v2\/types\/page"}],"author":[{"embeddable":true,"href":"https:\/\/www.mabe-hungary.com\/hu\/wp-json\/wp\/v2\/users\/2"}],"replies":[{"embeddable":true,"href":"https:\/\/www.mabe-hungary.com\/hu\/wp-json\/wp\/v2\/comments?post=527"}],"version-history":[{"count":5,"href":"https:\/\/www.mabe-hungary.com\/hu\/wp-json\/wp\/v2\/pages\/527\/revisions"}],"predecessor-version":[{"id":821,"href":"https:\/\/www.mabe-hungary.com\/hu\/wp-json\/wp\/v2\/pages\/527\/revisions\/821"}],"up":[{"embeddable":true,"href":"https:\/\/www.mabe-hungary.com\/hu\/wp-json\/wp\/v2\/pages\/334"}],"wp:featuredmedia":[{"embeddable":true,"href":"https:\/\/www.mabe-hungary.com\/hu\/wp-json\/wp\/v2\/media\/405"}],"wp:attachment":[{"href":"https:\/\/www.mabe-hungary.com\/hu\/wp-json\/wp\/v2\/media?parent=527"}],"wp:term":[{"taxonomy":"category","embeddable":true,"href":"https:\/\/www.mabe-hungary.com\/hu\/wp-json\/wp\/v2\/categories?post=527"}],"curies":[{"name":"wp","href":"https:\/\/api.w.org\/{rel}","templated":true}]}}