{"id":577,"date":"2025-02-10T07:31:50","date_gmt":"2025-02-10T07:31:50","guid":{"rendered":"https:\/\/www.mabe-hungary.com\/?page_id=577"},"modified":"2025-04-03T09:05:34","modified_gmt":"2025-04-03T09:05:34","slug":"cookie-policy","status":"publish","type":"page","link":"https:\/\/www.mabe-hungary.com\/hu\/cookie-policy\/","title":{"rendered":"Cookie Policy"},"content":{"rendered":"<h2>S\u00dcTI KEZEL\u00c9S<\/h2>\n<p>Ez a Cookie Policy a MABE HUNGARY Kft. Adatv\u00e9delmi T\u00e1j\u00e9koztat\u00f3j\u00e1nak szerves r\u00e9sze, amely el\u00e9rhet\u0151 a www.mabe-hungary.com oldalon.<br data-start=\"129\" data-end=\"132\" \/>A weboldalon val\u00f3 b\u00f6ng\u00e9sz\u00e9ssel a felhaszn\u00e1l\u00f3 beleegyezik a cookie-k haszn\u00e1lat\u00e1ba a jelen ir\u00e1nyelvek szerint, kiv\u00e9ve, ha az els\u0151dleges be\u00e1ll\u00edt\u00e1sok (cookie banner vagy preferenci\u00e1k kezel\u00e9se) m\u00e1sk\u00e9nt rendelkeznek.<\/p>\n<h3>1. Mi az a cookie?<\/h3>\n<p>A cookie-k kis sz\u00f6vegf\u00e1jlok, amelyeket egy weboldal k\u00fcld a felhaszn\u00e1l\u00f3 eszk\u00f6z\u00e9re (sz\u00e1m\u00edt\u00f3g\u00e9p, tablet, okostelefon), hogy t\u00e1roljanak olyan inform\u00e1ci\u00f3kat, amelyek seg\u00edtik a b\u00f6ng\u00e9sz\u00e9st. A cookie-k nem k\u00e1ros\u00edtj\u00e1k az eszk\u00f6zt, \u00e9s csak az a weboldal olvashatja vagy m\u00f3dos\u00edthatja \u0151ket, amelyik l\u00e9trehozta \u0151ket.<\/p>\n<h3>2. Mi\u00e9rt haszn\u00e1lunk s\u00fctiket?<\/h3>\n<p>Weboldalunkon a s\u00fctiket az al\u00e1bbi c\u00e9lokra haszn\u00e1ljuk:<\/p>\n<ul>\n<li>A weboldalon val\u00f3 b\u00f6ng\u00e9sz\u00e9s \u00e9s a tartalmak megtekint\u00e9s\u00e9nek megk\u00f6nny\u00edt\u00e9s\u00e9re \u00e9s egyszer\u0171s\u00edt\u00e9s\u00e9re.<\/li>\n<li>A l\u00e1togat\u00f3k b\u00f6ng\u00e9sz\u00e9si \u00e9lm\u00e9ny\u00e9nek meg\u0151rz\u00e9s\u00e9re, hogy a weboldalon bel\u00fcli navig\u00e1ci\u00f3 gyorsabb \u00e9s szem\u00e9lyre szabottabb legyen.<\/li>\n<li>B\u00f6ng\u00e9sz\u00e9si adatok anonim gy\u0171jt\u00e9s\u00e9re \u00e9s \u00f6sszes\u00edtett statisztik\u00e1k k\u00e9sz\u00edt\u00e9s\u00e9re, amelyek c\u00e9lja a weboldal tartalm\u00e1nak \u00e9s inform\u00e1ci\u00f3inak jav\u00edt\u00e1sa a l\u00e1togat\u00f3k ig\u00e9nyei \u00e9s preferenci\u00e1i alapj\u00e1n.<\/li>\n<\/ul>\n<h3>3. Milyen s\u00fctiket haszn\u00e1lunk?<\/h3>\n<ul>\n<li><strong>Alapm\u0171k\u00f6d\u00e9st biztos\u00edt\u00f3 s\u00fctik<\/strong><\/li>\n<\/ul>\n<ol>\n<li>C\u00e9l: Ezen s\u00fctik biztos\u00edtj\u00e1k a weboldal megfelel\u0151 m\u0171k\u00f6d\u00e9s\u00e9t, megk\u00f6nny\u00edtik annak haszn\u00e1lat\u00e1t, \u00e9s l\u00e1togat\u00f3ink azonos\u00edt\u00e1sa n\u00e9lk\u00fcl gy\u0171jtenek inform\u00e1ci\u00f3t a haszn\u00e1lat\u00e1r\u00f3l. Ide tartozik p\u00e9ld\u00e1ul a s\u00fctikezel\u00e9s elfogad\u00e1s\u00e1nak st\u00e1tusza, bejelentkez\u00e9si m\u00f3dok \u00e9s adatok megjegyz\u00e9se, weboldal \u00e9rtes\u00edt\u00e9si \u00fczenetek st\u00e1tusza.<\/li>\n<li>Jogalap: A tulajdonos jogos \u00e9rdeke (GDPR 6. cikk (1) bekezd\u00e9s f) pont).<\/li>\n<li>Id\u0151tartam: Session cookie-k vagy tart\u00f3s cookie-k, amelyek t\u00f6r\u00f6lhet\u0151k a b\u00f6ng\u00e9sz\u0151b\u0151l.<\/li>\n<\/ol>\n<ul>\n<li><strong>Statisztikai c\u00e9l\u00fa s\u00fctik<\/strong><\/li>\n<\/ul>\n<ol>\n<li>C\u00e9l: A weboldal fejleszt\u00e9s\u00e9nek, valamint a felhaszn\u00e1l\u00f3k sz\u00e1m\u00e1ra biztos\u00edtott \u00e9lm\u00e9nyek jav\u00edt\u00e1s\u00e1nak c\u00e9lj\u00e1val az Adatkezel\u0151 olyan s\u00fctiket is haszn\u00e1l, melyek lehet\u0151v\u00e9 teszik sz\u00e1m\u00e1ra, hogy inform\u00e1ci\u00f3t gy\u0171jts\u00f6n azzal kapcsolatban, hogyan haszn\u00e1lj\u00e1k l\u00e1togat\u00f3i a weboldalt Ezek a s\u00fctik nem tudj\u00e1k az \u00c9rintettet szem\u00e9ly szerint beazonos\u00edtani, olyan inform\u00e1ci\u00f3kat gy\u0171jtenek, mint pl. hogy melyik oldalt n\u00e9zte meg a l\u00e1togat\u00f3, a felhaszn\u00e1l\u00f3 a weboldal mely r\u00e9sz\u00e9re kattintott, h\u00e1ny oldalt keresett fel, milyen hossz\u00fa volt az egyes munkamenetek megtekint\u00e9si ideje, melyek voltak az esetleges hiba\u00fczenetek.<\/li>\n<li>Jogalap: A felhaszn\u00e1l\u00f3 beleegyez\u00e9se.<\/li>\n<li>Haszn\u00e1lt eszk\u00f6z\u00f6k: Google Analytics vagy hasonl\u00f3 eszk\u00f6z\u00f6k, amelyek az IP-c\u00edm anonimiz\u00e1l\u00e1s\u00e1ra vannak konfigur\u00e1lva.<\/li>\n<\/ol>\n<ul>\n<li><strong>C\u00e9lz\u00f3- \u00e9s hirdet\u00e9si s\u00fctik<\/strong><\/li>\n<\/ul>\n<ol>\n<li>C\u00e9l: Ezeknek a s\u00fctiknek az a c\u00e9lja, hogy m\u00e9g ink\u00e1bb a l\u00e1togat\u00f3t \u00e9rdekl\u0151 vagy a sz\u00e1m\u00e1ra relev\u00e1ns hirdet\u00e9sek jelenjenek meg a weboldalon. Ezek a s\u00fctik nem tudj\u00e1k az \u00c9rintettet szem\u00e9ly szerint beazonos\u00edtani, olyan inform\u00e1ci\u00f3kat gy\u0171jtenek, mint pl. hogy melyik oldalt n\u00e9zte meg a l\u00e1togat\u00f3, a felhaszn\u00e1l\u00f3 a weboldal mely r\u00e9sz\u00e9re kattintott, h\u00e1ny oldalt keresett fel, mindezt az \u0151 \u00e9rdekl\u0151d\u00e9s\u00e9re sz\u00e1mot tart\u00f3 tartalmak megismer\u00e9se \u00e9rdek\u00e9ben. Amennyiben a l\u00e1togat\u00f3 ehhez el\u0151zetesen hozz\u00e1j\u00e1rult, a weboldal haszn\u00e1lat nyomon k\u00f6vet\u00e9se sor\u00e1n \u00f6sszegy\u0171jt\u00f6tt inform\u00e1ci\u00f3kat egy\u00fcttesen haszn\u00e1lhatja fel az Adatkezel\u0151 az \u00c9rintett szem\u00e9lyes adataival, annak \u00e9rdek\u00e9ben, hogy az Adatkezel\u0151 a marketing kommunik\u00e1ci\u00f3j\u00e1t m\u00e9g jobban az \u00c9rintett ig\u00e9nyeihez igaz\u00edthassa \u00e9s az \u0151 sz\u00e1m\u00e1ra min\u00e9l ink\u00e1bb szem\u00e9lyre szabott aj\u00e1nlatokra h\u00edvhassa fel a figyelm\u00e9t.<\/li>\n<li>Jogalap: A felhaszn\u00e1l\u00f3 beleegyez\u00e9se.<\/li>\n<li>Id\u0151tartam: Max. 12 h\u00f3nap.<\/li>\n<\/ol>\n<p><strong data-start=\"1125\" data-end=\"1140\">Megjegyz\u00e9s:<\/strong> A weboldalra val\u00f3 bel\u00e9p\u00e9skor semmilyen nem technikai cookie nem ker\u00fcl telep\u00edt\u00e9sre a felhaszn\u00e1l\u00f3 kifejezett beleegyez\u00e9se n\u00e9lk\u00fcl.<\/p>\n<h3>4. Hogyan haszn\u00e1ljuk a s\u00fctiket?<\/h3>\n<p class=\"\" data-start=\"0\" data-end=\"94\">A felhaszn\u00e1l\u00f3 b\u00e1rmikor m\u00f3dos\u00edthatja a cookik-ra vonatkoz\u00f3 preferenci\u00e1it:<\/p>\n<ul data-start=\"96\" data-end=\"378\">\n<li class=\"\" data-start=\"96\" data-end=\"174\">\n<p class=\"\" data-start=\"98\" data-end=\"174\">A b\u00f6ng\u00e9sz\u0151ben megjelen\u0151 beleegyez\u00e9si banner seg\u00edts\u00e9g\u00e9vel az els\u0151 bel\u00e9p\u00e9skor.<\/p>\n<\/li>\n<li class=\"\" data-start=\"175\" data-end=\"268\">\n<p class=\"\" data-start=\"177\" data-end=\"268\">A cookie preferenci\u00e1k kezel\u00e9s\u00e9re szolg\u00e1l\u00f3 oldal el\u00e9r\u00e9s\u00e9vel (link tal\u00e1lhat\u00f3 az oldal alj\u00e1n).<\/p>\n<\/li>\n<li class=\"\" data-start=\"269\" data-end=\"378\">\n<p class=\"\" data-start=\"271\" data-end=\"378\">A b\u00f6ng\u00e9sz\u0151 be\u00e1ll\u00edt\u00e1sain kereszt\u00fcl, a cookie-k blokkol\u00e1s\u00e1ra vagy t\u00f6rl\u00e9s\u00e9re vonatkoz\u00f3 utas\u00edt\u00e1sok k\u00f6vet\u00e9s\u00e9vel.<\/p>\n<\/li>\n<\/ul>\n<p class=\"\" data-start=\"380\" data-end=\"450\">Hasznos linkek a cookie-k kezel\u00e9s\u00e9hez a legfontosabb b\u00f6ng\u00e9sz\u0151kben:<\/p>\n<ul>\n<li><a href=\"https:\/\/support.google.com\/chrome\/answer\/95647?hl=hu&amp;co=GENIE.Platform%3DAndroid&amp;sjid=10153847555655761060-EU\">Google Chrome<\/a><\/li>\n<li><a href=\"https:\/\/support.mozilla.org\/hu\/kb\/sutik-informacio-amelyet-weboldalak-tarolnak-szami\">Mozilla Firefox<\/a><\/li>\n<li><a href=\"https:\/\/support.apple.com\/hu-hu\/guide\/deployment\/depf7d5714d4\/web\">Apple Safari<\/a><\/li>\n<li><a href=\"https:\/\/support.microsoft.com\/hu-hu\/office\/cookie-k-enged%C3%A9lyez%C3%A9se-6b018d22-1d24-43d9-8543-3d35ddb2cb52\">Microsoft Edge<\/a><\/li>\n<\/ul>\n<h3>5. Harmadik f\u00e9l \u00e1ltali cookie-k<\/h3>\n<p>A weboldalon haszn\u00e1lt egyes harmadik f\u00e9lt\u0151l sz\u00e1rmaz\u00f3 szolg\u00e1ltat\u00e1sok (pl. be\u00e1gyazott vide\u00f3k, t\u00e9rk\u00e9pek, k\u00f6z\u00f6ss\u00e9gi gombok) cookie-kat telep\u00edthetnek. A T\u00e1rsas\u00e1g k\u00f6zvetlen\u00fcl nem rendelkezik ir\u00e1ny\u00edt\u00e1ssal ezen eszk\u00f6z\u00f6k felett, ez\u00e9rt javasoljuk, hogy tekintse meg a szolg\u00e1ltat\u00f3k adatv\u00e9delmi ir\u00e1nyelveit:<\/p>\n<ul>\n<li><a href=\"https:\/\/policies.google.com\/privacy?hl=hu\">Google<\/a> (YouTube, Maps, Analytics)<\/li>\n<li><a href=\"https:\/\/www.facebook.com\/policy.php\">Meta<\/a> (Facebook, Instagram)<\/li>\n<li><a href=\"https:\/\/www.linkedin.com\/legal\/privacy-policy\">LinkedIn<\/a><\/li>\n<\/ul>\n<h3>6. Hogyan lehet letiltani a s\u00fctiket?<\/h3>\n<p>A legt\u00f6bb internetb\u00f6ng\u00e9sz\u0151 alap\u00e9rtelmezettk\u00e9nt automatikusan elfogadja a s\u00fc\u00fctiket, ezek a be\u00e1ll\u00edt\u00e1sok azonban \u00e1ltal\u00e1ban m\u00f3dos\u00edthat\u00f3k, \u00edgy a b\u00f6ng\u00e9sz\u0151 meg tudja akad\u00e1lyozni az automatikus elfogad\u00e1st, \u00e9s minden alkalommal fel tudja aj\u00e1nlani a v\u00e1laszt\u00e1s lehet\u0151s\u00e9g\u00e9t, hogy enged\u00e9lyezi-e a s\u00fctiket.<br \/>\nFelh\u00edvjuk figyelm\u00e9t, hogy mivel a s\u00fctik c\u00e9lja weboldalunk haszn\u00e1lhat\u00f3s\u00e1g\u00e1nak \u00e9s folyamatainak megk\u00f6nny\u00edt\u00e9se vagy lehet\u0151v\u00e9 t\u00e9tele, alkalmaz\u00e1s\u00e1nak megakad\u00e1lyoz\u00e1sa vagy t\u00f6rl\u00e9se miatt el\u0151fordulhat, hogy nem tudja weboldalunk funkci\u00f3it teljes k\u00f6r\u0171en haszn\u00e1lni, illetve hogy a weboldal a tervezett\u0151l elt\u00e9r\u0151en fog m\u0171k\u00f6dni b\u00f6ng\u00e9sz\u0151j\u00e9ben.<\/p>\n<p>A legn\u00e9pszer\u0171bb b\u00f6ng\u00e9sz\u0151k s\u00fcti be\u00e1ll\u00edt\u00e1sair\u00f3l az al\u00e1bbi linkeken t\u00e1j\u00e9koz\u00f3dhat:<\/p>\n<ul>\n<li><a href=\"https:\/\/support.google.com\/chrome\/answer\/95647?hl=hu&amp;co=GENIE.Platform%3DDesktop\">Google Chrome<\/a><\/li>\n<li><a href=\"https:\/\/support.mozilla.org\/hu\/kb\/weboldalak-altal-elhelyezett-sutik-torlese-szamito\">Firefox<\/a><\/li>\n<li><a href=\"https:\/\/support.microsoft.com\/hu-hu\/topic\/cookie-k-t%C3%B6rl%C3%A9se-az-internet-explorer-b%C3%B6ng%C3%A9sz%C5%91ben-bca9446f-d873-78de-77ba-d42645fa52fc\">Microsoft Internet Explorer<\/a><\/li>\n<li><a href=\"https:\/\/support.microsoft.com\/hu-hu\/windows\/cookie-k-kezel%C3%A9se-a-microsoft-edge-ben-megtekint%C3%A9s-enged%C3%A9lyez%C3%A9s-letilt%C3%A1s-t%C3%B6rl%C3%A9s-%C3%A9s-haszn%C3%A1lat-168dab11-0753-043d-7c16-ede5947fc64d\">Microsoft Edge<\/a><\/li>\n<li><a href=\"https:\/\/support.apple.com\/hu-hu\/guide\/safari\/sfri11471\/mac\">Safari<\/a><\/li>\n<\/ul>\n<h3>7. A Cookie Szab\u00e1lyzat m\u00f3dos\u00edt\u00e1sa<\/h3>\n<p>A T\u00e1rsas\u00e1g fenntartja a jogot, hogy b\u00e1rmikor friss\u00edtse a jelen Cookie Szab\u00e1lyzatot. A m\u00f3dos\u00edt\u00e1sok a weboldalon val\u00f3 k\u00f6zz\u00e9t\u00e9tellel l\u00e9pnek \u00e9letbe.<\/p>\n<p>&nbsp;<\/p>\n","protected":false},"excerpt":{"rendered":"<p>S\u00dcTI KEZEL\u00c9S Ez a Cookie Policy a MABE HUNGARY Kft. Adatv\u00e9delmi T\u00e1j\u00e9koztat\u00f3j\u00e1nak szerves r\u00e9sze, amely el\u00e9rhet\u0151 a www.mabe-hungary.com oldalon.A weboldalon val\u00f3 b\u00f6ng\u00e9sz\u00e9ssel a felhaszn\u00e1l\u00f3 beleegyezik a cookie-k haszn\u00e1lat\u00e1ba a jelen ir\u00e1nyelvek szerint, kiv\u00e9ve, ha az els\u0151dleges be\u00e1ll\u00edt\u00e1sok (cookie banner vagy preferenci\u00e1k kezel\u00e9se) m\u00e1sk\u00e9nt rendelkeznek. 1. Mi az a cookie? A cookie-k kis sz\u00f6vegf\u00e1jlok, amelyeket egy [&hellip;]<\/p>\n","protected":false},"author":2,"featured_media":0,"parent":0,"menu_order":0,"comment_status":"closed","ping_status":"closed","template":"","meta":{"footnotes":""},"categories":[],"class_list":["post-577","page","type-page","status-publish","hentry"],"yoast_head":"<!-- This site is optimized with the Yoast SEO plugin v26.6 - https:\/\/yoast.com\/wordpress\/plugins\/seo\/ -->\n<title>Cookie Policy - Szak\u00e9rtelem \u00e9s tapasztalat a villanymotorok tekercsel\u00e9s\u00e9ben | MABE Hungary Kft.<\/title>\n<meta name=\"robots\" content=\"index, follow, max-snippet:-1, max-image-preview:large, max-video-preview:-1\" \/>\n<link rel=\"canonical\" href=\"https:\/\/www.mabe-hungary.com\/hu\/cookie-policy\/\" \/>\n<meta property=\"og:locale\" content=\"hu_HU\" \/>\n<meta property=\"og:type\" content=\"article\" \/>\n<meta property=\"og:title\" content=\"Cookie Policy - Szak\u00e9rtelem \u00e9s tapasztalat a villanymotorok tekercsel\u00e9s\u00e9ben | MABE Hungary Kft.\" \/>\n<meta property=\"og:description\" content=\"S\u00dcTI KEZEL\u00c9S Ez a Cookie Policy a MABE HUNGARY Kft. Adatv\u00e9delmi T\u00e1j\u00e9koztat\u00f3j\u00e1nak szerves r\u00e9sze, amely el\u00e9rhet\u0151 a www.mabe-hungary.com oldalon.A weboldalon val\u00f3 b\u00f6ng\u00e9sz\u00e9ssel a felhaszn\u00e1l\u00f3 beleegyezik a cookie-k haszn\u00e1lat\u00e1ba a jelen ir\u00e1nyelvek szerint, kiv\u00e9ve, ha az els\u0151dleges be\u00e1ll\u00edt\u00e1sok (cookie banner vagy preferenci\u00e1k kezel\u00e9se) m\u00e1sk\u00e9nt rendelkeznek. 1. Mi az a cookie? A cookie-k kis sz\u00f6vegf\u00e1jlok, amelyeket egy [&hellip;]\" \/>\n<meta property=\"og:url\" content=\"https:\/\/www.mabe-hungary.com\/hu\/cookie-policy\/\" \/>\n<meta property=\"og:site_name\" content=\"Szak\u00e9rtelem \u00e9s tapasztalat a villanymotorok tekercsel\u00e9s\u00e9ben | MABE Hungary Kft.\" \/>\n<meta property=\"article:modified_time\" content=\"2025-04-03T09:05:34+00:00\" \/>\n<meta name=\"twitter:card\" content=\"summary_large_image\" \/>\n<meta name=\"twitter:label1\" content=\"Becs\u00fclt olvas\u00e1si id\u0151\" \/>\n\t<meta name=\"twitter:data1\" content=\"4 perc\" \/>\n<script type=\"application\/ld+json\" class=\"yoast-schema-graph\">{\"@context\":\"https:\/\/schema.org\",\"@graph\":[{\"@type\":\"WebPage\",\"@id\":\"https:\/\/www.mabe-hungary.com\/hu\/cookie-policy\/\",\"url\":\"https:\/\/www.mabe-hungary.com\/hu\/cookie-policy\/\",\"name\":\"Cookie Policy - Szak\u00e9rtelem \u00e9s tapasztalat a villanymotorok tekercsel\u00e9s\u00e9ben | MABE Hungary Kft.\",\"isPartOf\":{\"@id\":\"https:\/\/www.mabe-hungary.com\/hu\/#website\"},\"datePublished\":\"2025-02-10T07:31:50+00:00\",\"dateModified\":\"2025-04-03T09:05:34+00:00\",\"breadcrumb\":{\"@id\":\"https:\/\/www.mabe-hungary.com\/hu\/cookie-policy\/#breadcrumb\"},\"inLanguage\":\"hu\",\"potentialAction\":[{\"@type\":\"ReadAction\",\"target\":[\"https:\/\/www.mabe-hungary.com\/hu\/cookie-policy\/\"]}]},{\"@type\":\"BreadcrumbList\",\"@id\":\"https:\/\/www.mabe-hungary.com\/hu\/cookie-policy\/#breadcrumb\",\"itemListElement\":[{\"@type\":\"ListItem\",\"position\":1,\"name\":\"Home\",\"item\":\"https:\/\/www.mabe-hungary.com\/hu\/\"},{\"@type\":\"ListItem\",\"position\":2,\"name\":\"Cookie Policy\"}]},{\"@type\":\"WebSite\",\"@id\":\"https:\/\/www.mabe-hungary.com\/hu\/#website\",\"url\":\"https:\/\/www.mabe-hungary.com\/hu\/\",\"name\":\"Mabe Hungary\",\"description\":\"\",\"publisher\":{\"@id\":\"https:\/\/www.mabe-hungary.com\/hu\/#organization\"},\"potentialAction\":[{\"@type\":\"SearchAction\",\"target\":{\"@type\":\"EntryPoint\",\"urlTemplate\":\"https:\/\/www.mabe-hungary.com\/hu\/?s={search_term_string}\"},\"query-input\":{\"@type\":\"PropertyValueSpecification\",\"valueRequired\":true,\"valueName\":\"search_term_string\"}}],\"inLanguage\":\"hu\"},{\"@type\":\"Organization\",\"@id\":\"https:\/\/www.mabe-hungary.com\/hu\/#organization\",\"name\":\"Mabe Hungary\",\"url\":\"https:\/\/www.mabe-hungary.com\/hu\/\",\"logo\":{\"@type\":\"ImageObject\",\"inLanguage\":\"hu\",\"@id\":\"https:\/\/www.mabe-hungary.com\/hu\/#\/schema\/logo\/image\/\",\"url\":\"https:\/\/www.mabe-hungary.com\/wp-content\/uploads\/2025\/03\/mabe_hungary_logo.webp\",\"contentUrl\":\"https:\/\/www.mabe-hungary.com\/wp-content\/uploads\/2025\/03\/mabe_hungary_logo.webp\",\"width\":494,\"height\":176,\"caption\":\"Mabe Hungary\"},\"image\":{\"@id\":\"https:\/\/www.mabe-hungary.com\/hu\/#\/schema\/logo\/image\/\"}}]}<\/script>\n<!-- \/ Yoast SEO plugin. -->","yoast_head_json":{"title":"Cookie Policy - Szak\u00e9rtelem \u00e9s tapasztalat a villanymotorok tekercsel\u00e9s\u00e9ben | MABE Hungary Kft.","robots":{"index":"index","follow":"follow","max-snippet":"max-snippet:-1","max-image-preview":"max-image-preview:large","max-video-preview":"max-video-preview:-1"},"canonical":"https:\/\/www.mabe-hungary.com\/hu\/cookie-policy\/","og_locale":"hu_HU","og_type":"article","og_title":"Cookie Policy - Szak\u00e9rtelem \u00e9s tapasztalat a villanymotorok tekercsel\u00e9s\u00e9ben | MABE Hungary Kft.","og_description":"S\u00dcTI KEZEL\u00c9S Ez a Cookie Policy a MABE HUNGARY Kft. Adatv\u00e9delmi T\u00e1j\u00e9koztat\u00f3j\u00e1nak szerves r\u00e9sze, amely el\u00e9rhet\u0151 a www.mabe-hungary.com oldalon.A weboldalon val\u00f3 b\u00f6ng\u00e9sz\u00e9ssel a felhaszn\u00e1l\u00f3 beleegyezik a cookie-k haszn\u00e1lat\u00e1ba a jelen ir\u00e1nyelvek szerint, kiv\u00e9ve, ha az els\u0151dleges be\u00e1ll\u00edt\u00e1sok (cookie banner vagy preferenci\u00e1k kezel\u00e9se) m\u00e1sk\u00e9nt rendelkeznek. 1. Mi az a cookie? A cookie-k kis sz\u00f6vegf\u00e1jlok, amelyeket egy [&hellip;]","og_url":"https:\/\/www.mabe-hungary.com\/hu\/cookie-policy\/","og_site_name":"Szak\u00e9rtelem \u00e9s tapasztalat a villanymotorok tekercsel\u00e9s\u00e9ben | MABE Hungary Kft.","article_modified_time":"2025-04-03T09:05:34+00:00","twitter_card":"summary_large_image","twitter_misc":{"Becs\u00fclt olvas\u00e1si id\u0151":"4 perc"},"schema":{"@context":"https:\/\/schema.org","@graph":[{"@type":"WebPage","@id":"https:\/\/www.mabe-hungary.com\/hu\/cookie-policy\/","url":"https:\/\/www.mabe-hungary.com\/hu\/cookie-policy\/","name":"Cookie Policy - Szak\u00e9rtelem \u00e9s tapasztalat a villanymotorok tekercsel\u00e9s\u00e9ben | MABE Hungary Kft.","isPartOf":{"@id":"https:\/\/www.mabe-hungary.com\/hu\/#website"},"datePublished":"2025-02-10T07:31:50+00:00","dateModified":"2025-04-03T09:05:34+00:00","breadcrumb":{"@id":"https:\/\/www.mabe-hungary.com\/hu\/cookie-policy\/#breadcrumb"},"inLanguage":"hu","potentialAction":[{"@type":"ReadAction","target":["https:\/\/www.mabe-hungary.com\/hu\/cookie-policy\/"]}]},{"@type":"BreadcrumbList","@id":"https:\/\/www.mabe-hungary.com\/hu\/cookie-policy\/#breadcrumb","itemListElement":[{"@type":"ListItem","position":1,"name":"Home","item":"https:\/\/www.mabe-hungary.com\/hu\/"},{"@type":"ListItem","position":2,"name":"Cookie Policy"}]},{"@type":"WebSite","@id":"https:\/\/www.mabe-hungary.com\/hu\/#website","url":"https:\/\/www.mabe-hungary.com\/hu\/","name":"Mabe Hungary","description":"","publisher":{"@id":"https:\/\/www.mabe-hungary.com\/hu\/#organization"},"potentialAction":[{"@type":"SearchAction","target":{"@type":"EntryPoint","urlTemplate":"https:\/\/www.mabe-hungary.com\/hu\/?s={search_term_string}"},"query-input":{"@type":"PropertyValueSpecification","valueRequired":true,"valueName":"search_term_string"}}],"inLanguage":"hu"},{"@type":"Organization","@id":"https:\/\/www.mabe-hungary.com\/hu\/#organization","name":"Mabe Hungary","url":"https:\/\/www.mabe-hungary.com\/hu\/","logo":{"@type":"ImageObject","inLanguage":"hu","@id":"https:\/\/www.mabe-hungary.com\/hu\/#\/schema\/logo\/image\/","url":"https:\/\/www.mabe-hungary.com\/wp-content\/uploads\/2025\/03\/mabe_hungary_logo.webp","contentUrl":"https:\/\/www.mabe-hungary.com\/wp-content\/uploads\/2025\/03\/mabe_hungary_logo.webp","width":494,"height":176,"caption":"Mabe Hungary"},"image":{"@id":"https:\/\/www.mabe-hungary.com\/hu\/#\/schema\/logo\/image\/"}}]}},"_links":{"self":[{"href":"https:\/\/www.mabe-hungary.com\/hu\/wp-json\/wp\/v2\/pages\/577","targetHints":{"allow":["GET"]}}],"collection":[{"href":"https:\/\/www.mabe-hungary.com\/hu\/wp-json\/wp\/v2\/pages"}],"about":[{"href":"https:\/\/www.mabe-hungary.com\/hu\/wp-json\/wp\/v2\/types\/page"}],"author":[{"embeddable":true,"href":"https:\/\/www.mabe-hungary.com\/hu\/wp-json\/wp\/v2\/users\/2"}],"replies":[{"embeddable":true,"href":"https:\/\/www.mabe-hungary.com\/hu\/wp-json\/wp\/v2\/comments?post=577"}],"version-history":[{"count":30,"href":"https:\/\/www.mabe-hungary.com\/hu\/wp-json\/wp\/v2\/pages\/577\/revisions"}],"predecessor-version":[{"id":851,"href":"https:\/\/www.mabe-hungary.com\/hu\/wp-json\/wp\/v2\/pages\/577\/revisions\/851"}],"wp:attachment":[{"href":"https:\/\/www.mabe-hungary.com\/hu\/wp-json\/wp\/v2\/media?parent=577"}],"wp:term":[{"taxonomy":"category","embeddable":true,"href":"https:\/\/www.mabe-hungary.com\/hu\/wp-json\/wp\/v2\/categories?post=577"}],"curies":[{"name":"wp","href":"https:\/\/api.w.org\/{rel}","templated":true}]}}